{"id":10058,"date":"2022-04-29T10:37:00","date_gmt":"2022-04-29T10:37:00","guid":{"rendered":"http:\/\/fondationmagos.com\/es\/?page_id=10058"},"modified":"2022-07-07T23:18:16","modified_gmt":"2022-07-07T23:18:16","slug":"triptyque-lannonciation-encadre-du-roi-david-et-du-prophete-isaie-par-la-manufacture-samson-cie","status":"publish","type":"page","link":"https:\/\/fondationmagos.com\/es\/triptyque-lannonciation-encadre-du-roi-david-et-du-prophete-isaie-par-la-manufacture-samson-cie\/","title":{"rendered":"TRIPTYQUE \u00ab L\u2019ANNONCIATION, ENCADR\u00c9 DU ROI DAVID ET DU PROPHETE ISA\u00cfE \u00bb PAR LA MANUFACTURE SAMSON &#038; CIE."},"content":{"rendered":"\t\t<div data-elementor-type=\"wp-page\" data-elementor-id=\"10058\" class=\"elementor elementor-10058\">\n\t\t\t\t\t\t<section class=\"elementor-section elementor-top-section elementor-element elementor-element-1d82087b elementor-section-boxed elementor-section-height-default elementor-section-height-default\" data-id=\"1d82087b\" data-element_type=\"section\" data-e-type=\"section\">\n\t\t\t\t\t\t<div class=\"elementor-container elementor-column-gap-default\">\n\t\t\t\t\t<div class=\"elementor-column elementor-col-100 elementor-top-column elementor-element elementor-element-4eccb2a0\" data-id=\"4eccb2a0\" data-element_type=\"column\" data-e-type=\"column\">\n\t\t\t<div class=\"elementor-widget-wrap elementor-element-populated\">\n\t\t\t\t\t\t<div class=\"elementor-element elementor-element-7669f564 elementor-widget__width-initial elementor-absolute elementor-invisible elementor-widget elementor-widget-html\" data-id=\"7669f564\" data-element_type=\"widget\" data-e-type=\"widget\" data-settings=\"{&quot;_position&quot;:&quot;absolute&quot;,&quot;_animation_mobile&quot;:&quot;slideInRight&quot;,&quot;_animation&quot;:&quot;slideInRight&quot;}\" data-widget_type=\"html.default\">\n\t\t\t\t<div class=\"elementor-widget-container\">\n\t\t\t\t\t<a href=\"javascript:window.close();\">Volver<<\/a>\t\t\t\t<\/div>\n\t\t\t\t<\/div>\n\t\t\t\t\t<\/div>\n\t\t<\/div>\n\t\t\t\t\t<\/div>\n\t\t<\/section>\n\t\t\t\t<section class=\"elementor-section elementor-top-section elementor-element elementor-element-3781dff2 elementor-section-boxed elementor-section-height-default elementor-section-height-default\" data-id=\"3781dff2\" data-element_type=\"section\" data-e-type=\"section\" data-settings=\"{&quot;background_background&quot;:&quot;classic&quot;,&quot;animation&quot;:&quot;none&quot;,&quot;shape_divider_top&quot;:&quot;opacity-tilt&quot;,&quot;animation_mobile&quot;:&quot;zoomIn&quot;}\">\n\t\t\t\t\t\t\t<div class=\"elementor-background-overlay\"><\/div>\n\t\t\t\t\t\t<div class=\"elementor-shape elementor-shape-top\" aria-hidden=\"true\" data-negative=\"false\">\n\t\t\t<svg xmlns=\"http:\/\/www.w3.org\/2000\/svg\" viewBox=\"0 0 2600 131.1\" preserveAspectRatio=\"none\">\n\t<path class=\"elementor-shape-fill\" d=\"M0 0L2600 0 2600 69.1 0 0z\"\/>\n\t<path class=\"elementor-shape-fill\" style=\"opacity:0.5\" d=\"M0 0L2600 0 2600 69.1 0 69.1z\"\/>\n\t<path class=\"elementor-shape-fill\" style=\"opacity:0.25\" d=\"M2600 0L0 0 0 130.1 2600 69.1z\"\/>\n<\/svg>\t\t<\/div>\n\t\t\t\t\t<div class=\"elementor-container elementor-column-gap-custom\">\n\t\t\t\t\t<div class=\"elementor-column elementor-col-50 elementor-top-column elementor-element elementor-element-2a74c86c\" data-id=\"2a74c86c\" data-element_type=\"column\" data-e-type=\"column\">\n\t\t\t<div class=\"elementor-widget-wrap elementor-element-populated\">\n\t\t\t\t\t\t<div class=\"elementor-element elementor-element-613e08d9 elementor-invisible elementor-widget elementor-widget-image\" data-id=\"613e08d9\" data-element_type=\"widget\" data-e-type=\"widget\" data-settings=\"{&quot;_animation&quot;:&quot;fadeInRight&quot;}\" data-widget_type=\"image.default\">\n\t\t\t\t<div class=\"elementor-widget-container\">\n\t\t\t\t\t\t\t\t\t\t\t\t\t\t\t\t<a href=\"\" a=\"\">\n\t\t\t\t\t\t\t<img fetchpriority=\"high\" decoding=\"async\" width=\"827\" height=\"1080\" src=\"https:\/\/fondationmagos.com\/es\/wp-content\/uploads\/2022\/04\/196-scaled-1.jpg\" class=\"attachment-full size-full wp-image-10062\" alt=\"\" srcset=\"https:\/\/fondationmagos.com\/es\/wp-content\/uploads\/2022\/04\/196-scaled-1.jpg 827w, https:\/\/fondationmagos.com\/es\/wp-content\/uploads\/2022\/04\/196-scaled-1-230x300.jpg 230w, https:\/\/fondationmagos.com\/es\/wp-content\/uploads\/2022\/04\/196-scaled-1-784x1024.jpg 784w, https:\/\/fondationmagos.com\/es\/wp-content\/uploads\/2022\/04\/196-scaled-1-768x1003.jpg 768w\" sizes=\"(max-width: 827px) 100vw, 827px\" \/>\t\t\t\t\t\t\t\t<\/a>\n\t\t\t\t\t\t\t\t\t\t\t\t\t\t\t<\/div>\n\t\t\t\t<\/div>\n\t\t\t\t\t<\/div>\n\t\t<\/div>\n\t\t\t\t<div class=\"elementor-column elementor-col-50 elementor-top-column elementor-element elementor-element-2abfe54d elementor-invisible\" data-id=\"2abfe54d\" data-element_type=\"column\" data-e-type=\"column\" data-settings=\"{&quot;animation&quot;:&quot;zoomIn&quot;}\">\n\t\t\t<div class=\"elementor-widget-wrap elementor-element-populated\">\n\t\t\t\t\t\t<div class=\"elementor-element elementor-element-6e51ff0a elementor-widget elementor-widget-heading\" data-id=\"6e51ff0a\" data-element_type=\"widget\" data-e-type=\"widget\" data-widget_type=\"heading.default\">\n\t\t\t\t<div class=\"elementor-widget-container\">\n\t\t\t\t\t<h2 class=\"elementor-heading-title elementor-size-default\">TR\u00cdPTICO \"LA ANUNCIACI\u00d3N\u201d <br>ENMARCADA POR EL REY DAVID <br>Y EL PROFETA ISA\u00cdAS<br>DE LA MANUFACTURA SAMSON &amp; CIE.<\/h2>\t\t\t\t<\/div>\n\t\t\t\t<\/div>\n\t\t\t\t<div class=\"elementor-element elementor-element-144040bb elementor-widget elementor-widget-heading\" data-id=\"144040bb\" data-element_type=\"widget\" data-e-type=\"widget\" data-widget_type=\"heading.default\">\n\t\t\t\t<div class=\"elementor-widget-container\">\n\t\t\t\t\t<h2 class=\"elementor-heading-title elementor-size-default\">(Francia, s. XIX) <br>Colecci\u00f3n Fundaci\u00f3n Magos<\/h2>\t\t\t\t<\/div>\n\t\t\t\t<\/div>\n\t\t\t\t<div class=\"elementor-element elementor-element-4403a14 elementor-widget elementor-widget-text-editor\" data-id=\"4403a14\" data-element_type=\"widget\" data-e-type=\"widget\" data-widget_type=\"text-editor.default\">\n\t\t\t\t<div class=\"elementor-widget-container\">\n\t\t\t\t\t\t\t\t\t<p>Pintado policromado con reflejos dorados y esmaltes. Persianas con monograma, marco de madera tallada de estilo ojival. Seg\u00fan el maestro del tr\u00edptico de Orleans conservado en el Museo de Bellas Artes de Orleans.<\/p>\t\t\t\t\t\t\t\t<\/div>\n\t\t\t\t<\/div>\n\t\t\t\t<div class=\"elementor-element elementor-element-5805fb6 elementor-widget elementor-widget-heading\" data-id=\"5805fb6\" data-element_type=\"widget\" data-e-type=\"widget\" data-widget_type=\"heading.default\">\n\t\t\t\t<div class=\"elementor-widget-container\">\n\t\t\t\t\t<h2 class=\"elementor-heading-title elementor-size-default\">LAS PROFEC\u00cdAS DEL ANTIGUO TESTAMENTO INDICAN, SEG\u00daN LA INTERPRETACI\u00d3N CRISTIANA, QUE UNO DE LOS MAGOS VENDR\u00cdA DE ETIOP\u00cdA.<\/h2>\t\t\t\t<\/div>\n\t\t\t\t<\/div>\n\t\t\t\t<div class=\"elementor-element elementor-element-b7af7b0 elementor-widget elementor-widget-text-editor\" data-id=\"b7af7b0\" data-element_type=\"widget\" data-e-type=\"widget\" data-widget_type=\"text-editor.default\">\n\t\t\t\t<div class=\"elementor-widget-container\">\n\t\t\t\t\t\t\t\t\t&#8220;Etiop\u00eda corre con las manos extendidas hacia Dios&#8221;. Rey David 68:32. \n&#8220;Los reyes de Saba y Seba traer\u00e1n sus ofrendas, todos los reyes se inclinar\u00e1n ante \u00e9l&#8221; 72:20 salmos del rey David a Salom\u00f3n\n&#8220;Traer\u00e1n oro, el incienso de Saba&#8221; Isa\u00edas 60:6.9.\n&#8220;Desde el otro lado de los r\u00edos de Etiop\u00eda, mis suplicantes traer\u00e1n mi ofrenda&#8221; Sofon\u00edas 4:10.\n\t\t\t\t\t\t\t\t<\/div>\n\t\t\t\t<\/div>\n\t\t\t\t\t<\/div>\n\t\t<\/div>\n\t\t\t\t\t<\/div>\n\t\t<\/section>\n\t\t\t\t<\/div>\n\t\t","protected":false},"excerpt":{"rendered":"<p>Volver<\/p>\n","protected":false},"author":1,"featured_media":0,"parent":0,"menu_order":0,"comment_status":"closed","ping_status":"closed","template":"elementor_header_footer","meta":{"footnotes":""},"class_list":["post-10058","page","type-page","status-publish"],"_links":{"self":[{"href":"https:\/\/fondationmagos.com\/es\/wp-json\/wp\/v2\/pages\/10058","targetHints":{"allow":["GET"]}}],"collection":[{"href":"https:\/\/fondationmagos.com\/es\/wp-json\/wp\/v2\/pages"}],"about":[{"href":"https:\/\/fondationmagos.com\/es\/wp-json\/wp\/v2\/types\/page"}],"author":[{"embeddable":true,"href":"https:\/\/fondationmagos.com\/es\/wp-json\/wp\/v2\/users\/1"}],"replies":[{"embeddable":true,"href":"https:\/\/fondationmagos.com\/es\/wp-json\/wp\/v2\/comments?post=10058"}],"version-history":[{"count":31,"href":"https:\/\/fondationmagos.com\/es\/wp-json\/wp\/v2\/pages\/10058\/revisions"}],"predecessor-version":[{"id":16960,"href":"https:\/\/fondationmagos.com\/es\/wp-json\/wp\/v2\/pages\/10058\/revisions\/16960"}],"wp:attachment":[{"href":"https:\/\/fondationmagos.com\/es\/wp-json\/wp\/v2\/media?parent=10058"}],"curies":[{"name":"wp","href":"https:\/\/api.w.org\/{rel}","templated":true}]}}