{"id":10420,"date":"2022-04-30T08:48:34","date_gmt":"2022-04-30T08:48:34","guid":{"rendered":"http:\/\/fondationmagos.com\/es\/?page_id=10420"},"modified":"2023-04-13T03:18:49","modified_gmt":"2023-04-13T03:18:49","slug":"fonctionnement-du-fonds-de-dotation","status":"publish","type":"page","link":"https:\/\/fondationmagos.com\/es\/fonctionnement-du-fonds-de-dotation\/","title":{"rendered":"FONCTIONNEMENT DU  FONDS DE DOTATION"},"content":{"rendered":"\t\t<div data-elementor-type=\"wp-page\" data-elementor-id=\"10420\" class=\"elementor elementor-10420\">\n\t\t\t\t\t\t<section class=\"elementor-section elementor-top-section elementor-element elementor-element-3a6fd74 elementor-section-boxed elementor-section-height-default elementor-section-height-default\" data-id=\"3a6fd74\" data-element_type=\"section\" data-e-type=\"section\" data-settings=\"{&quot;background_background&quot;:&quot;classic&quot;}\">\n\t\t\t\t\t\t<div class=\"elementor-container elementor-column-gap-default\">\n\t\t\t\t\t<div class=\"elementor-column elementor-col-100 elementor-top-column elementor-element elementor-element-a8047fd\" data-id=\"a8047fd\" data-element_type=\"column\" data-e-type=\"column\">\n\t\t\t<div class=\"elementor-widget-wrap elementor-element-populated\">\n\t\t\t\t\t\t<div class=\"elementor-element elementor-element-91b78db elementor-widget elementor-widget-spacer\" data-id=\"91b78db\" data-element_type=\"widget\" data-e-type=\"widget\" data-widget_type=\"spacer.default\">\n\t\t\t\t<div class=\"elementor-widget-container\">\n\t\t\t\t\t\t\t<div class=\"elementor-spacer\">\n\t\t\t<div class=\"elementor-spacer-inner\"><\/div>\n\t\t<\/div>\n\t\t\t\t\t\t<\/div>\n\t\t\t\t<\/div>\n\t\t\t\t\t<\/div>\n\t\t<\/div>\n\t\t\t\t\t<\/div>\n\t\t<\/section>\n\t\t\t\t<section class=\"elementor-section elementor-top-section elementor-element elementor-element-4d6225f elementor-section-boxed elementor-section-height-default elementor-section-height-default\" data-id=\"4d6225f\" data-element_type=\"section\" data-e-type=\"section\" data-settings=\"{&quot;background_background&quot;:&quot;classic&quot;}\">\n\t\t\t\t\t\t<div class=\"elementor-container elementor-column-gap-default\">\n\t\t\t\t\t<div class=\"elementor-column elementor-col-100 elementor-top-column elementor-element elementor-element-f9e5f00\" data-id=\"f9e5f00\" data-element_type=\"column\" data-e-type=\"column\">\n\t\t\t<div class=\"elementor-widget-wrap elementor-element-populated\">\n\t\t\t\t\t\t<div class=\"elementor-element elementor-element-587d429 elementor-invisible elementor-widget elementor-widget-heading\" data-id=\"587d429\" data-element_type=\"widget\" data-e-type=\"widget\" data-settings=\"{&quot;_animation&quot;:&quot;fadeInRight&quot;}\" data-widget_type=\"heading.default\">\n\t\t\t\t<div class=\"elementor-widget-container\">\n\t\t\t\t\t<h2 class=\"elementor-heading-title elementor-size-default\">FUNCIONAMIENTO <br>DEL \nFONDO DE DOTACI\u00d3N\n\n<\/h2>\t\t\t\t<\/div>\n\t\t\t\t<\/div>\n\t\t\t\t\t<\/div>\n\t\t<\/div>\n\t\t\t\t\t<\/div>\n\t\t<\/section>\n\t\t\t\t<section class=\"elementor-section elementor-top-section elementor-element elementor-element-1fb85c6 elementor-section-boxed elementor-section-height-default elementor-section-height-default\" data-id=\"1fb85c6\" data-element_type=\"section\" data-e-type=\"section\" data-settings=\"{&quot;background_background&quot;:&quot;classic&quot;,&quot;animation&quot;:&quot;none&quot;}\">\n\t\t\t\t\t\t\t<div class=\"elementor-background-overlay\"><\/div>\n\t\t\t\t\t\t\t<div class=\"elementor-container elementor-column-gap-default\">\n\t\t\t\t\t<div class=\"elementor-column elementor-col-100 elementor-top-column elementor-element elementor-element-848b162\" data-id=\"848b162\" data-element_type=\"column\" data-e-type=\"column\">\n\t\t\t<div class=\"elementor-widget-wrap elementor-element-populated\">\n\t\t\t\t\t\t<div class=\"elementor-element elementor-element-dfdfa31 elementor-widget elementor-widget-text-editor\" data-id=\"dfdfa31\" data-element_type=\"widget\" data-e-type=\"widget\" data-widget_type=\"text-editor.default\">\n\t\t\t\t<div class=\"elementor-widget-container\">\n\t\t\t\t\t\t\t\t\t<p>Los Premios Magos se componen de donaciones privadas, legados, donaciones de empresas y organizaciones o patrocinios institucionales. Las sumas recaudadas se guardan en una cuenta espec\u00edfica. Cada a\u00f1o, generan ingresos estables (dividendos) sobre el principio de un fondo de dotaci\u00f3n (Endowment fund). Los dividendos se destinan a un Premio Magos. Para poder actuar de forma significativa, los Premios Magos s\u00f3lo pueden concederse cuando se haya recaudado un m\u00ednimo de un mill\u00f3n de euros.<br><\/p>\n<p><b>EL CERO POR CIENTO DE LOS GASTOS DE FUNCIONAMIENTO SE TOMA DE LA DONACI\u00d3N.<br><\/b>Las donaciones espec\u00edficamente destinadas a un premio se ingresan en el fondo en su totalidad, a excepci\u00f3n de las obtenidas por empresas o contribuyentes comerciales. Sus comisiones no pueden superar el 15 % para las donaciones de hasta 100.000 euros, el 10 % hasta 500.000 euros y el 8 % por encima de 500.000 euros. .<br><\/p>\n<p><b>UNA DONACI\u00d3N, UNA AYUDA DE POR VIDA. .<br><\/b>Los donantes tienen la oportunidad de hacer que su generosidad perdure en el tiempo gracias a una l\u00f3gica de solidaridad intergeneracional. Los gastos de explotaci\u00f3n se financian con los dividendos. En ning\u00fan caso pueden superar el 35% de los dividendos. .<br><\/p>\n<p><b>UNA IMPORTANTE EXENCI\u00d3N FISCAL PARA LOS DONANTES Y LAS EMPRESAS.<br><\/b>Los legados est\u00e1n exentos de todos los impuestos sobre sucesiones y transmisiones. Para hacer un legado, basta con redactar un testamento y nombrar a la Fundaci\u00f3n Magos como beneficiaria. La Fundaci\u00f3n Magos tambi\u00e9n puede ser designada como beneficiaria de una p\u00f3liza de seguro de vida, en parte o en su totalidad, en el momento de la contrataci\u00f3n de la p\u00f3liza o posteriormente, modificando la cl\u00e1usula de beneficiario. No se retendr\u00e1 ninguna deducci\u00f3n ni impuesto de sucesiones. El seguro de vida se utilizar\u00e1 \u00edntegramente para apoyar las acciones del fondo. .<br><\/p>\n<p><b>UN CONSEJO DE SUPERVISI\u00d3N INDEPENDIENTE.<br><\/b>Los Premios Magos se rigen por un sistema riguroso y transparente. Se basa en dos \u00f3rganos: la Mesa de la Fundaci\u00f3n, compuesta por tres administradores, y el Consejo de Supervisi\u00f3n, cuyas funciones se definen en los estatutos de la Fundaci\u00f3n. El Consejo de Supervisi\u00f3n asesora y hace recomendaciones sobre la pol\u00edtica y las acciones de los fondos dedicados a los Premios Magos. Garantiza el respeto de los principios \u00e9ticos establecidos. Cada a\u00f1o, los balances y los informes de actividad de la Fundaci\u00f3n son certificados por un auditor. .<br><\/p>\n<p><b>ASESORES\/MIEMBROS DEL JURADO.<br><\/b>El comit\u00e9 de cada premio est\u00e1 formado por asesores y expertos en un campo espec\u00edfico. Estas personas son miembros del Jurado para la concesi\u00f3n de los premios. .<br><\/p>\t\t\t\t\t\t\t\t<\/div>\n\t\t\t\t<\/div>\n\t\t\t\t<div class=\"elementor-element elementor-element-74f1342 elementor-widget elementor-widget-spacer\" data-id=\"74f1342\" data-element_type=\"widget\" data-e-type=\"widget\" data-widget_type=\"spacer.default\">\n\t\t\t\t<div class=\"elementor-widget-container\">\n\t\t\t\t\t\t\t<div class=\"elementor-spacer\">\n\t\t\t<div class=\"elementor-spacer-inner\"><\/div>\n\t\t<\/div>\n\t\t\t\t\t\t<\/div>\n\t\t\t\t<\/div>\n\t\t\t\t\t<\/div>\n\t\t<\/div>\n\t\t\t\t\t<\/div>\n\t\t<\/section>\n\t\t\t\t<\/div>\n\t\t","protected":false},"excerpt":{"rendered":"<p>FUNCIONAMIENTO DEL FONDO DE DOTACI\u00d3N Los Premios Magos se componen de donaciones privadas, legados, donaciones de empresas y organizaciones o patrocinios institucionales. Las sumas recaudadas se guardan en una cuenta&#8230;<\/p>\n","protected":false},"author":1,"featured_media":0,"parent":0,"menu_order":0,"comment_status":"closed","ping_status":"closed","template":"elementor_header_footer","meta":{"footnotes":""},"class_list":["post-10420","page","type-page","status-publish"],"_links":{"self":[{"href":"https:\/\/fondationmagos.com\/es\/wp-json\/wp\/v2\/pages\/10420","targetHints":{"allow":["GET"]}}],"collection":[{"href":"https:\/\/fondationmagos.com\/es\/wp-json\/wp\/v2\/pages"}],"about":[{"href":"https:\/\/fondationmagos.com\/es\/wp-json\/wp\/v2\/types\/page"}],"author":[{"embeddable":true,"href":"https:\/\/fondationmagos.com\/es\/wp-json\/wp\/v2\/users\/1"}],"replies":[{"embeddable":true,"href":"https:\/\/fondationmagos.com\/es\/wp-json\/wp\/v2\/comments?post=10420"}],"version-history":[{"count":16,"href":"https:\/\/fondationmagos.com\/es\/wp-json\/wp\/v2\/pages\/10420\/revisions"}],"predecessor-version":[{"id":18840,"href":"https:\/\/fondationmagos.com\/es\/wp-json\/wp\/v2\/pages\/10420\/revisions\/18840"}],"wp:attachment":[{"href":"https:\/\/fondationmagos.com\/es\/wp-json\/wp\/v2\/media?parent=10420"}],"curies":[{"name":"wp","href":"https:\/\/api.w.org\/{rel}","templated":true}]}}