{"id":10501,"date":"2022-04-30T10:21:46","date_gmt":"2022-04-30T10:21:46","guid":{"rendered":"http:\/\/fondationmagos.com\/es\/?page_id=10501"},"modified":"2022-07-07T19:46:27","modified_gmt":"2022-07-07T19:46:27","slug":"livre-the-ismailis-par-farhad-daftary-et-zulfikar-hirji","status":"publish","type":"page","link":"https:\/\/fondationmagos.com\/es\/livre-the-ismailis-par-farhad-daftary-et-zulfikar-hirji\/","title":{"rendered":"LIVRE \u00ab THE ISMAILIS \u00bb, PAR FARHAD DAFTARY ET ZULFIKAR HIRJI"},"content":{"rendered":"\t\t<div data-elementor-type=\"wp-page\" data-elementor-id=\"10501\" class=\"elementor elementor-10501\">\n\t\t\t\t\t\t<section class=\"elementor-section elementor-top-section elementor-element elementor-element-5a21d22f elementor-section-boxed elementor-section-height-default elementor-section-height-default\" data-id=\"5a21d22f\" data-element_type=\"section\" data-e-type=\"section\">\n\t\t\t\t\t\t<div class=\"elementor-container elementor-column-gap-default\">\n\t\t\t\t\t<div class=\"elementor-column elementor-col-100 elementor-top-column elementor-element elementor-element-42f2dbe4\" data-id=\"42f2dbe4\" data-element_type=\"column\" data-e-type=\"column\">\n\t\t\t<div class=\"elementor-widget-wrap elementor-element-populated\">\n\t\t\t\t\t\t<div class=\"elementor-element elementor-element-1aafc29a elementor-widget__width-initial elementor-absolute elementor-invisible elementor-widget elementor-widget-html\" data-id=\"1aafc29a\" data-element_type=\"widget\" data-e-type=\"widget\" data-settings=\"{&quot;_position&quot;:&quot;absolute&quot;,&quot;_animation_mobile&quot;:&quot;slideInRight&quot;,&quot;_animation&quot;:&quot;slideInRight&quot;}\" data-widget_type=\"html.default\">\n\t\t\t\t<div class=\"elementor-widget-container\">\n\t\t\t\t\t<a href=\"javascript:window.close();\">Volver<<\/a>\t\t\t\t<\/div>\n\t\t\t\t<\/div>\n\t\t\t\t\t<\/div>\n\t\t<\/div>\n\t\t\t\t\t<\/div>\n\t\t<\/section>\n\t\t\t\t<section class=\"elementor-section elementor-top-section elementor-element elementor-element-755de0e2 elementor-section-boxed elementor-section-height-default elementor-section-height-default\" data-id=\"755de0e2\" data-element_type=\"section\" data-e-type=\"section\" data-settings=\"{&quot;background_background&quot;:&quot;classic&quot;,&quot;animation&quot;:&quot;none&quot;,&quot;shape_divider_top&quot;:&quot;opacity-tilt&quot;,&quot;animation_mobile&quot;:&quot;zoomIn&quot;}\">\n\t\t\t\t\t\t\t<div class=\"elementor-background-overlay\"><\/div>\n\t\t\t\t\t\t<div class=\"elementor-shape elementor-shape-top\" aria-hidden=\"true\" data-negative=\"false\">\n\t\t\t<svg xmlns=\"http:\/\/www.w3.org\/2000\/svg\" viewBox=\"0 0 2600 131.1\" preserveAspectRatio=\"none\">\n\t<path class=\"elementor-shape-fill\" d=\"M0 0L2600 0 2600 69.1 0 0z\"\/>\n\t<path class=\"elementor-shape-fill\" style=\"opacity:0.5\" d=\"M0 0L2600 0 2600 69.1 0 69.1z\"\/>\n\t<path class=\"elementor-shape-fill\" style=\"opacity:0.25\" d=\"M2600 0L0 0 0 130.1 2600 69.1z\"\/>\n<\/svg>\t\t<\/div>\n\t\t\t\t\t<div class=\"elementor-container elementor-column-gap-custom\">\n\t\t\t\t\t<div class=\"elementor-column elementor-col-50 elementor-top-column elementor-element elementor-element-58dd0929\" data-id=\"58dd0929\" data-element_type=\"column\" data-e-type=\"column\">\n\t\t\t<div class=\"elementor-widget-wrap elementor-element-populated\">\n\t\t\t\t\t\t<div class=\"elementor-element elementor-element-6ffc8a1d elementor-invisible elementor-widget elementor-widget-image\" data-id=\"6ffc8a1d\" data-element_type=\"widget\" data-e-type=\"widget\" data-settings=\"{&quot;_animation&quot;:&quot;fadeInRight&quot;}\" data-widget_type=\"image.default\">\n\t\t\t\t<div class=\"elementor-widget-container\">\n\t\t\t\t\t\t\t\t\t\t\t\t\t\t\t\t<a href=\"\" a=\"\">\n\t\t\t\t\t\t\t<img fetchpriority=\"high\" decoding=\"async\" width=\"892\" height=\"588\" src=\"https:\/\/fondationmagos.com\/es\/wp-content\/uploads\/2022\/04\/06-gigapixel-art-scale-4_00x-3.jpg\" class=\"attachment-full size-full wp-image-9644\" alt=\"\" srcset=\"https:\/\/fondationmagos.com\/es\/wp-content\/uploads\/2022\/04\/06-gigapixel-art-scale-4_00x-3.jpg 892w, https:\/\/fondationmagos.com\/es\/wp-content\/uploads\/2022\/04\/06-gigapixel-art-scale-4_00x-3-300x198.jpg 300w, https:\/\/fondationmagos.com\/es\/wp-content\/uploads\/2022\/04\/06-gigapixel-art-scale-4_00x-3-768x506.jpg 768w\" sizes=\"(max-width: 892px) 100vw, 892px\" \/>\t\t\t\t\t\t\t\t<\/a>\n\t\t\t\t\t\t\t\t\t\t\t\t\t\t\t<\/div>\n\t\t\t\t<\/div>\n\t\t\t\t\t<\/div>\n\t\t<\/div>\n\t\t\t\t<div class=\"elementor-column elementor-col-50 elementor-top-column elementor-element elementor-element-1ddd3e5e elementor-invisible\" data-id=\"1ddd3e5e\" data-element_type=\"column\" data-e-type=\"column\" data-settings=\"{&quot;animation&quot;:&quot;zoomIn&quot;}\">\n\t\t\t<div class=\"elementor-widget-wrap elementor-element-populated\">\n\t\t\t\t\t\t<div class=\"elementor-element elementor-element-5472fe52 elementor-widget elementor-widget-heading\" data-id=\"5472fe52\" data-element_type=\"widget\" data-e-type=\"widget\" data-widget_type=\"heading.default\">\n\t\t\t\t<div class=\"elementor-widget-container\">\n\t\t\t\t\t<h2 class=\"elementor-heading-title elementor-size-default\">LIBRO \"LOS ISMAELITAS\"<br>DE FARHAD DAFTARY<br> Y ZULFIKAR HIRJI<\/h2>\t\t\t\t<\/div>\n\t\t\t\t<\/div>\n\t\t\t\t<div class=\"elementor-element elementor-element-308303 elementor-widget elementor-widget-heading\" data-id=\"308303\" data-element_type=\"widget\" data-e-type=\"widget\" data-widget_type=\"heading.default\">\n\t\t\t\t<div class=\"elementor-widget-container\">\n\t\t\t\t\t<h2 class=\"elementor-heading-title elementor-size-default\">Ediciones Azimut <br>y el Instituto de Estudios Ismaelitas 2008 <br>\n(Inglaterra, s. XXI) <br>Colecci\u00f3n Fundaci\u00f3n Magos. \n<\/h2>\t\t\t\t<\/div>\n\t\t\t\t<\/div>\n\t\t\t\t<div class=\"elementor-element elementor-element-608e2d14 elementor-widget elementor-widget-text-editor\" data-id=\"608e2d14\" data-element_type=\"widget\" data-e-type=\"widget\" data-widget_type=\"text-editor.default\">\n\t\t\t\t<div class=\"elementor-widget-container\">\n\t\t\t\t\t\t\t\t\tEl Aga Khan III, l\u00edder de los ismaelitas (1877-1957) prest\u00f3 importantes servicios a la causa aliada durante la Primera Guerra Mundial. Su actuaci\u00f3n en la pol\u00edtica internacional se manifest\u00f3 especialmente al ordenar a los musulmanes ismaelitas que viv\u00edan en el Imperio Brit\u00e1nico que sirvieran a la causa aliada. Desempe\u00f1\u00f3 un importante papel en las conferencias de la Mesa Redonda de Londres sobre la reforma constitucional en la India (1930-1932). Particip\u00f3 activamente en la creaci\u00f3n de la Sociedad de Naciones, que presidi\u00f3 de 1937 a 1938 y que se convirti\u00f3 en las Naciones Unidas en 1945. Dentro de las propias Naciones Unidas, su hijo, el pr\u00edncipe Sadruddin Aga Khan, acudi\u00f3 en ayuda de los refugiados al convertirse en Alto Comisionado de las Naciones Unidas de 1965 a 1977.\t\t\t\t\t\t\t\t<\/div>\n\t\t\t\t<\/div>\n\t\t\t\t\t<\/div>\n\t\t<\/div>\n\t\t\t\t\t<\/div>\n\t\t<\/section>\n\t\t\t\t<\/div>\n\t\t","protected":false},"excerpt":{"rendered":"<p>Volver<\/p>\n","protected":false},"author":1,"featured_media":0,"parent":0,"menu_order":0,"comment_status":"closed","ping_status":"closed","template":"elementor_header_footer","meta":{"footnotes":""},"class_list":["post-10501","page","type-page","status-publish"],"_links":{"self":[{"href":"https:\/\/fondationmagos.com\/es\/wp-json\/wp\/v2\/pages\/10501","targetHints":{"allow":["GET"]}}],"collection":[{"href":"https:\/\/fondationmagos.com\/es\/wp-json\/wp\/v2\/pages"}],"about":[{"href":"https:\/\/fondationmagos.com\/es\/wp-json\/wp\/v2\/types\/page"}],"author":[{"embeddable":true,"href":"https:\/\/fondationmagos.com\/es\/wp-json\/wp\/v2\/users\/1"}],"replies":[{"embeddable":true,"href":"https:\/\/fondationmagos.com\/es\/wp-json\/wp\/v2\/comments?post=10501"}],"version-history":[{"count":22,"href":"https:\/\/fondationmagos.com\/es\/wp-json\/wp\/v2\/pages\/10501\/revisions"}],"predecessor-version":[{"id":16617,"href":"https:\/\/fondationmagos.com\/es\/wp-json\/wp\/v2\/pages\/10501\/revisions\/16617"}],"wp:attachment":[{"href":"https:\/\/fondationmagos.com\/es\/wp-json\/wp\/v2\/media?parent=10501"}],"curies":[{"name":"wp","href":"https:\/\/api.w.org\/{rel}","templated":true}]}}