{"id":11179,"date":"2022-05-06T13:02:59","date_gmt":"2022-05-06T13:02:59","guid":{"rendered":"http:\/\/fondationmagos.com\/es\/?page_id=11179"},"modified":"2022-07-08T10:31:28","modified_gmt":"2022-07-08T10:31:28","slug":"gravure-flavius-josephe-datee-de-1860-angleterre-xixeme-s","status":"publish","type":"page","link":"https:\/\/fondationmagos.com\/es\/gravure-flavius-josephe-datee-de-1860-angleterre-xixeme-s\/","title":{"rendered":"Gravure \u00ab Flavius Jos\u00e9phe \u00bb dat\u00e9e de 1860 (Angleterre, XIX\u00e8me s.)"},"content":{"rendered":"\t\t<div data-elementor-type=\"wp-page\" data-elementor-id=\"11179\" class=\"elementor elementor-11179\">\n\t\t\t\t\t\t<section class=\"elementor-section elementor-top-section elementor-element elementor-element-2897f689 elementor-section-boxed elementor-section-height-default elementor-section-height-default\" data-id=\"2897f689\" data-element_type=\"section\" data-e-type=\"section\">\n\t\t\t\t\t\t<div class=\"elementor-container elementor-column-gap-default\">\n\t\t\t\t\t<div class=\"elementor-column elementor-col-100 elementor-top-column elementor-element elementor-element-20f43b65\" data-id=\"20f43b65\" data-element_type=\"column\" data-e-type=\"column\">\n\t\t\t<div class=\"elementor-widget-wrap elementor-element-populated\">\n\t\t\t\t\t\t<div class=\"elementor-element elementor-element-7825ee49 elementor-widget__width-initial elementor-absolute elementor-invisible elementor-widget elementor-widget-html\" data-id=\"7825ee49\" data-element_type=\"widget\" data-e-type=\"widget\" data-settings=\"{&quot;_position&quot;:&quot;absolute&quot;,&quot;_animation_mobile&quot;:&quot;slideInRight&quot;,&quot;_animation&quot;:&quot;slideInRight&quot;}\" data-widget_type=\"html.default\">\n\t\t\t\t<div class=\"elementor-widget-container\">\n\t\t\t\t\t<a href=\"javascript:window.close();\">Volver<<\/a>\r\n\t\t\t\t<\/div>\n\t\t\t\t<\/div>\n\t\t\t\t\t<\/div>\n\t\t<\/div>\n\t\t\t\t\t<\/div>\n\t\t<\/section>\n\t\t\t\t<section class=\"elementor-section elementor-top-section elementor-element elementor-element-3f564f07 elementor-section-boxed elementor-section-height-default elementor-section-height-default\" data-id=\"3f564f07\" data-element_type=\"section\" data-e-type=\"section\" data-settings=\"{&quot;background_background&quot;:&quot;classic&quot;,&quot;animation&quot;:&quot;none&quot;,&quot;shape_divider_top&quot;:&quot;opacity-tilt&quot;,&quot;animation_mobile&quot;:&quot;zoomIn&quot;}\">\n\t\t\t\t\t\t\t<div class=\"elementor-background-overlay\"><\/div>\n\t\t\t\t\t\t<div class=\"elementor-shape elementor-shape-top\" aria-hidden=\"true\" data-negative=\"false\">\n\t\t\t<svg xmlns=\"http:\/\/www.w3.org\/2000\/svg\" viewBox=\"0 0 2600 131.1\" preserveAspectRatio=\"none\">\n\t<path class=\"elementor-shape-fill\" d=\"M0 0L2600 0 2600 69.1 0 0z\"\/>\n\t<path class=\"elementor-shape-fill\" style=\"opacity:0.5\" d=\"M0 0L2600 0 2600 69.1 0 69.1z\"\/>\n\t<path class=\"elementor-shape-fill\" style=\"opacity:0.25\" d=\"M2600 0L0 0 0 130.1 2600 69.1z\"\/>\n<\/svg>\t\t<\/div>\n\t\t\t\t\t<div class=\"elementor-container elementor-column-gap-custom\">\n\t\t\t\t\t<div class=\"elementor-column elementor-col-50 elementor-top-column elementor-element elementor-element-4b465923\" data-id=\"4b465923\" data-element_type=\"column\" data-e-type=\"column\">\n\t\t\t<div class=\"elementor-widget-wrap elementor-element-populated\">\n\t\t\t\t\t\t<div class=\"elementor-element elementor-element-6e8e8039 elementor-invisible elementor-widget elementor-widget-image\" data-id=\"6e8e8039\" data-element_type=\"widget\" data-e-type=\"widget\" data-settings=\"{&quot;_animation&quot;:&quot;fadeInRight&quot;}\" data-widget_type=\"image.default\">\n\t\t\t\t<div class=\"elementor-widget-container\">\n\t\t\t\t\t\t\t\t\t\t\t\t\t\t\t<img fetchpriority=\"high\" decoding=\"async\" width=\"775\" height=\"1080\" src=\"https:\/\/fondationmagos.com\/es\/wp-content\/uploads\/2022\/04\/PHOTO-2022-02-23-18-50-13.jpg\" class=\"attachment-1536x1536 size-1536x1536 wp-image-14653\" alt=\"\" srcset=\"https:\/\/fondationmagos.com\/es\/wp-content\/uploads\/2022\/04\/PHOTO-2022-02-23-18-50-13.jpg 775w, https:\/\/fondationmagos.com\/es\/wp-content\/uploads\/2022\/04\/PHOTO-2022-02-23-18-50-13-215x300.jpg 215w, https:\/\/fondationmagos.com\/es\/wp-content\/uploads\/2022\/04\/PHOTO-2022-02-23-18-50-13-735x1024.jpg 735w, https:\/\/fondationmagos.com\/es\/wp-content\/uploads\/2022\/04\/PHOTO-2022-02-23-18-50-13-768x1070.jpg 768w\" sizes=\"(max-width: 775px) 100vw, 775px\" \/>\t\t\t\t\t\t\t\t\t\t\t\t\t\t\t<\/div>\n\t\t\t\t<\/div>\n\t\t\t\t\t<\/div>\n\t\t<\/div>\n\t\t\t\t<div class=\"elementor-column elementor-col-50 elementor-top-column elementor-element elementor-element-69b3a3c6 elementor-invisible\" data-id=\"69b3a3c6\" data-element_type=\"column\" data-e-type=\"column\" data-settings=\"{&quot;animation&quot;:&quot;zoomIn&quot;}\">\n\t\t\t<div class=\"elementor-widget-wrap elementor-element-populated\">\n\t\t\t\t\t\t<div class=\"elementor-element elementor-element-54c8dd29 elementor-widget elementor-widget-heading\" data-id=\"54c8dd29\" data-element_type=\"widget\" data-e-type=\"widget\" data-widget_type=\"heading.default\">\n\t\t\t\t<div class=\"elementor-widget-container\">\n\t\t\t\t\t<h2 class=\"elementor-heading-title elementor-size-default\">Grabado<br> \"Flavio Josefo\"<br> fechado en 1860 <\/h2>\t\t\t\t<\/div>\n\t\t\t\t<\/div>\n\t\t\t\t<div class=\"elementor-element elementor-element-1dda4d00 elementor-widget elementor-widget-heading\" data-id=\"1dda4d00\" data-element_type=\"widget\" data-e-type=\"widget\" data-widget_type=\"heading.default\">\n\t\t\t\t<div class=\"elementor-widget-container\">\n\t\t\t\t\t<h2 class=\"elementor-heading-title elementor-size-default\">(Inglaterra, s. XIX)<br>\nColecci\u00f3n Fundaci\u00f3n Magos\n\n<\/h2>\t\t\t\t<\/div>\n\t\t\t\t<\/div>\n\t\t\t\t<div class=\"elementor-element elementor-element-68697a80 elementor-widget elementor-widget-text-editor\" data-id=\"68697a80\" data-element_type=\"widget\" data-e-type=\"widget\" data-widget_type=\"text-editor.default\">\n\t\t\t\t<div class=\"elementor-widget-container\">\n\t\t\t\t\t\t\t\t\tYosef ben Matityahu, conocido como Flavio Josefo (siglo I), jud\u00edo al servicio de Roma y emparentado con la familia pol\u00edtica de Herodes, ofrece el texto m\u00e1s cre\u00edble sobre la existencia de los magos en la versi\u00f3n eslava de la Antig\u00fcedad jud\u00eda.\n\n\t\t\t\t\t\t\t\t<\/div>\n\t\t\t\t<\/div>\n\t\t\t\t\t<\/div>\n\t\t<\/div>\n\t\t\t\t\t<\/div>\n\t\t<\/section>\n\t\t\t\t<\/div>\n\t\t","protected":false},"excerpt":{"rendered":"<p>Volver<\/p>\n","protected":false},"author":1,"featured_media":0,"parent":0,"menu_order":0,"comment_status":"closed","ping_status":"closed","template":"elementor_header_footer","meta":{"footnotes":""},"class_list":["post-11179","page","type-page","status-publish"],"_links":{"self":[{"href":"https:\/\/fondationmagos.com\/es\/wp-json\/wp\/v2\/pages\/11179","targetHints":{"allow":["GET"]}}],"collection":[{"href":"https:\/\/fondationmagos.com\/es\/wp-json\/wp\/v2\/pages"}],"about":[{"href":"https:\/\/fondationmagos.com\/es\/wp-json\/wp\/v2\/types\/page"}],"author":[{"embeddable":true,"href":"https:\/\/fondationmagos.com\/es\/wp-json\/wp\/v2\/users\/1"}],"replies":[{"embeddable":true,"href":"https:\/\/fondationmagos.com\/es\/wp-json\/wp\/v2\/comments?post=11179"}],"version-history":[{"count":13,"href":"https:\/\/fondationmagos.com\/es\/wp-json\/wp\/v2\/pages\/11179\/revisions"}],"predecessor-version":[{"id":17162,"href":"https:\/\/fondationmagos.com\/es\/wp-json\/wp\/v2\/pages\/11179\/revisions\/17162"}],"wp:attachment":[{"href":"https:\/\/fondationmagos.com\/es\/wp-json\/wp\/v2\/media?parent=11179"}],"curies":[{"name":"wp","href":"https:\/\/api.w.org\/{rel}","templated":true}]}}