{"id":11221,"date":"2022-05-06T13:26:03","date_gmt":"2022-05-06T13:26:03","guid":{"rendered":"http:\/\/fondationmagos.com\/es\/?page_id=11221"},"modified":"2022-07-08T10:36:54","modified_gmt":"2022-07-08T10:36:54","slug":"apocryphe-protoevangile-de-jacques-et-ses-remaniements-latins","status":"publish","type":"page","link":"https:\/\/fondationmagos.com\/es\/apocryphe-protoevangile-de-jacques-et-ses-remaniements-latins\/","title":{"rendered":"Apocryphe \u00ab Proto\u00e9vangile de Jacques et ses remaniements latins \u00bb"},"content":{"rendered":"\t\t<div data-elementor-type=\"wp-page\" data-elementor-id=\"11221\" class=\"elementor elementor-11221\">\n\t\t\t\t\t\t<section class=\"elementor-section elementor-top-section elementor-element elementor-element-322dc7a4 elementor-section-boxed elementor-section-height-default elementor-section-height-default\" data-id=\"322dc7a4\" data-element_type=\"section\" data-e-type=\"section\">\n\t\t\t\t\t\t<div class=\"elementor-container elementor-column-gap-default\">\n\t\t\t\t\t<div class=\"elementor-column elementor-col-100 elementor-top-column elementor-element elementor-element-7918780a\" data-id=\"7918780a\" data-element_type=\"column\" data-e-type=\"column\">\n\t\t\t<div class=\"elementor-widget-wrap elementor-element-populated\">\n\t\t\t\t\t\t<div class=\"elementor-element elementor-element-257b7740 elementor-widget__width-initial elementor-absolute elementor-invisible elementor-widget elementor-widget-html\" data-id=\"257b7740\" data-element_type=\"widget\" data-e-type=\"widget\" data-settings=\"{&quot;_position&quot;:&quot;absolute&quot;,&quot;_animation_mobile&quot;:&quot;slideInRight&quot;,&quot;_animation&quot;:&quot;slideInRight&quot;}\" data-widget_type=\"html.default\">\n\t\t\t\t<div class=\"elementor-widget-container\">\n\t\t\t\t\t<a href=\"javascript:window.close();\">Volver<<\/a>\r\n\t\t\t\t<\/div>\n\t\t\t\t<\/div>\n\t\t\t\t\t<\/div>\n\t\t<\/div>\n\t\t\t\t\t<\/div>\n\t\t<\/section>\n\t\t\t\t<section class=\"elementor-section elementor-top-section elementor-element elementor-element-1dee661c elementor-section-boxed elementor-section-height-default elementor-section-height-default\" data-id=\"1dee661c\" data-element_type=\"section\" data-e-type=\"section\" data-settings=\"{&quot;background_background&quot;:&quot;classic&quot;,&quot;animation&quot;:&quot;none&quot;,&quot;shape_divider_top&quot;:&quot;opacity-tilt&quot;,&quot;animation_mobile&quot;:&quot;zoomIn&quot;}\">\n\t\t\t\t\t\t\t<div class=\"elementor-background-overlay\"><\/div>\n\t\t\t\t\t\t<div class=\"elementor-shape elementor-shape-top\" aria-hidden=\"true\" data-negative=\"false\">\n\t\t\t<svg xmlns=\"http:\/\/www.w3.org\/2000\/svg\" viewBox=\"0 0 2600 131.1\" preserveAspectRatio=\"none\">\n\t<path class=\"elementor-shape-fill\" d=\"M0 0L2600 0 2600 69.1 0 0z\"\/>\n\t<path class=\"elementor-shape-fill\" style=\"opacity:0.5\" d=\"M0 0L2600 0 2600 69.1 0 69.1z\"\/>\n\t<path class=\"elementor-shape-fill\" style=\"opacity:0.25\" d=\"M2600 0L0 0 0 130.1 2600 69.1z\"\/>\n<\/svg>\t\t<\/div>\n\t\t\t\t\t<div class=\"elementor-container elementor-column-gap-custom\">\n\t\t\t\t\t<div class=\"elementor-column elementor-col-50 elementor-top-column elementor-element elementor-element-7be9cc51\" data-id=\"7be9cc51\" data-element_type=\"column\" data-e-type=\"column\">\n\t\t\t<div class=\"elementor-widget-wrap elementor-element-populated\">\n\t\t\t\t\t\t<div class=\"elementor-element elementor-element-21a72543 elementor-invisible elementor-widget elementor-widget-image\" data-id=\"21a72543\" data-element_type=\"widget\" data-e-type=\"widget\" data-settings=\"{&quot;_animation&quot;:&quot;fadeInRight&quot;}\" data-widget_type=\"image.default\">\n\t\t\t\t<div class=\"elementor-widget-container\">\n\t\t\t\t\t\t\t\t\t\t\t\t\t\t\t<img fetchpriority=\"high\" decoding=\"async\" width=\"810\" height=\"1080\" src=\"https:\/\/fondationmagos.com\/es\/wp-content\/uploads\/2022\/04\/PHOTO-2021-12-03-16-33-02.jpg\" class=\"attachment-1536x1536 size-1536x1536 wp-image-14652\" alt=\"\" srcset=\"https:\/\/fondationmagos.com\/es\/wp-content\/uploads\/2022\/04\/PHOTO-2021-12-03-16-33-02.jpg 810w, https:\/\/fondationmagos.com\/es\/wp-content\/uploads\/2022\/04\/PHOTO-2021-12-03-16-33-02-225x300.jpg 225w, https:\/\/fondationmagos.com\/es\/wp-content\/uploads\/2022\/04\/PHOTO-2021-12-03-16-33-02-768x1024.jpg 768w\" sizes=\"(max-width: 810px) 100vw, 810px\" \/>\t\t\t\t\t\t\t\t\t\t\t\t\t\t\t<\/div>\n\t\t\t\t<\/div>\n\t\t\t\t\t<\/div>\n\t\t<\/div>\n\t\t\t\t<div class=\"elementor-column elementor-col-50 elementor-top-column elementor-element elementor-element-2e5825b5 elementor-invisible\" data-id=\"2e5825b5\" data-element_type=\"column\" data-e-type=\"column\" data-settings=\"{&quot;animation&quot;:&quot;zoomIn&quot;}\">\n\t\t\t<div class=\"elementor-widget-wrap elementor-element-populated\">\n\t\t\t\t\t\t<div class=\"elementor-element elementor-element-7b311f07 elementor-widget elementor-widget-heading\" data-id=\"7b311f07\" data-element_type=\"widget\" data-e-type=\"widget\" data-widget_type=\"heading.default\">\n\t\t\t\t<div class=\"elementor-widget-container\">\n\t\t\t\t\t<h2 class=\"elementor-heading-title elementor-size-default\">Ap\u00f3crifo <br>\"Protoevangelio de Santiago<br> y sus reelaboraciones latinas\u201d<\/h2>\t\t\t\t<\/div>\n\t\t\t\t<\/div>\n\t\t\t\t<div class=\"elementor-element elementor-element-6bb0bfab elementor-widget elementor-widget-heading\" data-id=\"6bb0bfab\" data-element_type=\"widget\" data-e-type=\"widget\" data-widget_type=\"heading.default\">\n\t\t\t\t<div class=\"elementor-widget-container\">\n\t\t\t\t\t<h2 class=\"elementor-heading-title elementor-size-default\">de \u00c9mile Amann<br>publicado en 1910 (Francia, siglo XX)<br> Colecci\u00f3n Fundaci\u00f3n Magos<\/h2>\t\t\t\t<\/div>\n\t\t\t\t<\/div>\n\t\t\t\t<div class=\"elementor-element elementor-element-2ee7c263 elementor-widget elementor-widget-heading\" data-id=\"2ee7c263\" data-element_type=\"widget\" data-e-type=\"widget\" data-widget_type=\"heading.default\">\n\t\t\t\t<div class=\"elementor-widget-container\">\n\t\t\t\t\t<h2 class=\"elementor-heading-title elementor-size-default\">LOS AP\u00d3CRIFOS Y SU INFLUENCIA<br> EN NUESTRAS CREENCIAS POPULARES<\/h2>\t\t\t\t<\/div>\n\t\t\t\t<\/div>\n\t\t\t\t<div class=\"elementor-element elementor-element-135a3488 elementor-widget elementor-widget-text-editor\" data-id=\"135a3488\" data-element_type=\"widget\" data-e-type=\"widget\" data-widget_type=\"text-editor.default\">\n\t\t\t\t<div class=\"elementor-widget-container\">\n\t\t\t\t\t\t\t\t\tLos llamados textos ap\u00f3crifos no son reconocidos por la Iglesia; sin embargo, en los primeros tiempos muchos de estos evangelios se citaban como aut\u00e9nticos e incluso eran los \u00fanicos citados. La Iglesia rechaza los ap\u00f3crifos, \u00a1pero la propia Biblia se refiere a estos escritos! El Apocalipsis de Pedro (2\u00ba), atribuido al ap\u00f3stol Pedro, goz\u00f3 de una considerable autoridad en sus inicios. La transcripci\u00f3n del Apocalipsis de Pedro al \u00e1rabe utilizando las letras del alfabeto sirio especifica el pa\u00eds de origen de los magos. El Testamento de Ad\u00e1n (siglo II) nos habla de una cueva del tesoro a la que los magos fueron a coger &#8220;los tesoros que Ad\u00e1n hab\u00eda sacado del para\u00edso: oro, mirra e incienso&#8221;. En cuanto a la adoraci\u00f3n de los Reyes Magos en una cueva, se menciona en el Protoevangelio de Santiago del siglo II, mientras que la Biblia habla de una casa. La cueva mencionada en este ap\u00f3crifo permanecer\u00e1 en el inconsciente colectivo.\t\t\t\t\t\t\t\t<\/div>\n\t\t\t\t<\/div>\n\t\t\t\t<div class=\"elementor-element elementor-element-3687b11 elementor-widget elementor-widget-heading\" data-id=\"3687b11\" data-element_type=\"widget\" data-e-type=\"widget\" data-widget_type=\"heading.default\">\n\t\t\t\t<div class=\"elementor-widget-container\">\n\t\t\t\t\t<h2 class=\"elementor-heading-title elementor-size-default\">COLECCI\u00d3N DE AP\u00d3CRIFOS QUE MENCIONAN A LOS MAGOS\nCat\u00e1logo a petici\u00f3n\n<\/h2>\t\t\t\t<\/div>\n\t\t\t\t<\/div>\n\t\t\t\t\t<\/div>\n\t\t<\/div>\n\t\t\t\t\t<\/div>\n\t\t<\/section>\n\t\t\t\t<\/div>\n\t\t","protected":false},"excerpt":{"rendered":"<p>Volver<\/p>\n","protected":false},"author":1,"featured_media":0,"parent":0,"menu_order":0,"comment_status":"closed","ping_status":"closed","template":"elementor_header_footer","meta":{"footnotes":""},"class_list":["post-11221","page","type-page","status-publish"],"_links":{"self":[{"href":"https:\/\/fondationmagos.com\/es\/wp-json\/wp\/v2\/pages\/11221","targetHints":{"allow":["GET"]}}],"collection":[{"href":"https:\/\/fondationmagos.com\/es\/wp-json\/wp\/v2\/pages"}],"about":[{"href":"https:\/\/fondationmagos.com\/es\/wp-json\/wp\/v2\/types\/page"}],"author":[{"embeddable":true,"href":"https:\/\/fondationmagos.com\/es\/wp-json\/wp\/v2\/users\/1"}],"replies":[{"embeddable":true,"href":"https:\/\/fondationmagos.com\/es\/wp-json\/wp\/v2\/comments?post=11221"}],"version-history":[{"count":19,"href":"https:\/\/fondationmagos.com\/es\/wp-json\/wp\/v2\/pages\/11221\/revisions"}],"predecessor-version":[{"id":17171,"href":"https:\/\/fondationmagos.com\/es\/wp-json\/wp\/v2\/pages\/11221\/revisions\/17171"}],"wp:attachment":[{"href":"https:\/\/fondationmagos.com\/es\/wp-json\/wp\/v2\/media?parent=11221"}],"curies":[{"name":"wp","href":"https:\/\/api.w.org\/{rel}","templated":true}]}}