{"id":11250,"date":"2022-05-06T13:43:47","date_gmt":"2022-05-06T13:43:47","guid":{"rendered":"http:\/\/fondationmagos.com\/es\/?page_id=11250"},"modified":"2022-07-08T10:43:46","modified_gmt":"2022-07-08T10:43:46","slug":"tapisserie-les-six-mages-de-cappadoce","status":"publish","type":"page","link":"https:\/\/fondationmagos.com\/es\/tapisserie-les-six-mages-de-cappadoce\/","title":{"rendered":"Tapisserie  les six mages de Cappadoce"},"content":{"rendered":"\t\t<div data-elementor-type=\"wp-page\" data-elementor-id=\"11250\" class=\"elementor elementor-11250\">\n\t\t\t\t\t\t<section class=\"elementor-section elementor-top-section elementor-element elementor-element-0544ad1 elementor-section-boxed elementor-section-height-default elementor-section-height-default\" data-id=\"0544ad1\" data-element_type=\"section\" data-e-type=\"section\">\n\t\t\t\t\t\t<div class=\"elementor-container elementor-column-gap-default\">\n\t\t\t\t\t<div class=\"elementor-column elementor-col-100 elementor-top-column elementor-element elementor-element-6edd68c\" data-id=\"6edd68c\" data-element_type=\"column\" data-e-type=\"column\">\n\t\t\t<div class=\"elementor-widget-wrap elementor-element-populated\">\n\t\t\t\t\t\t<div class=\"elementor-element elementor-element-91af7d6 elementor-widget__width-initial elementor-absolute elementor-invisible elementor-widget elementor-widget-html\" data-id=\"91af7d6\" data-element_type=\"widget\" data-e-type=\"widget\" data-settings=\"{&quot;_position&quot;:&quot;absolute&quot;,&quot;_animation_mobile&quot;:&quot;slideInRight&quot;,&quot;_animation&quot;:&quot;slideInRight&quot;}\" data-widget_type=\"html.default\">\n\t\t\t\t<div class=\"elementor-widget-container\">\n\t\t\t\t\t<a href=\"javascript:window.close();\">Volver<<\/a>\r\n\t\t\t\t<\/div>\n\t\t\t\t<\/div>\n\t\t\t\t\t<\/div>\n\t\t<\/div>\n\t\t\t\t\t<\/div>\n\t\t<\/section>\n\t\t\t\t<section class=\"elementor-section elementor-top-section elementor-element elementor-element-1dee661c elementor-section-boxed elementor-section-height-default elementor-section-height-default\" data-id=\"1dee661c\" data-element_type=\"section\" data-e-type=\"section\" data-settings=\"{&quot;background_background&quot;:&quot;classic&quot;,&quot;animation&quot;:&quot;none&quot;,&quot;shape_divider_top&quot;:&quot;opacity-tilt&quot;,&quot;animation_mobile&quot;:&quot;zoomIn&quot;}\">\n\t\t\t\t\t\t\t<div class=\"elementor-background-overlay\"><\/div>\n\t\t\t\t\t\t<div class=\"elementor-shape elementor-shape-top\" aria-hidden=\"true\" data-negative=\"false\">\n\t\t\t<svg xmlns=\"http:\/\/www.w3.org\/2000\/svg\" viewBox=\"0 0 2600 131.1\" preserveAspectRatio=\"none\">\n\t<path class=\"elementor-shape-fill\" d=\"M0 0L2600 0 2600 69.1 0 0z\"\/>\n\t<path class=\"elementor-shape-fill\" style=\"opacity:0.5\" d=\"M0 0L2600 0 2600 69.1 0 69.1z\"\/>\n\t<path class=\"elementor-shape-fill\" style=\"opacity:0.25\" d=\"M2600 0L0 0 0 130.1 2600 69.1z\"\/>\n<\/svg>\t\t<\/div>\n\t\t\t\t\t<div class=\"elementor-container elementor-column-gap-custom\">\n\t\t\t\t\t<div class=\"elementor-column elementor-col-50 elementor-top-column elementor-element elementor-element-7be9cc51\" data-id=\"7be9cc51\" data-element_type=\"column\" data-e-type=\"column\">\n\t\t\t<div class=\"elementor-widget-wrap elementor-element-populated\">\n\t\t\t\t\t\t<div class=\"elementor-element elementor-element-21a72543 elementor-invisible elementor-widget elementor-widget-image\" data-id=\"21a72543\" data-element_type=\"widget\" data-e-type=\"widget\" data-settings=\"{&quot;_animation&quot;:&quot;fadeInRight&quot;}\" data-widget_type=\"image.default\">\n\t\t\t\t<div class=\"elementor-widget-container\">\n\t\t\t\t\t\t\t\t\t\t\t\t\t\t\t<img fetchpriority=\"high\" decoding=\"async\" width=\"999\" height=\"672\" src=\"https:\/\/fondationmagos.com\/es\/wp-content\/uploads\/2022\/04\/Untitled-1-6.jpg\" class=\"attachment-1536x1536 size-1536x1536 wp-image-15528\" alt=\"\" srcset=\"https:\/\/fondationmagos.com\/es\/wp-content\/uploads\/2022\/04\/Untitled-1-6.jpg 999w, https:\/\/fondationmagos.com\/es\/wp-content\/uploads\/2022\/04\/Untitled-1-6-300x202.jpg 300w, https:\/\/fondationmagos.com\/es\/wp-content\/uploads\/2022\/04\/Untitled-1-6-768x517.jpg 768w, https:\/\/fondationmagos.com\/es\/wp-content\/uploads\/2022\/04\/Untitled-1-6-900x604.jpg 900w, https:\/\/fondationmagos.com\/es\/wp-content\/uploads\/2022\/04\/Untitled-1-6-600x403.jpg 600w, https:\/\/fondationmagos.com\/es\/wp-content\/uploads\/2022\/04\/Untitled-1-6-400x269.jpg 400w\" sizes=\"(max-width: 999px) 100vw, 999px\" \/>\t\t\t\t\t\t\t\t\t\t\t\t\t\t\t<\/div>\n\t\t\t\t<\/div>\n\t\t\t\t\t<\/div>\n\t\t<\/div>\n\t\t\t\t<div class=\"elementor-column elementor-col-50 elementor-top-column elementor-element elementor-element-2e5825b5 elementor-invisible\" data-id=\"2e5825b5\" data-element_type=\"column\" data-e-type=\"column\" data-settings=\"{&quot;animation&quot;:&quot;zoomIn&quot;}\">\n\t\t\t<div class=\"elementor-widget-wrap elementor-element-populated\">\n\t\t\t\t\t\t<div class=\"elementor-element elementor-element-7b311f07 elementor-widget elementor-widget-heading\" data-id=\"7b311f07\" data-element_type=\"widget\" data-e-type=\"widget\" data-widget_type=\"heading.default\">\n\t\t\t\t<div class=\"elementor-widget-container\">\n\t\t\t\t\t<h2 class=\"elementor-heading-title elementor-size-default\">Tapiz<br> \"Los seis Reyes Magos de Capadocia<\/h2>\t\t\t\t<\/div>\n\t\t\t\t<\/div>\n\t\t\t\t<div class=\"elementor-element elementor-element-6bb0bfab elementor-widget elementor-widget-heading\" data-id=\"6bb0bfab\" data-element_type=\"widget\" data-e-type=\"widget\" data-widget_type=\"heading.default\">\n\t\t\t\t<div class=\"elementor-widget-container\">\n\t\t\t\t\t<h2 class=\"elementor-heading-title elementor-size-default\">de un fresco de la cueva <br>de Tokal\u0131 Kilise en G\u00f6reme <br>(Turqu\u00eda, siglo XXI) <br>\nColecci\u00f3n Fundaci\u00f3n Magos\n\n\n<\/h2>\t\t\t\t<\/div>\n\t\t\t\t<\/div>\n\t\t\t\t<div class=\"elementor-element elementor-element-2ee7c263 elementor-widget elementor-widget-heading\" data-id=\"2ee7c263\" data-element_type=\"widget\" data-e-type=\"widget\" data-widget_type=\"heading.default\">\n\t\t\t\t<div class=\"elementor-widget-container\">\n\t\t\t\t\t<h2 class=\"elementor-heading-title elementor-size-default\">DE SEIS A DOCE MAGOS SEG\u00daN LAS IGLESIAS ORIENTALES<\/h2>\t\t\t\t<\/div>\n\t\t\t\t<\/div>\n\t\t\t\t<div class=\"elementor-element elementor-element-135a3488 elementor-widget elementor-widget-text-editor\" data-id=\"135a3488\" data-element_type=\"widget\" data-e-type=\"widget\" data-widget_type=\"text-editor.default\">\n\t\t\t\t<div class=\"elementor-widget-container\">\n\t\t\t\t\t\t\t\t\tEl manuscrito &#8220;Apocalipsis de los Reyes Magos&#8221; (siglo III) procedente de Egipto, traducido en el siglo VIII en el monasterio bizantino de Zuqnin, en la actual Turqu\u00eda, da el nombre de 12 magos. Santiago de Edesa (Iglesia Ortodoxa Siria, siglo VII) habla de 12 pr\u00edncipes. En &#8220;La vida de Jes\u00fas en \u00e1rabe\/evangelio sirio de la infancia&#8221; son entre 3 y 12. El Evangelio Armenio de la Infancia (s. V) parece haber encontrado el compromiso adecuado: &#8220;Los tres hermanos vinieron con doce jefes del ej\u00e9rcito, cuatro por cada rey&#8221;. El n\u00famero de 12 magos tambi\u00e9n es mencionado por el obispo de Mosul (Iglesia Ortodoxa Siria, siglo IX), el obispo Ishodad (Iglesia Ortodoxa Siria, norte de Irak, siglo IX) y Hassan Bahlul (Iglesia Siria de Oriente, Bagdad, siglo X). \t\t\t\t\t\t\t\t<\/div>\n\t\t\t\t<\/div>\n\t\t\t\t\t<\/div>\n\t\t<\/div>\n\t\t\t\t\t<\/div>\n\t\t<\/section>\n\t\t\t\t<\/div>\n\t\t","protected":false},"excerpt":{"rendered":"<p>Volver<\/p>\n","protected":false},"author":1,"featured_media":0,"parent":0,"menu_order":0,"comment_status":"closed","ping_status":"closed","template":"elementor_header_footer","meta":{"footnotes":""},"class_list":["post-11250","page","type-page","status-publish"],"_links":{"self":[{"href":"https:\/\/fondationmagos.com\/es\/wp-json\/wp\/v2\/pages\/11250","targetHints":{"allow":["GET"]}}],"collection":[{"href":"https:\/\/fondationmagos.com\/es\/wp-json\/wp\/v2\/pages"}],"about":[{"href":"https:\/\/fondationmagos.com\/es\/wp-json\/wp\/v2\/types\/page"}],"author":[{"embeddable":true,"href":"https:\/\/fondationmagos.com\/es\/wp-json\/wp\/v2\/users\/1"}],"replies":[{"embeddable":true,"href":"https:\/\/fondationmagos.com\/es\/wp-json\/wp\/v2\/comments?post=11250"}],"version-history":[{"count":62,"href":"https:\/\/fondationmagos.com\/es\/wp-json\/wp\/v2\/pages\/11250\/revisions"}],"predecessor-version":[{"id":17192,"href":"https:\/\/fondationmagos.com\/es\/wp-json\/wp\/v2\/pages\/11250\/revisions\/17192"}],"wp:attachment":[{"href":"https:\/\/fondationmagos.com\/es\/wp-json\/wp\/v2\/media?parent=11250"}],"curies":[{"name":"wp","href":"https:\/\/api.w.org\/{rel}","templated":true}]}}