{"id":11558,"date":"2022-05-11T11:05:57","date_gmt":"2022-05-11T11:05:57","guid":{"rendered":"http:\/\/fondationmagos.com\/es\/?page_id=11558"},"modified":"2022-07-07T21:43:50","modified_gmt":"2022-07-07T21:43:50","slug":"homelie-commentarius-in-s-matthaeum-par-jean-chrysostome-patriarche-de-constantinople-dont-loriginal-est-date-du-iveme-siecle","status":"publish","type":"page","link":"https:\/\/fondationmagos.com\/es\/homelie-commentarius-in-s-matthaeum-par-jean-chrysostome-patriarche-de-constantinople-dont-loriginal-est-date-du-iveme-siecle\/","title":{"rendered":"Hom\u00e9lie \u00ab Commentarius in S. Matthaeum \u00bb par Jean Chrysostome, Patriarche de Constantinople, dont l\u2019original est dat\u00e9 du IV\u00e8me si\u00e8cle."},"content":{"rendered":"\t\t<div data-elementor-type=\"wp-page\" data-elementor-id=\"11558\" class=\"elementor elementor-11558\">\n\t\t\t\t\t\t<section class=\"elementor-section elementor-top-section elementor-element elementor-element-796b74e0 elementor-section-boxed elementor-section-height-default elementor-section-height-default\" data-id=\"796b74e0\" data-element_type=\"section\" data-e-type=\"section\">\n\t\t\t\t\t\t<div class=\"elementor-container elementor-column-gap-default\">\n\t\t\t\t\t<div class=\"elementor-column elementor-col-100 elementor-top-column elementor-element elementor-element-1d6ea5cd\" data-id=\"1d6ea5cd\" data-element_type=\"column\" data-e-type=\"column\">\n\t\t\t<div class=\"elementor-widget-wrap elementor-element-populated\">\n\t\t\t\t\t\t<div class=\"elementor-element elementor-element-22fc5f63 elementor-widget__width-initial elementor-absolute elementor-invisible elementor-widget elementor-widget-html\" data-id=\"22fc5f63\" data-element_type=\"widget\" data-e-type=\"widget\" data-settings=\"{&quot;_position&quot;:&quot;absolute&quot;,&quot;_animation_mobile&quot;:&quot;slideInRight&quot;,&quot;_animation&quot;:&quot;slideInRight&quot;}\" data-widget_type=\"html.default\">\n\t\t\t\t<div class=\"elementor-widget-container\">\n\t\t\t\t\t<a href=\"javascript:window.close();\">Volver<<\/a>\t\t\t\t<\/div>\n\t\t\t\t<\/div>\n\t\t\t\t\t<\/div>\n\t\t<\/div>\n\t\t\t\t\t<\/div>\n\t\t<\/section>\n\t\t\t\t<section class=\"elementor-section elementor-top-section elementor-element elementor-element-649ef502 elementor-section-boxed elementor-section-height-default elementor-section-height-default\" data-id=\"649ef502\" data-element_type=\"section\" data-e-type=\"section\" data-settings=\"{&quot;background_background&quot;:&quot;classic&quot;,&quot;animation&quot;:&quot;none&quot;,&quot;shape_divider_top&quot;:&quot;opacity-tilt&quot;,&quot;animation_mobile&quot;:&quot;zoomIn&quot;}\">\n\t\t\t\t\t\t\t<div class=\"elementor-background-overlay\"><\/div>\n\t\t\t\t\t\t<div class=\"elementor-shape elementor-shape-top\" aria-hidden=\"true\" data-negative=\"false\">\n\t\t\t<svg xmlns=\"http:\/\/www.w3.org\/2000\/svg\" viewBox=\"0 0 2600 131.1\" preserveAspectRatio=\"none\">\n\t<path class=\"elementor-shape-fill\" d=\"M0 0L2600 0 2600 69.1 0 0z\"\/>\n\t<path class=\"elementor-shape-fill\" style=\"opacity:0.5\" d=\"M0 0L2600 0 2600 69.1 0 69.1z\"\/>\n\t<path class=\"elementor-shape-fill\" style=\"opacity:0.25\" d=\"M2600 0L0 0 0 130.1 2600 69.1z\"\/>\n<\/svg>\t\t<\/div>\n\t\t\t\t\t<div class=\"elementor-container elementor-column-gap-custom\">\n\t\t\t\t\t<div class=\"elementor-column elementor-col-50 elementor-top-column elementor-element elementor-element-291b96dc\" data-id=\"291b96dc\" data-element_type=\"column\" data-e-type=\"column\">\n\t\t\t<div class=\"elementor-widget-wrap elementor-element-populated\">\n\t\t\t\t\t\t<div class=\"elementor-element elementor-element-19373a79 elementor-invisible elementor-widget elementor-widget-image\" data-id=\"19373a79\" data-element_type=\"widget\" data-e-type=\"widget\" data-settings=\"{&quot;_animation&quot;:&quot;fadeInRight&quot;}\" data-widget_type=\"image.default\">\n\t\t\t\t<div class=\"elementor-widget-container\">\n\t\t\t\t\t\t\t\t\t\t\t\t\t\t\t<img fetchpriority=\"high\" decoding=\"async\" width=\"1459\" height=\"1185\" src=\"https:\/\/fondationmagos.com\/es\/wp-content\/uploads\/2022\/05\/s-l1600.jpg\" class=\"attachment-1536x1536 size-1536x1536 wp-image-15815\" alt=\"\" srcset=\"https:\/\/fondationmagos.com\/es\/wp-content\/uploads\/2022\/05\/s-l1600.jpg 1459w, https:\/\/fondationmagos.com\/es\/wp-content\/uploads\/2022\/05\/s-l1600-300x244.jpg 300w, https:\/\/fondationmagos.com\/es\/wp-content\/uploads\/2022\/05\/s-l1600-1024x832.jpg 1024w, https:\/\/fondationmagos.com\/es\/wp-content\/uploads\/2022\/05\/s-l1600-768x624.jpg 768w\" sizes=\"(max-width: 1459px) 100vw, 1459px\" \/>\t\t\t\t\t\t\t\t\t\t\t\t\t\t\t<\/div>\n\t\t\t\t<\/div>\n\t\t\t\t\t<\/div>\n\t\t<\/div>\n\t\t\t\t<div class=\"elementor-column elementor-col-50 elementor-top-column elementor-element elementor-element-60ea9e4c elementor-invisible\" data-id=\"60ea9e4c\" data-element_type=\"column\" data-e-type=\"column\" data-settings=\"{&quot;animation&quot;:&quot;zoomIn&quot;}\">\n\t\t\t<div class=\"elementor-widget-wrap elementor-element-populated\">\n\t\t\t\t\t\t<div class=\"elementor-element elementor-element-1563fb33 elementor-widget elementor-widget-heading\" data-id=\"1563fb33\" data-element_type=\"widget\" data-e-type=\"widget\" data-widget_type=\"heading.default\">\n\t\t\t\t<div class=\"elementor-widget-container\">\n\t\t\t\t\t<h2 class=\"elementor-heading-title elementor-size-default\">Homil\u00eda \"Commentarius in S. Matthaeum\u201d de Juan Cris\u00f3stomo, Patriarca de Constantinopla, cuyo original est\u00e1 fechado en el siglo IV.<\/h2>\t\t\t\t<\/div>\n\t\t\t\t<\/div>\n\t\t\t\t<div class=\"elementor-element elementor-element-2f1d2844 elementor-widget elementor-widget-heading\" data-id=\"2f1d2844\" data-element_type=\"widget\" data-e-type=\"widget\" data-widget_type=\"heading.default\">\n\t\t\t\t<div class=\"elementor-widget-container\">\n\t\t\t\t\t<h2 class=\"elementor-heading-title elementor-size-default\">Extracto: <br>\"Santo Tom\u00e1s va al pa\u00eds de los Reyes Magos<\/h2>\t\t\t\t<\/div>\n\t\t\t\t<\/div>\n\t\t\t\t<div class=\"elementor-element elementor-element-73e3ee3 elementor-widget elementor-widget-heading\" data-id=\"73e3ee3\" data-element_type=\"widget\" data-e-type=\"widget\" data-widget_type=\"heading.default\">\n\t\t\t\t<div class=\"elementor-widget-container\">\n\t\t\t\t\t<h2 class=\"elementor-heading-title elementor-size-default\">LOS ESCRITOS SOBRE EL ENCUENTRO ENTRE SANTO TOM\u00c1S Y LOS REYES MAGOS IMPLICAN QUE UNO DE LOS REYES MAGOS VINO DE LA INDIA\n<\/h2>\t\t\t\t<\/div>\n\t\t\t\t<\/div>\n\t\t\t\t<div class=\"elementor-element elementor-element-d2fa7b9 elementor-widget elementor-widget-heading\" data-id=\"d2fa7b9\" data-element_type=\"widget\" data-e-type=\"widget\" data-widget_type=\"heading.default\">\n\t\t\t\t<div class=\"elementor-widget-container\">\n\t\t\t\t\t<h2 class=\"elementor-heading-title elementor-size-default\">\"Revelaci\u00f3n de los Magos\", siglo III, \u201cCommentarius in S. Matthaeum, siglo IV\u201d, \u201cOpus Imperfectum in Mattheum, siglo IV\u201d, hasta la m\u00edstica Mar\u00eda \u00c1greda (siglo XVII) hacen la conexi\u00f3n entre Santo Tom\u00e1s y el encuentro con los Reyes Magos. Estos escritos se consideran una prueba m\u00e1s de que uno de los Reyes Magos vino de la India. \n\n<\/h2>\t\t\t\t<\/div>\n\t\t\t\t<\/div>\n\t\t\t\t\t<\/div>\n\t\t<\/div>\n\t\t\t\t\t<\/div>\n\t\t<\/section>\n\t\t\t\t<\/div>\n\t\t","protected":false},"excerpt":{"rendered":"<p>Volver<\/p>\n","protected":false},"author":1,"featured_media":0,"parent":0,"menu_order":0,"comment_status":"closed","ping_status":"closed","template":"elementor_header_footer","meta":{"footnotes":""},"class_list":["post-11558","page","type-page","status-publish"],"_links":{"self":[{"href":"https:\/\/fondationmagos.com\/es\/wp-json\/wp\/v2\/pages\/11558","targetHints":{"allow":["GET"]}}],"collection":[{"href":"https:\/\/fondationmagos.com\/es\/wp-json\/wp\/v2\/pages"}],"about":[{"href":"https:\/\/fondationmagos.com\/es\/wp-json\/wp\/v2\/types\/page"}],"author":[{"embeddable":true,"href":"https:\/\/fondationmagos.com\/es\/wp-json\/wp\/v2\/users\/1"}],"replies":[{"embeddable":true,"href":"https:\/\/fondationmagos.com\/es\/wp-json\/wp\/v2\/comments?post=11558"}],"version-history":[{"count":14,"href":"https:\/\/fondationmagos.com\/es\/wp-json\/wp\/v2\/pages\/11558\/revisions"}],"predecessor-version":[{"id":16759,"href":"https:\/\/fondationmagos.com\/es\/wp-json\/wp\/v2\/pages\/11558\/revisions\/16759"}],"wp:attachment":[{"href":"https:\/\/fondationmagos.com\/es\/wp-json\/wp\/v2\/media?parent=11558"}],"curies":[{"name":"wp","href":"https:\/\/api.w.org\/{rel}","templated":true}]}}