{"id":11678,"date":"2022-05-13T08:21:27","date_gmt":"2022-05-13T08:21:27","guid":{"rendered":"http:\/\/fondationmagos.com\/es\/?page_id=11678"},"modified":"2022-07-07T22:05:09","modified_gmt":"2022-07-07T22:05:09","slug":"edition-commemorative-du-600eme-anniversaire-de-la-creation-de-latlas-catalan-1375-1975-une-reine-y-est-representee-a-jaffna","status":"publish","type":"page","link":"https:\/\/fondationmagos.com\/es\/edition-commemorative-du-600eme-anniversaire-de-la-creation-de-latlas-catalan-1375-1975-une-reine-y-est-representee-a-jaffna\/","title":{"rendered":"\u00c9dition comm\u00e9morative du 600\u00e8me anniversaire de la cr\u00e9ation de l\u2019Atlas Catalan (1375-1975). Une Reine y est repr\u00e9sent\u00e9e \u00e0 Jaffna."},"content":{"rendered":"\t\t<div data-elementor-type=\"wp-page\" data-elementor-id=\"11678\" class=\"elementor elementor-11678\">\n\t\t\t\t\t\t<section class=\"elementor-section elementor-top-section elementor-element elementor-element-539f3cfd elementor-section-boxed elementor-section-height-default elementor-section-height-default\" data-id=\"539f3cfd\" data-element_type=\"section\" data-e-type=\"section\">\n\t\t\t\t\t\t<div class=\"elementor-container elementor-column-gap-default\">\n\t\t\t\t\t<div class=\"elementor-column elementor-col-100 elementor-top-column elementor-element elementor-element-1c174ece\" data-id=\"1c174ece\" data-element_type=\"column\" data-e-type=\"column\">\n\t\t\t<div class=\"elementor-widget-wrap elementor-element-populated\">\n\t\t\t\t\t\t<div class=\"elementor-element elementor-element-5c7528e8 elementor-widget__width-initial elementor-absolute elementor-invisible elementor-widget elementor-widget-html\" data-id=\"5c7528e8\" data-element_type=\"widget\" data-e-type=\"widget\" data-settings=\"{&quot;_position&quot;:&quot;absolute&quot;,&quot;_animation_mobile&quot;:&quot;slideInRight&quot;,&quot;_animation&quot;:&quot;slideInRight&quot;}\" data-widget_type=\"html.default\">\n\t\t\t\t<div class=\"elementor-widget-container\">\n\t\t\t\t\t<a href=\"javascript:window.close();\">Volver<<\/a>\t\t\t\t<\/div>\n\t\t\t\t<\/div>\n\t\t\t\t\t<\/div>\n\t\t<\/div>\n\t\t\t\t\t<\/div>\n\t\t<\/section>\n\t\t\t\t<section class=\"elementor-section elementor-top-section elementor-element elementor-element-17110fb1 elementor-section-boxed elementor-section-height-default elementor-section-height-default\" data-id=\"17110fb1\" data-element_type=\"section\" data-e-type=\"section\" data-settings=\"{&quot;background_background&quot;:&quot;classic&quot;,&quot;animation&quot;:&quot;none&quot;,&quot;shape_divider_top&quot;:&quot;opacity-tilt&quot;,&quot;animation_mobile&quot;:&quot;zoomIn&quot;}\">\n\t\t\t\t\t\t\t<div class=\"elementor-background-overlay\"><\/div>\n\t\t\t\t\t\t<div class=\"elementor-shape elementor-shape-top\" aria-hidden=\"true\" data-negative=\"false\">\n\t\t\t<svg xmlns=\"http:\/\/www.w3.org\/2000\/svg\" viewBox=\"0 0 2600 131.1\" preserveAspectRatio=\"none\">\n\t<path class=\"elementor-shape-fill\" d=\"M0 0L2600 0 2600 69.1 0 0z\"\/>\n\t<path class=\"elementor-shape-fill\" style=\"opacity:0.5\" d=\"M0 0L2600 0 2600 69.1 0 69.1z\"\/>\n\t<path class=\"elementor-shape-fill\" style=\"opacity:0.25\" d=\"M2600 0L0 0 0 130.1 2600 69.1z\"\/>\n<\/svg>\t\t<\/div>\n\t\t\t\t\t<div class=\"elementor-container elementor-column-gap-custom\">\n\t\t\t\t\t<div class=\"elementor-column elementor-col-50 elementor-top-column elementor-element elementor-element-6b0225db\" data-id=\"6b0225db\" data-element_type=\"column\" data-e-type=\"column\">\n\t\t\t<div class=\"elementor-widget-wrap elementor-element-populated\">\n\t\t\t\t\t\t<div class=\"elementor-element elementor-element-5d7bdd24 elementor-invisible elementor-widget elementor-widget-image\" data-id=\"5d7bdd24\" data-element_type=\"widget\" data-e-type=\"widget\" data-settings=\"{&quot;_animation&quot;:&quot;fadeInRight&quot;}\" data-widget_type=\"image.default\">\n\t\t\t\t<div class=\"elementor-widget-container\">\n\t\t\t\t\t\t\t\t\t\t\t\t\t\t\t\t<a href=\"\" a=\"\">\n\t\t\t\t\t\t\t<img fetchpriority=\"high\" decoding=\"async\" width=\"660\" height=\"422\" src=\"https:\/\/fondationmagos.com\/es\/wp-content\/uploads\/2022\/05\/gallery_picture-a3acb3c4-1e2a-457f-b167-dbcd00d0f52c.jpg\" class=\"attachment-full size-full wp-image-15728\" alt=\"\" srcset=\"https:\/\/fondationmagos.com\/es\/wp-content\/uploads\/2022\/05\/gallery_picture-a3acb3c4-1e2a-457f-b167-dbcd00d0f52c.jpg 660w, https:\/\/fondationmagos.com\/es\/wp-content\/uploads\/2022\/05\/gallery_picture-a3acb3c4-1e2a-457f-b167-dbcd00d0f52c-300x192.jpg 300w\" sizes=\"(max-width: 660px) 100vw, 660px\" \/>\t\t\t\t\t\t\t\t<\/a>\n\t\t\t\t\t\t\t\t\t\t\t\t\t\t\t<\/div>\n\t\t\t\t<\/div>\n\t\t\t\t\t<\/div>\n\t\t<\/div>\n\t\t\t\t<div class=\"elementor-column elementor-col-50 elementor-top-column elementor-element elementor-element-27564e29 elementor-invisible\" data-id=\"27564e29\" data-element_type=\"column\" data-e-type=\"column\" data-settings=\"{&quot;animation&quot;:&quot;zoomIn&quot;}\">\n\t\t\t<div class=\"elementor-widget-wrap elementor-element-populated\">\n\t\t\t\t\t\t<div class=\"elementor-element elementor-element-7ac78dc elementor-widget elementor-widget-heading\" data-id=\"7ac78dc\" data-element_type=\"widget\" data-e-type=\"widget\" data-widget_type=\"heading.default\">\n\t\t\t\t<div class=\"elementor-widget-container\">\n\t\t\t\t\t<h2 class=\"elementor-heading-title elementor-size-default\">Edici\u00f3n conmemorativa del aniversario 600 de la creaci\u00f3n del Atlas Catal\u00e1n (1375-1975). Una reina est\u00e1 representada en Jaffna.<\/h2>\t\t\t\t<\/div>\n\t\t\t\t<\/div>\n\t\t\t\t<div class=\"elementor-element elementor-element-11dcce71 elementor-widget elementor-widget-heading\" data-id=\"11dcce71\" data-element_type=\"widget\" data-e-type=\"widget\" data-widget_type=\"heading.default\">\n\t\t\t\t<div class=\"elementor-widget-container\">\n\t\t\t\t\t<h2 class=\"elementor-heading-title elementor-size-default\">N\u00famero 549 de 1000 ejemplares. Pr\u00f3logo de Josep Porter, poema de Salvador Espiru <br>(Espa\u00f1a, s. XX)<br>\nColecci\u00f3n Fundaci\u00f3n Magos\n\n<\/h2>\t\t\t\t<\/div>\n\t\t\t\t<\/div>\n\t\t\t\t<div class=\"elementor-element elementor-element-a402094 elementor-widget elementor-widget-heading\" data-id=\"a402094\" data-element_type=\"widget\" data-e-type=\"widget\" data-widget_type=\"heading.default\">\n\t\t\t\t<div class=\"elementor-widget-container\">\n\t\t\t\t\t<h2 class=\"elementor-heading-title elementor-size-default\">MARIGNOLLI TOMA SUS FUENTES DE LA REINA DE JAFFNA, DESCENDIENTE DE LA MISMA SUPUESTA CASTA QUE EL MAGO GASPAR.<\/h2>\t\t\t\t<\/div>\n\t\t\t\t<\/div>\n\t\t\t\t<div class=\"elementor-element elementor-element-76b803cb elementor-widget elementor-widget-text-editor\" data-id=\"76b803cb\" data-element_type=\"widget\" data-e-type=\"widget\" data-widget_type=\"text-editor.default\">\n\t\t\t\t<div class=\"elementor-widget-container\">\n\t\t\t\t\t\t\t\t\tMarignolli lleg\u00f3 a Sri Lanka entre 1330 y 1350 y escribi\u00f3 sobre las costumbres del pa\u00eds. Seg\u00fan \u00e9l, el norte del pa\u00eds estaba gobernado por una reina que le conced\u00eda muchas audiencias y le hac\u00eda suntuosos regalos. Dice que el oro, la plata y las perlas que posee no tienen igual en el mundo. La Reina pose\u00eda elefantes y Marignolli dice que viajaba con uno de ellos. El historiador Ibn Battuta, que visit\u00f3 Jaffna en 1344, describe la riqueza que vio en este reino. En el siglo XIV, Jaffna era todav\u00eda un reino tamil. La reina de Sri Lanka pertenece al linaje de los &#8220;Velir&#8221;, descendientes de los reyes pandyanos, de los que se dice que procede el mago Gaspar.\t\t\t\t\t\t\t\t<\/div>\n\t\t\t\t<\/div>\n\t\t\t\t\t<\/div>\n\t\t<\/div>\n\t\t\t\t\t<\/div>\n\t\t<\/section>\n\t\t\t\t<\/div>\n\t\t","protected":false},"excerpt":{"rendered":"<p>Volver<\/p>\n","protected":false},"author":1,"featured_media":0,"parent":0,"menu_order":0,"comment_status":"closed","ping_status":"closed","template":"elementor_header_footer","meta":{"footnotes":""},"class_list":["post-11678","page","type-page","status-publish"],"_links":{"self":[{"href":"https:\/\/fondationmagos.com\/es\/wp-json\/wp\/v2\/pages\/11678","targetHints":{"allow":["GET"]}}],"collection":[{"href":"https:\/\/fondationmagos.com\/es\/wp-json\/wp\/v2\/pages"}],"about":[{"href":"https:\/\/fondationmagos.com\/es\/wp-json\/wp\/v2\/types\/page"}],"author":[{"embeddable":true,"href":"https:\/\/fondationmagos.com\/es\/wp-json\/wp\/v2\/users\/1"}],"replies":[{"embeddable":true,"href":"https:\/\/fondationmagos.com\/es\/wp-json\/wp\/v2\/comments?post=11678"}],"version-history":[{"count":25,"href":"https:\/\/fondationmagos.com\/es\/wp-json\/wp\/v2\/pages\/11678\/revisions"}],"predecessor-version":[{"id":16816,"href":"https:\/\/fondationmagos.com\/es\/wp-json\/wp\/v2\/pages\/11678\/revisions\/16816"}],"wp:attachment":[{"href":"https:\/\/fondationmagos.com\/es\/wp-json\/wp\/v2\/media?parent=11678"}],"curies":[{"name":"wp","href":"https:\/\/api.w.org\/{rel}","templated":true}]}}