{"id":11690,"date":"2022-05-13T08:31:05","date_gmt":"2022-05-13T08:31:05","guid":{"rendered":"http:\/\/fondationmagos.com\/es\/?page_id=11690"},"modified":"2022-07-07T22:04:39","modified_gmt":"2022-07-07T22:04:39","slug":"livre-india-in-1500-ad-the-narratives-of-joseph-the-indian","status":"publish","type":"page","link":"https:\/\/fondationmagos.com\/es\/livre-india-in-1500-ad-the-narratives-of-joseph-the-indian\/","title":{"rendered":"Livre \u00ab India in 1500 AD: The Narratives of Joseph the Indian \u00bb,"},"content":{"rendered":"\t\t<div data-elementor-type=\"wp-page\" data-elementor-id=\"11690\" class=\"elementor elementor-11690\">\n\t\t\t\t\t\t<section class=\"elementor-section elementor-top-section elementor-element elementor-element-539f3cfd elementor-section-boxed elementor-section-height-default elementor-section-height-default\" data-id=\"539f3cfd\" data-element_type=\"section\" data-e-type=\"section\">\n\t\t\t\t\t\t<div class=\"elementor-container elementor-column-gap-default\">\n\t\t\t\t\t<div class=\"elementor-column elementor-col-100 elementor-top-column elementor-element elementor-element-1c174ece\" data-id=\"1c174ece\" data-element_type=\"column\" data-e-type=\"column\">\n\t\t\t<div class=\"elementor-widget-wrap elementor-element-populated\">\n\t\t\t\t\t\t<div class=\"elementor-element elementor-element-5c7528e8 elementor-widget__width-initial elementor-absolute elementor-invisible elementor-widget elementor-widget-html\" data-id=\"5c7528e8\" data-element_type=\"widget\" data-e-type=\"widget\" data-settings=\"{&quot;_position&quot;:&quot;absolute&quot;,&quot;_animation_mobile&quot;:&quot;slideInRight&quot;,&quot;_animation&quot;:&quot;slideInRight&quot;}\" data-widget_type=\"html.default\">\n\t\t\t\t<div class=\"elementor-widget-container\">\n\t\t\t\t\t<a href=\"javascript:window.close();\">Volver<<\/a>\t\t\t\t<\/div>\n\t\t\t\t<\/div>\n\t\t\t\t\t<\/div>\n\t\t<\/div>\n\t\t\t\t\t<\/div>\n\t\t<\/section>\n\t\t\t\t<section class=\"elementor-section elementor-top-section elementor-element elementor-element-17110fb1 elementor-section-boxed elementor-section-height-default elementor-section-height-default\" data-id=\"17110fb1\" data-element_type=\"section\" data-e-type=\"section\" data-settings=\"{&quot;background_background&quot;:&quot;classic&quot;,&quot;animation&quot;:&quot;none&quot;,&quot;shape_divider_top&quot;:&quot;opacity-tilt&quot;,&quot;animation_mobile&quot;:&quot;zoomIn&quot;}\">\n\t\t\t\t\t\t\t<div class=\"elementor-background-overlay\"><\/div>\n\t\t\t\t\t\t<div class=\"elementor-shape elementor-shape-top\" aria-hidden=\"true\" data-negative=\"false\">\n\t\t\t<svg xmlns=\"http:\/\/www.w3.org\/2000\/svg\" viewBox=\"0 0 2600 131.1\" preserveAspectRatio=\"none\">\n\t<path class=\"elementor-shape-fill\" d=\"M0 0L2600 0 2600 69.1 0 0z\"\/>\n\t<path class=\"elementor-shape-fill\" style=\"opacity:0.5\" d=\"M0 0L2600 0 2600 69.1 0 69.1z\"\/>\n\t<path class=\"elementor-shape-fill\" style=\"opacity:0.25\" d=\"M2600 0L0 0 0 130.1 2600 69.1z\"\/>\n<\/svg>\t\t<\/div>\n\t\t\t\t\t<div class=\"elementor-container elementor-column-gap-custom\">\n\t\t\t\t\t<div class=\"elementor-column elementor-col-50 elementor-top-column elementor-element elementor-element-6b0225db\" data-id=\"6b0225db\" data-element_type=\"column\" data-e-type=\"column\">\n\t\t\t<div class=\"elementor-widget-wrap elementor-element-populated\">\n\t\t\t\t\t\t<div class=\"elementor-element elementor-element-5d7bdd24 elementor-invisible elementor-widget elementor-widget-image\" data-id=\"5d7bdd24\" data-element_type=\"widget\" data-e-type=\"widget\" data-settings=\"{&quot;_animation&quot;:&quot;fadeInRight&quot;}\" data-widget_type=\"image.default\">\n\t\t\t\t<div class=\"elementor-widget-container\">\n\t\t\t\t\t\t\t\t\t\t\t\t\t\t\t\t<a href=\"\" a=\"\">\n\t\t\t\t\t\t\t<img fetchpriority=\"high\" decoding=\"async\" width=\"708\" height=\"1080\" src=\"https:\/\/fondationmagos.com\/es\/wp-content\/uploads\/2022\/05\/IMG_0421-1.jpg\" class=\"attachment-full size-full wp-image-15620\" alt=\"\" srcset=\"https:\/\/fondationmagos.com\/es\/wp-content\/uploads\/2022\/05\/IMG_0421-1.jpg 708w, https:\/\/fondationmagos.com\/es\/wp-content\/uploads\/2022\/05\/IMG_0421-1-197x300.jpg 197w, https:\/\/fondationmagos.com\/es\/wp-content\/uploads\/2022\/05\/IMG_0421-1-671x1024.jpg 671w\" sizes=\"(max-width: 708px) 100vw, 708px\" \/>\t\t\t\t\t\t\t\t<\/a>\n\t\t\t\t\t\t\t\t\t\t\t\t\t\t\t<\/div>\n\t\t\t\t<\/div>\n\t\t\t\t\t<\/div>\n\t\t<\/div>\n\t\t\t\t<div class=\"elementor-column elementor-col-50 elementor-top-column elementor-element elementor-element-27564e29 elementor-invisible\" data-id=\"27564e29\" data-element_type=\"column\" data-e-type=\"column\" data-settings=\"{&quot;animation&quot;:&quot;zoomIn&quot;}\">\n\t\t\t<div class=\"elementor-widget-wrap elementor-element-populated\">\n\t\t\t\t\t\t<div class=\"elementor-element elementor-element-7ac78dc elementor-widget elementor-widget-heading\" data-id=\"7ac78dc\" data-element_type=\"widget\" data-e-type=\"widget\" data-widget_type=\"heading.default\">\n\t\t\t\t<div class=\"elementor-widget-container\">\n\t\t\t\t\t<h2 class=\"elementor-heading-title elementor-size-default\">Libro <br>\"La India en el a\u00f1o 1500 d.C.:<br> Los relatos de Jos\u00e9 el Indio\", <\/h2>\t\t\t\t<\/div>\n\t\t\t\t<\/div>\n\t\t\t\t<div class=\"elementor-element elementor-element-11dcce71 elementor-widget elementor-widget-heading\" data-id=\"11dcce71\" data-element_type=\"widget\" data-e-type=\"widget\" data-widget_type=\"heading.default\">\n\t\t\t\t<div class=\"elementor-widget-container\">\n\t\t\t\t\t<h2 class=\"elementor-heading-title elementor-size-default\">por Antony Vallavanthara y A. M. Mundadan. Publicado por Gorgias Press en 2001 \n(Estados Unidos, s. XXI) Colecci\u00f3n Fundaci\u00f3n Magos\n\n<\/h2>\t\t\t\t<\/div>\n\t\t\t\t<\/div>\n\t\t\t\t<div class=\"elementor-element elementor-element-a402094 elementor-widget elementor-widget-heading\" data-id=\"a402094\" data-element_type=\"widget\" data-e-type=\"widget\" data-widget_type=\"heading.default\">\n\t\t\t\t<div class=\"elementor-widget-container\">\n\t\t\t\t\t<h2 class=\"elementor-heading-title elementor-size-default\">LA HISTORIA DE JOS\u00c9 EL INDIO DE CRANGANORE (s. XVI) SER\u00c1 UNA FUENTE PARA MUCHOS HISTORIADORES<\/h2>\t\t\t\t<\/div>\n\t\t\t\t<\/div>\n\t\t\t\t<div class=\"elementor-element elementor-element-76b803cb elementor-widget elementor-widget-text-editor\" data-id=\"76b803cb\" data-element_type=\"widget\" data-e-type=\"widget\" data-widget_type=\"text-editor.default\">\n\t\t\t\t<div class=\"elementor-widget-container\">\n\t\t\t\t\t\t\t\t\tJos\u00e9 el Indio es un sacerdote de Malabar que dej\u00f3 su huella en la historia del cristianismo medieval. Los documentos de la biblioteca del Vaticano muestran que los cristianos de la India enviaron a tres hombres, Jos\u00e9 y otros dos, a ver al Papa, para ser consagrados obispos. En 1500, el rey de Portugal envi\u00f3 una flota de 12 barcos a Malabar. El 10 de enero de 1501, el sacerdote Jos\u00e9 se embarc\u00f3 en la nave del almirante portugu\u00e9s Pedro \u00c1lvarez Cabral para ir a Lisboa desde la India. Desde Lisboa, Jos\u00e9 fue a Roma en enero de 1502 con la ayuda del rey de Portugal, donde tuvo una audiencia con el papa Alejandro VI. El papado public\u00f3 un libro en 1506, \u201cLos viajes de Jos\u00e9 el Indio\u201d. \t\t\t\t\t\t\t\t<\/div>\n\t\t\t\t<\/div>\n\t\t\t\t\t<\/div>\n\t\t<\/div>\n\t\t\t\t\t<\/div>\n\t\t<\/section>\n\t\t\t\t<\/div>\n\t\t","protected":false},"excerpt":{"rendered":"<p>Volver<\/p>\n","protected":false},"author":1,"featured_media":0,"parent":0,"menu_order":0,"comment_status":"closed","ping_status":"closed","template":"elementor_header_footer","meta":{"footnotes":""},"class_list":["post-11690","page","type-page","status-publish"],"_links":{"self":[{"href":"https:\/\/fondationmagos.com\/es\/wp-json\/wp\/v2\/pages\/11690","targetHints":{"allow":["GET"]}}],"collection":[{"href":"https:\/\/fondationmagos.com\/es\/wp-json\/wp\/v2\/pages"}],"about":[{"href":"https:\/\/fondationmagos.com\/es\/wp-json\/wp\/v2\/types\/page"}],"author":[{"embeddable":true,"href":"https:\/\/fondationmagos.com\/es\/wp-json\/wp\/v2\/users\/1"}],"replies":[{"embeddable":true,"href":"https:\/\/fondationmagos.com\/es\/wp-json\/wp\/v2\/comments?post=11690"}],"version-history":[{"count":22,"href":"https:\/\/fondationmagos.com\/es\/wp-json\/wp\/v2\/pages\/11690\/revisions"}],"predecessor-version":[{"id":16813,"href":"https:\/\/fondationmagos.com\/es\/wp-json\/wp\/v2\/pages\/11690\/revisions\/16813"}],"wp:attachment":[{"href":"https:\/\/fondationmagos.com\/es\/wp-json\/wp\/v2\/media?parent=11690"}],"curies":[{"name":"wp","href":"https:\/\/api.w.org\/{rel}","templated":true}]}}