{"id":11910,"date":"2022-05-13T11:58:31","date_gmt":"2022-05-13T11:58:31","guid":{"rendered":"http:\/\/fondationmagos.com\/es\/?page_id=11910"},"modified":"2022-07-07T23:01:03","modified_gmt":"2022-07-07T23:01:03","slug":"saphir-bleu-de-ceylan","status":"publish","type":"page","link":"https:\/\/fondationmagos.com\/es\/saphir-bleu-de-ceylan\/","title":{"rendered":"Saphir bleu de Ceylan"},"content":{"rendered":"\t\t<div data-elementor-type=\"wp-page\" data-elementor-id=\"11910\" class=\"elementor elementor-11910\">\n\t\t\t\t\t\t<section class=\"elementor-section elementor-top-section elementor-element elementor-element-539f3cfd elementor-section-boxed elementor-section-height-default elementor-section-height-default\" data-id=\"539f3cfd\" data-element_type=\"section\" data-e-type=\"section\">\n\t\t\t\t\t\t<div class=\"elementor-container elementor-column-gap-default\">\n\t\t\t\t\t<div class=\"elementor-column elementor-col-100 elementor-top-column elementor-element elementor-element-1c174ece\" data-id=\"1c174ece\" data-element_type=\"column\" data-e-type=\"column\">\n\t\t\t<div class=\"elementor-widget-wrap elementor-element-populated\">\n\t\t\t\t\t\t<div class=\"elementor-element elementor-element-5c7528e8 elementor-widget__width-initial elementor-absolute elementor-invisible elementor-widget elementor-widget-html\" data-id=\"5c7528e8\" data-element_type=\"widget\" data-e-type=\"widget\" data-settings=\"{&quot;_position&quot;:&quot;absolute&quot;,&quot;_animation_mobile&quot;:&quot;slideInRight&quot;,&quot;_animation&quot;:&quot;slideInRight&quot;}\" data-widget_type=\"html.default\">\n\t\t\t\t<div class=\"elementor-widget-container\">\n\t\t\t\t\t<a href=\"javascript:window.close();\">Volver<<\/a>\t\t\t\t<\/div>\n\t\t\t\t<\/div>\n\t\t\t\t\t<\/div>\n\t\t<\/div>\n\t\t\t\t\t<\/div>\n\t\t<\/section>\n\t\t\t\t<section class=\"elementor-section elementor-top-section elementor-element elementor-element-17110fb1 elementor-section-boxed elementor-section-height-default elementor-section-height-default\" data-id=\"17110fb1\" data-element_type=\"section\" data-e-type=\"section\" data-settings=\"{&quot;background_background&quot;:&quot;classic&quot;,&quot;animation&quot;:&quot;none&quot;,&quot;shape_divider_top&quot;:&quot;opacity-tilt&quot;,&quot;animation_mobile&quot;:&quot;zoomIn&quot;}\">\n\t\t\t\t\t\t\t<div class=\"elementor-background-overlay\"><\/div>\n\t\t\t\t\t\t<div class=\"elementor-shape elementor-shape-top\" aria-hidden=\"true\" data-negative=\"false\">\n\t\t\t<svg xmlns=\"http:\/\/www.w3.org\/2000\/svg\" viewBox=\"0 0 2600 131.1\" preserveAspectRatio=\"none\">\n\t<path class=\"elementor-shape-fill\" d=\"M0 0L2600 0 2600 69.1 0 0z\"\/>\n\t<path class=\"elementor-shape-fill\" style=\"opacity:0.5\" d=\"M0 0L2600 0 2600 69.1 0 69.1z\"\/>\n\t<path class=\"elementor-shape-fill\" style=\"opacity:0.25\" d=\"M2600 0L0 0 0 130.1 2600 69.1z\"\/>\n<\/svg>\t\t<\/div>\n\t\t\t\t\t<div class=\"elementor-container elementor-column-gap-custom\">\n\t\t\t\t\t<div class=\"elementor-column elementor-col-50 elementor-top-column elementor-element elementor-element-6b0225db\" data-id=\"6b0225db\" data-element_type=\"column\" data-e-type=\"column\">\n\t\t\t<div class=\"elementor-widget-wrap elementor-element-populated\">\n\t\t\t\t\t\t<div class=\"elementor-element elementor-element-5d7bdd24 elementor-invisible elementor-widget elementor-widget-image\" data-id=\"5d7bdd24\" data-element_type=\"widget\" data-e-type=\"widget\" data-settings=\"{&quot;_animation&quot;:&quot;fadeInRight&quot;}\" data-widget_type=\"image.default\">\n\t\t\t\t<div class=\"elementor-widget-container\">\n\t\t\t\t\t\t\t\t\t\t\t\t\t\t\t\t<a href=\"\" a=\"\">\n\t\t\t\t\t\t\t<img fetchpriority=\"high\" decoding=\"async\" width=\"1140\" height=\"985\" src=\"https:\/\/fondationmagos.com\/es\/wp-content\/uploads\/2022\/05\/Blue-Saphire-Bis.jpg\" class=\"attachment-full size-full wp-image-15656\" alt=\"\" srcset=\"https:\/\/fondationmagos.com\/es\/wp-content\/uploads\/2022\/05\/Blue-Saphire-Bis.jpg 1140w, https:\/\/fondationmagos.com\/es\/wp-content\/uploads\/2022\/05\/Blue-Saphire-Bis-300x259.jpg 300w, https:\/\/fondationmagos.com\/es\/wp-content\/uploads\/2022\/05\/Blue-Saphire-Bis-1024x885.jpg 1024w, https:\/\/fondationmagos.com\/es\/wp-content\/uploads\/2022\/05\/Blue-Saphire-Bis-768x664.jpg 768w\" sizes=\"(max-width: 1140px) 100vw, 1140px\" \/>\t\t\t\t\t\t\t\t<\/a>\n\t\t\t\t\t\t\t\t\t\t\t\t\t\t\t<\/div>\n\t\t\t\t<\/div>\n\t\t\t\t\t<\/div>\n\t\t<\/div>\n\t\t\t\t<div class=\"elementor-column elementor-col-50 elementor-top-column elementor-element elementor-element-27564e29 elementor-invisible\" data-id=\"27564e29\" data-element_type=\"column\" data-e-type=\"column\" data-settings=\"{&quot;animation&quot;:&quot;zoomIn&quot;}\">\n\t\t\t<div class=\"elementor-widget-wrap elementor-element-populated\">\n\t\t\t\t\t\t<div class=\"elementor-element elementor-element-7ac78dc elementor-widget elementor-widget-heading\" data-id=\"7ac78dc\" data-element_type=\"widget\" data-e-type=\"widget\" data-widget_type=\"heading.default\">\n\t\t\t\t<div class=\"elementor-widget-container\">\n\t\t\t\t\t<h2 class=\"elementor-heading-title elementor-size-default\">Zafiro azul de Ceil\u00e1n <\/h2>\t\t\t\t<\/div>\n\t\t\t\t<\/div>\n\t\t\t\t<div class=\"elementor-element elementor-element-11dcce71 elementor-widget elementor-widget-heading\" data-id=\"11dcce71\" data-element_type=\"widget\" data-e-type=\"widget\" data-widget_type=\"heading.default\">\n\t\t\t\t<div class=\"elementor-widget-container\">\n\t\t\t\t\t<h2 class=\"elementor-heading-title elementor-size-default\">(Sri Lanka, s. XXI) <br>Colecci\u00f3n Fundaci\u00f3n Magos\n\n\n\n<\/h2>\t\t\t\t<\/div>\n\t\t\t\t<\/div>\n\t\t\t\t<div class=\"elementor-element elementor-element-a402094 elementor-widget elementor-widget-heading\" data-id=\"a402094\" data-element_type=\"widget\" data-e-type=\"widget\" data-widget_type=\"heading.default\">\n\t\t\t\t<div class=\"elementor-widget-container\">\n\t\t\t\t\t<h2 class=\"elementor-heading-title elementor-size-default\">LOS REGALOS QUE SE LLEVA EL MAGO DE LAS INDIAS<\/h2>\t\t\t\t<\/div>\n\t\t\t\t<\/div>\n\t\t\t\t<div class=\"elementor-element elementor-element-76b803cb elementor-widget elementor-widget-text-editor\" data-id=\"76b803cb\" data-element_type=\"widget\" data-e-type=\"widget\" data-widget_type=\"text-editor.default\">\n\t\t\t\t<div class=\"elementor-widget-container\">\n\t\t\t\t\t\t\t\t\tLas principales exportaciones de los antiguos reinos tamiles, especialmente desde el puerto de Cranganore, eran, seg\u00fan un manuscrito del siglo I en el que se describen las rutas mar\u00edtimas de la antig\u00fcedad, llamado &#8220;Viaje al Mar Rojo&#8221; o &#8220;Viaje al Mar de Eritrea&#8221;: pimienta, canela, perlas, marfil, seda, nardo, diamantes, zafiros y caparaz\u00f3n de tortuga. El Evangelio Armenio de la Infancia, que data del siglo V, da detalles de los regalos que tra\u00eda el Mago de la India: &#8220;Ofrece oro, plata, piedras preciosas, zafiros de gran precio, perlas finas&#8221;.\t\t\t\t\t\t\t\t<\/div>\n\t\t\t\t<\/div>\n\t\t\t\t\t<\/div>\n\t\t<\/div>\n\t\t\t\t\t<\/div>\n\t\t<\/section>\n\t\t\t\t<\/div>\n\t\t","protected":false},"excerpt":{"rendered":"<p>Volver<\/p>\n","protected":false},"author":1,"featured_media":0,"parent":0,"menu_order":0,"comment_status":"closed","ping_status":"closed","template":"elementor_header_footer","meta":{"footnotes":""},"class_list":["post-11910","page","type-page","status-publish"],"_links":{"self":[{"href":"https:\/\/fondationmagos.com\/es\/wp-json\/wp\/v2\/pages\/11910","targetHints":{"allow":["GET"]}}],"collection":[{"href":"https:\/\/fondationmagos.com\/es\/wp-json\/wp\/v2\/pages"}],"about":[{"href":"https:\/\/fondationmagos.com\/es\/wp-json\/wp\/v2\/types\/page"}],"author":[{"embeddable":true,"href":"https:\/\/fondationmagos.com\/es\/wp-json\/wp\/v2\/users\/1"}],"replies":[{"embeddable":true,"href":"https:\/\/fondationmagos.com\/es\/wp-json\/wp\/v2\/comments?post=11910"}],"version-history":[{"count":11,"href":"https:\/\/fondationmagos.com\/es\/wp-json\/wp\/v2\/pages\/11910\/revisions"}],"predecessor-version":[{"id":16927,"href":"https:\/\/fondationmagos.com\/es\/wp-json\/wp\/v2\/pages\/11910\/revisions\/16927"}],"wp:attachment":[{"href":"https:\/\/fondationmagos.com\/es\/wp-json\/wp\/v2\/media?parent=11910"}],"curies":[{"name":"wp","href":"https:\/\/api.w.org\/{rel}","templated":true}]}}