{"id":12092,"date":"2022-05-14T10:04:01","date_gmt":"2022-05-14T10:04:01","guid":{"rendered":"http:\/\/fondationmagos.com\/es\/?page_id=12092"},"modified":"2022-07-08T11:43:55","modified_gmt":"2022-07-08T11:43:55","slug":"edition-commemorative-du-600eme-anniversaire-de-la-creation-de-latlas-catalan-1375-1975","status":"publish","type":"page","link":"https:\/\/fondationmagos.com\/es\/edition-commemorative-du-600eme-anniversaire-de-la-creation-de-latlas-catalan-1375-1975\/","title":{"rendered":"\u00c9dition comm\u00e9morative du 600\u00e8me anniversaire de la cr\u00e9ation de l\u2019Atlas Catalan (1375-1975)."},"content":{"rendered":"\t\t<div data-elementor-type=\"wp-page\" data-elementor-id=\"12092\" class=\"elementor elementor-12092\">\n\t\t\t\t\t\t<section class=\"elementor-section elementor-top-section elementor-element elementor-element-539f3cfd elementor-section-boxed elementor-section-height-default elementor-section-height-default\" data-id=\"539f3cfd\" data-element_type=\"section\" data-e-type=\"section\">\n\t\t\t\t\t\t<div class=\"elementor-container elementor-column-gap-default\">\n\t\t\t\t\t<div class=\"elementor-column elementor-col-100 elementor-top-column elementor-element elementor-element-1c174ece\" data-id=\"1c174ece\" data-element_type=\"column\" data-e-type=\"column\">\n\t\t\t<div class=\"elementor-widget-wrap elementor-element-populated\">\n\t\t\t\t\t\t<div class=\"elementor-element elementor-element-5c7528e8 elementor-widget__width-initial elementor-absolute elementor-invisible elementor-widget elementor-widget-html\" data-id=\"5c7528e8\" data-element_type=\"widget\" data-e-type=\"widget\" data-settings=\"{&quot;_position&quot;:&quot;absolute&quot;,&quot;_animation_mobile&quot;:&quot;slideInRight&quot;,&quot;_animation&quot;:&quot;slideInRight&quot;}\" data-widget_type=\"html.default\">\n\t\t\t\t<div class=\"elementor-widget-container\">\n\t\t\t\t\t<a href=\"javascript:window.close();\">Volver<<\/a>\t\t\t\t<\/div>\n\t\t\t\t<\/div>\n\t\t\t\t\t<\/div>\n\t\t<\/div>\n\t\t\t\t\t<\/div>\n\t\t<\/section>\n\t\t\t\t<section class=\"elementor-section elementor-top-section elementor-element elementor-element-17110fb1 elementor-section-boxed elementor-section-height-default elementor-section-height-default\" data-id=\"17110fb1\" data-element_type=\"section\" data-e-type=\"section\" data-settings=\"{&quot;background_background&quot;:&quot;classic&quot;,&quot;animation&quot;:&quot;none&quot;,&quot;shape_divider_top&quot;:&quot;opacity-tilt&quot;,&quot;animation_mobile&quot;:&quot;zoomIn&quot;}\">\n\t\t\t\t\t\t\t<div class=\"elementor-background-overlay\"><\/div>\n\t\t\t\t\t\t<div class=\"elementor-shape elementor-shape-top\" aria-hidden=\"true\" data-negative=\"false\">\n\t\t\t<svg xmlns=\"http:\/\/www.w3.org\/2000\/svg\" viewBox=\"0 0 2600 131.1\" preserveAspectRatio=\"none\">\n\t<path class=\"elementor-shape-fill\" d=\"M0 0L2600 0 2600 69.1 0 0z\"\/>\n\t<path class=\"elementor-shape-fill\" style=\"opacity:0.5\" d=\"M0 0L2600 0 2600 69.1 0 69.1z\"\/>\n\t<path class=\"elementor-shape-fill\" style=\"opacity:0.25\" d=\"M2600 0L0 0 0 130.1 2600 69.1z\"\/>\n<\/svg>\t\t<\/div>\n\t\t\t\t\t<div class=\"elementor-container elementor-column-gap-custom\">\n\t\t\t\t\t<div class=\"elementor-column elementor-col-100 elementor-top-column elementor-element elementor-element-6b0225db\" data-id=\"6b0225db\" data-element_type=\"column\" data-e-type=\"column\">\n\t\t\t<div class=\"elementor-widget-wrap elementor-element-populated\">\n\t\t\t\t\t\t<div class=\"elementor-element elementor-element-5d7bdd24 elementor-invisible elementor-widget elementor-widget-image\" data-id=\"5d7bdd24\" data-element_type=\"widget\" data-e-type=\"widget\" data-settings=\"{&quot;_animation&quot;:&quot;fadeInRight&quot;}\" data-widget_type=\"image.default\">\n\t\t\t\t<div class=\"elementor-widget-container\">\n\t\t\t\t\t\t\t\t\t\t\t\t\t\t\t\t<a href=\"\" a=\"\">\n\t\t\t\t\t\t\t<img fetchpriority=\"high\" decoding=\"async\" width=\"1173\" height=\"485\" src=\"https:\/\/fondationmagos.com\/es\/wp-content\/uploads\/2022\/05\/1375.Cresques.16.jpg\" class=\"attachment-full size-full wp-image-14730\" alt=\"\" srcset=\"https:\/\/fondationmagos.com\/es\/wp-content\/uploads\/2022\/05\/1375.Cresques.16.jpg 1173w, https:\/\/fondationmagos.com\/es\/wp-content\/uploads\/2022\/05\/1375.Cresques.16-300x124.jpg 300w, https:\/\/fondationmagos.com\/es\/wp-content\/uploads\/2022\/05\/1375.Cresques.16-1024x423.jpg 1024w, https:\/\/fondationmagos.com\/es\/wp-content\/uploads\/2022\/05\/1375.Cresques.16-768x318.jpg 768w\" sizes=\"(max-width: 1173px) 100vw, 1173px\" \/>\t\t\t\t\t\t\t\t<\/a>\n\t\t\t\t\t\t\t\t\t\t\t\t\t\t\t<\/div>\n\t\t\t\t<\/div>\n\t\t\t\t<div class=\"elementor-element elementor-element-7ac78dc elementor-widget elementor-widget-heading\" data-id=\"7ac78dc\" data-element_type=\"widget\" data-e-type=\"widget\" data-widget_type=\"heading.default\">\n\t\t\t\t<div class=\"elementor-widget-container\">\n\t\t\t\t\t<h2 class=\"elementor-heading-title elementor-size-default\">Edici\u00f3n conmemorativa <br>del aniversario 600<br> de la creaci\u00f3n <br>del Atlas Catal\u00e1n (1375-1975). <\/h2>\t\t\t\t<\/div>\n\t\t\t\t<\/div>\n\t\t\t\t<div class=\"elementor-element elementor-element-11dcce71 elementor-widget elementor-widget-heading\" data-id=\"11dcce71\" data-element_type=\"widget\" data-e-type=\"widget\" data-widget_type=\"heading.default\">\n\t\t\t\t<div class=\"elementor-widget-container\">\n\t\t\t\t\t<h2 class=\"elementor-heading-title elementor-size-default\">N\u00famero 549 de 1000 ejemplares. Pr\u00f3logo de Josep Porter, poema de Salvador Espiru <br>(Espa\u00f1a, s. XX)<br>\nColecci\u00f3n Fundaci\u00f3n Magos\n\n\n\n\n\n<\/h2>\t\t\t\t<\/div>\n\t\t\t\t<\/div>\n\t\t\t\t<div class=\"elementor-element elementor-element-082842e elementor-widget elementor-widget-text-editor\" data-id=\"082842e\" data-element_type=\"widget\" data-e-type=\"widget\" data-widget_type=\"text-editor.default\">\n\t\t\t\t<div class=\"elementor-widget-container\">\n\t\t\t\t\t\t\t\t\tEste atlas es la primera representaci\u00f3n conocida del mundo en su conjunto, atribuida a Abraham Cresques, un cart\u00f3grafo jud\u00edo mallorqu\u00edn de Palma. Sobre la representaci\u00f3n de los Reyes Magos, la leyenda dice: &#8220;Aquesta provincia \u00e9s appellada T\u00e0rsia de la qual aixiren los .III. reys fort savis&#8221; traducido como: Tarsia, de donde salieron los tres reyes magos. Delante de los tres reyes magos est\u00e1 escrito: TARSSIA. \t\t\t\t\t\t\t\t<\/div>\n\t\t\t\t<\/div>\n\t\t\t\t<div class=\"elementor-element elementor-element-843a638 elementor-widget elementor-widget-heading\" data-id=\"843a638\" data-element_type=\"widget\" data-e-type=\"widget\" data-widget_type=\"heading.default\">\n\t\t\t\t<div class=\"elementor-widget-container\">\n\t\t\t\t\t<h2 class=\"elementor-heading-title elementor-size-default\">LA THARSIS DE LA BIBLIA <br>SITUADA EN ANDALUCIA\n<\/h2>\t\t\t\t<\/div>\n\t\t\t\t<\/div>\n\t\t\t\t<div class=\"elementor-element elementor-element-76b803cb elementor-widget elementor-widget-text-editor\" data-id=\"76b803cb\" data-element_type=\"widget\" data-e-type=\"widget\" data-widget_type=\"text-editor.default\">\n\t\t\t\t<div class=\"elementor-widget-container\">\n\t\t\t\t\t\t\t\t\tTharsis, mencionada 23 veces en el Antiguo Testamento, se identifica con el antiguo reino de Tartessos, en el suroeste de Espa\u00f1a, en Andaluc\u00eda, que deb\u00eda su gran riqueza a sus minerales. El \u00faltimo en situar a Tharsis en la Pen\u00ednsula Ib\u00e9rica ha sido el Papa Francisco en un discurso en el Congreso Internacional de Catequistas (27 de septiembre de 2013) refiri\u00e9ndose al pasaje de la Biblia donde &#8220;Jon\u00e1s se levant\u00f3 para huir a Tharsis&#8221;. La interpretaci\u00f3n del Papa es &#8220;Jon\u00e1s escapa, va a Espa\u00f1a y se embarca en un barco que va hacia all\u00e1&#8221;. \n\nDesde la antig\u00fcedad, pasando por el imperio Romano, escritores como Salustio (siglo I) o Pausanias (siglo II) asocian Tharsis con Andaluc\u00eda. &#8220;El propio H\u00e9rcules situ\u00f3 Tartessos en la pen\u00ednsula ib\u00e9rica&#8221;, dice Flavio Arriano (siglo II). Tanto para Valerio M\u00e1ximo (s. I) como para Lilius Italicus (s. I) el puerto de Tartessos desde el que gobernaban los reyes era C\u00e1diz, tambi\u00e9n llamado Tharsis. Para Claudius Claudianus (siglo IV) &#8220;el rey Salom\u00f3n envi\u00f3 su flota a C\u00e1diz, la Tartessos occidental&#8221;.\n\nTodav\u00eda hoy se pueden ver pruebas arqueol\u00f3gicas de la existencia de minas de la \u00e9poca del rey Salom\u00f3n en el Cerro Colorado (Huelva), conocido como &#8220;Cerro Salom\u00f3n&#8221;, y en el Cabezo Jur\u00e9 en Alosno (Huelva). Algunos de los lugares de producci\u00f3n han sido datados por el Departamento de Prehistoria de la Universidad de Huelva, utilizando el carbono 14, en el a\u00f1o 3200 a.C. Estas minas estuvieron activas hasta finales del siglo XIX y se llamaban &#8220;Minas de Tharsis&#8221;. \n\t\t\t\t\t\t\t\t<\/div>\n\t\t\t\t<\/div>\n\t\t\t\t\t<\/div>\n\t\t<\/div>\n\t\t\t\t\t<\/div>\n\t\t<\/section>\n\t\t\t\t<\/div>\n\t\t","protected":false},"excerpt":{"rendered":"<p>Volver<\/p>\n","protected":false},"author":1,"featured_media":0,"parent":0,"menu_order":0,"comment_status":"closed","ping_status":"closed","template":"elementor_header_footer","meta":{"footnotes":""},"class_list":["post-12092","page","type-page","status-publish"],"_links":{"self":[{"href":"https:\/\/fondationmagos.com\/es\/wp-json\/wp\/v2\/pages\/12092","targetHints":{"allow":["GET"]}}],"collection":[{"href":"https:\/\/fondationmagos.com\/es\/wp-json\/wp\/v2\/pages"}],"about":[{"href":"https:\/\/fondationmagos.com\/es\/wp-json\/wp\/v2\/types\/page"}],"author":[{"embeddable":true,"href":"https:\/\/fondationmagos.com\/es\/wp-json\/wp\/v2\/users\/1"}],"replies":[{"embeddable":true,"href":"https:\/\/fondationmagos.com\/es\/wp-json\/wp\/v2\/comments?post=12092"}],"version-history":[{"count":13,"href":"https:\/\/fondationmagos.com\/es\/wp-json\/wp\/v2\/pages\/12092\/revisions"}],"predecessor-version":[{"id":17254,"href":"https:\/\/fondationmagos.com\/es\/wp-json\/wp\/v2\/pages\/12092\/revisions\/17254"}],"wp:attachment":[{"href":"https:\/\/fondationmagos.com\/es\/wp-json\/wp\/v2\/media?parent=12092"}],"curies":[{"name":"wp","href":"https:\/\/api.w.org\/{rel}","templated":true}]}}