{"id":12097,"date":"2022-05-14T10:12:02","date_gmt":"2022-05-14T10:12:02","guid":{"rendered":"http:\/\/fondationmagos.com\/es\/?page_id=12097"},"modified":"2022-07-08T11:40:51","modified_gmt":"2022-07-08T11:40:51","slug":"medaillon-en-plomb","status":"publish","type":"page","link":"https:\/\/fondationmagos.com\/es\/medaillon-en-plomb\/","title":{"rendered":"M\u00e9daillon en plomb \u201cJuba II\u201d, Roi de Mauritanie sous tutelle Romaine, Gouverneur de Cadix, anciennement Tharsis (Maroc, XX\u00e8me s.)"},"content":{"rendered":"\t\t<div data-elementor-type=\"wp-page\" data-elementor-id=\"12097\" class=\"elementor elementor-12097\">\n\t\t\t\t\t\t<section class=\"elementor-section elementor-top-section elementor-element elementor-element-539f3cfd elementor-section-boxed elementor-section-height-default elementor-section-height-default\" data-id=\"539f3cfd\" data-element_type=\"section\" data-e-type=\"section\">\n\t\t\t\t\t\t<div class=\"elementor-container elementor-column-gap-default\">\n\t\t\t\t\t<div class=\"elementor-column elementor-col-100 elementor-top-column elementor-element elementor-element-1c174ece\" data-id=\"1c174ece\" data-element_type=\"column\" data-e-type=\"column\">\n\t\t\t<div class=\"elementor-widget-wrap elementor-element-populated\">\n\t\t\t\t\t\t<div class=\"elementor-element elementor-element-5c7528e8 elementor-widget__width-initial elementor-absolute elementor-invisible elementor-widget elementor-widget-html\" data-id=\"5c7528e8\" data-element_type=\"widget\" data-e-type=\"widget\" data-settings=\"{&quot;_position&quot;:&quot;absolute&quot;,&quot;_animation_mobile&quot;:&quot;slideInRight&quot;,&quot;_animation&quot;:&quot;slideInRight&quot;}\" data-widget_type=\"html.default\">\n\t\t\t\t<div class=\"elementor-widget-container\">\n\t\t\t\t\t<a href=\"javascript:window.close();\">Volver<<\/a>\r\n\t\t\t\t<\/div>\n\t\t\t\t<\/div>\n\t\t\t\t\t<\/div>\n\t\t<\/div>\n\t\t\t\t\t<\/div>\n\t\t<\/section>\n\t\t\t\t<section class=\"elementor-section elementor-top-section elementor-element elementor-element-17110fb1 elementor-section-boxed elementor-section-height-default elementor-section-height-default\" data-id=\"17110fb1\" data-element_type=\"section\" data-e-type=\"section\" data-settings=\"{&quot;background_background&quot;:&quot;classic&quot;,&quot;animation&quot;:&quot;none&quot;,&quot;shape_divider_top&quot;:&quot;opacity-tilt&quot;,&quot;animation_mobile&quot;:&quot;zoomIn&quot;}\">\n\t\t\t\t\t\t\t<div class=\"elementor-background-overlay\"><\/div>\n\t\t\t\t\t\t<div class=\"elementor-shape elementor-shape-top\" aria-hidden=\"true\" data-negative=\"false\">\n\t\t\t<svg xmlns=\"http:\/\/www.w3.org\/2000\/svg\" viewBox=\"0 0 2600 131.1\" preserveAspectRatio=\"none\">\n\t<path class=\"elementor-shape-fill\" d=\"M0 0L2600 0 2600 69.1 0 0z\"\/>\n\t<path class=\"elementor-shape-fill\" style=\"opacity:0.5\" d=\"M0 0L2600 0 2600 69.1 0 69.1z\"\/>\n\t<path class=\"elementor-shape-fill\" style=\"opacity:0.25\" d=\"M2600 0L0 0 0 130.1 2600 69.1z\"\/>\n<\/svg>\t\t<\/div>\n\t\t\t\t\t<div class=\"elementor-container elementor-column-gap-custom\">\n\t\t\t\t\t<div class=\"elementor-column elementor-col-50 elementor-top-column elementor-element elementor-element-6b0225db\" data-id=\"6b0225db\" data-element_type=\"column\" data-e-type=\"column\">\n\t\t\t<div class=\"elementor-widget-wrap elementor-element-populated\">\n\t\t\t\t\t\t<div class=\"elementor-element elementor-element-5d7bdd24 elementor-invisible elementor-widget elementor-widget-image\" data-id=\"5d7bdd24\" data-element_type=\"widget\" data-e-type=\"widget\" data-settings=\"{&quot;_animation&quot;:&quot;fadeInRight&quot;}\" data-widget_type=\"image.default\">\n\t\t\t\t<div class=\"elementor-widget-container\">\n\t\t\t\t\t\t\t\t\t\t\t\t\t\t\t\t<a href=\"\" a=\"\">\n\t\t\t\t\t\t\t<img fetchpriority=\"high\" decoding=\"async\" width=\"628\" height=\"836\" src=\"https:\/\/fondationmagos.com\/es\/wp-content\/uploads\/2022\/05\/09-gigapixel-art-scale-4_00x.jpg\" class=\"attachment-full size-full wp-image-12019\" alt=\"\" srcset=\"https:\/\/fondationmagos.com\/es\/wp-content\/uploads\/2022\/05\/09-gigapixel-art-scale-4_00x.jpg 628w, https:\/\/fondationmagos.com\/es\/wp-content\/uploads\/2022\/05\/09-gigapixel-art-scale-4_00x-225x300.jpg 225w\" sizes=\"(max-width: 628px) 100vw, 628px\" \/>\t\t\t\t\t\t\t\t<\/a>\n\t\t\t\t\t\t\t\t\t\t\t\t\t\t\t<\/div>\n\t\t\t\t<\/div>\n\t\t\t\t\t<\/div>\n\t\t<\/div>\n\t\t\t\t<div class=\"elementor-column elementor-col-50 elementor-top-column elementor-element elementor-element-27564e29 elementor-invisible\" data-id=\"27564e29\" data-element_type=\"column\" data-e-type=\"column\" data-settings=\"{&quot;animation&quot;:&quot;zoomIn&quot;}\">\n\t\t\t<div class=\"elementor-widget-wrap elementor-element-populated\">\n\t\t\t\t\t\t<div class=\"elementor-element elementor-element-7ac78dc elementor-widget elementor-widget-heading\" data-id=\"7ac78dc\" data-element_type=\"widget\" data-e-type=\"widget\" data-widget_type=\"heading.default\">\n\t\t\t\t<div class=\"elementor-widget-container\">\n\t\t\t\t\t<h2 class=\"elementor-heading-title elementor-size-default\">Medall\u00f3n de plomo <br>\"Juba II\", rey de Mauritania <br>bajo dominio romano<br>gobernador de C\u00e1diz, antigua Tharsis <\/h2>\t\t\t\t<\/div>\n\t\t\t\t<\/div>\n\t\t\t\t<div class=\"elementor-element elementor-element-11dcce71 elementor-widget elementor-widget-heading\" data-id=\"11dcce71\" data-element_type=\"widget\" data-e-type=\"widget\" data-widget_type=\"heading.default\">\n\t\t\t\t<div class=\"elementor-widget-container\">\n\t\t\t\t\t<h2 class=\"elementor-heading-title elementor-size-default\">(Marruecos, s. XX)<br>\nColecci\u00f3n Fundaci\u00f3n Magos\n\n\n\n\n\n<\/h2>\t\t\t\t<\/div>\n\t\t\t\t<\/div>\n\t\t\t\t<div class=\"elementor-element elementor-element-843a638 elementor-widget elementor-widget-heading\" data-id=\"843a638\" data-element_type=\"widget\" data-e-type=\"widget\" data-widget_type=\"heading.default\">\n\t\t\t\t<div class=\"elementor-widget-container\">\n\t\t\t\t\t<h2 class=\"elementor-heading-title elementor-size-default\">Para Gaspar y Baltasar, dignatarios de reinos extranjeros, era impensable entrar en el Imperio Romano sin avisar a las m\u00e1s altas autoridades. Ir a C\u00e1diz ten\u00eda una doble ventaja para los magos: obtener de Juba II, rey \"cliente de Roma\", gran conocedor de los pa\u00edses de los magos, un salvoconducto para entrar en Judea, provincia del Imperio Romano, pero tambi\u00e9n cumplir las profec\u00edas del Antiguo Testamento utilizando las naves de C\u00e1diz, antigua Tharsis. \"Las naves de Tharsis tomaron la iniciativa de traer a tus hijos desde lejos, con su plata y su oro, a causa del nombre de Yahv\u00e9, tu Dios, el Santo de Israel, que te ha glorificado\" Isa\u00edas 60 - 6.9.  \n\n<\/h2>\t\t\t\t<\/div>\n\t\t\t\t<\/div>\n\t\t\t\t<div class=\"elementor-element elementor-element-36521c5 elementor-widget elementor-widget-heading\" data-id=\"36521c5\" data-element_type=\"widget\" data-e-type=\"widget\" data-widget_type=\"heading.default\">\n\t\t\t\t<div class=\"elementor-widget-container\">\n\t\t\t\t\t<h2 class=\"elementor-heading-title elementor-size-default\">JUBA II &amp; LES MAGES\n\n\n<\/h2>\t\t\t\t<\/div>\n\t\t\t\t<\/div>\n\t\t\t\t\t<\/div>\n\t\t<\/div>\n\t\t\t\t\t<\/div>\n\t\t<\/section>\n\t\t\t\t<\/div>\n\t\t","protected":false},"excerpt":{"rendered":"<p>Volver<\/p>\n","protected":false},"author":1,"featured_media":0,"parent":0,"menu_order":0,"comment_status":"closed","ping_status":"closed","template":"elementor_header_footer","meta":{"footnotes":""},"class_list":["post-12097","page","type-page","status-publish"],"_links":{"self":[{"href":"https:\/\/fondationmagos.com\/es\/wp-json\/wp\/v2\/pages\/12097","targetHints":{"allow":["GET"]}}],"collection":[{"href":"https:\/\/fondationmagos.com\/es\/wp-json\/wp\/v2\/pages"}],"about":[{"href":"https:\/\/fondationmagos.com\/es\/wp-json\/wp\/v2\/types\/page"}],"author":[{"embeddable":true,"href":"https:\/\/fondationmagos.com\/es\/wp-json\/wp\/v2\/users\/1"}],"replies":[{"embeddable":true,"href":"https:\/\/fondationmagos.com\/es\/wp-json\/wp\/v2\/comments?post=12097"}],"version-history":[{"count":10,"href":"https:\/\/fondationmagos.com\/es\/wp-json\/wp\/v2\/pages\/12097\/revisions"}],"predecessor-version":[{"id":17248,"href":"https:\/\/fondationmagos.com\/es\/wp-json\/wp\/v2\/pages\/12097\/revisions\/17248"}],"wp:attachment":[{"href":"https:\/\/fondationmagos.com\/es\/wp-json\/wp\/v2\/media?parent=12097"}],"curies":[{"name":"wp","href":"https:\/\/api.w.org\/{rel}","templated":true}]}}