{"id":12131,"date":"2022-05-14T10:44:33","date_gmt":"2022-05-14T10:44:33","guid":{"rendered":"http:\/\/fondationmagos.com\/es\/?page_id=12131"},"modified":"2022-07-08T11:49:13","modified_gmt":"2022-07-08T11:49:13","slug":"livre-voyage-du-pere-labat-en-espagne-de-1705-a-1706","status":"publish","type":"page","link":"https:\/\/fondationmagos.com\/es\/livre-voyage-du-pere-labat-en-espagne-de-1705-a-1706\/","title":{"rendered":"LIVRE \u00ab VOYAGE DU P\u00c8RE LABAT EN ESPAGNE \u00bb DE 1705 A 1706."},"content":{"rendered":"\t\t<div data-elementor-type=\"wp-page\" data-elementor-id=\"12131\" class=\"elementor elementor-12131\">\n\t\t\t\t\t\t<section class=\"elementor-section elementor-top-section elementor-element elementor-element-539f3cfd elementor-section-boxed elementor-section-height-default elementor-section-height-default\" data-id=\"539f3cfd\" data-element_type=\"section\" data-e-type=\"section\">\n\t\t\t\t\t\t<div class=\"elementor-container elementor-column-gap-default\">\n\t\t\t\t\t<div class=\"elementor-column elementor-col-100 elementor-top-column elementor-element elementor-element-1c174ece\" data-id=\"1c174ece\" data-element_type=\"column\" data-e-type=\"column\">\n\t\t\t<div class=\"elementor-widget-wrap elementor-element-populated\">\n\t\t\t\t\t\t<div class=\"elementor-element elementor-element-5c7528e8 elementor-widget__width-initial elementor-absolute elementor-invisible elementor-widget elementor-widget-html\" data-id=\"5c7528e8\" data-element_type=\"widget\" data-e-type=\"widget\" data-settings=\"{&quot;_position&quot;:&quot;absolute&quot;,&quot;_animation_mobile&quot;:&quot;slideInRight&quot;,&quot;_animation&quot;:&quot;slideInRight&quot;}\" data-widget_type=\"html.default\">\n\t\t\t\t<div class=\"elementor-widget-container\">\n\t\t\t\t\t<a href=\"javascript:window.close();\">Volver<<\/a>\t\t\t\t<\/div>\n\t\t\t\t<\/div>\n\t\t\t\t\t<\/div>\n\t\t<\/div>\n\t\t\t\t\t<\/div>\n\t\t<\/section>\n\t\t\t\t<section class=\"elementor-section elementor-top-section elementor-element elementor-element-17110fb1 elementor-section-boxed elementor-section-height-default elementor-section-height-default\" data-id=\"17110fb1\" data-element_type=\"section\" data-e-type=\"section\" data-settings=\"{&quot;background_background&quot;:&quot;classic&quot;,&quot;animation&quot;:&quot;none&quot;,&quot;shape_divider_top&quot;:&quot;opacity-tilt&quot;,&quot;animation_mobile&quot;:&quot;zoomIn&quot;}\">\n\t\t\t\t\t\t\t<div class=\"elementor-background-overlay\"><\/div>\n\t\t\t\t\t\t<div class=\"elementor-shape elementor-shape-top\" aria-hidden=\"true\" data-negative=\"false\">\n\t\t\t<svg xmlns=\"http:\/\/www.w3.org\/2000\/svg\" viewBox=\"0 0 2600 131.1\" preserveAspectRatio=\"none\">\n\t<path class=\"elementor-shape-fill\" d=\"M0 0L2600 0 2600 69.1 0 0z\"\/>\n\t<path class=\"elementor-shape-fill\" style=\"opacity:0.5\" d=\"M0 0L2600 0 2600 69.1 0 69.1z\"\/>\n\t<path class=\"elementor-shape-fill\" style=\"opacity:0.25\" d=\"M2600 0L0 0 0 130.1 2600 69.1z\"\/>\n<\/svg>\t\t<\/div>\n\t\t\t\t\t<div class=\"elementor-container elementor-column-gap-custom\">\n\t\t\t\t\t<div class=\"elementor-column elementor-col-100 elementor-top-column elementor-element elementor-element-6b0225db\" data-id=\"6b0225db\" data-element_type=\"column\" data-e-type=\"column\">\n\t\t\t<div class=\"elementor-widget-wrap elementor-element-populated\">\n\t\t\t\t\t\t<div class=\"elementor-element elementor-element-5d7bdd24 elementor-invisible elementor-widget elementor-widget-image\" data-id=\"5d7bdd24\" data-element_type=\"widget\" data-e-type=\"widget\" data-settings=\"{&quot;_animation&quot;:&quot;fadeInRight&quot;}\" data-widget_type=\"image.default\">\n\t\t\t\t<div class=\"elementor-widget-container\">\n\t\t\t\t\t\t\t\t\t\t\t\t\t\t\t\t<a href=\"\" a=\"\">\n\t\t\t\t\t\t\t<img fetchpriority=\"high\" decoding=\"async\" width=\"1458\" height=\"2412\" src=\"https:\/\/fondationmagos.com\/es\/wp-content\/uploads\/2022\/05\/Jean-Baptiste_Labat.jpg\" class=\"attachment-full size-full wp-image-15305\" alt=\"\" srcset=\"https:\/\/fondationmagos.com\/es\/wp-content\/uploads\/2022\/05\/Jean-Baptiste_Labat.jpg 1458w, https:\/\/fondationmagos.com\/es\/wp-content\/uploads\/2022\/05\/Jean-Baptiste_Labat-181x300.jpg 181w, https:\/\/fondationmagos.com\/es\/wp-content\/uploads\/2022\/05\/Jean-Baptiste_Labat-619x1024.jpg 619w, https:\/\/fondationmagos.com\/es\/wp-content\/uploads\/2022\/05\/Jean-Baptiste_Labat-768x1271.jpg 768w, https:\/\/fondationmagos.com\/es\/wp-content\/uploads\/2022\/05\/Jean-Baptiste_Labat-928x1536.jpg 928w, https:\/\/fondationmagos.com\/es\/wp-content\/uploads\/2022\/05\/Jean-Baptiste_Labat-1238x2048.jpg 1238w\" sizes=\"(max-width: 1458px) 100vw, 1458px\" \/>\t\t\t\t\t\t\t\t<\/a>\n\t\t\t\t\t\t\t\t\t\t\t\t\t\t\t<\/div>\n\t\t\t\t<\/div>\n\t\t\t\t<div class=\"elementor-element elementor-element-7ac78dc elementor-widget elementor-widget-heading\" data-id=\"7ac78dc\" data-element_type=\"widget\" data-e-type=\"widget\" data-widget_type=\"heading.default\">\n\t\t\t\t<div class=\"elementor-widget-container\">\n\t\t\t\t\t<h2 class=\"elementor-heading-title elementor-size-default\">LIBRO<br> \"EL VIAJE DEL PADRE LABAT A ESPA\u00d1A\" <br> DE 1705 A 1706<\/h2>\t\t\t\t<\/div>\n\t\t\t\t<\/div>\n\t\t\t\t<div class=\"elementor-element elementor-element-11dcce71 elementor-widget elementor-widget-heading\" data-id=\"11dcce71\" data-element_type=\"widget\" data-e-type=\"widget\" data-widget_type=\"heading.default\">\n\t\t\t\t<div class=\"elementor-widget-container\">\n\t\t\t\t\t<h2 class=\"elementor-heading-title elementor-size-default\">( Francia, siglo XX)<br>\nColecci\u00f3n Fundaci\u00f3n Magos\n\n\n\n\n\n<\/h2>\t\t\t\t<\/div>\n\t\t\t\t<\/div>\n\t\t\t\t<div class=\"elementor-element elementor-element-082842e elementor-widget elementor-widget-text-editor\" data-id=\"082842e\" data-element_type=\"widget\" data-e-type=\"widget\" data-widget_type=\"text-editor.default\">\n\t\t\t\t<div class=\"elementor-widget-container\">\n\t\t\t\t\t\t\t\t\tExtracto: &#8220;Los Reyes Magos se embarcaron en las naves de C\u00e1diz, atravesaron el Estrecho y, teniendo como gu\u00eda a esta maravillosa estrella, llegaron a Tiro donde, tras desembarcar, hicieron el resto del camino en dromedarios, como est\u00e1 escrito. Publicado por Pierre Roger en Par\u00eds en 1927 con grabados de C\u00e1diz y Gibraltar\n(Francia, siglo XX) Colecci\u00f3n de la Fundaci\u00f3n Magos\t\t\t\t\t\t\t\t<\/div>\n\t\t\t\t<\/div>\n\t\t\t\t<div class=\"elementor-element elementor-element-843a638 elementor-widget elementor-widget-heading\" data-id=\"843a638\" data-element_type=\"widget\" data-e-type=\"widget\" data-widget_type=\"heading.default\">\n\t\t\t\t<div class=\"elementor-widget-container\">\n\t\t\t\t\t<h2 class=\"elementor-heading-title elementor-size-default\">EL VIAJE DE LOS REYES MAGOS<br>DE C\u00c1DIZ (THARSIS) A M\u00c1LAGA PARA LLEGAR A TYR (L\u00cdBANO)\n<\/h2>\t\t\t\t<\/div>\n\t\t\t\t<\/div>\n\t\t\t\t<div class=\"elementor-element elementor-element-76b803cb elementor-widget elementor-widget-text-editor\" data-id=\"76b803cb\" data-element_type=\"widget\" data-e-type=\"widget\" data-widget_type=\"text-editor.default\">\n\t\t\t\t<div class=\"elementor-widget-container\">\n\t\t\t\t\t\t\t\t\t\u201cLos Reyes Magos vinieron a Espa\u00f1a y se unieron al Rey de Mauritania. Embarcan en C\u00e1diz con la flota de Tharsis. Pasaron el estrecho del Mediterr\u00e1neo hasta Tiro \u00bb Ger\u00f3nimo de la Concepci\u00f3n, 1690. En la \u00e9poca de la natividad, una ruta mar\u00edtima part\u00eda de C\u00e1diz, pasaba el Estrecho de Gibraltar para llegar a M\u00e1laga y luego continuaba hasta Cartagena para ir a abastecer a Roma. Otro sali\u00f3 de C\u00e1diz a M\u00e1laga para llegar a Tiro, el principal puerto de entrada a la Siria romana. La ciudad de Malaka (M\u00e1laga) fue nombrada as\u00ed por los mercaderes de Tiro, ciudad de origen de los navegantes que fundaron M\u00e1laga en el siglo VIII a.C. J.-C.\t\t\t\t\t\t\t\t<\/div>\n\t\t\t\t<\/div>\n\t\t\t\t\t<\/div>\n\t\t<\/div>\n\t\t\t\t\t<\/div>\n\t\t<\/section>\n\t\t\t\t<\/div>\n\t\t","protected":false},"excerpt":{"rendered":"<p>Volver<\/p>\n","protected":false},"author":1,"featured_media":0,"parent":0,"menu_order":0,"comment_status":"closed","ping_status":"closed","template":"elementor_header_footer","meta":{"footnotes":""},"class_list":["post-12131","page","type-page","status-publish"],"_links":{"self":[{"href":"https:\/\/fondationmagos.com\/es\/wp-json\/wp\/v2\/pages\/12131","targetHints":{"allow":["GET"]}}],"collection":[{"href":"https:\/\/fondationmagos.com\/es\/wp-json\/wp\/v2\/pages"}],"about":[{"href":"https:\/\/fondationmagos.com\/es\/wp-json\/wp\/v2\/types\/page"}],"author":[{"embeddable":true,"href":"https:\/\/fondationmagos.com\/es\/wp-json\/wp\/v2\/users\/1"}],"replies":[{"embeddable":true,"href":"https:\/\/fondationmagos.com\/es\/wp-json\/wp\/v2\/comments?post=12131"}],"version-history":[{"count":16,"href":"https:\/\/fondationmagos.com\/es\/wp-json\/wp\/v2\/pages\/12131\/revisions"}],"predecessor-version":[{"id":17258,"href":"https:\/\/fondationmagos.com\/es\/wp-json\/wp\/v2\/pages\/12131\/revisions\/17258"}],"wp:attachment":[{"href":"https:\/\/fondationmagos.com\/es\/wp-json\/wp\/v2\/media?parent=12131"}],"curies":[{"name":"wp","href":"https:\/\/api.w.org\/{rel}","templated":true}]}}