{"id":13001,"date":"2022-05-21T08:20:13","date_gmt":"2022-05-21T08:20:13","guid":{"rendered":"http:\/\/fondationmagos.com\/es\/?page_id=13001"},"modified":"2022-07-08T15:19:47","modified_gmt":"2022-07-08T15:19:47","slug":"piece-de-monnaie-de-4-hiller-datee-de-1768-provenant-de-cologne","status":"publish","type":"page","link":"https:\/\/fondationmagos.com\/es\/piece-de-monnaie-de-4-hiller-datee-de-1768-provenant-de-cologne\/","title":{"rendered":"PI\u00c8CE DE MONNAIE DE 4 HILLER DAT\u00c9E DE 1768, PROVENANT DE COLOGNE"},"content":{"rendered":"\t\t<div data-elementor-type=\"wp-page\" data-elementor-id=\"13001\" class=\"elementor elementor-13001\">\n\t\t\t\t\t\t<section class=\"elementor-section elementor-top-section elementor-element elementor-element-539f3cfd elementor-section-boxed elementor-section-height-default elementor-section-height-default\" data-id=\"539f3cfd\" data-element_type=\"section\" data-e-type=\"section\">\n\t\t\t\t\t\t<div class=\"elementor-container elementor-column-gap-default\">\n\t\t\t\t\t<div class=\"elementor-column elementor-col-100 elementor-top-column elementor-element elementor-element-1c174ece\" data-id=\"1c174ece\" data-element_type=\"column\" data-e-type=\"column\">\n\t\t\t<div class=\"elementor-widget-wrap elementor-element-populated\">\n\t\t\t\t\t\t<div class=\"elementor-element elementor-element-5c7528e8 elementor-widget__width-initial elementor-absolute elementor-invisible elementor-widget elementor-widget-html\" data-id=\"5c7528e8\" data-element_type=\"widget\" data-e-type=\"widget\" data-settings=\"{&quot;_position&quot;:&quot;absolute&quot;,&quot;_animation_mobile&quot;:&quot;slideInRight&quot;,&quot;_animation&quot;:&quot;slideInRight&quot;}\" data-widget_type=\"html.default\">\n\t\t\t\t<div class=\"elementor-widget-container\">\n\t\t\t\t\t<a href=\"javascript:window.close();\">Volver<<\/a>\r\n\t\t\t\t<\/div>\n\t\t\t\t<\/div>\n\t\t\t\t\t<\/div>\n\t\t<\/div>\n\t\t\t\t\t<\/div>\n\t\t<\/section>\n\t\t\t\t<section class=\"elementor-section elementor-top-section elementor-element elementor-element-17110fb1 elementor-section-boxed elementor-section-height-default elementor-section-height-default\" data-id=\"17110fb1\" data-element_type=\"section\" data-e-type=\"section\" data-settings=\"{&quot;background_background&quot;:&quot;classic&quot;,&quot;animation&quot;:&quot;none&quot;,&quot;shape_divider_top&quot;:&quot;opacity-tilt&quot;,&quot;animation_mobile&quot;:&quot;zoomIn&quot;}\">\n\t\t\t\t\t\t\t<div class=\"elementor-background-overlay\"><\/div>\n\t\t\t\t\t\t<div class=\"elementor-shape elementor-shape-top\" aria-hidden=\"true\" data-negative=\"false\">\n\t\t\t<svg xmlns=\"http:\/\/www.w3.org\/2000\/svg\" viewBox=\"0 0 2600 131.1\" preserveAspectRatio=\"none\">\n\t<path class=\"elementor-shape-fill\" d=\"M0 0L2600 0 2600 69.1 0 0z\"\/>\n\t<path class=\"elementor-shape-fill\" style=\"opacity:0.5\" d=\"M0 0L2600 0 2600 69.1 0 69.1z\"\/>\n\t<path class=\"elementor-shape-fill\" style=\"opacity:0.25\" d=\"M2600 0L0 0 0 130.1 2600 69.1z\"\/>\n<\/svg>\t\t<\/div>\n\t\t\t\t\t<div class=\"elementor-container elementor-column-gap-custom\">\n\t\t\t\t\t<div class=\"elementor-column elementor-col-100 elementor-top-column elementor-element elementor-element-6b0225db\" data-id=\"6b0225db\" data-element_type=\"column\" data-e-type=\"column\">\n\t\t\t<div class=\"elementor-widget-wrap elementor-element-populated\">\n\t\t\t\t\t\t<div class=\"elementor-element elementor-element-5d7bdd24 elementor-invisible elementor-widget elementor-widget-image\" data-id=\"5d7bdd24\" data-element_type=\"widget\" data-e-type=\"widget\" data-settings=\"{&quot;_animation&quot;:&quot;fadeInRight&quot;}\" data-widget_type=\"image.default\">\n\t\t\t\t<div class=\"elementor-widget-container\">\n\t\t\t\t\t\t\t\t\t\t\t\t\t\t\t\t<a href=\"\" a=\"\">\n\t\t\t\t\t\t\t<img fetchpriority=\"high\" decoding=\"async\" width=\"1200\" height=\"621\" src=\"https:\/\/fondationmagos.com\/es\/wp-content\/uploads\/2022\/06\/go-removebg-preview.png\" class=\"attachment-full size-full wp-image-15241\" alt=\"\" srcset=\"https:\/\/fondationmagos.com\/es\/wp-content\/uploads\/2022\/06\/go-removebg-preview.png 1200w, https:\/\/fondationmagos.com\/es\/wp-content\/uploads\/2022\/06\/go-removebg-preview-300x155.png 300w, https:\/\/fondationmagos.com\/es\/wp-content\/uploads\/2022\/06\/go-removebg-preview-1024x530.png 1024w, https:\/\/fondationmagos.com\/es\/wp-content\/uploads\/2022\/06\/go-removebg-preview-768x397.png 768w\" sizes=\"(max-width: 1200px) 100vw, 1200px\" \/>\t\t\t\t\t\t\t\t<\/a>\n\t\t\t\t\t\t\t\t\t\t\t\t\t\t\t<\/div>\n\t\t\t\t<\/div>\n\t\t\t\t<div class=\"elementor-element elementor-element-7ac78dc elementor-widget elementor-widget-heading\" data-id=\"7ac78dc\" data-element_type=\"widget\" data-e-type=\"widget\" data-widget_type=\"heading.default\">\n\t\t\t\t<div class=\"elementor-widget-container\">\n\t\t\t\t\t<h2 class=\"elementor-heading-title elementor-size-default\">MONEDA DE 4 HILLERS<br> FECHADA EN 1768<br> PROCEDENTE DE COLONIA<\/h2>\t\t\t\t<\/div>\n\t\t\t\t<\/div>\n\t\t\t\t<div class=\"elementor-element elementor-element-11dcce71 elementor-widget elementor-widget-heading\" data-id=\"11dcce71\" data-element_type=\"widget\" data-e-type=\"widget\" data-widget_type=\"heading.default\">\n\t\t\t\t<div class=\"elementor-widget-container\">\n\t\t\t\t\t<h2 class=\"elementor-heading-title elementor-size-default\">con las tres coronas <br>de los Reyes Magos<br>emblema de la ciudad <br>de Colonia <br>\n(Alemania, s. XVIII) <br>Colecci\u00f3n Fundaci\u00f3n Magos\n\n\n\n\n\n\n\n<\/h2>\t\t\t\t<\/div>\n\t\t\t\t<\/div>\n\t\t\t\t<div class=\"elementor-element elementor-element-843a638 elementor-widget elementor-widget-heading\" data-id=\"843a638\" data-element_type=\"widget\" data-e-type=\"widget\" data-widget_type=\"heading.default\">\n\t\t\t\t<div class=\"elementor-widget-container\">\n\t\t\t\t\t<h2 class=\"elementor-heading-title elementor-size-default\">EL CAMINO DE LAS RELIQUIAS<br> (siglos IV al XII) <\/h2>\t\t\t\t<\/div>\n\t\t\t\t<\/div>\n\t\t\t\t<div class=\"elementor-element elementor-element-76b803cb elementor-widget elementor-widget-text-editor\" data-id=\"76b803cb\" data-element_type=\"widget\" data-e-type=\"widget\" data-widget_type=\"text-editor.default\">\n\t\t\t\t<div class=\"elementor-widget-container\">\n\t\t\t\t\t\t\t\t\tSe cree que los huesos de los cuerpos de los Reyes Magos fueron tra\u00eddos desde Oriente por la emperatriz Helena de Constantinopla. Se dice que las reliquias fueron ofrecidas en el a\u00f1o 343 al obispo de Mil\u00e1n, donde se construy\u00f3 en su honor un enorme sarc\u00f3fago medieval que a\u00fan existe en Mil\u00e1n. Ocho siglos despu\u00e9s, el emperador alem\u00e1n Barbarroja, furioso por haber sido excomulgado por el Papa, saque\u00f3 Mil\u00e1n y transport\u00f3 las reliquias a Colonia (Alemania). En el camino, se dej\u00f3 una pulgada en la Abad\u00eda de Gramont en Francia. El marqu\u00e9s de Gramont cambia su escudo de armas por el emblema de los Reyes Magos. El emperador alem\u00e1n, poseedor de las reliquias de los Reyes, hace valer su legitimidad cristiana y se presenta como heredero de los Reyes Magos. Con la llegada de las supuestas reliquias de los Reyes Magos, la ciudad de Colonia se convirti\u00f3 en la cuarta ciudad santa del cristianismo, junto a Jerusal\u00e9n, Roma y Constantinopla. Colonia llevaba las coronas de los Reyes Magos en su escudo y prosper\u00f3 gracias a las cruzadas. El \u00fanico problema hist\u00f3rico es que ning\u00fan obispo de Mil\u00e1n de los siglos IV y V, ni ning\u00fan te\u00f3logo, menciona la presencia de las reliquias de los Reyes Magos en Mil\u00e1n antes de que el emperador alem\u00e1n Barbarroja declarara que las hab\u00eda tomado \u00a1en el siglo XII!  !\t\t\t\t\t\t\t\t<\/div>\n\t\t\t\t<\/div>\n\t\t\t\t\t<\/div>\n\t\t<\/div>\n\t\t\t\t\t<\/div>\n\t\t<\/section>\n\t\t\t\t<\/div>\n\t\t","protected":false},"excerpt":{"rendered":"<p>Volver<\/p>\n","protected":false},"author":1,"featured_media":0,"parent":0,"menu_order":0,"comment_status":"closed","ping_status":"closed","template":"elementor_header_footer","meta":{"footnotes":""},"class_list":["post-13001","page","type-page","status-publish"],"_links":{"self":[{"href":"https:\/\/fondationmagos.com\/es\/wp-json\/wp\/v2\/pages\/13001","targetHints":{"allow":["GET"]}}],"collection":[{"href":"https:\/\/fondationmagos.com\/es\/wp-json\/wp\/v2\/pages"}],"about":[{"href":"https:\/\/fondationmagos.com\/es\/wp-json\/wp\/v2\/types\/page"}],"author":[{"embeddable":true,"href":"https:\/\/fondationmagos.com\/es\/wp-json\/wp\/v2\/users\/1"}],"replies":[{"embeddable":true,"href":"https:\/\/fondationmagos.com\/es\/wp-json\/wp\/v2\/comments?post=13001"}],"version-history":[{"count":13,"href":"https:\/\/fondationmagos.com\/es\/wp-json\/wp\/v2\/pages\/13001\/revisions"}],"predecessor-version":[{"id":17563,"href":"https:\/\/fondationmagos.com\/es\/wp-json\/wp\/v2\/pages\/13001\/revisions\/17563"}],"wp:attachment":[{"href":"https:\/\/fondationmagos.com\/es\/wp-json\/wp\/v2\/media?parent=13001"}],"curies":[{"name":"wp","href":"https:\/\/api.w.org\/{rel}","templated":true}]}}