{"id":13082,"date":"2022-05-21T09:20:55","date_gmt":"2022-05-21T09:20:55","guid":{"rendered":"http:\/\/fondationmagos.com\/es\/?page_id=13082"},"modified":"2022-07-08T15:47:02","modified_gmt":"2022-07-08T15:47:02","slug":"livre-a-lytell-cronycle-par-hetoum-prince-darmenie","status":"publish","type":"page","link":"https:\/\/fondationmagos.com\/es\/livre-a-lytell-cronycle-par-hetoum-prince-darmenie\/","title":{"rendered":"LIVRE \u00ab A LYTELL CRONYCLE \u00bb PAR H\u00c9TOUM, PRINCE D\u2019ARM\u00c9NIE"},"content":{"rendered":"\t\t<div data-elementor-type=\"wp-page\" data-elementor-id=\"13082\" class=\"elementor elementor-13082\">\n\t\t\t\t\t\t<section class=\"elementor-section elementor-top-section elementor-element elementor-element-539f3cfd elementor-section-boxed elementor-section-height-default elementor-section-height-default\" data-id=\"539f3cfd\" data-element_type=\"section\" data-e-type=\"section\">\n\t\t\t\t\t\t<div class=\"elementor-container elementor-column-gap-default\">\n\t\t\t\t\t<div class=\"elementor-column elementor-col-100 elementor-top-column elementor-element elementor-element-1c174ece\" data-id=\"1c174ece\" data-element_type=\"column\" data-e-type=\"column\">\n\t\t\t<div class=\"elementor-widget-wrap elementor-element-populated\">\n\t\t\t\t\t\t<div class=\"elementor-element elementor-element-5c7528e8 elementor-widget__width-initial elementor-absolute elementor-invisible elementor-widget elementor-widget-html\" data-id=\"5c7528e8\" data-element_type=\"widget\" data-e-type=\"widget\" data-settings=\"{&quot;_position&quot;:&quot;absolute&quot;,&quot;_animation_mobile&quot;:&quot;slideInRight&quot;,&quot;_animation&quot;:&quot;slideInRight&quot;}\" data-widget_type=\"html.default\">\n\t\t\t\t<div class=\"elementor-widget-container\">\n\t\t\t\t\t<a href=\"javascript:window.close();\">Volver<<\/a>\t\t\t\t<\/div>\n\t\t\t\t<\/div>\n\t\t\t\t\t<\/div>\n\t\t<\/div>\n\t\t\t\t\t<\/div>\n\t\t<\/section>\n\t\t\t\t<section class=\"elementor-section elementor-top-section elementor-element elementor-element-17110fb1 elementor-section-boxed elementor-section-height-default elementor-section-height-default\" data-id=\"17110fb1\" data-element_type=\"section\" data-e-type=\"section\" data-settings=\"{&quot;background_background&quot;:&quot;classic&quot;,&quot;animation&quot;:&quot;none&quot;,&quot;shape_divider_top&quot;:&quot;opacity-tilt&quot;,&quot;animation_mobile&quot;:&quot;zoomIn&quot;}\">\n\t\t\t\t\t\t\t<div class=\"elementor-background-overlay\"><\/div>\n\t\t\t\t\t\t<div class=\"elementor-shape elementor-shape-top\" aria-hidden=\"true\" data-negative=\"false\">\n\t\t\t<svg xmlns=\"http:\/\/www.w3.org\/2000\/svg\" viewBox=\"0 0 2600 131.1\" preserveAspectRatio=\"none\">\n\t<path class=\"elementor-shape-fill\" d=\"M0 0L2600 0 2600 69.1 0 0z\"\/>\n\t<path class=\"elementor-shape-fill\" style=\"opacity:0.5\" d=\"M0 0L2600 0 2600 69.1 0 69.1z\"\/>\n\t<path class=\"elementor-shape-fill\" style=\"opacity:0.25\" d=\"M2600 0L0 0 0 130.1 2600 69.1z\"\/>\n<\/svg>\t\t<\/div>\n\t\t\t\t\t<div class=\"elementor-container elementor-column-gap-custom\">\n\t\t\t\t\t<div class=\"elementor-column elementor-col-50 elementor-top-column elementor-element elementor-element-6b0225db\" data-id=\"6b0225db\" data-element_type=\"column\" data-e-type=\"column\">\n\t\t\t<div class=\"elementor-widget-wrap elementor-element-populated\">\n\t\t\t\t\t\t<div class=\"elementor-element elementor-element-5d7bdd24 elementor-invisible elementor-widget elementor-widget-image\" data-id=\"5d7bdd24\" data-element_type=\"widget\" data-e-type=\"widget\" data-settings=\"{&quot;_animation&quot;:&quot;fadeInRight&quot;}\" data-widget_type=\"image.default\">\n\t\t\t\t<div class=\"elementor-widget-container\">\n\t\t\t\t\t\t\t\t\t\t\t\t\t\t\t\t<a href=\"\" a=\"\">\n\t\t\t\t\t\t\t<img fetchpriority=\"high\" decoding=\"async\" width=\"1117\" height=\"1780\" src=\"https:\/\/fondationmagos.com\/es\/wp-content\/uploads\/2022\/06\/goo.jpg\" class=\"attachment-full size-full wp-image-15891\" alt=\"\" srcset=\"https:\/\/fondationmagos.com\/es\/wp-content\/uploads\/2022\/06\/goo.jpg 1117w, https:\/\/fondationmagos.com\/es\/wp-content\/uploads\/2022\/06\/goo-188x300.jpg 188w, https:\/\/fondationmagos.com\/es\/wp-content\/uploads\/2022\/06\/goo-643x1024.jpg 643w, https:\/\/fondationmagos.com\/es\/wp-content\/uploads\/2022\/06\/goo-768x1224.jpg 768w, https:\/\/fondationmagos.com\/es\/wp-content\/uploads\/2022\/06\/goo-964x1536.jpg 964w\" sizes=\"(max-width: 1117px) 100vw, 1117px\" \/>\t\t\t\t\t\t\t\t<\/a>\n\t\t\t\t\t\t\t\t\t\t\t\t\t\t\t<\/div>\n\t\t\t\t<\/div>\n\t\t\t\t\t<\/div>\n\t\t<\/div>\n\t\t\t\t<div class=\"elementor-column elementor-col-50 elementor-top-column elementor-element elementor-element-27564e29 elementor-invisible\" data-id=\"27564e29\" data-element_type=\"column\" data-e-type=\"column\" data-settings=\"{&quot;animation&quot;:&quot;zoomIn&quot;}\">\n\t\t\t<div class=\"elementor-widget-wrap elementor-element-populated\">\n\t\t\t\t\t\t<div class=\"elementor-element elementor-element-7ac78dc elementor-widget elementor-widget-heading\" data-id=\"7ac78dc\" data-element_type=\"widget\" data-e-type=\"widget\" data-widget_type=\"heading.default\">\n\t\t\t\t<div class=\"elementor-widget-container\">\n\t\t\t\t\t<h2 class=\"elementor-heading-title elementor-size-default\">LIBRO \"A LYTELL CRONYCLE\" \n<br>DE HETUM, PR\u00cdNCIPE DE ARMENIA <\/h2>\t\t\t\t<\/div>\n\t\t\t\t<\/div>\n\t\t\t\t<div class=\"elementor-element elementor-element-66a34f3 elementor-widget elementor-widget-heading\" data-id=\"66a34f3\" data-element_type=\"widget\" data-e-type=\"widget\" data-widget_type=\"heading.default\">\n\t\t\t\t<div class=\"elementor-widget-container\">\n\t\t\t\t\t<h2 class=\"elementor-heading-title elementor-size-default\">Traducci\u00f3n de\n<br> \"La Flor de las Historias de la Tierra Oriental, 1307\". \nReimpreso por Glenn Burger\n<br>University of Toronto Press 1988 \n<br>\n(Canad\u00e1, siglo XX) \n<br>Colecci\u00f3n Fundaci\u00f3n Magos\n<\/h2>\t\t\t\t<\/div>\n\t\t\t\t<\/div>\n\t\t\t\t<div class=\"elementor-element elementor-element-4a44704 elementor-widget elementor-widget-heading\" data-id=\"4a44704\" data-element_type=\"widget\" data-e-type=\"widget\" data-widget_type=\"heading.default\">\n\t\t\t\t<div class=\"elementor-widget-container\">\n\t\t\t\t\t<h2 class=\"elementor-heading-title elementor-size-default\">KITBUQA, LA CRUZ MONGOLA\n<br> (siglo XIII)<\/h2>\t\t\t\t<\/div>\n\t\t\t\t<\/div>\n\t\t\t\t<div class=\"elementor-element elementor-element-5dce14c elementor-widget elementor-widget-text-editor\" data-id=\"5dce14c\" data-element_type=\"widget\" data-e-type=\"widget\" data-widget_type=\"text-editor.default\">\n\t\t\t\t<div class=\"elementor-widget-container\">\n\t\t\t\t\t\t\t\t\tKitbuqa, un sanguinario general cristiano al servicio de un nieto de Gengis Kan, se proclam\u00f3 descendiente de los Reyes Magos. Las masacres de musulmanes desde Bagdad hasta Siria dirigidas por un supuesto descendiente de los Reyes Magos fascinaron a Occidente. Los escritos del pr\u00edncipe H\u00e9toum, monje e historiador, primo del rey de Armenia bajo la dominaci\u00f3n mongola, dieron credibilidad a esta supuesta \t\t\t\t\t\t\t\t<\/div>\n\t\t\t\t<\/div>\n\t\t\t\t\t<\/div>\n\t\t<\/div>\n\t\t\t\t\t<\/div>\n\t\t<\/section>\n\t\t\t\t<\/div>\n\t\t","protected":false},"excerpt":{"rendered":"<p>Volver<\/p>\n","protected":false},"author":1,"featured_media":0,"parent":0,"menu_order":0,"comment_status":"closed","ping_status":"closed","template":"elementor_header_footer","meta":{"footnotes":""},"class_list":["post-13082","page","type-page","status-publish"],"_links":{"self":[{"href":"https:\/\/fondationmagos.com\/es\/wp-json\/wp\/v2\/pages\/13082","targetHints":{"allow":["GET"]}}],"collection":[{"href":"https:\/\/fondationmagos.com\/es\/wp-json\/wp\/v2\/pages"}],"about":[{"href":"https:\/\/fondationmagos.com\/es\/wp-json\/wp\/v2\/types\/page"}],"author":[{"embeddable":true,"href":"https:\/\/fondationmagos.com\/es\/wp-json\/wp\/v2\/users\/1"}],"replies":[{"embeddable":true,"href":"https:\/\/fondationmagos.com\/es\/wp-json\/wp\/v2\/comments?post=13082"}],"version-history":[{"count":28,"href":"https:\/\/fondationmagos.com\/es\/wp-json\/wp\/v2\/pages\/13082\/revisions"}],"predecessor-version":[{"id":17602,"href":"https:\/\/fondationmagos.com\/es\/wp-json\/wp\/v2\/pages\/13082\/revisions\/17602"}],"wp:attachment":[{"href":"https:\/\/fondationmagos.com\/es\/wp-json\/wp\/v2\/media?parent=13082"}],"curies":[{"name":"wp","href":"https:\/\/api.w.org\/{rel}","templated":true}]}}