{"id":14018,"date":"2022-05-27T12:09:30","date_gmt":"2022-05-27T12:09:30","guid":{"rendered":"http:\/\/fondationmagos.com\/es\/?page_id=14018"},"modified":"2022-07-09T11:11:32","modified_gmt":"2022-07-09T11:11:32","slug":"copie-de-peinture-revolte-des-maures-a-huecija-dont-loriginal-a-disparu","status":"publish","type":"page","link":"https:\/\/fondationmagos.com\/es\/copie-de-peinture-revolte-des-maures-a-huecija-dont-loriginal-a-disparu\/","title":{"rendered":"Copie de peinture \u00ab R\u00e9volte des Maures \u00e0 Huecija \u00bb dont l\u2019original a disparu."},"content":{"rendered":"\t\t<div data-elementor-type=\"wp-page\" data-elementor-id=\"14018\" class=\"elementor elementor-14018\">\n\t\t\t\t\t\t<section class=\"elementor-section elementor-top-section elementor-element elementor-element-539f3cfd elementor-section-boxed elementor-section-height-default elementor-section-height-default\" data-id=\"539f3cfd\" data-element_type=\"section\" data-e-type=\"section\">\n\t\t\t\t\t\t<div class=\"elementor-container elementor-column-gap-default\">\n\t\t\t\t\t<div class=\"elementor-column elementor-col-100 elementor-top-column elementor-element elementor-element-1c174ece\" data-id=\"1c174ece\" data-element_type=\"column\" data-e-type=\"column\">\n\t\t\t<div class=\"elementor-widget-wrap elementor-element-populated\">\n\t\t\t\t\t\t<div class=\"elementor-element elementor-element-5c7528e8 elementor-widget__width-initial elementor-absolute elementor-invisible elementor-widget elementor-widget-html\" data-id=\"5c7528e8\" data-element_type=\"widget\" data-e-type=\"widget\" data-settings=\"{&quot;_position&quot;:&quot;absolute&quot;,&quot;_animation_mobile&quot;:&quot;slideInRight&quot;,&quot;_animation&quot;:&quot;slideInRight&quot;}\" data-widget_type=\"html.default\">\n\t\t\t\t<div class=\"elementor-widget-container\">\n\t\t\t\t\t<a href=\"javascript:window.close();\">Volver<<\/a>\t\t\t\t<\/div>\n\t\t\t\t<\/div>\n\t\t\t\t\t<\/div>\n\t\t<\/div>\n\t\t\t\t\t<\/div>\n\t\t<\/section>\n\t\t\t\t<section class=\"elementor-section elementor-top-section elementor-element elementor-element-17110fb1 elementor-section-boxed elementor-section-height-default elementor-section-height-default\" data-id=\"17110fb1\" data-element_type=\"section\" data-e-type=\"section\" data-settings=\"{&quot;background_background&quot;:&quot;classic&quot;,&quot;animation&quot;:&quot;none&quot;,&quot;shape_divider_top&quot;:&quot;opacity-tilt&quot;,&quot;animation_mobile&quot;:&quot;zoomIn&quot;}\">\n\t\t\t\t\t\t\t<div class=\"elementor-background-overlay\"><\/div>\n\t\t\t\t\t\t<div class=\"elementor-shape elementor-shape-top\" aria-hidden=\"true\" data-negative=\"false\">\n\t\t\t<svg xmlns=\"http:\/\/www.w3.org\/2000\/svg\" viewBox=\"0 0 2600 131.1\" preserveAspectRatio=\"none\">\n\t<path class=\"elementor-shape-fill\" d=\"M0 0L2600 0 2600 69.1 0 0z\"\/>\n\t<path class=\"elementor-shape-fill\" style=\"opacity:0.5\" d=\"M0 0L2600 0 2600 69.1 0 69.1z\"\/>\n\t<path class=\"elementor-shape-fill\" style=\"opacity:0.25\" d=\"M2600 0L0 0 0 130.1 2600 69.1z\"\/>\n<\/svg>\t\t<\/div>\n\t\t\t\t\t<div class=\"elementor-container elementor-column-gap-custom\">\n\t\t\t\t\t<div class=\"elementor-column elementor-col-50 elementor-top-column elementor-element elementor-element-6b0225db\" data-id=\"6b0225db\" data-element_type=\"column\" data-e-type=\"column\">\n\t\t\t<div class=\"elementor-widget-wrap elementor-element-populated\">\n\t\t\t\t\t\t<div class=\"elementor-element elementor-element-5d7bdd24 elementor-invisible elementor-widget elementor-widget-image\" data-id=\"5d7bdd24\" data-element_type=\"widget\" data-e-type=\"widget\" data-settings=\"{&quot;_animation&quot;:&quot;fadeInRight&quot;}\" data-widget_type=\"image.default\">\n\t\t\t\t<div class=\"elementor-widget-container\">\n\t\t\t\t\t\t\t\t\t\t\t\t\t\t\t\t<a href=\"\" a=\"\">\n\t\t\t\t\t\t\t<img fetchpriority=\"high\" decoding=\"async\" width=\"1284\" height=\"728\" src=\"https:\/\/fondationmagos.com\/es\/wp-content\/uploads\/2022\/05\/7UYY-gigapixel-art-scale-4_00x-1.jpg\" class=\"attachment-full size-full wp-image-14020\" alt=\"\" srcset=\"https:\/\/fondationmagos.com\/es\/wp-content\/uploads\/2022\/05\/7UYY-gigapixel-art-scale-4_00x-1.jpg 1284w, https:\/\/fondationmagos.com\/es\/wp-content\/uploads\/2022\/05\/7UYY-gigapixel-art-scale-4_00x-1-300x170.jpg 300w, https:\/\/fondationmagos.com\/es\/wp-content\/uploads\/2022\/05\/7UYY-gigapixel-art-scale-4_00x-1-1024x581.jpg 1024w, https:\/\/fondationmagos.com\/es\/wp-content\/uploads\/2022\/05\/7UYY-gigapixel-art-scale-4_00x-1-768x435.jpg 768w\" sizes=\"(max-width: 1284px) 100vw, 1284px\" \/>\t\t\t\t\t\t\t\t<\/a>\n\t\t\t\t\t\t\t\t\t\t\t\t\t\t\t<\/div>\n\t\t\t\t<\/div>\n\t\t\t\t\t<\/div>\n\t\t<\/div>\n\t\t\t\t<div class=\"elementor-column elementor-col-50 elementor-top-column elementor-element elementor-element-27564e29 elementor-invisible\" data-id=\"27564e29\" data-element_type=\"column\" data-e-type=\"column\" data-settings=\"{&quot;animation&quot;:&quot;zoomIn&quot;}\">\n\t\t\t<div class=\"elementor-widget-wrap elementor-element-populated\">\n\t\t\t\t\t\t<div class=\"elementor-element elementor-element-7ac78dc elementor-widget elementor-widget-heading\" data-id=\"7ac78dc\" data-element_type=\"widget\" data-e-type=\"widget\" data-widget_type=\"heading.default\">\n\t\t\t\t<div class=\"elementor-widget-container\">\n\t\t\t\t\t<h2 class=\"elementor-heading-title elementor-size-default\">Copia del cuadro \"Revuelta de los moros en Huecija\", cuyo original ha desaparecido<\/h2>\t\t\t\t<\/div>\n\t\t\t\t<\/div>\n\t\t\t\t<div class=\"elementor-element elementor-element-ba9a749 elementor-widget elementor-widget-heading\" data-id=\"ba9a749\" data-element_type=\"widget\" data-e-type=\"widget\" data-widget_type=\"heading.default\">\n\t\t\t\t<div class=\"elementor-widget-container\">\n\t\t\t\t\t<h2 class=\"elementor-heading-title elementor-size-default\">El gobernador Juan Gibaja es quemado vivo en la torre de Huecija (Almer\u00eda). Los moros estaban dirigidos por el general El Gorri. El capit\u00e1n moro El Rami orden\u00f3 incendiar la torre.<\/h2>\t\t\t\t<\/div>\n\t\t\t\t<\/div>\n\t\t\t\t<div class=\"elementor-element elementor-element-251a47a elementor-widget elementor-widget-heading\" data-id=\"251a47a\" data-element_type=\"widget\" data-e-type=\"widget\" data-widget_type=\"heading.default\">\n\t\t\t\t<div class=\"elementor-widget-container\">\n\t\t\t\t\t<h2 class=\"elementor-heading-title elementor-size-default\">LOS GIBAJA: UN LINAJE IMPLICADO EN LA EXPULSI\u00d3N DE LOS MOROS SE RELACIONA CON TRES DINAST\u00cdAS MUSULMANAS.<\/h2>\t\t\t\t<\/div>\n\t\t\t\t<\/div>\n\t\t\t\t<div class=\"elementor-element elementor-element-ca9bc79 elementor-widget elementor-widget-heading\" data-id=\"ca9bc79\" data-element_type=\"widget\" data-e-type=\"widget\" data-widget_type=\"heading.default\">\n\t\t\t\t<div class=\"elementor-widget-container\">\n\t\t\t\t\t<h2 class=\"elementor-heading-title elementor-size-default\">Leonor Avis Granada Venegas, hermana de Alonso Avis Granada-Venegas, descendiente de los reyes de Granada, de los emires omeyas y de los sultanes de Bagdad, se hab\u00eda casado a los 15 a\u00f1os con Gabriel Gibaja, hijo de Juan Gibaja, gobernador de la Taha de Marchena, desde donde se dirigi\u00f3 la rebeli\u00f3n contra los moriscos desde Hu\u00e9cija (Almer\u00eda). El matrimonio fue rechazado por el padre de Eleonor, que consideraba que el rango de Gibaja, sin t\u00edtulo nobiliario, era inapropiado para su hija. El 25 de diciembre de 1568, en Hu\u00e9cija, el gobernador Gibaja, suegro de Leonor, fue quemado vivo por un ataque de los moros. Gabriel Gibaja, marido de Leonor, sustituy\u00f3 a su padre como gobernador. \nLos Gibaja eran originarios de Cantabria y hab\u00edan servido a los Reyes de Castilla durante varias generaciones. Andr\u00e9s Gibaja de Cabrera, tesorero del rey Enrique IV de Castilla y posteriormente estrecho consejero de Isabel la Cat\u00f3lica, particip\u00f3 en la reconquista de M\u00e1laga, Guadix, Baza y Granada. (La 18\u00e8me marquesa de Moya de esta genealog\u00eda fue Eugenia de Montijo, nacida en Granada, m\u00e1s tarde emperatriz de los franceses por su matrimonio con Napole\u00f3n III). Rodrigo de Gibaja, primo de Andr\u00e9s Gibaja de Cabrera, particip\u00f3 en la reconquista de Almer\u00eda donde fue nombrado Gobernador \"Regidor\" de Almer\u00eda. Algunos de los Gibajas ocuparon cargos oficiales en Almer\u00eda hasta el siglo XIX. Otro se hizo corsario para luchar contra las invasiones \u00e1rabes y otomanas. Otros Gibaja de Almer\u00eda experimentar\u00e1 reveses de fortuna, algunos emigrar\u00e1n a Or\u00e1n a finales del siglo XIX. El director de cine Joel Soler, iniciador de la Fundaci\u00f3n Magos, es hijo de Marie Gibaja, a su vez nieta del capit\u00e1n almeriense Manuel Gibaja, que emigr\u00f3 a Or\u00e1n, y procede de este linaje.\n\n<\/h2>\t\t\t\t<\/div>\n\t\t\t\t<\/div>\n\t\t\t\t\t<\/div>\n\t\t<\/div>\n\t\t\t\t\t<\/div>\n\t\t<\/section>\n\t\t\t\t<\/div>\n\t\t","protected":false},"excerpt":{"rendered":"<p>Volver<\/p>\n","protected":false},"author":1,"featured_media":0,"parent":0,"menu_order":0,"comment_status":"closed","ping_status":"closed","template":"elementor_header_footer","meta":{"footnotes":""},"class_list":["post-14018","page","type-page","status-publish"],"_links":{"self":[{"href":"https:\/\/fondationmagos.com\/es\/wp-json\/wp\/v2\/pages\/14018","targetHints":{"allow":["GET"]}}],"collection":[{"href":"https:\/\/fondationmagos.com\/es\/wp-json\/wp\/v2\/pages"}],"about":[{"href":"https:\/\/fondationmagos.com\/es\/wp-json\/wp\/v2\/types\/page"}],"author":[{"embeddable":true,"href":"https:\/\/fondationmagos.com\/es\/wp-json\/wp\/v2\/users\/1"}],"replies":[{"embeddable":true,"href":"https:\/\/fondationmagos.com\/es\/wp-json\/wp\/v2\/comments?post=14018"}],"version-history":[{"count":19,"href":"https:\/\/fondationmagos.com\/es\/wp-json\/wp\/v2\/pages\/14018\/revisions"}],"predecessor-version":[{"id":18048,"href":"https:\/\/fondationmagos.com\/es\/wp-json\/wp\/v2\/pages\/14018\/revisions\/18048"}],"wp:attachment":[{"href":"https:\/\/fondationmagos.com\/es\/wp-json\/wp\/v2\/media?parent=14018"}],"curies":[{"name":"wp","href":"https:\/\/api.w.org\/{rel}","templated":true}]}}