{"id":14071,"date":"2022-05-27T12:32:42","date_gmt":"2022-05-27T12:32:42","guid":{"rendered":"http:\/\/fondationmagos.com\/es\/?page_id=14071"},"modified":"2022-07-09T11:25:51","modified_gmt":"2022-07-09T11:25:51","slug":"grande-tenture-murale-dapres-une-lithographie-ancienne-representant-le-port-de-genes","status":"publish","type":"page","link":"https:\/\/fondationmagos.com\/es\/grande-tenture-murale-dapres-une-lithographie-ancienne-representant-le-port-de-genes\/","title":{"rendered":"Grande tenture murale d\u2019apr\u00e8s une lithographie ancienne repr\u00e9sentant le port de G\u00eanes"},"content":{"rendered":"\t\t<div data-elementor-type=\"wp-page\" data-elementor-id=\"14071\" class=\"elementor elementor-14071\">\n\t\t\t\t\t\t<section class=\"elementor-section elementor-top-section elementor-element elementor-element-539f3cfd elementor-section-boxed elementor-section-height-default elementor-section-height-default\" data-id=\"539f3cfd\" data-element_type=\"section\" data-e-type=\"section\">\n\t\t\t\t\t\t<div class=\"elementor-container elementor-column-gap-default\">\n\t\t\t\t\t<div class=\"elementor-column elementor-col-100 elementor-top-column elementor-element elementor-element-1c174ece\" data-id=\"1c174ece\" data-element_type=\"column\" data-e-type=\"column\">\n\t\t\t<div class=\"elementor-widget-wrap elementor-element-populated\">\n\t\t\t\t\t\t<div class=\"elementor-element elementor-element-5c7528e8 elementor-widget__width-initial elementor-absolute elementor-invisible elementor-widget elementor-widget-html\" data-id=\"5c7528e8\" data-element_type=\"widget\" data-e-type=\"widget\" data-settings=\"{&quot;_position&quot;:&quot;absolute&quot;,&quot;_animation_mobile&quot;:&quot;slideInRight&quot;,&quot;_animation&quot;:&quot;slideInRight&quot;}\" data-widget_type=\"html.default\">\n\t\t\t\t<div class=\"elementor-widget-container\">\n\t\t\t\t\tVolver\t\t\t\t<\/div>\n\t\t\t\t<\/div>\n\t\t\t\t\t<\/div>\n\t\t<\/div>\n\t\t\t\t\t<\/div>\n\t\t<\/section>\n\t\t\t\t<section class=\"elementor-section elementor-top-section elementor-element elementor-element-17110fb1 elementor-section-boxed elementor-section-height-default elementor-section-height-default\" data-id=\"17110fb1\" data-element_type=\"section\" data-e-type=\"section\" data-settings=\"{&quot;background_background&quot;:&quot;classic&quot;,&quot;animation&quot;:&quot;none&quot;,&quot;shape_divider_top&quot;:&quot;opacity-tilt&quot;,&quot;animation_mobile&quot;:&quot;zoomIn&quot;}\">\n\t\t\t\t\t\t\t<div class=\"elementor-background-overlay\"><\/div>\n\t\t\t\t\t\t<div class=\"elementor-shape elementor-shape-top\" aria-hidden=\"true\" data-negative=\"false\">\n\t\t\t<svg xmlns=\"http:\/\/www.w3.org\/2000\/svg\" viewBox=\"0 0 2600 131.1\" preserveAspectRatio=\"none\">\n\t<path class=\"elementor-shape-fill\" d=\"M0 0L2600 0 2600 69.1 0 0z\"\/>\n\t<path class=\"elementor-shape-fill\" style=\"opacity:0.5\" d=\"M0 0L2600 0 2600 69.1 0 69.1z\"\/>\n\t<path class=\"elementor-shape-fill\" style=\"opacity:0.25\" d=\"M2600 0L0 0 0 130.1 2600 69.1z\"\/>\n<\/svg>\t\t<\/div>\n\t\t\t\t\t<div class=\"elementor-container elementor-column-gap-custom\">\n\t\t\t\t\t<div class=\"elementor-column elementor-col-50 elementor-top-column elementor-element elementor-element-6b0225db\" data-id=\"6b0225db\" data-element_type=\"column\" data-e-type=\"column\">\n\t\t\t<div class=\"elementor-widget-wrap elementor-element-populated\">\n\t\t\t\t\t\t<div class=\"elementor-element elementor-element-5d7bdd24 elementor-invisible elementor-widget elementor-widget-image\" data-id=\"5d7bdd24\" data-element_type=\"widget\" data-e-type=\"widget\" data-settings=\"{&quot;_animation&quot;:&quot;fadeInRight&quot;}\" data-widget_type=\"image.default\">\n\t\t\t\t<div class=\"elementor-widget-container\">\n\t\t\t\t\t\t\t\t\t\t\t\t\t\t\t\t<a href=\"\" a=\"\">\n\t\t\t\t\t\t\t<img fetchpriority=\"high\" decoding=\"async\" width=\"2560\" height=\"902\" src=\"https:\/\/fondationmagos.com\/es\/wp-content\/uploads\/2022\/06\/A.Genova-port-scaled.jpg\" class=\"attachment-full size-full wp-image-14616\" alt=\"\" srcset=\"https:\/\/fondationmagos.com\/es\/wp-content\/uploads\/2022\/06\/A.Genova-port-scaled.jpg 2560w, https:\/\/fondationmagos.com\/es\/wp-content\/uploads\/2022\/06\/A.Genova-port-300x106.jpg 300w, https:\/\/fondationmagos.com\/es\/wp-content\/uploads\/2022\/06\/A.Genova-port-1024x361.jpg 1024w, https:\/\/fondationmagos.com\/es\/wp-content\/uploads\/2022\/06\/A.Genova-port-768x271.jpg 768w, https:\/\/fondationmagos.com\/es\/wp-content\/uploads\/2022\/06\/A.Genova-port-1536x541.jpg 1536w, https:\/\/fondationmagos.com\/es\/wp-content\/uploads\/2022\/06\/A.Genova-port-2048x722.jpg 2048w\" sizes=\"(max-width: 2560px) 100vw, 2560px\" \/>\t\t\t\t\t\t\t\t<\/a>\n\t\t\t\t\t\t\t\t\t\t\t\t\t\t\t<\/div>\n\t\t\t\t<\/div>\n\t\t\t\t\t<\/div>\n\t\t<\/div>\n\t\t\t\t<div class=\"elementor-column elementor-col-50 elementor-top-column elementor-element elementor-element-27564e29 elementor-invisible\" data-id=\"27564e29\" data-element_type=\"column\" data-e-type=\"column\" data-settings=\"{&quot;animation&quot;:&quot;zoomIn&quot;}\">\n\t\t\t<div class=\"elementor-widget-wrap elementor-element-populated\">\n\t\t\t\t\t\t<div class=\"elementor-element elementor-element-7ac78dc elementor-widget elementor-widget-heading\" data-id=\"7ac78dc\" data-element_type=\"widget\" data-e-type=\"widget\" data-widget_type=\"heading.default\">\n\t\t\t\t<div class=\"elementor-widget-container\">\n\t\t\t\t\t<h2 class=\"elementor-heading-title elementor-size-default\">Gran tapiz basado en una antigua litograf\u00eda que representa el puerto de G\u00e9nova <\/h2>\t\t\t\t<\/div>\n\t\t\t\t<\/div>\n\t\t\t\t<div class=\"elementor-element elementor-element-75baf6a elementor-widget elementor-widget-heading\" data-id=\"75baf6a\" data-element_type=\"widget\" data-e-type=\"widget\" data-widget_type=\"heading.default\">\n\t\t\t\t<div class=\"elementor-widget-container\">\n\t\t\t\t\t<h2 class=\"elementor-heading-title elementor-size-default\">(Italia, s. XXI). <br>Colecci\u00f3n Fundaci\u00f3n Magos\n\n<\/h2>\t\t\t\t<\/div>\n\t\t\t\t<\/div>\n\t\t\t\t<div class=\"elementor-element elementor-element-3cce8ab elementor-widget elementor-widget-heading\" data-id=\"3cce8ab\" data-element_type=\"widget\" data-e-type=\"widget\" data-widget_type=\"heading.default\">\n\t\t\t\t<div class=\"elementor-widget-container\">\n\t\t\t\t\t<h2 class=\"elementor-heading-title elementor-size-default\">En la Edad Media, G\u00e9nova era una de las cuatro rep\u00fablicas mar\u00edtimas italianas y se convirti\u00f3 en la m\u00e1s poderosa durante varios siglos tras las Cruzadas. En 1279, el emir Mohammad II de Granada firm\u00f3 un acuerdo comercial con la Rep\u00fablica de G\u00e9nova. En concreto, el puerto alcanz\u00f3 dos picos, primero de 1284 a 1381, militar y pol\u00edticamente, y luego de 1550 a 1630, financieramente hablando. En el siglo XIV, la Rep\u00fablica de G\u00e9nova ten\u00eda un verdadero imperio mar\u00edtimo en el Mediterr\u00e1neo y el Mar Negro.<\/h2>\t\t\t\t<\/div>\n\t\t\t\t<\/div>\n\t\t\t\t\t<\/div>\n\t\t<\/div>\n\t\t\t\t\t<\/div>\n\t\t<\/section>\n\t\t\t\t<\/div>\n\t\t","protected":false},"excerpt":{"rendered":"<p>Volver Gran tapiz basado en una antigua litograf\u00eda que representa el puerto de G\u00e9nova (Italia, s. XXI). Colecci\u00f3n Fundaci\u00f3n Magos En la Edad Media, G\u00e9nova era una de las cuatro&#8230;<\/p>\n","protected":false},"author":1,"featured_media":0,"parent":0,"menu_order":0,"comment_status":"closed","ping_status":"closed","template":"elementor_header_footer","meta":{"footnotes":""},"class_list":["post-14071","page","type-page","status-publish"],"_links":{"self":[{"href":"https:\/\/fondationmagos.com\/es\/wp-json\/wp\/v2\/pages\/14071","targetHints":{"allow":["GET"]}}],"collection":[{"href":"https:\/\/fondationmagos.com\/es\/wp-json\/wp\/v2\/pages"}],"about":[{"href":"https:\/\/fondationmagos.com\/es\/wp-json\/wp\/v2\/types\/page"}],"author":[{"embeddable":true,"href":"https:\/\/fondationmagos.com\/es\/wp-json\/wp\/v2\/users\/1"}],"replies":[{"embeddable":true,"href":"https:\/\/fondationmagos.com\/es\/wp-json\/wp\/v2\/comments?post=14071"}],"version-history":[{"count":13,"href":"https:\/\/fondationmagos.com\/es\/wp-json\/wp\/v2\/pages\/14071\/revisions"}],"predecessor-version":[{"id":18084,"href":"https:\/\/fondationmagos.com\/es\/wp-json\/wp\/v2\/pages\/14071\/revisions\/18084"}],"wp:attachment":[{"href":"https:\/\/fondationmagos.com\/es\/wp-json\/wp\/v2\/media?parent=14071"}],"curies":[{"name":"wp","href":"https:\/\/api.w.org\/{rel}","templated":true}]}}