{"id":14108,"date":"2022-05-27T12:46:22","date_gmt":"2022-05-27T12:46:22","guid":{"rendered":"http:\/\/fondationmagos.com\/es\/?page_id=14108"},"modified":"2022-07-09T11:31:13","modified_gmt":"2022-07-09T11:31:13","slug":"reproduction-du-code-diplomatico-de-la-casa-de-campotejar","status":"publish","type":"page","link":"https:\/\/fondationmagos.com\/es\/reproduction-du-code-diplomatico-de-la-casa-de-campotejar\/","title":{"rendered":"Reproduction du \u00ab Code Diplomatico de la Casa de Campot\u00e9jar \u00bb."},"content":{"rendered":"\t\t<div data-elementor-type=\"wp-page\" data-elementor-id=\"14108\" class=\"elementor elementor-14108\">\n\t\t\t\t\t\t<section class=\"elementor-section elementor-top-section elementor-element elementor-element-539f3cfd elementor-section-boxed elementor-section-height-default elementor-section-height-default\" data-id=\"539f3cfd\" data-element_type=\"section\" data-e-type=\"section\">\n\t\t\t\t\t\t<div class=\"elementor-container elementor-column-gap-default\">\n\t\t\t\t\t<div class=\"elementor-column elementor-col-100 elementor-top-column elementor-element elementor-element-1c174ece\" data-id=\"1c174ece\" data-element_type=\"column\" data-e-type=\"column\">\n\t\t\t<div class=\"elementor-widget-wrap elementor-element-populated\">\n\t\t\t\t\t\t<div class=\"elementor-element elementor-element-5c7528e8 elementor-widget__width-initial elementor-absolute elementor-invisible elementor-widget elementor-widget-html\" data-id=\"5c7528e8\" data-element_type=\"widget\" data-e-type=\"widget\" data-settings=\"{&quot;_position&quot;:&quot;absolute&quot;,&quot;_animation_mobile&quot;:&quot;slideInRight&quot;,&quot;_animation&quot;:&quot;slideInRight&quot;}\" data-widget_type=\"html.default\">\n\t\t\t\t<div class=\"elementor-widget-container\">\n\t\t\t\t\t<a href=\"javascript:window.close();\">Volver<<\/a>\r\n\t\t\t\t<\/div>\n\t\t\t\t<\/div>\n\t\t\t\t\t<\/div>\n\t\t<\/div>\n\t\t\t\t\t<\/div>\n\t\t<\/section>\n\t\t\t\t<section class=\"elementor-section elementor-top-section elementor-element elementor-element-17110fb1 elementor-section-boxed elementor-section-height-default elementor-section-height-default\" data-id=\"17110fb1\" data-element_type=\"section\" data-e-type=\"section\" data-settings=\"{&quot;background_background&quot;:&quot;classic&quot;,&quot;animation&quot;:&quot;none&quot;,&quot;shape_divider_top&quot;:&quot;opacity-tilt&quot;,&quot;animation_mobile&quot;:&quot;zoomIn&quot;}\">\n\t\t\t\t\t\t\t<div class=\"elementor-background-overlay\"><\/div>\n\t\t\t\t\t\t<div class=\"elementor-shape elementor-shape-top\" aria-hidden=\"true\" data-negative=\"false\">\n\t\t\t<svg xmlns=\"http:\/\/www.w3.org\/2000\/svg\" viewBox=\"0 0 2600 131.1\" preserveAspectRatio=\"none\">\n\t<path class=\"elementor-shape-fill\" d=\"M0 0L2600 0 2600 69.1 0 0z\"\/>\n\t<path class=\"elementor-shape-fill\" style=\"opacity:0.5\" d=\"M0 0L2600 0 2600 69.1 0 69.1z\"\/>\n\t<path class=\"elementor-shape-fill\" style=\"opacity:0.25\" d=\"M2600 0L0 0 0 130.1 2600 69.1z\"\/>\n<\/svg>\t\t<\/div>\n\t\t\t\t\t<div class=\"elementor-container elementor-column-gap-custom\">\n\t\t\t\t\t<div class=\"elementor-column elementor-col-50 elementor-top-column elementor-element elementor-element-6b0225db\" data-id=\"6b0225db\" data-element_type=\"column\" data-e-type=\"column\">\n\t\t\t<div class=\"elementor-widget-wrap elementor-element-populated\">\n\t\t\t\t\t\t<div class=\"elementor-element elementor-element-5d7bdd24 elementor-invisible elementor-widget elementor-widget-image\" data-id=\"5d7bdd24\" data-element_type=\"widget\" data-e-type=\"widget\" data-settings=\"{&quot;_animation&quot;:&quot;fadeInRight&quot;}\" data-widget_type=\"image.default\">\n\t\t\t\t<div class=\"elementor-widget-container\">\n\t\t\t\t\t\t\t\t\t\t\t\t\t\t\t\t<a href=\"\" a=\"\">\n\t\t\t\t\t\t\t<img fetchpriority=\"high\" decoding=\"async\" width=\"831\" height=\"1080\" src=\"https:\/\/fondationmagos.com\/es\/wp-content\/uploads\/2022\/05\/E.-Codo-Diplomatico.jpg\" class=\"attachment-full size-full wp-image-14418\" alt=\"\" srcset=\"https:\/\/fondationmagos.com\/es\/wp-content\/uploads\/2022\/05\/E.-Codo-Diplomatico.jpg 831w, https:\/\/fondationmagos.com\/es\/wp-content\/uploads\/2022\/05\/E.-Codo-Diplomatico-231x300.jpg 231w, https:\/\/fondationmagos.com\/es\/wp-content\/uploads\/2022\/05\/E.-Codo-Diplomatico-788x1024.jpg 788w, https:\/\/fondationmagos.com\/es\/wp-content\/uploads\/2022\/05\/E.-Codo-Diplomatico-768x998.jpg 768w\" sizes=\"(max-width: 831px) 100vw, 831px\" \/>\t\t\t\t\t\t\t\t<\/a>\n\t\t\t\t\t\t\t\t\t\t\t\t\t\t\t<\/div>\n\t\t\t\t<\/div>\n\t\t\t\t\t<\/div>\n\t\t<\/div>\n\t\t\t\t<div class=\"elementor-column elementor-col-50 elementor-top-column elementor-element elementor-element-27564e29 elementor-invisible\" data-id=\"27564e29\" data-element_type=\"column\" data-e-type=\"column\" data-settings=\"{&quot;animation&quot;:&quot;zoomIn&quot;}\">\n\t\t\t<div class=\"elementor-widget-wrap elementor-element-populated\">\n\t\t\t\t\t\t<div class=\"elementor-element elementor-element-7ac78dc elementor-invisible elementor-widget elementor-widget-heading\" data-id=\"7ac78dc\" data-element_type=\"widget\" data-e-type=\"widget\" data-settings=\"{&quot;_animation&quot;:&quot;zoomIn&quot;}\" data-widget_type=\"heading.default\">\n\t\t\t\t<div class=\"elementor-widget-container\">\n\t\t\t\t\t<h2 class=\"elementor-heading-title elementor-size-default\">Reproducci\u00f3n <br>del \"C\u00f3digo Diplom\u00e1tico de la Casa de Campot\u00e9jar\". <\/h2>\t\t\t\t<\/div>\n\t\t\t\t<\/div>\n\t\t\t\t<div class=\"elementor-element elementor-element-75baf6a elementor-widget elementor-widget-heading\" data-id=\"75baf6a\" data-element_type=\"widget\" data-e-type=\"widget\" data-widget_type=\"heading.default\">\n\t\t\t\t<div class=\"elementor-widget-container\">\n\t\t\t\t\t<h2 class=\"elementor-heading-title elementor-size-default\">Publicado en 2009 por <br>la Casa Ducal de Pastrana. Autor Jos\u00e9 Antonio <br>\n<br>(Espa\u00f1a, s. XXI) <br>Colecci\u00f3n Fundaci\u00f3n Magos<\/h2>\t\t\t\t<\/div>\n\t\t\t\t<\/div>\n\t\t\t\t<div class=\"elementor-element elementor-element-63e01e3 elementor-widget elementor-widget-heading\" data-id=\"63e01e3\" data-element_type=\"widget\" data-e-type=\"widget\" data-widget_type=\"heading.default\">\n\t\t\t\t<div class=\"elementor-widget-container\">\n\t\t\t\t\t<h2 class=\"elementor-heading-title elementor-size-default\">GRANDES DE ESPA\u00d1A Y ARIST\u00d3CRATAS CRISTIANOS, DESCENDIENTES DE LOS REYES DE GRANADA<\/h2>\t\t\t\t<\/div>\n\t\t\t\t<\/div>\n\t\t\t\t<div class=\"elementor-element elementor-element-c9c832b elementor-widget elementor-widget-heading\" data-id=\"c9c832b\" data-element_type=\"widget\" data-e-type=\"widget\" data-widget_type=\"heading.default\">\n\t\t\t\t<div class=\"elementor-widget-container\">\n\t\t\t\t\t<h2 class=\"elementor-heading-title elementor-size-default\">En el siglo XX, el t\u00edtulo de marqu\u00e9s de Campot\u00e9jar se otorg\u00f3 en Espa\u00f1a a una l\u00ednea lateral de los Granada Venegas. Casilda de Bustos y Figueroa, duquesa de Pastrana, marquesa de Corvera, marquesa de las Almenas, marquesa de Salinas del R\u00edo Pisuerga se convirti\u00f3 en el vig\u00e9simo marqu\u00e9s de Campot\u00e9jar. Su marido, Jos\u00e9 Finat y Escriv\u00e1 de Roman\u00ed, controlaba toda la seguridad del r\u00e9gimen franquista y, tras ser nombrada alcalde de Madrid, la heredera de la Casa Real Nazar\u00ed se convirti\u00f3 en la primera dama de la capital espa\u00f1ola de 1952 a 1965. Su nieta, tambi\u00e9n llamada Casilda, es hoy la heredera del t\u00edtulo, XXII Marquesa de Campot\u00e9jar. Su nombre recuerda a la princesa Casilda, hija del emir de Toledo (siglo X) que se convirti\u00f3 al cristianismo. M\u00e1s de cinco siglos despu\u00e9s de la ca\u00edda de la dinast\u00eda nazar\u00ed, la sangre de los reyes musulmanes de Granada corre por las venas de m\u00e1s de 40 barones, condes, marqueses, duques y grandes de Espa\u00f1a. Es una paradoja, porque la obsesi\u00f3n por la \"pureza de sangre\" entre la nobleza cristiana espa\u00f1ola, para la que era inconcebible mezclarla con la de los \"infieles\" reci\u00e9n convertidos, llev\u00f3 en los siglos XVI y XVII a prohibir el acceso a las principales instituciones civiles o eclesi\u00e1sticas espa\u00f1olas a todos aquellos que no pudieran alegar la condici\u00f3n de \"limpieza de sangre\".<\/h2>\t\t\t\t<\/div>\n\t\t\t\t<\/div>\n\t\t\t\t\t<\/div>\n\t\t<\/div>\n\t\t\t\t\t<\/div>\n\t\t<\/section>\n\t\t\t\t<\/div>\n\t\t","protected":false},"excerpt":{"rendered":"<p>Volver<\/p>\n","protected":false},"author":1,"featured_media":0,"parent":0,"menu_order":0,"comment_status":"closed","ping_status":"closed","template":"elementor_header_footer","meta":{"footnotes":""},"class_list":["post-14108","page","type-page","status-publish"],"_links":{"self":[{"href":"https:\/\/fondationmagos.com\/es\/wp-json\/wp\/v2\/pages\/14108","targetHints":{"allow":["GET"]}}],"collection":[{"href":"https:\/\/fondationmagos.com\/es\/wp-json\/wp\/v2\/pages"}],"about":[{"href":"https:\/\/fondationmagos.com\/es\/wp-json\/wp\/v2\/types\/page"}],"author":[{"embeddable":true,"href":"https:\/\/fondationmagos.com\/es\/wp-json\/wp\/v2\/users\/1"}],"replies":[{"embeddable":true,"href":"https:\/\/fondationmagos.com\/es\/wp-json\/wp\/v2\/comments?post=14108"}],"version-history":[{"count":23,"href":"https:\/\/fondationmagos.com\/es\/wp-json\/wp\/v2\/pages\/14108\/revisions"}],"predecessor-version":[{"id":18099,"href":"https:\/\/fondationmagos.com\/es\/wp-json\/wp\/v2\/pages\/14108\/revisions\/18099"}],"wp:attachment":[{"href":"https:\/\/fondationmagos.com\/es\/wp-json\/wp\/v2\/media?parent=14108"}],"curies":[{"name":"wp","href":"https:\/\/api.w.org\/{rel}","templated":true}]}}