{"id":18476,"date":"2023-04-08T11:01:36","date_gmt":"2023-04-08T11:01:36","guid":{"rendered":"https:\/\/fondationmagos.com\/es\/?page_id=18476"},"modified":"2023-04-13T03:51:19","modified_gmt":"2023-04-13T03:51:19","slug":"grabado-kalamkari-suleyman-salomon-fechado-en-1905-iran-s-xx","status":"publish","type":"page","link":"https:\/\/fondationmagos.com\/es\/grabado-kalamkari-suleyman-salomon-fechado-en-1905-iran-s-xx\/","title":{"rendered":"Grabado Kalamkari, &#8220;Suleyman \/ Salom\u00f3n&#8221; fechado en 1905 (Ir\u00e1n, s. XX)"},"content":{"rendered":"\t\t<div data-elementor-type=\"wp-page\" data-elementor-id=\"18476\" class=\"elementor elementor-18476\">\n\t\t\t\t\t\t<section class=\"elementor-section elementor-top-section elementor-element elementor-element-18eced56 elementor-section-boxed elementor-section-height-default elementor-section-height-default\" data-id=\"18eced56\" data-element_type=\"section\" data-e-type=\"section\">\n\t\t\t\t\t\t<div class=\"elementor-container elementor-column-gap-default\">\n\t\t\t\t\t<div class=\"elementor-column elementor-col-100 elementor-top-column elementor-element elementor-element-d5f7328\" data-id=\"d5f7328\" data-element_type=\"column\" data-e-type=\"column\">\n\t\t\t<div class=\"elementor-widget-wrap elementor-element-populated\">\n\t\t\t\t\t\t<div class=\"elementor-element elementor-element-320f1255 elementor-widget__width-initial elementor-absolute elementor-invisible elementor-widget elementor-widget-html\" data-id=\"320f1255\" data-element_type=\"widget\" data-e-type=\"widget\" data-settings=\"{&quot;_position&quot;:&quot;absolute&quot;,&quot;_animation_mobile&quot;:&quot;slideInRight&quot;,&quot;_animation&quot;:&quot;slideInRight&quot;}\" data-widget_type=\"html.default\">\n\t\t\t\t<div class=\"elementor-widget-container\">\n\t\t\t\t\t<a href=\"javascript:window.close();\">Volver<<\/a>\t\t\t\t<\/div>\n\t\t\t\t<\/div>\n\t\t\t\t\t<\/div>\n\t\t<\/div>\n\t\t\t\t\t<\/div>\n\t\t<\/section>\n\t\t\t\t<section class=\"elementor-section elementor-top-section elementor-element elementor-element-44cd72df elementor-section-boxed elementor-section-height-default elementor-section-height-default\" data-id=\"44cd72df\" data-element_type=\"section\" data-e-type=\"section\" data-settings=\"{&quot;background_background&quot;:&quot;classic&quot;,&quot;animation&quot;:&quot;none&quot;,&quot;shape_divider_top&quot;:&quot;opacity-tilt&quot;,&quot;animation_mobile&quot;:&quot;zoomIn&quot;}\">\n\t\t\t\t\t\t\t<div class=\"elementor-background-overlay\"><\/div>\n\t\t\t\t\t\t<div class=\"elementor-shape elementor-shape-top\" aria-hidden=\"true\" data-negative=\"false\">\n\t\t\t<svg xmlns=\"http:\/\/www.w3.org\/2000\/svg\" viewBox=\"0 0 2600 131.1\" preserveAspectRatio=\"none\">\n\t<path class=\"elementor-shape-fill\" d=\"M0 0L2600 0 2600 69.1 0 0z\"\/>\n\t<path class=\"elementor-shape-fill\" style=\"opacity:0.5\" d=\"M0 0L2600 0 2600 69.1 0 69.1z\"\/>\n\t<path class=\"elementor-shape-fill\" style=\"opacity:0.25\" d=\"M2600 0L0 0 0 130.1 2600 69.1z\"\/>\n<\/svg>\t\t<\/div>\n\t\t\t\t\t<div class=\"elementor-container elementor-column-gap-custom\">\n\t\t\t\t\t<div class=\"elementor-column elementor-col-50 elementor-top-column elementor-element elementor-element-1a294e59\" data-id=\"1a294e59\" data-element_type=\"column\" data-e-type=\"column\">\n\t\t\t<div class=\"elementor-widget-wrap elementor-element-populated\">\n\t\t\t\t\t\t<div class=\"elementor-element elementor-element-5b2c46bb elementor-invisible elementor-widget elementor-widget-image\" data-id=\"5b2c46bb\" data-element_type=\"widget\" data-e-type=\"widget\" data-settings=\"{&quot;_animation&quot;:&quot;fadeInRight&quot;}\" data-widget_type=\"image.default\">\n\t\t\t\t<div class=\"elementor-widget-container\">\n\t\t\t\t\t\t\t\t\t\t\t\t\t\t\t\t<a href=\"\" a=\"\">\n\t\t\t\t\t\t\t<img fetchpriority=\"high\" decoding=\"async\" width=\"1276\" height=\"2463\" src=\"https:\/\/fondationmagos.com\/es\/wp-content\/uploads\/2023\/04\/IMG_3113-copy.jpg\" class=\"attachment-full size-full wp-image-18478\" alt=\"\" srcset=\"https:\/\/fondationmagos.com\/es\/wp-content\/uploads\/2023\/04\/IMG_3113-copy.jpg 1276w, https:\/\/fondationmagos.com\/es\/wp-content\/uploads\/2023\/04\/IMG_3113-copy-155x300.jpg 155w, https:\/\/fondationmagos.com\/es\/wp-content\/uploads\/2023\/04\/IMG_3113-copy-531x1024.jpg 531w, https:\/\/fondationmagos.com\/es\/wp-content\/uploads\/2023\/04\/IMG_3113-copy-768x1482.jpg 768w, https:\/\/fondationmagos.com\/es\/wp-content\/uploads\/2023\/04\/IMG_3113-copy-796x1536.jpg 796w, https:\/\/fondationmagos.com\/es\/wp-content\/uploads\/2023\/04\/IMG_3113-copy-1061x2048.jpg 1061w\" sizes=\"(max-width: 1276px) 100vw, 1276px\" \/>\t\t\t\t\t\t\t\t<\/a>\n\t\t\t\t\t\t\t\t\t\t\t\t\t\t\t<\/div>\n\t\t\t\t<\/div>\n\t\t\t\t\t<\/div>\n\t\t<\/div>\n\t\t\t\t<div class=\"elementor-column elementor-col-50 elementor-top-column elementor-element elementor-element-37789765 elementor-invisible\" data-id=\"37789765\" data-element_type=\"column\" data-e-type=\"column\" data-settings=\"{&quot;animation&quot;:&quot;zoomIn&quot;}\">\n\t\t\t<div class=\"elementor-widget-wrap elementor-element-populated\">\n\t\t\t\t\t\t<div class=\"elementor-element elementor-element-be68858 elementor-widget elementor-widget-heading\" data-id=\"be68858\" data-element_type=\"widget\" data-e-type=\"widget\" data-widget_type=\"heading.default\">\n\t\t\t\t<div class=\"elementor-widget-container\">\n\t\t\t\t\t<h2 class=\"elementor-heading-title elementor-size-default\">Tapiz Kalamkari,<br> \"Suleyman \/ Salom\u00f3n\" <br>fechado en 1905 <\/h2>\t\t\t\t<\/div>\n\t\t\t\t<\/div>\n\t\t\t\t<div class=\"elementor-element elementor-element-7be1794 elementor-widget elementor-widget-heading\" data-id=\"7be1794\" data-element_type=\"widget\" data-e-type=\"widget\" data-widget_type=\"heading.default\">\n\t\t\t\t<div class=\"elementor-widget-container\">\n\t\t\t\t\t<h2 class=\"elementor-heading-title elementor-size-default\">(Ir\u00e1n, s. XX) <\/h2>\t\t\t\t<\/div>\n\t\t\t\t<\/div>\n\t\t\t\t<div class=\"elementor-element elementor-element-604513c7 elementor-widget elementor-widget-heading\" data-id=\"604513c7\" data-element_type=\"widget\" data-e-type=\"widget\" data-widget_type=\"heading.default\">\n\t\t\t\t<div class=\"elementor-widget-container\">\n\t\t\t\t\t<h2 class=\"elementor-heading-title elementor-size-default\">Gran escena figurativa con Salom\u00f3n arrodillado en un trono en el centro, rodeado de \u00e1ngeles. Abajo, varias criaturas, animales<br>(carnero y dromedario), &lt;brfiguras humanas (soldado y prisionero) y criaturas fant\u00e1sticas. <br>\n<br>Dimensiones: 2,51m x 1,38m<br>\nColecci\u00f3n Fundaci\u00f3n Magos\n<\/h2>\t\t\t\t<\/div>\n\t\t\t\t<\/div>\n\t\t\t\t<div class=\"elementor-element elementor-element-7fbb1086 elementor-widget elementor-widget-heading\" data-id=\"7fbb1086\" data-element_type=\"widget\" data-e-type=\"widget\" data-widget_type=\"heading.default\">\n\t\t\t\t<div class=\"elementor-widget-container\">\n\t\t\t\t\t<h2 class=\"elementor-heading-title elementor-size-default\">SULEYMAN\/SALOM\u00d3N, GRAN SABIO Y MAGO<\/h2>\t\t\t\t<\/div>\n\t\t\t\t<\/div>\n\t\t\t\t<div class=\"elementor-element elementor-element-79f27f9e elementor-widget elementor-widget-heading\" data-id=\"79f27f9e\" data-element_type=\"widget\" data-e-type=\"widget\" data-widget_type=\"heading.default\">\n\t\t\t\t<div class=\"elementor-widget-container\">\n\t\t\t\t\t<h2 class=\"elementor-heading-title elementor-size-default\">El rey Salom\u00f3n es el denominador com\u00fan vinculado a los pa\u00edses de los Reyes Magos de la Natividad. La Biblia hebrea presenta a Salom\u00f3n, rey de Israel (siglo X a.C.) y constructor del primer Templo de Jerusal\u00e9n, como un hombre sabio, autor de proverbios y canciones, gran conocedor de los secretos de las plantas y los animales, pero no como un mago. Su reputaci\u00f3n como astr\u00f3logo aparece ya en el siglo II a.C., y en el siglo I d.C., el historiador jud\u00edo Flavio Josefo lo presenta como autor de 3.000 libros de exorcismos y conjuros contra enfermedades causadas por demonios. En el Cor\u00e1n, se dice que Dios concedi\u00f3 a Suleyman (Salom\u00f3n) una vasta sabidur\u00eda, el don de hablar con ciertos animales y el de controlar los vientos. Se dice que le dio un anillo con un sello conocido como el \"Sello de Salom\u00f3n\", que le permite dominar incluso a los genios (djinns) y demonios (shayatin) m\u00e1s poderosos. Se dice que estas criaturas, sometidas por el anillo, ense\u00f1aron a Salom\u00f3n todas las ciencias ocultas, la magia y la hechicer\u00eda, la arquitectura y otras artes, y que tambi\u00e9n le ayudaron en la construcci\u00f3n del 'Templo de Salom\u00f3n'. \n\n<\/h2>\t\t\t\t<\/div>\n\t\t\t\t<\/div>\n\t\t\t\t\t<\/div>\n\t\t<\/div>\n\t\t\t\t\t<\/div>\n\t\t<\/section>\n\t\t\t\t<\/div>\n\t\t","protected":false},"excerpt":{"rendered":"<p>Volver<\/p>\n","protected":false},"author":1,"featured_media":0,"parent":0,"menu_order":0,"comment_status":"closed","ping_status":"closed","template":"elementor_header_footer","meta":{"footnotes":""},"class_list":["post-18476","page","type-page","status-publish"],"_links":{"self":[{"href":"https:\/\/fondationmagos.com\/es\/wp-json\/wp\/v2\/pages\/18476","targetHints":{"allow":["GET"]}}],"collection":[{"href":"https:\/\/fondationmagos.com\/es\/wp-json\/wp\/v2\/pages"}],"about":[{"href":"https:\/\/fondationmagos.com\/es\/wp-json\/wp\/v2\/types\/page"}],"author":[{"embeddable":true,"href":"https:\/\/fondationmagos.com\/es\/wp-json\/wp\/v2\/users\/1"}],"replies":[{"embeddable":true,"href":"https:\/\/fondationmagos.com\/es\/wp-json\/wp\/v2\/comments?post=18476"}],"version-history":[{"count":16,"href":"https:\/\/fondationmagos.com\/es\/wp-json\/wp\/v2\/pages\/18476\/revisions"}],"predecessor-version":[{"id":18860,"href":"https:\/\/fondationmagos.com\/es\/wp-json\/wp\/v2\/pages\/18476\/revisions\/18860"}],"wp:attachment":[{"href":"https:\/\/fondationmagos.com\/es\/wp-json\/wp\/v2\/media?parent=18476"}],"curies":[{"name":"wp","href":"https:\/\/api.w.org\/{rel}","templated":true}]}}