{"id":18575,"date":"2023-04-08T13:48:48","date_gmt":"2023-04-08T13:48:48","guid":{"rendered":"https:\/\/fondationmagos.com\/es\/?page_id=18575"},"modified":"2024-07-12T13:14:47","modified_gmt":"2024-07-12T13:14:47","slug":"mensaje","status":"publish","type":"page","link":"https:\/\/fondationmagos.com\/es\/mensaje\/","title":{"rendered":"mensaje"},"content":{"rendered":"\t\t<div data-elementor-type=\"wp-page\" data-elementor-id=\"18575\" class=\"elementor elementor-18575\">\n\t\t\t\t\t\t<section class=\"elementor-section elementor-top-section elementor-element elementor-element-2fa80c89 elementor-section-boxed elementor-section-height-default elementor-section-height-default\" data-id=\"2fa80c89\" data-element_type=\"section\" data-e-type=\"section\" data-settings=\"{&quot;background_background&quot;:&quot;classic&quot;}\">\n\t\t\t\t\t\t<div class=\"elementor-container elementor-column-gap-default\">\n\t\t\t\t\t<div class=\"elementor-column elementor-col-100 elementor-top-column elementor-element elementor-element-57c33f96\" data-id=\"57c33f96\" data-element_type=\"column\" data-e-type=\"column\">\n\t\t\t<div class=\"elementor-widget-wrap elementor-element-populated\">\n\t\t\t\t\t\t<div class=\"elementor-element elementor-element-758791e8 elementor-invisible elementor-widget elementor-widget-heading\" data-id=\"758791e8\" data-element_type=\"widget\" data-e-type=\"widget\" data-settings=\"{&quot;_animation&quot;:&quot;fadeInRight&quot;}\" data-widget_type=\"heading.default\">\n\t\t\t\t<div class=\"elementor-widget-container\">\n\t\t\t\t\t<h2 class=\"elementor-heading-title elementor-size-default\">MENSAJE  DEL FUNDADOR<\/h2>\t\t\t\t<\/div>\n\t\t\t\t<\/div>\n\t\t\t\t<div class=\"elementor-element elementor-element-4b769d99 elementor-widget-divider--view-line elementor-widget elementor-widget-divider\" data-id=\"4b769d99\" data-element_type=\"widget\" data-e-type=\"widget\" data-widget_type=\"divider.default\">\n\t\t\t\t<div class=\"elementor-widget-container\">\n\t\t\t\t\t\t\t<div class=\"elementor-divider\">\n\t\t\t<span class=\"elementor-divider-separator\">\n\t\t\t\t\t\t<\/span>\n\t\t<\/div>\n\t\t\t\t\t\t<\/div>\n\t\t\t\t<\/div>\n\t\t\t\t\t<\/div>\n\t\t<\/div>\n\t\t\t\t\t<\/div>\n\t\t<\/section>\n\t\t\t\t<section class=\"elementor-section elementor-top-section elementor-element elementor-element-7ccff33 elementor-section-boxed elementor-section-height-default elementor-section-height-default\" data-id=\"7ccff33\" data-element_type=\"section\" data-e-type=\"section\" data-settings=\"{&quot;background_background&quot;:&quot;classic&quot;,&quot;animation&quot;:&quot;none&quot;}\">\n\t\t\t\t\t\t\t<div class=\"elementor-background-overlay\"><\/div>\n\t\t\t\t\t\t\t<div class=\"elementor-container elementor-column-gap-default\">\n\t\t\t\t\t<div class=\"elementor-column elementor-col-100 elementor-top-column elementor-element elementor-element-a0805da\" data-id=\"a0805da\" data-element_type=\"column\" data-e-type=\"column\">\n\t\t\t<div class=\"elementor-widget-wrap elementor-element-populated\">\n\t\t\t\t\t\t<div class=\"elementor-element elementor-element-f63b545 elementor-widget elementor-widget-text-editor\" data-id=\"f63b545\" data-element_type=\"widget\" data-e-type=\"widget\" data-widget_type=\"text-editor.default\">\n\t\t\t\t<div class=\"elementor-widget-container\">\n\t\t\t\t\t\t\t\t\t<p><b>EL FUNDADOR, JOEL SOLER<br \/><\/b><\/p><p>La Fundaci\u00f3n Magos encuentra su fuente de inspiraci\u00f3n en Etiop\u00eda, en Aksum, lugar sagrado para las tres religiones monote\u00edstas. Fue durante la visita a la tumba del rey Bazen, asociado con el mago Balthazar, que algo obvio se hizo evidente. Mi pr\u00f3ximo proyecto desde luego estara dedicado a la b\u00fasqueda de estos Reyes de Oriente y su mensaje, \u00a1todav\u00eda vivos y tan necesarios en nuestro mundo fracturado!<\/p><p>Como director de documentales, comenc\u00e9 a recopilar representaciones y objetos para ilustrar una exposici\u00f3n, concebida como una inmersi\u00f3n cinematogr\u00e1fica en el universo de los Reyes Magos. M\u00e1s de 2000 referencias acumuladas durante mis viajes enriquecidas por donaciones de artistas y mecenas, se presentar\u00e1n por primera vez al p\u00fablico en Granada a finales de 2023. La promesa de la Fundaci\u00f3n Magos es compartir estas obras por generaciones presentes y futuras sino tambi\u00e9n para transmitir los valores portados por estos Sabios: No s\u00f3lo un di\u00e1logo entre culturas y religiones, sino tambi\u00e9n un acercamiento entre Oriente y Occidente.<\/p><p>La creaci\u00f3n de la Fundaci\u00f3n Magos es fruto de una convicci\u00f3n personal. El de una atracci\u00f3n por el Oriente, influenciada en gran medida por mis or\u00edgenes andaluces, mezclados con el cristianismo y el islam, luego por mis antepasados espa\u00f1oles que se instalaron en Argelia durante la colonizaci\u00f3n francesa. El asesinato de mi abuelo en la tierra del Islam, el d\u00eda de la independencia de Argelia (cientos de cristianos fueron arrojados este d\u00eda a una fosa com\u00fan por sus hermanos \u00e1rabes cuya ira fue solo la culminaci\u00f3n de varias d\u00e9cadas de opresi\u00f3n) ciertamente ha influido en mis logros.<\/p><p>Habiendo dedicado m\u00e1s de 15 a\u00f1os a hacer documentales pol\u00edticos, me he encontrado con los personajes m\u00e1s intolerantes de nuestra historia contempor\u00e1nea: representantes de los Jemeres Rojos en Camboya, miembros de la escolta de Hitler, l\u00edderes hutu responsables del genocidio de los tutsi en Ruanda, el gu\u00eda espiritual de Osama Bin Laden, la viuda del general Pinochet quien me asegur\u00f3 que la masacre de los comunistas chilenos era una necesidad, Nexjime Hoxha, primera dama del r\u00e9gimen comunista de Albania, quien consider\u00f3 imprescindible el asesinato de cl\u00e9rigos o la actual vicepresidente de Liberia, Jewel Taylor, quien cree que el derramamiento de sangre durante la guerra civil fue inevitable.<\/p><p>Que queda del \u00ab Tratado sobre la Tolerancia \u00bb, en el cual Voltaire dijo : \u201c\u00a1Que todos los hombres recuerden que son hermanos! \u00a1Que aborrezcan la tiran\u00eda que se ejerce sobre las almas \u00bb! \u00bb! La ceremonia de entrega de premios del 16 de noviembre de 2024 en M\u00e1laga ser\u00e1 una oportunidad para escuchar lo que los l\u00edderes de opini\u00f3n, modelos de inspiraci\u00f3n tienen que decirnos y, espero, abrir nuestra mente a horizontes m\u00e1s prometedores. El Premio Humanitario \u201cTratado sobre la Tolerancia\u201d ser\u00e1 una forma de que todos acudamos en ayuda de estas hero\u00ednas y h\u00e9roes cotidianos que luchan por promover estos valores de Tolerancia.<\/p>\t\t\t\t\t\t\t\t<\/div>\n\t\t\t\t<\/div>\n\t\t\t\t\t<\/div>\n\t\t<\/div>\n\t\t\t\t\t<\/div>\n\t\t<\/section>\n\t\t\t\t<section class=\"elementor-section elementor-top-section elementor-element elementor-element-3ce6a13d elementor-section-boxed elementor-section-height-default elementor-section-height-default\" data-id=\"3ce6a13d\" data-element_type=\"section\" data-e-type=\"section\" data-settings=\"{&quot;background_background&quot;:&quot;classic&quot;}\">\n\t\t\t\t\t\t<div class=\"elementor-container elementor-column-gap-default\">\n\t\t\t\t\t<div class=\"elementor-column elementor-col-100 elementor-top-column elementor-element elementor-element-47abae4d\" data-id=\"47abae4d\" data-element_type=\"column\" data-e-type=\"column\">\n\t\t\t<div class=\"elementor-widget-wrap elementor-element-populated\">\n\t\t\t\t\t\t<div class=\"elementor-element elementor-element-62579eec elementor-widget elementor-widget-text-editor\" data-id=\"62579eec\" data-element_type=\"widget\" data-e-type=\"widget\" data-widget_type=\"text-editor.default\">\n\t\t\t\t<div class=\"elementor-widget-container\">\n\t\t\t\t\t\t\t\t\tJoel Soler es un documentalista galardonado cuyas obras se han proyectado en m\u00e1s de 80 pa\u00edses. Su primera pel\u00edcula &#8220;T\u00edo Saddam&#8221;, obtuvo los \u00edndices de audiencia m\u00e1s altos para el canal estadounidense HBO\/Cinemax de no ficci\u00f3n. Dirigi\u00f3 en particular &#8220;Bin Laden: Dinast\u00eda del terror&#8221; y &#8220;T\u00edo Hitler&#8221; sobre la familia del F\u00fchrer. Es el creador y director de la serie de ocho episodios \u00ab Despot Housewives \u00bb sobre las esposas de los dictadores. Sus temas cinematogr\u00e1ficos relacionados con el terrorismo y las dictaduras le valieron la detenci\u00f3n en Al-Qaeda (sur de Yemen) y un encarcelamiento de 50 d\u00edas en Maltepe en Turqu\u00eda. Residiendo en los Estados Unidos durante 14 a\u00f1os, se benefici\u00f3 durante un tiempo de la protecci\u00f3n del FBI. Organiz\u00f3 en las Naciones Unidas en Nueva York el 40 aniversario de la Declaraci\u00f3n de los Derechos de la Mujer. Durante la guerra en Yugoslavia, organiz\u00f3 y acompa\u00f1\u00f3 un convoy humanitario a los campos de refugiados de Bosnia. Inici\u00f3 con los ganadores del Premio Nobel de la Paz Jody Williams y Wangari Maathai, as\u00ed como con la Reina Noor de Jordania, los premios cinematogr\u00e1ficos Cin\u00e9ma V\u00e9rit\u00e9.\t\t\t\t\t\t\t\t<\/div>\n\t\t\t\t<\/div>\n\t\t\t\t\t<\/div>\n\t\t<\/div>\n\t\t\t\t\t<\/div>\n\t\t<\/section>\n\t\t\t\t<section class=\"elementor-section elementor-top-section elementor-element elementor-element-4158c11d elementor-section-boxed elementor-section-height-default elementor-section-height-default\" data-id=\"4158c11d\" data-element_type=\"section\" data-e-type=\"section\" data-settings=\"{&quot;background_background&quot;:&quot;classic&quot;}\">\n\t\t\t\t\t\t<div class=\"elementor-container elementor-column-gap-default\">\n\t\t\t\t\t<div class=\"elementor-column elementor-col-20 elementor-top-column elementor-element elementor-element-4a04e346\" data-id=\"4a04e346\" data-element_type=\"column\" data-e-type=\"column\">\n\t\t\t<div class=\"elementor-widget-wrap elementor-element-populated\">\n\t\t\t\t\t\t<div class=\"elementor-element elementor-element-249866fc elementor-widget elementor-widget-image\" data-id=\"249866fc\" data-element_type=\"widget\" data-e-type=\"widget\" data-widget_type=\"image.default\">\n\t\t\t\t<div class=\"elementor-widget-container\">\n\t\t\t\t\t\t\t\t\t\t\t\t\t\t\t<img fetchpriority=\"high\" decoding=\"async\" width=\"683\" height=\"1024\" src=\"https:\/\/fondationmagos.com\/es\/wp-content\/uploads\/2023\/04\/afficheCannes-683x1024.jpg\" class=\"attachment-large size-large wp-image-18548\" alt=\"\" srcset=\"https:\/\/fondationmagos.com\/es\/wp-content\/uploads\/2023\/04\/afficheCannes-683x1024.jpg 683w, https:\/\/fondationmagos.com\/es\/wp-content\/uploads\/2023\/04\/afficheCannes-200x300.jpg 200w, https:\/\/fondationmagos.com\/es\/wp-content\/uploads\/2023\/04\/afficheCannes-768x1152.jpg 768w, https:\/\/fondationmagos.com\/es\/wp-content\/uploads\/2023\/04\/afficheCannes.jpg 800w\" sizes=\"(max-width: 683px) 100vw, 683px\" \/>\t\t\t\t\t\t\t\t\t\t\t\t\t\t\t<\/div>\n\t\t\t\t<\/div>\n\t\t\t\t\t<\/div>\n\t\t<\/div>\n\t\t\t\t<div class=\"elementor-column elementor-col-20 elementor-top-column elementor-element elementor-element-4cedeb1f\" data-id=\"4cedeb1f\" data-element_type=\"column\" data-e-type=\"column\">\n\t\t\t<div class=\"elementor-widget-wrap elementor-element-populated\">\n\t\t\t\t\t\t<div class=\"elementor-element elementor-element-4d87810 elementor-widget elementor-widget-image\" data-id=\"4d87810\" data-element_type=\"widget\" data-e-type=\"widget\" data-widget_type=\"image.default\">\n\t\t\t\t<div class=\"elementor-widget-container\">\n\t\t\t\t\t\t\t\t\t\t\t\t\t\t\t<img decoding=\"async\" width=\"768\" height=\"1024\" src=\"https:\/\/fondationmagos.com\/es\/wp-content\/uploads\/2023\/04\/despot_housewives_Affiche-768x1024.jpg\" class=\"attachment-large size-large wp-image-18577\" alt=\"\" srcset=\"https:\/\/fondationmagos.com\/es\/wp-content\/uploads\/2023\/04\/despot_housewives_Affiche-768x1024.jpg 768w, https:\/\/fondationmagos.com\/es\/wp-content\/uploads\/2023\/04\/despot_housewives_Affiche-225x300.jpg 225w, https:\/\/fondationmagos.com\/es\/wp-content\/uploads\/2023\/04\/despot_housewives_Affiche-1152x1536.jpg 1152w, https:\/\/fondationmagos.com\/es\/wp-content\/uploads\/2023\/04\/despot_housewives_Affiche.jpg 1406w\" sizes=\"(max-width: 768px) 100vw, 768px\" \/>\t\t\t\t\t\t\t\t\t\t\t\t\t\t\t<\/div>\n\t\t\t\t<\/div>\n\t\t\t\t\t<\/div>\n\t\t<\/div>\n\t\t\t\t<div class=\"elementor-column elementor-col-20 elementor-top-column elementor-element elementor-element-5490563b\" data-id=\"5490563b\" data-element_type=\"column\" data-e-type=\"column\">\n\t\t\t<div class=\"elementor-widget-wrap elementor-element-populated\">\n\t\t\t\t\t\t<div class=\"elementor-element elementor-element-39d688af elementor-widget elementor-widget-image\" data-id=\"39d688af\" data-element_type=\"widget\" data-e-type=\"widget\" data-widget_type=\"image.default\">\n\t\t\t\t<div class=\"elementor-widget-container\">\n\t\t\t\t\t\t\t\t\t\t\t\t\t\t\t<img decoding=\"async\" width=\"150\" height=\"213\" src=\"https:\/\/fondationmagos.com\/es\/wp-content\/uploads\/2023\/04\/binladen-1.jpg\" class=\"attachment-large size-large wp-image-18578\" alt=\"\" \/>\t\t\t\t\t\t\t\t\t\t\t\t\t\t\t<\/div>\n\t\t\t\t<\/div>\n\t\t\t\t\t<\/div>\n\t\t<\/div>\n\t\t\t\t<div class=\"elementor-column elementor-col-20 elementor-top-column elementor-element elementor-element-69b34cca\" data-id=\"69b34cca\" data-element_type=\"column\" data-e-type=\"column\">\n\t\t\t<div class=\"elementor-widget-wrap elementor-element-populated\">\n\t\t\t\t\t\t<div class=\"elementor-element elementor-element-691e19c1 elementor-widget elementor-widget-image\" data-id=\"691e19c1\" data-element_type=\"widget\" data-e-type=\"widget\" data-widget_type=\"image.default\">\n\t\t\t\t<div class=\"elementor-widget-container\">\n\t\t\t\t\t\t\t\t\t\t\t\t\t\t\t<img loading=\"lazy\" decoding=\"async\" width=\"194\" height=\"259\" src=\"https:\/\/fondationmagos.com\/es\/wp-content\/uploads\/2023\/04\/hitler.jpg\" class=\"attachment-large size-large wp-image-18579\" alt=\"\" \/>\t\t\t\t\t\t\t\t\t\t\t\t\t\t\t<\/div>\n\t\t\t\t<\/div>\n\t\t\t\t\t<\/div>\n\t\t<\/div>\n\t\t\t\t<div class=\"elementor-column elementor-col-20 elementor-top-column elementor-element elementor-element-592f9457\" data-id=\"592f9457\" data-element_type=\"column\" data-e-type=\"column\">\n\t\t\t<div class=\"elementor-widget-wrap elementor-element-populated\">\n\t\t\t\t\t\t<div class=\"elementor-element elementor-element-72a37a1f elementor-widget elementor-widget-image\" data-id=\"72a37a1f\" data-element_type=\"widget\" data-e-type=\"widget\" data-widget_type=\"image.default\">\n\t\t\t\t<div class=\"elementor-widget-container\">\n\t\t\t\t\t\t\t\t\t\t\t\t\t\t\t<img loading=\"lazy\" decoding=\"async\" width=\"355\" height=\"500\" src=\"https:\/\/fondationmagos.com\/es\/wp-content\/uploads\/2023\/04\/Saddam.jpg\" class=\"attachment-large size-large wp-image-18580\" alt=\"\" srcset=\"https:\/\/fondationmagos.com\/es\/wp-content\/uploads\/2023\/04\/Saddam.jpg 355w, https:\/\/fondationmagos.com\/es\/wp-content\/uploads\/2023\/04\/Saddam-213x300.jpg 213w\" sizes=\"(max-width: 355px) 100vw, 355px\" \/>\t\t\t\t\t\t\t\t\t\t\t\t\t\t\t<\/div>\n\t\t\t\t<\/div>\n\t\t\t\t\t<\/div>\n\t\t<\/div>\n\t\t\t\t\t<\/div>\n\t\t<\/section>\n\t\t\t\t<\/div>\n\t\t","protected":false},"excerpt":{"rendered":"<p>MENSAJE DEL FUNDADOR EL FUNDADOR, JOEL SOLER La Fundaci\u00f3n Magos encuentra su fuente de inspiraci\u00f3n en Etiop\u00eda, en Aksum, lugar sagrado para las tres religiones monote\u00edstas. Fue durante la visita&#8230;<\/p>\n","protected":false},"author":1,"featured_media":0,"parent":0,"menu_order":0,"comment_status":"closed","ping_status":"closed","template":"","meta":{"footnotes":""},"class_list":["post-18575","page","type-page","status-publish"],"_links":{"self":[{"href":"https:\/\/fondationmagos.com\/es\/wp-json\/wp\/v2\/pages\/18575","targetHints":{"allow":["GET"]}}],"collection":[{"href":"https:\/\/fondationmagos.com\/es\/wp-json\/wp\/v2\/pages"}],"about":[{"href":"https:\/\/fondationmagos.com\/es\/wp-json\/wp\/v2\/types\/page"}],"author":[{"embeddable":true,"href":"https:\/\/fondationmagos.com\/es\/wp-json\/wp\/v2\/users\/1"}],"replies":[{"embeddable":true,"href":"https:\/\/fondationmagos.com\/es\/wp-json\/wp\/v2\/comments?post=18575"}],"version-history":[{"count":16,"href":"https:\/\/fondationmagos.com\/es\/wp-json\/wp\/v2\/pages\/18575\/revisions"}],"predecessor-version":[{"id":19273,"href":"https:\/\/fondationmagos.com\/es\/wp-json\/wp\/v2\/pages\/18575\/revisions\/19273"}],"wp:attachment":[{"href":"https:\/\/fondationmagos.com\/es\/wp-json\/wp\/v2\/media?parent=18575"}],"curies":[{"name":"wp","href":"https:\/\/api.w.org\/{rel}","templated":true}]}}