{"id":18807,"date":"2023-04-13T03:01:16","date_gmt":"2023-04-13T03:01:16","guid":{"rendered":"https:\/\/fondationmagos.com\/es\/?page_id=18807"},"modified":"2023-06-21T13:51:21","modified_gmt":"2023-06-21T13:51:21","slug":"premio","status":"publish","type":"page","link":"https:\/\/fondationmagos.com\/es\/premio\/","title":{"rendered":"PREMIO"},"content":{"rendered":"\t\t<div data-elementor-type=\"wp-page\" data-elementor-id=\"18807\" class=\"elementor elementor-18807\">\n\t\t\t\t\t\t<section class=\"elementor-section elementor-top-section elementor-element elementor-element-77ff0d16 elementor-section-boxed elementor-section-height-default elementor-section-height-default\" data-id=\"77ff0d16\" data-element_type=\"section\" data-e-type=\"section\" data-settings=\"{&quot;background_background&quot;:&quot;classic&quot;,&quot;animation&quot;:&quot;none&quot;}\">\n\t\t\t\t\t\t\t<div class=\"elementor-background-overlay\"><\/div>\n\t\t\t\t\t\t\t<div class=\"elementor-container elementor-column-gap-custom\">\n\t\t\t\t\t<div class=\"elementor-column elementor-col-50 elementor-top-column elementor-element elementor-element-207d2b1a\" data-id=\"207d2b1a\" data-element_type=\"column\" data-e-type=\"column\">\n\t\t\t<div class=\"elementor-widget-wrap elementor-element-populated\">\n\t\t\t\t\t\t<div class=\"elementor-element elementor-element-5964442e elementor-invisible elementor-widget elementor-widget-image\" data-id=\"5964442e\" data-element_type=\"widget\" data-e-type=\"widget\" data-settings=\"{&quot;_animation&quot;:&quot;zoomIn&quot;}\" data-widget_type=\"image.default\">\n\t\t\t\t<div class=\"elementor-widget-container\">\n\t\t\t\t\t\t\t\t\t\t\t\t\t\t\t<img decoding=\"async\" width=\"125\" height=\"201\" src=\"https:\/\/fondationmagos.com\/es\/wp-content\/uploads\/2023\/04\/lib1.jpg\" class=\"elementor-animation-grow attachment-full size-full wp-image-18507\" alt=\"\" \/>\t\t\t\t\t\t\t\t\t\t\t\t\t\t\t<\/div>\n\t\t\t\t<\/div>\n\t\t\t\t\t<\/div>\n\t\t<\/div>\n\t\t\t\t<div class=\"elementor-column elementor-col-50 elementor-top-column elementor-element elementor-element-483b4664 elementor-invisible\" data-id=\"483b4664\" data-element_type=\"column\" data-e-type=\"column\" data-settings=\"{&quot;animation&quot;:&quot;zoomIn&quot;}\">\n\t\t\t<div class=\"elementor-widget-wrap elementor-element-populated\">\n\t\t\t\t\t\t<div class=\"elementor-element elementor-element-1bf0a6c4 elementor-widget elementor-widget-text-editor\" data-id=\"1bf0a6c4\" data-element_type=\"widget\" data-e-type=\"widget\" data-widget_type=\"text-editor.default\">\n\t\t\t\t<div class=\"elementor-widget-container\">\n\t\t\t\t\t\t\t\t\tEste texto, escrito por Voltaire en 1763 con motivo de la muerte de Jean Calas, protestante injustamente acusado de la muerte de su hijo que deseaba convertirse al catolicismo, est\u00e1 m\u00e1s de actualidad que nunca en su 260 aniversario. Con este tratado, Voltaire hace un llamamiento a la tolerancia entre religiones y arremete contra el fanatismo religioso. \n\n\t\t\t\t\t\t\t\t<\/div>\n\t\t\t\t<\/div>\n\t\t\t\t\t<\/div>\n\t\t<\/div>\n\t\t\t\t\t<\/div>\n\t\t<\/section>\n\t\t\t\t<section class=\"elementor-section elementor-top-section elementor-element elementor-element-3a810c6d elementor-section-boxed elementor-section-height-default elementor-section-height-default\" data-id=\"3a810c6d\" data-element_type=\"section\" data-e-type=\"section\" data-settings=\"{&quot;background_background&quot;:&quot;classic&quot;,&quot;animation&quot;:&quot;none&quot;}\">\n\t\t\t\t\t\t\t<div class=\"elementor-background-overlay\"><\/div>\n\t\t\t\t\t\t\t<div class=\"elementor-container elementor-column-gap-custom\">\n\t\t\t\t\t<div class=\"elementor-column elementor-col-50 elementor-top-column elementor-element elementor-element-6487b7ad\" data-id=\"6487b7ad\" data-element_type=\"column\" data-e-type=\"column\">\n\t\t\t<div class=\"elementor-widget-wrap elementor-element-populated\">\n\t\t\t\t\t\t<div class=\"elementor-element elementor-element-475ed96f elementor-invisible elementor-widget elementor-widget-image\" data-id=\"475ed96f\" data-element_type=\"widget\" data-e-type=\"widget\" data-settings=\"{&quot;_animation&quot;:&quot;zoomIn&quot;}\" data-widget_type=\"image.default\">\n\t\t\t\t<div class=\"elementor-widget-container\">\n\t\t\t\t\t\t\t\t\t\t\t\t\t\t\t<img decoding=\"async\" width=\"125\" height=\"188\" src=\"https:\/\/fondationmagos.com\/es\/wp-content\/uploads\/2023\/04\/lib2.jpg\" class=\"elementor-animation-grow attachment-full size-full wp-image-18508\" alt=\"\" \/>\t\t\t\t\t\t\t\t\t\t\t\t\t\t\t<\/div>\n\t\t\t\t<\/div>\n\t\t\t\t\t<\/div>\n\t\t<\/div>\n\t\t\t\t<div class=\"elementor-column elementor-col-50 elementor-top-column elementor-element elementor-element-7be7468b elementor-invisible\" data-id=\"7be7468b\" data-element_type=\"column\" data-e-type=\"column\" data-settings=\"{&quot;animation&quot;:&quot;zoomIn&quot;}\">\n\t\t\t<div class=\"elementor-widget-wrap elementor-element-populated\">\n\t\t\t\t\t\t<div class=\"elementor-element elementor-element-3a366508 elementor-widget elementor-widget-text-editor\" data-id=\"3a366508\" data-element_type=\"widget\" data-e-type=\"widget\" data-widget_type=\"text-editor.default\">\n\t\t\t\t<div class=\"elementor-widget-container\">\n\t\t\t\t\t\t\t\t\tEl extremismo ideol\u00f3gico no se extingui\u00f3 con la Ilustraci\u00f3n y concierne en gran medida a nuestra \u00e9poca. As\u00ed, millones de hombres, mujeres y ni\u00f1os siguen siendo perseguidos en diversas partes del mundo por sus creencias, asesinados por su fe, obligados al exilio o a la conversi\u00f3n. En un momento en que la humanidad est\u00e1 empe\u00f1ada en afrontar el reto del cambio clim\u00e1tico, otra crisis cuestiona nuestra humanidad: la aceptaci\u00f3n del Otro y de su diferencia. \n\n&#8220;\u00a1Que este ejemplo sirva para inspirar a los hombres la tolerancia, sin la cual el fanatismo desolar\u00eda la tierra, o al menos la entristecer\u00eda siempre!\u201d, concluye Voltaire su Tratado sobre la tolerancia.\n\t\t\t\t\t\t\t\t<\/div>\n\t\t\t\t<\/div>\n\t\t\t\t\t<\/div>\n\t\t<\/div>\n\t\t\t\t\t<\/div>\n\t\t<\/section>\n\t\t\t\t<section class=\"elementor-section elementor-top-section elementor-element elementor-element-3fbbef20 elementor-reverse-mobile elementor-reverse-tablet elementor-section-boxed elementor-section-height-default elementor-section-height-default\" data-id=\"3fbbef20\" data-element_type=\"section\" data-e-type=\"section\" data-settings=\"{&quot;background_background&quot;:&quot;classic&quot;,&quot;animation&quot;:&quot;none&quot;}\">\n\t\t\t\t\t\t\t<div class=\"elementor-background-overlay\"><\/div>\n\t\t\t\t\t\t\t<div class=\"elementor-container elementor-column-gap-custom\">\n\t\t\t\t\t<div class=\"elementor-column elementor-col-50 elementor-top-column elementor-element elementor-element-8b5e3c elementor-invisible\" data-id=\"8b5e3c\" data-element_type=\"column\" data-e-type=\"column\" data-settings=\"{&quot;animation&quot;:&quot;zoomIn&quot;}\">\n\t\t\t<div class=\"elementor-widget-wrap elementor-element-populated\">\n\t\t\t\t\t\t<div class=\"elementor-element elementor-element-3cdb2baa animated-slow elementor-invisible elementor-widget elementor-widget-heading\" data-id=\"3cdb2baa\" data-element_type=\"widget\" data-e-type=\"widget\" data-settings=\"{&quot;_animation&quot;:&quot;zoomIn&quot;}\" data-widget_type=\"heading.default\">\n\t\t\t\t<div class=\"elementor-widget-container\">\n\t\t\t\t\t<h2 class=\"elementor-heading-title elementor-size-default\">SOBRE LOS GANADORES<\/h2>\t\t\t\t<\/div>\n\t\t\t\t<\/div>\n\t\t\t\t<div class=\"elementor-element elementor-element-41b2ef1b elementor-widget elementor-widget-text-editor\" data-id=\"41b2ef1b\" data-element_type=\"widget\" data-e-type=\"widget\" data-widget_type=\"text-editor.default\">\n\t\t\t\t<div class=\"elementor-widget-container\">\n\t\t\t\t\t\t\t\t\tEl Premio &#8220;Tratado sobre la Tolerancia&#8221; alienta el compromiso de quienes siguen los pasos de Voltaire para luchar contra la intolerancia y dar una lecci\u00f3n de valor y esperanza. \n\nDistinguir\u00e1 las acciones de los mensajeros de la esperanza que, cada d\u00eda, tratan de acercar y unir a personas de distintas confesiones, respetando sus particularidades.<BR><BR>\n\nSu objetivo es apoyar a los &#8220;mensajeros de la paz&#8221; o &#8220;h\u00e9roes cotidianos&#8221; que intervienen en situaciones de angustia o conflicto religioso. La ayuda a las minor\u00edas religiosas se har\u00e1 en el marco de un enfoque humanista y no religioso, con el objetivo primordial de respetar la diversidad cultural. Consistir\u00e1 en la distribuci\u00f3n de art\u00edculos de primera necesidad a trav\u00e9s de organizaciones ya establecidas sobre el terreno, la reconstrucci\u00f3n de viviendas y el acceso a la asistencia sanitaria. Para evitar cualquier proselitismo, este premio no est\u00e1 destinado a reconstruir lugares de culto. \n\t\t\t\t\t\t\t\t<\/div>\n\t\t\t\t<\/div>\n\t\t\t\t\t<\/div>\n\t\t<\/div>\n\t\t\t\t<div class=\"elementor-column elementor-col-50 elementor-top-column elementor-element elementor-element-72eb2f1f\" data-id=\"72eb2f1f\" data-element_type=\"column\" data-e-type=\"column\">\n\t\t\t<div class=\"elementor-widget-wrap elementor-element-populated\">\n\t\t\t\t\t\t<div class=\"elementor-element elementor-element-3db9f956 elementor-invisible elementor-widget elementor-widget-image\" data-id=\"3db9f956\" data-element_type=\"widget\" data-e-type=\"widget\" data-settings=\"{&quot;_animation&quot;:&quot;zoomIn&quot;}\" data-widget_type=\"image.default\">\n\t\t\t\t<div class=\"elementor-widget-container\">\n\t\t\t\t\t\t\t\t\t\t\t\t\t\t\t<img fetchpriority=\"high\" decoding=\"async\" width=\"2560\" height=\"1274\" src=\"https:\/\/fondationmagos.com\/es\/wp-content\/uploads\/2023\/04\/DSC_0363-scaled-1.jpg\" class=\"elementor-animation-grow attachment-full size-full wp-image-18509\" alt=\"\" srcset=\"https:\/\/fondationmagos.com\/es\/wp-content\/uploads\/2023\/04\/DSC_0363-scaled-1.jpg 2560w, https:\/\/fondationmagos.com\/es\/wp-content\/uploads\/2023\/04\/DSC_0363-scaled-1-300x149.jpg 300w, https:\/\/fondationmagos.com\/es\/wp-content\/uploads\/2023\/04\/DSC_0363-scaled-1-1024x510.jpg 1024w, https:\/\/fondationmagos.com\/es\/wp-content\/uploads\/2023\/04\/DSC_0363-scaled-1-768x382.jpg 768w, https:\/\/fondationmagos.com\/es\/wp-content\/uploads\/2023\/04\/DSC_0363-scaled-1-1536x764.jpg 1536w, https:\/\/fondationmagos.com\/es\/wp-content\/uploads\/2023\/04\/DSC_0363-scaled-1-2048x1019.jpg 2048w\" sizes=\"(max-width: 2560px) 100vw, 2560px\" \/>\t\t\t\t\t\t\t\t\t\t\t\t\t\t\t<\/div>\n\t\t\t\t<\/div>\n\t\t\t\t<div class=\"elementor-element elementor-element-305637a1 elementor-invisible elementor-widget elementor-widget-text-editor\" data-id=\"305637a1\" data-element_type=\"widget\" data-e-type=\"widget\" data-settings=\"{&quot;_animation&quot;:&quot;slideInDown&quot;}\" data-widget_type=\"text-editor.default\">\n\t\t\t\t<div class=\"elementor-widget-container\">\n\t\t\t\t\t\t\t\t\t<p>Calendario de las tres religiones por Shamira Minozzi<\/p>\t\t\t\t\t\t\t\t<\/div>\n\t\t\t\t<\/div>\n\t\t\t\t\t<\/div>\n\t\t<\/div>\n\t\t\t\t\t<\/div>\n\t\t<\/section>\n\t\t\t\t<section class=\"elementor-section elementor-top-section elementor-element elementor-element-26f9bea6 elementor-reverse-mobile elementor-reverse-tablet elementor-section-boxed elementor-section-height-default elementor-section-height-default\" data-id=\"26f9bea6\" data-element_type=\"section\" data-e-type=\"section\" data-settings=\"{&quot;background_background&quot;:&quot;classic&quot;,&quot;animation&quot;:&quot;none&quot;}\">\n\t\t\t\t\t\t\t<div class=\"elementor-background-overlay\"><\/div>\n\t\t\t\t\t\t\t<div class=\"elementor-container elementor-column-gap-custom\">\n\t\t\t\t\t<div class=\"elementor-column elementor-col-100 elementor-top-column elementor-element elementor-element-1b61a9d5\" data-id=\"1b61a9d5\" data-element_type=\"column\" data-e-type=\"column\">\n\t\t\t<div class=\"elementor-widget-wrap elementor-element-populated\">\n\t\t\t\t\t\t<div class=\"elementor-element elementor-element-1316ceec elementor-invisible elementor-widget elementor-widget-image\" data-id=\"1316ceec\" data-element_type=\"widget\" data-e-type=\"widget\" data-settings=\"{&quot;_animation&quot;:&quot;zoomIn&quot;}\" data-widget_type=\"image.default\">\n\t\t\t\t<div class=\"elementor-widget-container\">\n\t\t\t\t\t\t\t\t\t\t\t\t\t\t\t<img loading=\"lazy\" decoding=\"async\" width=\"1031\" height=\"458\" src=\"https:\/\/fondationmagos.com\/es\/wp-content\/uploads\/2023\/04\/xccc.jpg\" class=\"elementor-animation-grow attachment-full size-full wp-image-18510\" alt=\"\" srcset=\"https:\/\/fondationmagos.com\/es\/wp-content\/uploads\/2023\/04\/xccc.jpg 1031w, https:\/\/fondationmagos.com\/es\/wp-content\/uploads\/2023\/04\/xccc-300x133.jpg 300w, https:\/\/fondationmagos.com\/es\/wp-content\/uploads\/2023\/04\/xccc-1024x455.jpg 1024w, https:\/\/fondationmagos.com\/es\/wp-content\/uploads\/2023\/04\/xccc-768x341.jpg 768w\" sizes=\"(max-width: 1031px) 100vw, 1031px\" \/>\t\t\t\t\t\t\t\t\t\t\t\t\t\t\t<\/div>\n\t\t\t\t<\/div>\n\t\t\t\t<div class=\"elementor-element elementor-element-461c46c3 animated-slow elementor-invisible elementor-widget elementor-widget-heading\" data-id=\"461c46c3\" data-element_type=\"widget\" data-e-type=\"widget\" data-settings=\"{&quot;_animation&quot;:&quot;zoomIn&quot;}\" data-widget_type=\"heading.default\">\n\t\t\t\t<div class=\"elementor-widget-container\">\n\t\t\t\t\t<h2 class=\"elementor-heading-title elementor-size-default\">CARTOGRAFIA DE LAS PERSECUCIONES RELIGIOSAS<\/h2>\t\t\t\t<\/div>\n\t\t\t\t<\/div>\n\t\t\t\t<div class=\"elementor-element elementor-element-44104e46 elementor-widget elementor-widget-text-editor\" data-id=\"44104e46\" data-element_type=\"widget\" data-e-type=\"widget\" data-widget_type=\"text-editor.default\">\n\t\t\t\t<div class=\"elementor-widget-container\">\n\t\t\t\t\t\t\t\t\t<p>La libertad de religi\u00f3n est\u00e1 garantizada por la Declaraci\u00f3n Universal de Derechos Humanos. Sin embargo, en muchos pa\u00edses del mundo la persecuci\u00f3n religiosa es hoy una violaci\u00f3n de los derechos humanos y afecta a todas las grandes religiones. Este mapa del horror es fragmentario y no capta la totalidad de los abusos cometidos contra los creyentes. Cabe destacar que la intolerancia religiosa tambi\u00e9n se manifiesta contra los no creyentes o ateos.<br><br><\/p>\n<p><b>LOS CRISTIANOS<\/b> &#8211; La persecuci\u00f3n de los &#8220;guardianes de la cuna de la fe cristiana en Oriente&#8221; empeora cada a\u00f1o. Si a principios del siglo XX eran del 20 al 25 % en Oriente Pr\u00f3ximo y Oriente Medio, ahora son menos del 5 %. Su debilitamiento casi ha puesto fin a una larga tradici\u00f3n de mediaci\u00f3n o de puentes culturales y a veces pol\u00edticos entre Oriente y Occidente. El cristianismo est\u00e1 desapareciendo de los lugares donde naci\u00f3. Obligados al exilio, huyendo de la persecuci\u00f3n y de sus bas\u00edlicas con c\u00fapulas derruidas, son las v\u00edctimas de estos &#8220;Herodes contempor\u00e1neos&#8221;. La ONG Open Doors calcula que 1 de cada 7 cristianos en el mundo sufre una fuerte persecuci\u00f3n. Corea del Norte encabeza la lista y tiene la puntuaci\u00f3n m\u00e1s alta jam\u00e1s medida desde que se cre\u00f3 el \u00cdndice en 1993, con un total de 98 puntos de persecuci\u00f3n (el m\u00e1ximo son 100 puntos). La asociaci\u00f3n tambi\u00e9n informa de un aumento de la violencia en el \u00c1frica subsahariana en los \u00faltimos 30 a\u00f1os. El extremismo islamista, representado por varios grupos armados, est\u00e1 ganando terreno. Los secuestros, asaltos a iglesias y asesinatos son cada vez m\u00e1s frecuentes, especialmente en Nigeria .&nbsp;<br><br><\/p>\n<p><b>JUD\u00cdOS<\/b> &#8211; El terrorismo isl\u00e1mico ha dirigido atentados atroces contra jud\u00edos en Europa, especialmente en Francia y B\u00e9lgica. El antisemitismo sigue vivo. Es innegable que los jud\u00edos pr\u00e1cticamente han desaparecido del Oriente anta\u00f1o mixto y multiconfesional. En Irak, su poblaci\u00f3n ha alcanzado unas pocas decenas de individuos, frente a los 120.000 de principios del siglo XX . En Ir\u00e1n, la presencia jud\u00eda es m\u00e1s antigua e importante, pero sigue siendo fr\u00e1gil.&nbsp;<br><br><\/p>\n<p><b>MUSULMANES<\/b> &#8211; La minor\u00eda musulmana rohingya de Birmania est\u00e1 siendo perseguida por extremistas budistas. En China, el internamiento y tortura de cientos de miles de hombres y mujeres se justifica por su pertenencia a la minor\u00eda religiosa musulmana de la regi\u00f3n de Xinjiang. La persecuci\u00f3n masiva de uigures equivale a cr\u00edmenes contra la humanidad, seg\u00fan Amnist\u00eda Internacional. En India, los nacionalistas hind\u00faes atacan con frecuencia a los musulmanes. En Occidente se cometen actos racistas y discriminatorios contra los musulmanes a causa de su fe. .<br><br><\/p>\n<p><b>LOS BUDISTAS<\/b> &#8211; Seg\u00fan la Federaci\u00f3n Internacional de Derechos Humanos (FIDH), los budistas tibetanos de la Rep\u00fablica Popular China sufren con frecuencia persecuciones y desapariciones forzadas. .<br><br><\/p>\n<p><b>LOS YEZIDIES<\/b> &#8211; Los Yezidismo es una fe monote\u00edsta basada en la creencia en un solo dios. La mayor\u00eda de los yezid\u00edes que quedan en Oriente Pr\u00f3ximo viven ahora en el norte de Irak. Durante el conflicto sirio, la poblaci\u00f3n yezid\u00ed fue especialmente blanco de los terroristas del Estado Isl\u00e1mico, con varios miles de muertos y desaparecidos.<\/p>\t\t\t\t\t\t\t\t<\/div>\n\t\t\t\t<\/div>\n\t\t\t\t\t<\/div>\n\t\t<\/div>\n\t\t\t\t\t<\/div>\n\t\t<\/section>\n\t\t\t\t<\/div>\n\t\t","protected":false},"excerpt":{"rendered":"<p>Este texto, escrito por Voltaire en 1763 con motivo de la muerte de Jean Calas, protestante injustamente acusado de la muerte de su hijo que deseaba convertirse al catolicismo, est\u00e1&#8230;<\/p>\n","protected":false},"author":1,"featured_media":0,"parent":0,"menu_order":0,"comment_status":"closed","ping_status":"closed","template":"elementor_header_footer","meta":{"footnotes":""},"class_list":["post-18807","page","type-page","status-publish"],"_links":{"self":[{"href":"https:\/\/fondationmagos.com\/es\/wp-json\/wp\/v2\/pages\/18807","targetHints":{"allow":["GET"]}}],"collection":[{"href":"https:\/\/fondationmagos.com\/es\/wp-json\/wp\/v2\/pages"}],"about":[{"href":"https:\/\/fondationmagos.com\/es\/wp-json\/wp\/v2\/types\/page"}],"author":[{"embeddable":true,"href":"https:\/\/fondationmagos.com\/es\/wp-json\/wp\/v2\/users\/1"}],"replies":[{"embeddable":true,"href":"https:\/\/fondationmagos.com\/es\/wp-json\/wp\/v2\/comments?post=18807"}],"version-history":[{"count":34,"href":"https:\/\/fondationmagos.com\/es\/wp-json\/wp\/v2\/pages\/18807\/revisions"}],"predecessor-version":[{"id":18946,"href":"https:\/\/fondationmagos.com\/es\/wp-json\/wp\/v2\/pages\/18807\/revisions\/18946"}],"wp:attachment":[{"href":"https:\/\/fondationmagos.com\/es\/wp-json\/wp\/v2\/media?parent=18807"}],"curies":[{"name":"wp","href":"https:\/\/api.w.org\/{rel}","templated":true}]}}