{"id":18825,"date":"2023-04-13T03:12:04","date_gmt":"2023-04-13T03:12:04","guid":{"rendered":"https:\/\/fondationmagos.com\/es\/?page_id=18825"},"modified":"2023-04-13T03:13:48","modified_gmt":"2023-04-13T03:13:48","slug":"pr","status":"publish","type":"page","link":"https:\/\/fondationmagos.com\/es\/pr\/","title":{"rendered":"PR"},"content":{"rendered":"\t\t<div data-elementor-type=\"wp-page\" data-elementor-id=\"18825\" class=\"elementor elementor-18825\">\n\t\t\t\t\t\t<section class=\"elementor-section elementor-top-section elementor-element elementor-element-573ad21f elementor-reverse-mobile elementor-reverse-tablet elementor-section-boxed elementor-section-height-default elementor-section-height-default\" data-id=\"573ad21f\" data-element_type=\"section\" data-e-type=\"section\" data-settings=\"{&quot;background_background&quot;:&quot;classic&quot;,&quot;animation&quot;:&quot;none&quot;}\">\n\t\t\t\t\t\t\t<div class=\"elementor-background-overlay\"><\/div>\n\t\t\t\t\t\t\t<div class=\"elementor-container elementor-column-gap-custom\">\n\t\t\t\t\t<div class=\"elementor-column elementor-col-50 elementor-top-column elementor-element elementor-element-692fdfa8 elementor-invisible\" data-id=\"692fdfa8\" data-element_type=\"column\" data-e-type=\"column\" data-settings=\"{&quot;animation&quot;:&quot;zoomIn&quot;}\">\n\t\t\t<div class=\"elementor-widget-wrap elementor-element-populated\">\n\t\t\t\t\t\t<div class=\"elementor-element elementor-element-78bc9fa animated-slow elementor-invisible elementor-widget elementor-widget-heading\" data-id=\"78bc9fa\" data-element_type=\"widget\" data-e-type=\"widget\" data-settings=\"{&quot;_animation&quot;:&quot;zoomIn&quot;}\" data-widget_type=\"heading.default\">\n\t\t\t\t<div class=\"elementor-widget-container\">\n\t\t\t\t\t<h2 class=\"elementor-heading-title elementor-size-default\">\u00daNETE A LOS AMIGOS <BR>DEL PREMIO HUMANITARIO<\/h2>\t\t\t\t<\/div>\n\t\t\t\t<\/div>\n\t\t\t\t<div class=\"elementor-element elementor-element-59ad11a5 elementor-widget elementor-widget-text-editor\" data-id=\"59ad11a5\" data-element_type=\"widget\" data-e-type=\"widget\" data-widget_type=\"text-editor.default\">\n\t\t\t\t<div class=\"elementor-widget-container\">\n\t\t\t\t\t\t\t\t\t<p><b>L\u00cdDER<\/b>: donaci\u00f3n de 500 \u20ac<br><br><b>DELEGADO<\/b>: donaci\u00f3n de 200 \u20ac<br><br><b>MIEMBRO<\/b>: donaci\u00f3n de 120 \u20ac<br><br><b>ECHAR LA MANO<\/b>: donaci\u00f3n de 80 \u20ac<br><br><b>AGRADECIMIENTO<\/b>: donaci\u00f3n de 30 \u20ac<br><br><\/p>\t\t\t\t\t\t\t\t<\/div>\n\t\t\t\t<\/div>\n\t\t\t\t\t<\/div>\n\t\t<\/div>\n\t\t\t\t<div class=\"elementor-column elementor-col-50 elementor-top-column elementor-element elementor-element-d442edd elementor-invisible\" data-id=\"d442edd\" data-element_type=\"column\" data-e-type=\"column\" data-settings=\"{&quot;animation&quot;:&quot;zoomIn&quot;}\">\n\t\t\t<div class=\"elementor-widget-wrap elementor-element-populated\">\n\t\t\t\t\t\t<div class=\"elementor-element elementor-element-cf44553 elementor-invisible elementor-widget elementor-widget-image\" data-id=\"cf44553\" data-element_type=\"widget\" data-e-type=\"widget\" data-settings=\"{&quot;_animation&quot;:&quot;zoomIn&quot;}\" data-widget_type=\"image.default\">\n\t\t\t\t<div class=\"elementor-widget-container\">\n\t\t\t\t\t\t\t\t\t\t\t\t\t\t\t<img fetchpriority=\"high\" decoding=\"async\" width=\"807\" height=\"570\" src=\"https:\/\/fondationmagos.com\/es\/wp-content\/uploads\/2023\/04\/vrite.jpg\" class=\"elementor-animation-grow attachment-full size-full wp-image-18827\" alt=\"\" srcset=\"https:\/\/fondationmagos.com\/es\/wp-content\/uploads\/2023\/04\/vrite.jpg 807w, https:\/\/fondationmagos.com\/es\/wp-content\/uploads\/2023\/04\/vrite-300x212.jpg 300w, https:\/\/fondationmagos.com\/es\/wp-content\/uploads\/2023\/04\/vrite-768x542.jpg 768w\" sizes=\"(max-width: 807px) 100vw, 807px\" \/>\t\t\t\t\t\t\t\t\t\t\t\t\t\t\t<\/div>\n\t\t\t\t<\/div>\n\t\t\t\t\t<\/div>\n\t\t<\/div>\n\t\t\t\t\t<\/div>\n\t\t<\/section>\n\t\t\t\t<\/div>\n\t\t","protected":false},"excerpt":{"rendered":"<p>\u00daNETE A LOS AMIGOS DEL PREMIO HUMANITARIO L\u00cdDER: donaci\u00f3n de 500 \u20ac DELEGADO: donaci\u00f3n de 200 \u20ac MIEMBRO: donaci\u00f3n de 120 \u20ac ECHAR LA MANO: donaci\u00f3n de 80 \u20ac AGRADECIMIENTO:&#8230;<\/p>\n","protected":false},"author":1,"featured_media":0,"parent":0,"menu_order":0,"comment_status":"closed","ping_status":"closed","template":"elementor_header_footer","meta":{"footnotes":""},"class_list":["post-18825","page","type-page","status-publish"],"_links":{"self":[{"href":"https:\/\/fondationmagos.com\/es\/wp-json\/wp\/v2\/pages\/18825","targetHints":{"allow":["GET"]}}],"collection":[{"href":"https:\/\/fondationmagos.com\/es\/wp-json\/wp\/v2\/pages"}],"about":[{"href":"https:\/\/fondationmagos.com\/es\/wp-json\/wp\/v2\/types\/page"}],"author":[{"embeddable":true,"href":"https:\/\/fondationmagos.com\/es\/wp-json\/wp\/v2\/users\/1"}],"replies":[{"embeddable":true,"href":"https:\/\/fondationmagos.com\/es\/wp-json\/wp\/v2\/comments?post=18825"}],"version-history":[{"count":4,"href":"https:\/\/fondationmagos.com\/es\/wp-json\/wp\/v2\/pages\/18825\/revisions"}],"predecessor-version":[{"id":18831,"href":"https:\/\/fondationmagos.com\/es\/wp-json\/wp\/v2\/pages\/18825\/revisions\/18831"}],"wp:attachment":[{"href":"https:\/\/fondationmagos.com\/es\/wp-json\/wp\/v2\/media?parent=18825"}],"curies":[{"name":"wp","href":"https:\/\/api.w.org\/{rel}","templated":true}]}}