{"id":18844,"date":"2023-04-13T03:20:00","date_gmt":"2023-04-13T03:20:00","guid":{"rendered":"https:\/\/fondationmagos.com\/es\/?page_id=18844"},"modified":"2024-05-26T22:09:22","modified_gmt":"2024-05-26T22:09:22","slug":"cine","status":"publish","type":"page","link":"https:\/\/fondationmagos.com\/es\/cine\/","title":{"rendered":"cine"},"content":{"rendered":"\t\t<div data-elementor-type=\"wp-page\" data-elementor-id=\"18844\" class=\"elementor elementor-18844\">\n\t\t\t\t\t\t<section class=\"elementor-section elementor-top-section elementor-element elementor-element-4e47978e elementor-section-boxed elementor-section-height-default elementor-section-height-default\" data-id=\"4e47978e\" data-element_type=\"section\" data-e-type=\"section\">\n\t\t\t\t\t\t<div class=\"elementor-container elementor-column-gap-default\">\n\t\t\t\t\t<div class=\"elementor-column elementor-col-100 elementor-top-column elementor-element elementor-element-2c12dd2a\" data-id=\"2c12dd2a\" data-element_type=\"column\" data-e-type=\"column\">\n\t\t\t<div class=\"elementor-widget-wrap elementor-element-populated\">\n\t\t\t\t\t\t<div class=\"elementor-element elementor-element-687dc057 elementor-widget__width-initial elementor-absolute elementor-invisible elementor-widget elementor-widget-html\" data-id=\"687dc057\" data-element_type=\"widget\" data-e-type=\"widget\" data-settings=\"{&quot;_position&quot;:&quot;absolute&quot;,&quot;_animation_mobile&quot;:&quot;slideInRight&quot;,&quot;_animation&quot;:&quot;slideInRight&quot;}\" data-widget_type=\"html.default\">\n\t\t\t\t<div class=\"elementor-widget-container\">\n\t\t\t\t\t<a href=\"javascript:window.close();\">Retour<<\/a>\t\t\t\t<\/div>\n\t\t\t\t<\/div>\n\t\t\t\t\t<\/div>\n\t\t<\/div>\n\t\t\t\t\t<\/div>\n\t\t<\/section>\n\t\t\t\t<section class=\"elementor-section elementor-top-section elementor-element elementor-element-4751cd0 elementor-reverse-mobile elementor-reverse-tablet elementor-section-boxed elementor-section-height-default elementor-section-height-default\" data-id=\"4751cd0\" data-element_type=\"section\" data-e-type=\"section\" data-settings=\"{&quot;background_background&quot;:&quot;classic&quot;,&quot;animation&quot;:&quot;none&quot;}\">\n\t\t\t\t\t\t\t<div class=\"elementor-background-overlay\"><\/div>\n\t\t\t\t\t\t\t<div class=\"elementor-container elementor-column-gap-custom\">\n\t\t\t\t\t<div class=\"elementor-column elementor-col-100 elementor-top-column elementor-element elementor-element-5a7065dd\" data-id=\"5a7065dd\" data-element_type=\"column\" data-e-type=\"column\">\n\t\t\t<div class=\"elementor-widget-wrap elementor-element-populated\">\n\t\t\t\t\t\t<div class=\"elementor-element elementor-element-4de1c305 animated-slow elementor-invisible elementor-widget elementor-widget-heading\" data-id=\"4de1c305\" data-element_type=\"widget\" data-e-type=\"widget\" data-settings=\"{&quot;_animation&quot;:&quot;zoomIn&quot;}\" data-widget_type=\"heading.default\">\n\t\t\t\t<div class=\"elementor-widget-container\">\n\t\t\t\t\t<h2 class=\"elementor-heading-title elementor-size-default\">PREMIOS CINEMA VERITE<\/h2>\t\t\t\t<\/div>\n\t\t\t\t<\/div>\n\t\t\t\t<div class=\"elementor-element elementor-element-5c01862d elementor-widget elementor-widget-text-editor\" data-id=\"5c01862d\" data-element_type=\"widget\" data-e-type=\"widget\" data-widget_type=\"text-editor.default\">\n\t\t\t\t<div class=\"elementor-widget-container\">\n\t\t\t\t\t\t\t\t\tEl INSTITUTO CINEMA VERITE fue creado en 2007 por el director Joel Soler con el apoyo de las ganadoras del Premio Nobel de la Paz Jody Williams y Wangari Maathai, as\u00ed como de S.M. la Reina Noor de Jordania. Desde su creaci\u00f3n, se han destinado m\u00e1s de 300.000 \u20ac a apoyar diversos proyectos cinematogr\u00e1ficos que promueven los valores humanistas. Se han organizado proyecciones de pel\u00edculas, seguidas de debates, en Par\u00eds, M\u00f3naco, Ginebra y Abu Dhabi con la participaci\u00f3n de Carole Bouquet, Catherine Deneuve, Jane Fonda, Susan Sarandon, Sharon Stone, Omar Sharif. <br> <br>\n\nPara dedicarse exclusivamente a su propio trabajo, Joel Soler suspendi\u00f3 durante varios a\u00f1os las actividades de CINEMA VERITE. \u00c9stas se reanudar\u00e1n en 2024 con la entrega de los PREMIOS CINEMA VERITE bajo los auspicios de la Fundaci\u00f3n Magos.\n\t\t\t\t\t\t\t\t<\/div>\n\t\t\t\t<\/div>\n\t\t\t\t\t<\/div>\n\t\t<\/div>\n\t\t\t\t\t<\/div>\n\t\t<\/section>\n\t\t\t\t<section class=\"elementor-section elementor-top-section elementor-element elementor-element-370ded96 elementor-section-boxed elementor-section-height-default elementor-section-height-default elementor-invisible\" data-id=\"370ded96\" data-element_type=\"section\" data-e-type=\"section\" data-settings=\"{&quot;animation&quot;:&quot;zoomIn&quot;}\">\n\t\t\t\t\t\t<div class=\"elementor-container elementor-column-gap-default\">\n\t\t\t\t\t<div class=\"elementor-column elementor-col-33 elementor-top-column elementor-element elementor-element-60c47a33\" data-id=\"60c47a33\" data-element_type=\"column\" data-e-type=\"column\">\n\t\t\t<div class=\"elementor-widget-wrap elementor-element-populated\">\n\t\t\t\t\t\t<div class=\"elementor-element elementor-element-76c1e3cd elementor-widget elementor-widget-image\" data-id=\"76c1e3cd\" data-element_type=\"widget\" data-e-type=\"widget\" data-widget_type=\"image.default\">\n\t\t\t\t<div class=\"elementor-widget-container\">\n\t\t\t\t\t\t\t\t\t\t\t\t\t\t\t<img fetchpriority=\"high\" decoding=\"async\" width=\"683\" height=\"1024\" src=\"https:\/\/fondationmagos.com\/es\/wp-content\/uploads\/2023\/04\/afficheCannes-683x1024.jpg\" class=\"attachment-large size-large wp-image-18548\" alt=\"\" srcset=\"https:\/\/fondationmagos.com\/es\/wp-content\/uploads\/2023\/04\/afficheCannes-683x1024.jpg 683w, https:\/\/fondationmagos.com\/es\/wp-content\/uploads\/2023\/04\/afficheCannes-200x300.jpg 200w, https:\/\/fondationmagos.com\/es\/wp-content\/uploads\/2023\/04\/afficheCannes-768x1152.jpg 768w, https:\/\/fondationmagos.com\/es\/wp-content\/uploads\/2023\/04\/afficheCannes.jpg 800w\" sizes=\"(max-width: 683px) 100vw, 683px\" \/>\t\t\t\t\t\t\t\t\t\t\t\t\t\t\t<\/div>\n\t\t\t\t<\/div>\n\t\t\t\t\t<\/div>\n\t\t<\/div>\n\t\t\t\t<div class=\"elementor-column elementor-col-33 elementor-top-column elementor-element elementor-element-181d1b4b\" data-id=\"181d1b4b\" data-element_type=\"column\" data-e-type=\"column\">\n\t\t\t<div class=\"elementor-widget-wrap elementor-element-populated\">\n\t\t\t\t\t\t<div class=\"elementor-element elementor-element-6f467aa2 elementor-widget elementor-widget-image\" data-id=\"6f467aa2\" data-element_type=\"widget\" data-e-type=\"widget\" data-widget_type=\"image.default\">\n\t\t\t\t<div class=\"elementor-widget-container\">\n\t\t\t\t\t\t\t\t\t\t\t\t\t\t\t<img decoding=\"async\" width=\"488\" height=\"665\" src=\"https:\/\/fondationmagos.com\/es\/wp-content\/uploads\/2023\/04\/lr.jpg\" class=\"attachment-large size-large wp-image-18549\" alt=\"\" srcset=\"https:\/\/fondationmagos.com\/es\/wp-content\/uploads\/2023\/04\/lr.jpg 488w, https:\/\/fondationmagos.com\/es\/wp-content\/uploads\/2023\/04\/lr-220x300.jpg 220w\" sizes=\"(max-width: 488px) 100vw, 488px\" \/>\t\t\t\t\t\t\t\t\t\t\t\t\t\t\t<\/div>\n\t\t\t\t<\/div>\n\t\t\t\t\t<\/div>\n\t\t<\/div>\n\t\t\t\t<div class=\"elementor-column elementor-col-33 elementor-top-column elementor-element elementor-element-35ed7ca4\" data-id=\"35ed7ca4\" data-element_type=\"column\" data-e-type=\"column\">\n\t\t\t<div class=\"elementor-widget-wrap elementor-element-populated\">\n\t\t\t\t\t\t<div class=\"elementor-element elementor-element-3961dc98 elementor-widget elementor-widget-image\" data-id=\"3961dc98\" data-element_type=\"widget\" data-e-type=\"widget\" data-widget_type=\"image.default\">\n\t\t\t\t<div class=\"elementor-widget-container\">\n\t\t\t\t\t\t\t\t\t\t\t\t\t\t\t<img decoding=\"async\" width=\"400\" height=\"600\" src=\"https:\/\/fondationmagos.com\/es\/wp-content\/uploads\/2023\/04\/zx.jpg\" class=\"attachment-large size-large wp-image-18550\" alt=\"\" srcset=\"https:\/\/fondationmagos.com\/es\/wp-content\/uploads\/2023\/04\/zx.jpg 400w, https:\/\/fondationmagos.com\/es\/wp-content\/uploads\/2023\/04\/zx-200x300.jpg 200w\" sizes=\"(max-width: 400px) 100vw, 400px\" \/>\t\t\t\t\t\t\t\t\t\t\t\t\t\t\t<\/div>\n\t\t\t\t<\/div>\n\t\t\t\t\t<\/div>\n\t\t<\/div>\n\t\t\t\t\t<\/div>\n\t\t<\/section>\n\t\t\t\t<section class=\"elementor-section elementor-top-section elementor-element elementor-element-a304aa4 elementor-section-boxed elementor-section-height-default elementor-section-height-default\" data-id=\"a304aa4\" data-element_type=\"section\" data-e-type=\"section\">\n\t\t\t\t\t\t<div class=\"elementor-container elementor-column-gap-default\">\n\t\t\t\t\t<div class=\"elementor-column elementor-col-100 elementor-top-column elementor-element elementor-element-52776c2e\" data-id=\"52776c2e\" data-element_type=\"column\" data-e-type=\"column\">\n\t\t\t<div class=\"elementor-widget-wrap elementor-element-populated\">\n\t\t\t\t\t\t<div class=\"elementor-element elementor-element-6236ea7b elementor-widget elementor-widget-text-editor\" data-id=\"6236ea7b\" data-element_type=\"widget\" data-e-type=\"widget\" data-widget_type=\"text-editor.default\">\n\t\t\t\t<div class=\"elementor-widget-container\">\n\t\t\t\t\t\t\t\t\tLa misi\u00f3n de los PREMIOS CINEMA VERITe es proporcionar apoyo financiero a un director o a una ONG para un proyecto cinematogr\u00e1fico que ponga de relieve una causa espec\u00edfica en consonancia con los valores promovidos por la Fundaci\u00f3n Magos. Su objetivo es utilizar el cine para comprender, informar y sensibilizar sobre los grandes problemas del mundo actual y responder a los retos de hoy y de ma\u00f1ana.\t\t\t\t\t\t\t\t<\/div>\n\t\t\t\t<\/div>\n\t\t\t\t\t<\/div>\n\t\t<\/div>\n\t\t\t\t\t<\/div>\n\t\t<\/section>\n\t\t\t\t<section class=\"elementor-section elementor-top-section elementor-element elementor-element-106a5af5 elementor-reverse-mobile elementor-reverse-tablet elementor-section-boxed elementor-section-height-default elementor-section-height-default\" data-id=\"106a5af5\" data-element_type=\"section\" data-e-type=\"section\" data-settings=\"{&quot;background_background&quot;:&quot;classic&quot;,&quot;animation&quot;:&quot;none&quot;}\">\n\t\t\t\t\t\t\t<div class=\"elementor-background-overlay\"><\/div>\n\t\t\t\t\t\t\t<div class=\"elementor-container elementor-column-gap-custom\">\n\t\t\t\t\t<div class=\"elementor-column elementor-col-50 elementor-top-column elementor-element elementor-element-26418ca0\" data-id=\"26418ca0\" data-element_type=\"column\" data-e-type=\"column\">\n\t\t\t<div class=\"elementor-widget-wrap elementor-element-populated\">\n\t\t\t\t\t\t<div class=\"elementor-element elementor-element-3f788f45 elementor-invisible elementor-widget elementor-widget-image\" data-id=\"3f788f45\" data-element_type=\"widget\" data-e-type=\"widget\" data-settings=\"{&quot;_animation&quot;:&quot;zoomIn&quot;}\" data-widget_type=\"image.default\">\n\t\t\t\t<div class=\"elementor-widget-container\">\n\t\t\t\t\t\t\t\t\t\t\t\t\t\t\t<img loading=\"lazy\" decoding=\"async\" width=\"992\" height=\"661\" src=\"https:\/\/fondationmagos.com\/es\/wp-content\/uploads\/2023\/04\/cvb2.jpg\" class=\"elementor-animation-grow attachment-full size-full wp-image-18551\" alt=\"\" srcset=\"https:\/\/fondationmagos.com\/es\/wp-content\/uploads\/2023\/04\/cvb2.jpg 992w, https:\/\/fondationmagos.com\/es\/wp-content\/uploads\/2023\/04\/cvb2-300x200.jpg 300w, https:\/\/fondationmagos.com\/es\/wp-content\/uploads\/2023\/04\/cvb2-768x512.jpg 768w, https:\/\/fondationmagos.com\/es\/wp-content\/uploads\/2023\/04\/cvb2-900x600.jpg 900w\" sizes=\"(max-width: 992px) 100vw, 992px\" \/>\t\t\t\t\t\t\t\t\t\t\t\t\t\t\t<\/div>\n\t\t\t\t<\/div>\n\t\t\t\t<div class=\"elementor-element elementor-element-11a1b56d elementor-widget elementor-widget-text-editor\" data-id=\"11a1b56d\" data-element_type=\"widget\" data-e-type=\"widget\" data-widget_type=\"text-editor.default\">\n\t\t\t\t<div class=\"elementor-widget-container\">\n\t\t\t\t\t\t\t\t\t<p><b>Cena de gala CINEMA VERITE en M\u00f3naco <br><\/b>Louis Schweitzer, Jody Williams, S.A.R. la Princesa Caroline de Hanover, S.A.S. el Pr\u00edncipe Albert II de M\u00f3naco, Carla del Ponte, Sharon Stone, Joel Soler.<\/p>\t\t\t\t\t\t\t\t<\/div>\n\t\t\t\t<\/div>\n\t\t\t\t<div class=\"elementor-element elementor-element-3cbcbef0 elementor-widget elementor-widget-text-editor\" data-id=\"3cbcbef0\" data-element_type=\"widget\" data-e-type=\"widget\" data-widget_type=\"text-editor.default\">\n\t\t\t\t<div class=\"elementor-widget-container\">\n\t\t\t\t\t\t\t\t\t<p><a href=\"https:\/\/fondationmagos.com\/PRESSE.pdf\">Revista de prensa <\/a><br \/><a href=\"https:\/\/fondationmagos.com\/PRESSE.pdf\">CINEMA VERITE<\/a><\/p>\t\t\t\t\t\t\t\t<\/div>\n\t\t\t\t<\/div>\n\t\t\t\t\t<\/div>\n\t\t<\/div>\n\t\t\t\t<div class=\"elementor-column elementor-col-50 elementor-top-column elementor-element elementor-element-27080742\" data-id=\"27080742\" data-element_type=\"column\" data-e-type=\"column\">\n\t\t\t<div class=\"elementor-widget-wrap elementor-element-populated\">\n\t\t\t\t\t\t<div class=\"elementor-element elementor-element-3ab97a10 elementor-invisible elementor-widget elementor-widget-image\" data-id=\"3ab97a10\" data-element_type=\"widget\" data-e-type=\"widget\" data-settings=\"{&quot;_animation&quot;:&quot;zoomIn&quot;}\" data-widget_type=\"image.default\">\n\t\t\t\t<div class=\"elementor-widget-container\">\n\t\t\t\t\t\t\t\t\t\t\t\t\t\t\t<img loading=\"lazy\" decoding=\"async\" width=\"734\" height=\"311\" src=\"https:\/\/fondationmagos.com\/es\/wp-content\/uploads\/2023\/04\/cvb.jpg\" class=\"elementor-animation-grow attachment-full size-full wp-image-18552\" alt=\"\" srcset=\"https:\/\/fondationmagos.com\/es\/wp-content\/uploads\/2023\/04\/cvb.jpg 734w, https:\/\/fondationmagos.com\/es\/wp-content\/uploads\/2023\/04\/cvb-300x127.jpg 300w\" sizes=\"(max-width: 734px) 100vw, 734px\" \/>\t\t\t\t\t\t\t\t\t\t\t\t\t\t\t<\/div>\n\t\t\t\t<\/div>\n\t\t\t\t<div class=\"elementor-element elementor-element-2a8d9918 elementor-widget elementor-widget-text-editor\" data-id=\"2a8d9918\" data-element_type=\"widget\" data-e-type=\"widget\" data-widget_type=\"text-editor.default\">\n\t\t\t\t<div class=\"elementor-widget-container\">\n\t\t\t\t\t\t\t\t\t<p><b>Ceremonia de entrega de los premios CINEMA VERITE en Abu Dhabi<\/b><br \/>Susan Sarandon, Carole Bouquet, Joel Soler, Jane Fonda, Yamina Benguigui, Kessen Tall, Abderrahmane Sissako<\/p>\t\t\t\t\t\t\t\t<\/div>\n\t\t\t\t<\/div>\n\t\t\t\t\t<\/div>\n\t\t<\/div>\n\t\t\t\t\t<\/div>\n\t\t<\/section>\n\t\t\t\t<section class=\"elementor-section elementor-top-section elementor-element elementor-element-1c8e729 elementor-reverse-mobile elementor-reverse-tablet elementor-section-boxed elementor-section-height-default elementor-section-height-default\" data-id=\"1c8e729\" data-element_type=\"section\" data-e-type=\"section\" data-settings=\"{&quot;background_background&quot;:&quot;classic&quot;,&quot;animation&quot;:&quot;none&quot;}\">\n\t\t\t\t\t\t\t<div class=\"elementor-background-overlay\"><\/div>\n\t\t\t\t\t\t\t<div class=\"elementor-container elementor-column-gap-custom\">\n\t\t\t\t\t<div class=\"elementor-column elementor-col-100 elementor-top-column elementor-element elementor-element-e4d58cb\" data-id=\"e4d58cb\" data-element_type=\"column\" data-e-type=\"column\">\n\t\t\t<div class=\"elementor-widget-wrap elementor-element-populated\">\n\t\t\t\t\t\t<div class=\"elementor-element elementor-element-7666e71 elementor-invisible elementor-widget elementor-widget-image\" data-id=\"7666e71\" data-element_type=\"widget\" data-e-type=\"widget\" data-settings=\"{&quot;_animation&quot;:&quot;zoomIn&quot;}\" data-widget_type=\"image.default\">\n\t\t\t\t<div class=\"elementor-widget-container\">\n\t\t\t\t\t\t\t\t\t\t\t\t\t\t\t<img loading=\"lazy\" decoding=\"async\" width=\"800\" height=\"240\" src=\"https:\/\/fondationmagos.com\/es\/wp-content\/uploads\/2023\/04\/dsfgdfg.jpg\" class=\"elementor-animation-grow attachment-full size-full wp-image-18454\" alt=\"\" srcset=\"https:\/\/fondationmagos.com\/es\/wp-content\/uploads\/2023\/04\/dsfgdfg.jpg 800w, https:\/\/fondationmagos.com\/es\/wp-content\/uploads\/2023\/04\/dsfgdfg-300x90.jpg 300w, https:\/\/fondationmagos.com\/es\/wp-content\/uploads\/2023\/04\/dsfgdfg-768x230.jpg 768w\" sizes=\"(max-width: 800px) 100vw, 800px\" \/>\t\t\t\t\t\t\t\t\t\t\t\t\t\t\t<\/div>\n\t\t\t\t<\/div>\n\t\t\t\t\t<\/div>\n\t\t<\/div>\n\t\t\t\t\t<\/div>\n\t\t<\/section>\n\t\t\t\t<section class=\"elementor-section elementor-top-section elementor-element elementor-element-215724a elementor-section-boxed elementor-section-height-default elementor-section-height-default\" data-id=\"215724a\" data-element_type=\"section\" data-e-type=\"section\" data-settings=\"{&quot;background_background&quot;:&quot;classic&quot;}\">\n\t\t\t\t\t\t<div class=\"elementor-container elementor-column-gap-default\">\n\t\t\t\t\t<div class=\"elementor-column elementor-col-100 elementor-top-column elementor-element elementor-element-d2d50e0\" data-id=\"d2d50e0\" data-element_type=\"column\" data-e-type=\"column\">\n\t\t\t<div class=\"elementor-widget-wrap elementor-element-populated\">\n\t\t\t\t\t\t<div class=\"elementor-element elementor-element-36c59e7 elementor-widget elementor-widget-shortcode\" data-id=\"36c59e7\" data-element_type=\"widget\" data-e-type=\"widget\" data-widget_type=\"shortcode.default\">\n\t\t\t\t<div class=\"elementor-widget-container\">\n\t\t\t\t\t\t\t<div class=\"elementor-shortcode\"><style type=\"text\/css\">\n#foogallery-gallery-18635.fg-masonry { --fg-gutter: 20px; }<\/style>\n\t\t\t<div class=\"foogallery foogallery-container foogallery-masonry foogallery-lightbox-none fg-center fg-masonry fg-ready fg-light fg-round-small fg-col4\" id=\"foogallery-gallery-18635\" data-foogallery=\"{&quot;item&quot;:{&quot;showCaptionTitle&quot;:false,&quot;showCaptionDescription&quot;:false},&quot;lazy&quot;:false,&quot;src&quot;:&quot;src&quot;,&quot;srcset&quot;:&quot;srcset&quot;,&quot;template&quot;:{&quot;horizontalOrder&quot;:true}}\" style=\"--fg-title-line-clamp: 0; --fg-description-line-clamp: 0;\" >\n\t\t<div class=\"fg-column-width\"><\/div>\n\t<div class=\"fg-gutter-width\"><\/div>\n\t\t<div class=\"fg-item fg-type-iframe fg-loaded\"><figure class=\"fg-item-inner\"><a href=\"https:\/\/fondationmagos.com\/es\/s-m-la-reina-noor-de-jordania\" target=\"_blank\" data-attachment-id=\"18642\" data-e-disable-page-transition=\"true\" data-type=\"iframe\" class=\"fg-thumb\"><span class=\"fg-image-wrap\"><img decoding=\"async\" src=\"https:\/\/fondationmagos.com\/es\/wp-content\/uploads\/2023\/04\/sm-copy-1.jpg\" width=\"796\" height=\"1013.672922252\" class=\"skip-lazy fg-image\" loading=\"eager\"><\/span><span class=\"fg-image-overlay\"><\/span><\/a><\/figure><div class=\"fg-loader\"><\/div><\/div><div class=\"fg-item fg-type-iframe fg-loaded\"><figure class=\"fg-item-inner\"><a href=\"https:\/\/fondationmagos.com\/es\/wangari\/\" target=\"_blank\" data-attachment-id=\"18643\" data-e-disable-page-transition=\"true\" data-type=\"iframe\" class=\"fg-thumb\"><span class=\"fg-image-wrap\"><img decoding=\"async\" src=\"https:\/\/fondationmagos.com\/es\/wp-content\/uploads\/2023\/04\/zss-1.jpg\" width=\"796\" height=\"673.76779026217\" class=\"skip-lazy fg-image\" loading=\"eager\"><\/span><span class=\"fg-image-overlay\"><\/span><\/a><\/figure><div class=\"fg-loader\"><\/div><\/div><div class=\"fg-item fg-type-iframe fg-loaded\"><figure class=\"fg-item-inner\"><a href=\"https:\/\/fondationmagos.com\/carla-del-ponte-2\" target=\"_blank\" data-attachment-id=\"18776\" data-e-disable-page-transition=\"true\" data-type=\"iframe\" class=\"fg-thumb\"><span class=\"fg-image-wrap\"><img decoding=\"async\" src=\"https:\/\/fondationmagos.com\/es\/wp-content\/uploads\/2023\/04\/carla-es.jpg\" width=\"796\" height=\"1243.4810810811\" class=\"skip-lazy fg-image\" loading=\"eager\"><\/span><span class=\"fg-image-overlay\"><\/span><\/a><\/figure><div class=\"fg-loader\"><\/div><\/div><div class=\"fg-item fg-type-iframe fg-loaded\"><figure class=\"fg-item-inner\"><a href=\"https:\/\/fondationmagos.com\/es\/sharone\" target=\"_blank\" data-attachment-id=\"18641\" data-e-disable-page-transition=\"true\" data-type=\"iframe\" class=\"fg-thumb\"><span class=\"fg-image-wrap\"><img decoding=\"async\" src=\"https:\/\/fondationmagos.com\/es\/wp-content\/uploads\/2023\/04\/SHARON-STOLE-1.png\" width=\"796\" height=\"636.8\" class=\"skip-lazy fg-image\" loading=\"eager\"><\/span><span class=\"fg-image-overlay\"><\/span><\/a><\/figure><div class=\"fg-loader\"><\/div><\/div><\/div><\/div>\n\t\t\t\t\t\t<\/div>\n\t\t\t\t<\/div>\n\t\t\t\t\t<\/div>\n\t\t<\/div>\n\t\t\t\t\t<\/div>\n\t\t<\/section>\n\t\t\t\t<\/div>\n\t\t","protected":false},"excerpt":{"rendered":"<p>Retour<\/p>\n","protected":false},"author":1,"featured_media":0,"parent":0,"menu_order":0,"comment_status":"closed","ping_status":"closed","template":"elementor_header_footer","meta":{"footnotes":""},"class_list":["post-18844","page","type-page","status-publish"],"_links":{"self":[{"href":"https:\/\/fondationmagos.com\/es\/wp-json\/wp\/v2\/pages\/18844","targetHints":{"allow":["GET"]}}],"collection":[{"href":"https:\/\/fondationmagos.com\/es\/wp-json\/wp\/v2\/pages"}],"about":[{"href":"https:\/\/fondationmagos.com\/es\/wp-json\/wp\/v2\/types\/page"}],"author":[{"embeddable":true,"href":"https:\/\/fondationmagos.com\/es\/wp-json\/wp\/v2\/users\/1"}],"replies":[{"embeddable":true,"href":"https:\/\/fondationmagos.com\/es\/wp-json\/wp\/v2\/comments?post=18844"}],"version-history":[{"count":6,"href":"https:\/\/fondationmagos.com\/es\/wp-json\/wp\/v2\/pages\/18844\/revisions"}],"predecessor-version":[{"id":19115,"href":"https:\/\/fondationmagos.com\/es\/wp-json\/wp\/v2\/pages\/18844\/revisions\/19115"}],"wp:attachment":[{"href":"https:\/\/fondationmagos.com\/es\/wp-json\/wp\/v2\/media?parent=18844"}],"curies":[{"name":"wp","href":"https:\/\/api.w.org\/{rel}","templated":true}]}}