{"id":7799,"date":"2022-04-14T09:33:20","date_gmt":"2022-04-14T09:33:20","guid":{"rendered":"https:\/\/dev-magos.pantheonsite.io\/?page_id=7799"},"modified":"2022-07-11T11:13:23","modified_gmt":"2022-07-11T11:13:23","slug":"tribune","status":"publish","type":"page","link":"https:\/\/fondationmagos.com\/es\/tribune\/","title":{"rendered":"tribune"},"content":{"rendered":"\t\t<div data-elementor-type=\"wp-page\" data-elementor-id=\"7799\" class=\"elementor elementor-7799\">\n\t\t\t\t\t\t<section class=\"elementor-section elementor-top-section elementor-element elementor-element-3a6fd74 elementor-section-boxed elementor-section-height-default elementor-section-height-default\" data-id=\"3a6fd74\" data-element_type=\"section\" data-e-type=\"section\" data-settings=\"{&quot;background_background&quot;:&quot;classic&quot;}\">\n\t\t\t\t\t\t<div class=\"elementor-container elementor-column-gap-default\">\n\t\t\t\t\t<div class=\"elementor-column elementor-col-100 elementor-top-column elementor-element elementor-element-a8047fd\" data-id=\"a8047fd\" data-element_type=\"column\" data-e-type=\"column\">\n\t\t\t<div class=\"elementor-widget-wrap elementor-element-populated\">\n\t\t\t\t\t\t<div class=\"elementor-element elementor-element-91b78db elementor-widget elementor-widget-spacer\" data-id=\"91b78db\" data-element_type=\"widget\" data-e-type=\"widget\" data-widget_type=\"spacer.default\">\n\t\t\t\t<div class=\"elementor-widget-container\">\n\t\t\t\t\t\t\t<div class=\"elementor-spacer\">\n\t\t\t<div class=\"elementor-spacer-inner\"><\/div>\n\t\t<\/div>\n\t\t\t\t\t\t<\/div>\n\t\t\t\t<\/div>\n\t\t\t\t\t<\/div>\n\t\t<\/div>\n\t\t\t\t\t<\/div>\n\t\t<\/section>\n\t\t\t\t<section class=\"elementor-section elementor-top-section elementor-element elementor-element-4d6225f elementor-section-boxed elementor-section-height-default elementor-section-height-default\" data-id=\"4d6225f\" data-element_type=\"section\" data-e-type=\"section\" data-settings=\"{&quot;background_background&quot;:&quot;classic&quot;}\">\n\t\t\t\t\t\t<div class=\"elementor-container elementor-column-gap-default\">\n\t\t\t\t\t<div class=\"elementor-column elementor-col-33 elementor-top-column elementor-element elementor-element-557540e\" data-id=\"557540e\" data-element_type=\"column\" data-e-type=\"column\">\n\t\t\t<div class=\"elementor-widget-wrap elementor-element-populated\">\n\t\t\t\t\t\t<div class=\"elementor-element elementor-element-587d429 elementor-invisible elementor-widget elementor-widget-heading\" data-id=\"587d429\" data-element_type=\"widget\" data-e-type=\"widget\" data-settings=\"{&quot;_animation&quot;:&quot;fadeInRight&quot;}\" data-widget_type=\"heading.default\">\n\t\t\t\t<div class=\"elementor-widget-container\">\n\t\t\t\t\t<h2 class=\"elementor-heading-title elementor-size-default\">LOS SABIOS<br>UN PUENTE ENTRE RELIGIONES<\/h2>\t\t\t\t<\/div>\n\t\t\t\t<\/div>\n\t\t\t\t\t<\/div>\n\t\t<\/div>\n\t\t\t\t<div class=\"elementor-column elementor-col-66 elementor-top-column elementor-element elementor-element-f9e5f00\" data-id=\"f9e5f00\" data-element_type=\"column\" data-e-type=\"column\">\n\t\t\t<div class=\"elementor-widget-wrap\">\n\t\t\t\t\t\t\t<\/div>\n\t\t<\/div>\n\t\t\t\t\t<\/div>\n\t\t<\/section>\n\t\t\t\t<section class=\"elementor-section elementor-top-section elementor-element elementor-element-1fb85c6 elementor-section-boxed elementor-section-height-default elementor-section-height-default\" data-id=\"1fb85c6\" data-element_type=\"section\" data-e-type=\"section\" data-settings=\"{&quot;background_background&quot;:&quot;classic&quot;,&quot;animation&quot;:&quot;none&quot;}\">\n\t\t\t\t\t\t\t<div class=\"elementor-background-overlay\"><\/div>\n\t\t\t\t\t\t\t<div class=\"elementor-container elementor-column-gap-default\">\n\t\t\t\t\t<div class=\"elementor-column elementor-col-100 elementor-top-column elementor-element elementor-element-848b162\" data-id=\"848b162\" data-element_type=\"column\" data-e-type=\"column\">\n\t\t\t<div class=\"elementor-widget-wrap elementor-element-populated\">\n\t\t\t\t\t\t<div class=\"elementor-element elementor-element-dfdfa31 elementor-widget elementor-widget-text-editor\" data-id=\"dfdfa31\" data-element_type=\"widget\" data-e-type=\"widget\" data-widget_type=\"text-editor.default\">\n\t\t\t\t<div class=\"elementor-widget-container\">\n\t\t\t\t\t\t\t\t\t<p>\nLOS SABIOS, UN PUENTE ENTRE RELIGIONES<br><\/p>\n<p>El simbolismo de los Magos de Oriente que vinieron a honrar el nacimiento del nuevo &#8220;Rey de los Jud\u00edos que acaba de nacer&#8221; (Mateo 2:2) no s\u00f3lo se refiere a la narraci\u00f3n de los Evangelios cristianos can\u00f3nicos y ap\u00f3crifos. Se refiere a la universalidad de las culturas, civilizaciones y religiones. Tambi\u00e9n es un elemento esencial para unir a la gente. <br> <br>El propio Nuevo Testamento nos remite al <b>juda\u00edsmo <\/b>para entender el viaje de estos sabios gracias a las profec\u00edas de Miqueas inscritas en la Tor\u00e1. Adem\u00e1s, es a un historiador jud\u00edo del siglo I d.C. a quien debemos el texto m\u00e1s cre\u00edble sobre la existencia de los magos. Su autor, Yosef ben Matityahu (Flavio Josefo), estaba emparentado con la familia pol\u00edtica de Herodes. <br> <br>La ciudad de Axum, en Etiop\u00eda, lugar sagrado de las tres religiones del Libro, nos muestra c\u00f3mo la estela de los magos sigue el camino de las m\u00faltiples creencias. Es en la antigua capital del reino de Axum donde se encuentra la presunta tumba del mago Baltasar, alias el rey Bazen. El rey cristiano de Axum proced\u00eda de este mismo linaje y en el siglo VII acogi\u00f3 a los primeros <b>musulmanes perseguidos durante la primera Hijra<\/b>. Axum se convirti\u00f3 entonces en un lugar sagrado del Islam, considerado como una &#8220;segunda Meca&#8221;. Bilal, elegido por el profeta Mahoma como primer almu\u00e9dano, era descendiente de la misma dinast\u00eda que el rey mago Baltasar. <br> <br>Seguir la senda de estos sabios es tambi\u00e9n una forma de encontrarse con el zoroastrismo, del que se dice que el mago Melchor, junto con otros adoradores del fuego, era seguidor. Tambi\u00e9n significa acercarse al hinduismo, la religi\u00f3n practicada por los reyes pandianos (India y Sri Lanka), dinast\u00eda a la que se supone que pertenece el mago Gaspar. <br> <br>El destino del <b>profeta Daniel, apodado &#8220;el mago Baltasar de Babilonia&#8221;<\/b>, es testigo del di\u00e1logo interreligioso que animar\u00eda a los Magos de la Natividad unos siglos m\u00e1s tarde. Un jud\u00edo deportado a Mesopotamia, los cristianos lo celebran. Descrito a menudo como el antepasado espiritual de los Reyes Magos, los musulmanes le erigieron varias mezquitas. &#8220;Vinieron hombres de Siria a Jerusal\u00e9n para ver a Jes\u00fas. Eran astr\u00f3logos que hab\u00edan encontrado en los libros que en un d\u00eda determinado en Palestina nacer\u00eda un ni\u00f1o sin ser engendrado. La indicaci\u00f3n de este acontecimiento se encuentra en los libros de Daniel&#8221;, dice Al Tabari, el primer musulm\u00e1n que compuso una Historia Universal. <br> <br>Los grandes eruditos isl\u00e1micos, que han contribuido al conocimiento de estos sabios, han se\u00f1alado, sin embargo, que &#8220;la historia de estos tres mensajeros es contada por los cristianos con detalles exagerados&#8221; (Al Mas&#8217;Udi). Gaspar, Melchor y Baltasar se hicieron tan populares a lo largo de los siglos que se les atribuyeron funciones pol\u00edticas, a veces para justificar conquistas o masacres. A partir de finales del siglo XIX, se convirtieron en los \u00eddolos de los ni\u00f1os en sociedades cada vez m\u00e1s secularizadas. \u00bf<b>Y si estos magos redescubrieran su papel de intermediarios entre mundos y culturas, mucho m\u00e1s all\u00e1 de su simple imagen folcl\u00f3rica?<\/b> Al observar el simbolismo de estos individuos que cruzaron el mundo para encontrarse con una persona desconocida, una religi\u00f3n, una cultura y un entorno social muy diferente, los magos del siglo XXI pueden seguir su camino de sabidur\u00eda y conocimiento. \u00a1Que sigan siendo modelos de inspiraci\u00f3n para las personas y los pueblos! <br><\/p>\t\t\t\t\t\t\t\t<\/div>\n\t\t\t\t<\/div>\n\t\t\t\t<div class=\"elementor-element elementor-element-74f1342 elementor-widget elementor-widget-spacer\" data-id=\"74f1342\" data-element_type=\"widget\" data-e-type=\"widget\" data-widget_type=\"spacer.default\">\n\t\t\t\t<div class=\"elementor-widget-container\">\n\t\t\t\t\t\t\t<div class=\"elementor-spacer\">\n\t\t\t<div class=\"elementor-spacer-inner\"><\/div>\n\t\t<\/div>\n\t\t\t\t\t\t<\/div>\n\t\t\t\t<\/div>\n\t\t\t\t\t<\/div>\n\t\t<\/div>\n\t\t\t\t\t<\/div>\n\t\t<\/section>\n\t\t\t\t<\/div>\n\t\t","protected":false},"excerpt":{"rendered":"<p>LOS SABIOSUN PUENTE ENTRE RELIGIONES LOS SABIOS, UN PUENTE ENTRE RELIGIONES El simbolismo de los Magos de Oriente que vinieron a honrar el nacimiento del nuevo &#8220;Rey de los Jud\u00edos&#8230;<\/p>\n","protected":false},"author":1,"featured_media":0,"parent":0,"menu_order":0,"comment_status":"closed","ping_status":"closed","template":"elementor_header_footer","meta":{"footnotes":""},"class_list":["post-7799","page","type-page","status-publish"],"_links":{"self":[{"href":"https:\/\/fondationmagos.com\/es\/wp-json\/wp\/v2\/pages\/7799","targetHints":{"allow":["GET"]}}],"collection":[{"href":"https:\/\/fondationmagos.com\/es\/wp-json\/wp\/v2\/pages"}],"about":[{"href":"https:\/\/fondationmagos.com\/es\/wp-json\/wp\/v2\/types\/page"}],"author":[{"embeddable":true,"href":"https:\/\/fondationmagos.com\/es\/wp-json\/wp\/v2\/users\/1"}],"replies":[{"embeddable":true,"href":"https:\/\/fondationmagos.com\/es\/wp-json\/wp\/v2\/comments?post=7799"}],"version-history":[{"count":29,"href":"https:\/\/fondationmagos.com\/es\/wp-json\/wp\/v2\/pages\/7799\/revisions"}],"predecessor-version":[{"id":18323,"href":"https:\/\/fondationmagos.com\/es\/wp-json\/wp\/v2\/pages\/7799\/revisions\/18323"}],"wp:attachment":[{"href":"https:\/\/fondationmagos.com\/es\/wp-json\/wp\/v2\/media?parent=7799"}],"curies":[{"name":"wp","href":"https:\/\/api.w.org\/{rel}","templated":true}]}}