{"id":8911,"date":"2022-04-19T09:38:20","date_gmt":"2022-04-19T09:38:20","guid":{"rendered":"http:\/\/fondationmagos.com\/es\/?page_id=8911"},"modified":"2024-05-26T22:06:50","modified_gmt":"2024-05-26T22:06:50","slug":"agir-grace-aux-prix-magos","status":"publish","type":"page","link":"https:\/\/fondationmagos.com\/es\/agir-grace-aux-prix-magos\/","title":{"rendered":"AGIR GR\u00c2CE  AUX PRIX MAGOS"},"content":{"rendered":"\t\t<div data-elementor-type=\"wp-page\" data-elementor-id=\"8911\" class=\"elementor elementor-8911\">\n\t\t\t\t\t\t<section class=\"elementor-section elementor-top-section elementor-element elementor-element-4c4bf408 elementor-section-height-min-height elementor-section-content-middle elementor-section-boxed elementor-section-height-default elementor-section-items-middle\" data-id=\"4c4bf408\" data-element_type=\"section\" data-e-type=\"section\" data-settings=\"{&quot;background_background&quot;:&quot;classic&quot;,&quot;animation&quot;:&quot;none&quot;}\">\n\t\t\t\t\t\t\t<div class=\"elementor-background-overlay\"><\/div>\n\t\t\t\t\t\t\t<div class=\"elementor-container elementor-column-gap-no\">\n\t\t\t\t\t<div class=\"elementor-column elementor-col-100 elementor-top-column elementor-element elementor-element-3afdc3cd\" data-id=\"3afdc3cd\" data-element_type=\"column\" data-e-type=\"column\">\n\t\t\t<div class=\"elementor-widget-wrap elementor-element-populated\">\n\t\t\t\t\t\t<div class=\"elementor-element elementor-element-39ac0704 elementor-widget-mobile__width-inherit elementor-invisible elementor-widget elementor-widget-heading\" data-id=\"39ac0704\" data-element_type=\"widget\" data-e-type=\"widget\" data-settings=\"{&quot;_animation&quot;:&quot;zoomIn&quot;}\" data-widget_type=\"heading.default\">\n\t\t\t\t<div class=\"elementor-widget-container\">\n\t\t\t\t\t<h4 class=\"elementor-heading-title elementor-size-default\">\nACTUAR A TRAV\u00c9S <BR>DE \nLOS PREMIOS\n\n<\/h4>\t\t\t\t<\/div>\n\t\t\t\t<\/div>\n\t\t\t\t\t<\/div>\n\t\t<\/div>\n\t\t\t\t\t<\/div>\n\t\t<\/section>\n\t\t\t\t<section class=\"elementor-section elementor-top-section elementor-element elementor-element-5c60eebd elementor-section-content-middle elementor-section-boxed elementor-section-height-default elementor-section-height-default\" data-id=\"5c60eebd\" data-element_type=\"section\" data-e-type=\"section\" data-settings=\"{&quot;background_background&quot;:&quot;classic&quot;,&quot;shape_divider_bottom&quot;:&quot;book&quot;}\">\n\t\t\t\t\t\t\t<div class=\"elementor-background-overlay\"><\/div>\n\t\t\t\t\t\t<div class=\"elementor-shape elementor-shape-bottom\" aria-hidden=\"true\" data-negative=\"false\">\n\t\t\t<svg xmlns=\"http:\/\/www.w3.org\/2000\/svg\" viewBox=\"0 0 1000 100\" preserveAspectRatio=\"none\">\n\t<path class=\"elementor-shape-fill\" d=\"M194,99c186.7,0.7,305-78.3,306-97.2c1,18.9,119.3,97.9,306,97.2c114.3-0.3,194,0.3,194,0.3s0-91.7,0-100c0,0,0,0,0-0 L0,0v99.3C0,99.3,79.7,98.7,194,99z\"\/>\n<\/svg>\t\t<\/div>\n\t\t\t\t\t<div class=\"elementor-container elementor-column-gap-narrow\">\n\t\t\t\t\t<div class=\"elementor-column elementor-col-100 elementor-top-column elementor-element elementor-element-eff0004 elementor-invisible\" data-id=\"eff0004\" data-element_type=\"column\" data-e-type=\"column\" data-settings=\"{&quot;animation&quot;:&quot;zoomIn&quot;}\">\n\t\t\t<div class=\"elementor-widget-wrap elementor-element-populated\">\n\t\t\t\t\t\t<div class=\"elementor-element elementor-element-34caa9a0 elementor-widget elementor-widget-heading\" data-id=\"34caa9a0\" data-element_type=\"widget\" data-e-type=\"widget\" data-widget_type=\"heading.default\">\n\t\t\t\t<div class=\"elementor-widget-container\">\n\t\t\t\t\t<h4 class=\"elementor-heading-title elementor-size-default\">Basado en el principio de los Fondos de Dotaci\u00f3n (Endowment Funds), un \u00fanico donativo (a partir de 30 \u20ac) permite un apoyo de por vida: el 100% de un donativo se bloquea en una cuenta espec\u00edfica. Cada a\u00f1o s\u00f3lo se reparten los dividendos, en forma de Premios Magos, que se destinan a apoyar eficazmente a una o varias personas u organizaciones. <\/h4>\t\t\t\t<\/div>\n\t\t\t\t<\/div>\n\t\t\t\t\t<\/div>\n\t\t<\/div>\n\t\t\t\t\t<\/div>\n\t\t<\/section>\n\t\t\t\t<section class=\"elementor-section elementor-top-section elementor-element elementor-element-3e5be154 elementor-reverse-mobile elementor-reverse-tablet elementor-section-boxed elementor-section-height-default elementor-section-height-default\" data-id=\"3e5be154\" data-element_type=\"section\" data-e-type=\"section\" data-settings=\"{&quot;background_background&quot;:&quot;classic&quot;,&quot;animation&quot;:&quot;none&quot;}\">\n\t\t\t\t\t\t\t<div class=\"elementor-background-overlay\"><\/div>\n\t\t\t\t\t\t\t<div class=\"elementor-container elementor-column-gap-custom\">\n\t\t\t\t\t<div class=\"elementor-column elementor-col-50 elementor-top-column elementor-element elementor-element-8ae5b82 elementor-invisible\" data-id=\"8ae5b82\" data-element_type=\"column\" data-e-type=\"column\" data-settings=\"{&quot;animation&quot;:&quot;zoomIn&quot;}\">\n\t\t\t<div class=\"elementor-widget-wrap elementor-element-populated\">\n\t\t\t\t\t\t<div class=\"elementor-element elementor-element-2bc69cb5 animated-slow elementor-invisible elementor-widget elementor-widget-heading\" data-id=\"2bc69cb5\" data-element_type=\"widget\" data-e-type=\"widget\" data-settings=\"{&quot;_animation&quot;:&quot;zoomIn&quot;}\" data-widget_type=\"heading.default\">\n\t\t\t\t<div class=\"elementor-widget-container\">\n\t\t\t\t\t<h2 class=\"elementor-heading-title elementor-size-default\"><a href=\"https:\/\/fondationmagos.com\/es\/premio\/\">PREMIO FUNDACI\u00d3N MAGOS-TRATADO <br>SOBRE LA TOLERANCIA\n<\/a><\/h2>\t\t\t\t<\/div>\n\t\t\t\t<\/div>\n\t\t\t\t<div class=\"elementor-element elementor-element-1d01a05c elementor-widget elementor-widget-text-editor\" data-id=\"1d01a05c\" data-element_type=\"widget\" data-e-type=\"widget\" data-widget_type=\"text-editor.default\">\n\t\t\t\t<div class=\"elementor-widget-container\">\n\t\t\t\t\t\t\t\t\tNing\u00fan autor dedic\u00f3 m\u00e1s obras a la religi\u00f3n que Voltaire. Tras haber traducido varios ap\u00f3crifos que conten\u00edan informaci\u00f3n in\u00e9dita sobre los Reyes Magos y haber escrito una obra monumental de 200 vol\u00famenes, Voltaire ofrece una valiosa fuente de informaci\u00f3n sobre los pa\u00edses de los Reyes Magos, sus creencias, tradiciones y leyendas. Como prolongaci\u00f3n de la exposici\u00f3n \u201cEMBAJADA DE LOS REYES DE ORIENTE\u201d, los premios econ\u00f3micos iniciados por la Fundaci\u00f3n Magos nos invitan a actuar en el esp\u00edritu del autor del Tratado sobre la Tolerancia. \t\t\t\t\t\t\t\t<\/div>\n\t\t\t\t<\/div>\n\t\t\t\t<div class=\"elementor-element elementor-element-2daa9b7a elementor-invisible elementor-widget elementor-widget-heading\" data-id=\"2daa9b7a\" data-element_type=\"widget\" data-e-type=\"widget\" data-settings=\"{&quot;_animation_mobile&quot;:&quot;zoomIn&quot;,&quot;_animation&quot;:&quot;zoomIn&quot;}\" data-widget_type=\"heading.default\">\n\t\t\t\t<div class=\"elementor-widget-container\">\n\t\t\t\t\t<h2 class=\"elementor-heading-title elementor-size-default\"><a href=\"https:\/\/fondationmagos.com\/es\/pr\/\">APOYE EL PREMIO <BR>HUMANITARIO\n<\/a><\/h2>\t\t\t\t<\/div>\n\t\t\t\t<\/div>\n\t\t\t\t\t<\/div>\n\t\t<\/div>\n\t\t\t\t<div class=\"elementor-column elementor-col-50 elementor-top-column elementor-element elementor-element-340348e2\" data-id=\"340348e2\" data-element_type=\"column\" data-e-type=\"column\">\n\t\t\t<div class=\"elementor-widget-wrap elementor-element-populated\">\n\t\t\t\t\t\t<div class=\"elementor-element elementor-element-610c71db elementor-invisible elementor-widget elementor-widget-image\" data-id=\"610c71db\" data-element_type=\"widget\" data-e-type=\"widget\" data-settings=\"{&quot;_animation&quot;:&quot;zoomIn&quot;}\" data-widget_type=\"image.default\">\n\t\t\t\t<div class=\"elementor-widget-container\">\n\t\t\t\t\t\t\t\t\t\t\t\t\t\t\t\t<a href=\"https:\/\/fondationmagos.com\/es\/premio\/\" target=\"_blank\">\n\t\t\t\t\t\t\t<img fetchpriority=\"high\" decoding=\"async\" width=\"1880\" height=\"1140\" src=\"https:\/\/fondationmagos.com\/es\/wp-content\/uploads\/2024\/05\/toler-1.jpg\" class=\"elementor-animation-grow attachment-full size-full wp-image-19108\" alt=\"\" srcset=\"https:\/\/fondationmagos.com\/es\/wp-content\/uploads\/2024\/05\/toler-1.jpg 1880w, https:\/\/fondationmagos.com\/es\/wp-content\/uploads\/2024\/05\/toler-1-300x182.jpg 300w, https:\/\/fondationmagos.com\/es\/wp-content\/uploads\/2024\/05\/toler-1-1024x621.jpg 1024w, https:\/\/fondationmagos.com\/es\/wp-content\/uploads\/2024\/05\/toler-1-768x466.jpg 768w, https:\/\/fondationmagos.com\/es\/wp-content\/uploads\/2024\/05\/toler-1-1536x931.jpg 1536w\" sizes=\"(max-width: 1880px) 100vw, 1880px\" \/>\t\t\t\t\t\t\t\t<\/a>\n\t\t\t\t\t\t\t\t\t\t\t\t\t\t\t<\/div>\n\t\t\t\t<\/div>\n\t\t\t\t<div class=\"elementor-element elementor-element-7ccf1094 elementor-invisible elementor-widget elementor-widget-text-editor\" data-id=\"7ccf1094\" data-element_type=\"widget\" data-e-type=\"widget\" data-settings=\"{&quot;_animation&quot;:&quot;slideInDown&quot;}\" data-widget_type=\"text-editor.default\">\n\t\t\t\t<div class=\"elementor-widget-container\">\n\t\t\t\t\t\t\t\t\t<p><a href=\"https:\/\/fondationmagos.com\/es\/premio\/\" target=\"_blank\" rel=\"noopener\">+Info<\/a><\/p>\t\t\t\t\t\t\t\t<\/div>\n\t\t\t\t<\/div>\n\t\t\t\t\t<\/div>\n\t\t<\/div>\n\t\t\t\t\t<\/div>\n\t\t<\/section>\n\t\t\t\t<section class=\"elementor-section elementor-top-section elementor-element elementor-element-7ae0e55d elementor-reverse-mobile elementor-reverse-tablet elementor-section-boxed elementor-section-height-default elementor-section-height-default\" data-id=\"7ae0e55d\" data-element_type=\"section\" data-e-type=\"section\" data-settings=\"{&quot;background_background&quot;:&quot;classic&quot;,&quot;animation&quot;:&quot;none&quot;}\">\n\t\t\t\t\t\t\t<div class=\"elementor-background-overlay\"><\/div>\n\t\t\t\t\t\t\t<div class=\"elementor-container elementor-column-gap-custom\">\n\t\t\t\t\t<div class=\"elementor-column elementor-col-50 elementor-top-column elementor-element elementor-element-43ac8e65 elementor-invisible\" data-id=\"43ac8e65\" data-element_type=\"column\" data-e-type=\"column\" data-settings=\"{&quot;animation&quot;:&quot;zoomIn&quot;}\">\n\t\t\t<div class=\"elementor-widget-wrap elementor-element-populated\">\n\t\t\t\t\t\t<div class=\"elementor-element elementor-element-34b5db48 animated-slow elementor-invisible elementor-widget elementor-widget-heading\" data-id=\"34b5db48\" data-element_type=\"widget\" data-e-type=\"widget\" data-settings=\"{&quot;_animation&quot;:&quot;zoomIn&quot;}\" data-widget_type=\"heading.default\">\n\t\t\t\t<div class=\"elementor-widget-container\">\n\t\t\t\t\t<h2 class=\"elementor-heading-title elementor-size-default\">PREMIO FUNDACI\u00d3N <br>MAGOS-CINEMA VERITE<\/h2>\t\t\t\t<\/div>\n\t\t\t\t<\/div>\n\t\t\t\t<div class=\"elementor-element elementor-element-1fe825c3 elementor-widget elementor-widget-text-editor\" data-id=\"1fe825c3\" data-element_type=\"widget\" data-e-type=\"widget\" data-widget_type=\"text-editor.default\">\n\t\t\t\t<div class=\"elementor-widget-container\">\n\t\t\t\t\t\t\t\t\tUtilizar el cine para comprender, informar y sensibilizar sobre los grandes temas del mundo contempor\u00e1neo, a trav\u00e9s de un premio que apoye un proyecto cinematogr\u00e1fico vinculado al di\u00e1logo de las culturas y las religiones. Es esencial fomentar la difusi\u00f3n de diferentes medios de comunicaci\u00f3n para sensibilizar al mayor n\u00famero de personas.\t\t\t\t\t\t\t\t<\/div>\n\t\t\t\t<\/div>\n\t\t\t\t<div class=\"elementor-element elementor-element-2c532064 elementor-invisible elementor-widget elementor-widget-heading\" data-id=\"2c532064\" data-element_type=\"widget\" data-e-type=\"widget\" data-settings=\"{&quot;_animation_mobile&quot;:&quot;zoomIn&quot;,&quot;_animation&quot;:&quot;zoomIn&quot;}\" data-widget_type=\"heading.default\">\n\t\t\t\t<div class=\"elementor-widget-container\">\n\t\t\t\t\t<h2 class=\"elementor-heading-title elementor-size-default\"><a href=\"https:\/\/fondationmagos.com\/es\/cine\/\">CONVI\u00c9RTASE EN FIL\u00c1NTROPO\n<\/a><\/h2>\t\t\t\t<\/div>\n\t\t\t\t<\/div>\n\t\t\t\t\t<\/div>\n\t\t<\/div>\n\t\t\t\t<div class=\"elementor-column elementor-col-50 elementor-top-column elementor-element elementor-element-3a9b9fd0\" data-id=\"3a9b9fd0\" data-element_type=\"column\" data-e-type=\"column\">\n\t\t\t<div class=\"elementor-widget-wrap elementor-element-populated\">\n\t\t\t\t\t\t<div class=\"elementor-element elementor-element-4d58e33e elementor-invisible elementor-widget elementor-widget-image\" data-id=\"4d58e33e\" data-element_type=\"widget\" data-e-type=\"widget\" data-settings=\"{&quot;_animation&quot;:&quot;zoomIn&quot;}\" data-widget_type=\"image.default\">\n\t\t\t\t<div class=\"elementor-widget-container\">\n\t\t\t\t\t\t\t\t\t\t\t\t\t\t\t\t<a href=\"https:\/\/fondationmagos.com\/es\/cine\/\" target=\"_blank\">\n\t\t\t\t\t\t\t<img decoding=\"async\" width=\"884\" height=\"624\" src=\"https:\/\/fondationmagos.com\/es\/wp-content\/uploads\/2023\/04\/vr.png\" class=\"elementor-animation-grow attachment-full size-full wp-image-18801\" alt=\"\" srcset=\"https:\/\/fondationmagos.com\/es\/wp-content\/uploads\/2023\/04\/vr.png 884w, https:\/\/fondationmagos.com\/es\/wp-content\/uploads\/2023\/04\/vr-300x212.png 300w, https:\/\/fondationmagos.com\/es\/wp-content\/uploads\/2023\/04\/vr-768x542.png 768w\" sizes=\"(max-width: 884px) 100vw, 884px\" \/>\t\t\t\t\t\t\t\t<\/a>\n\t\t\t\t\t\t\t\t\t\t\t\t\t\t\t<\/div>\n\t\t\t\t<\/div>\n\t\t\t\t<div class=\"elementor-element elementor-element-7697b7d8 elementor-invisible elementor-widget elementor-widget-text-editor\" data-id=\"7697b7d8\" data-element_type=\"widget\" data-e-type=\"widget\" data-settings=\"{&quot;_animation&quot;:&quot;slideInDown&quot;}\" data-widget_type=\"text-editor.default\">\n\t\t\t\t<div class=\"elementor-widget-container\">\n\t\t\t\t\t\t\t\t\t<p><a href=\"https:\/\/fondationmagos.com\/es\/cine\/\">+Info<\/a><\/p>\t\t\t\t\t\t\t\t<\/div>\n\t\t\t\t<\/div>\n\t\t\t\t\t<\/div>\n\t\t<\/div>\n\t\t\t\t\t<\/div>\n\t\t<\/section>\n\t\t\t\t<section class=\"elementor-section elementor-top-section elementor-element elementor-element-2a6de21a elementor-section-boxed elementor-section-height-default elementor-section-height-default\" data-id=\"2a6de21a\" data-element_type=\"section\" data-e-type=\"section\" data-settings=\"{&quot;background_background&quot;:&quot;classic&quot;,&quot;animation&quot;:&quot;none&quot;}\">\n\t\t\t\t\t\t\t<div class=\"elementor-background-overlay\"><\/div>\n\t\t\t\t\t\t\t<div class=\"elementor-container elementor-column-gap-custom\">\n\t\t\t\t\t<div class=\"elementor-column elementor-col-50 elementor-top-column elementor-element elementor-element-615a75c8\" data-id=\"615a75c8\" data-element_type=\"column\" data-e-type=\"column\">\n\t\t\t<div class=\"elementor-widget-wrap elementor-element-populated\">\n\t\t\t\t\t\t<div class=\"elementor-element elementor-element-42f49ea9 elementor-invisible elementor-widget elementor-widget-image\" data-id=\"42f49ea9\" data-element_type=\"widget\" data-e-type=\"widget\" data-settings=\"{&quot;_animation&quot;:&quot;zoomIn&quot;}\" data-widget_type=\"image.default\">\n\t\t\t\t<div class=\"elementor-widget-container\">\n\t\t\t\t\t\t\t\t\t\t\t\t\t\t\t<img decoding=\"async\" width=\"1150\" height=\"1650\" src=\"https:\/\/fondationmagos.com\/es\/wp-content\/uploads\/2023\/04\/lgirl.png\" class=\"elementor-animation-grow attachment-full size-full wp-image-18802\" alt=\"\" srcset=\"https:\/\/fondationmagos.com\/es\/wp-content\/uploads\/2023\/04\/lgirl.png 1150w, https:\/\/fondationmagos.com\/es\/wp-content\/uploads\/2023\/04\/lgirl-209x300.png 209w, https:\/\/fondationmagos.com\/es\/wp-content\/uploads\/2023\/04\/lgirl-714x1024.png 714w, https:\/\/fondationmagos.com\/es\/wp-content\/uploads\/2023\/04\/lgirl-768x1102.png 768w, https:\/\/fondationmagos.com\/es\/wp-content\/uploads\/2023\/04\/lgirl-1071x1536.png 1071w\" sizes=\"(max-width: 1150px) 100vw, 1150px\" \/>\t\t\t\t\t\t\t\t\t\t\t\t\t\t\t<\/div>\n\t\t\t\t<\/div>\n\t\t\t\t\t<\/div>\n\t\t<\/div>\n\t\t\t\t<div class=\"elementor-column elementor-col-50 elementor-top-column elementor-element elementor-element-57388091 elementor-invisible\" data-id=\"57388091\" data-element_type=\"column\" data-e-type=\"column\" data-settings=\"{&quot;animation&quot;:&quot;zoomIn&quot;}\">\n\t\t\t<div class=\"elementor-widget-wrap elementor-element-populated\">\n\t\t\t\t\t\t<div class=\"elementor-element elementor-element-7ffba0a3 animated-slow elementor-invisible elementor-widget elementor-widget-heading\" data-id=\"7ffba0a3\" data-element_type=\"widget\" data-e-type=\"widget\" data-settings=\"{&quot;_animation&quot;:&quot;zoomIn&quot;}\" data-widget_type=\"heading.default\">\n\t\t\t\t<div class=\"elementor-widget-container\">\n\t\t\t\t\t<h2 class=\"elementor-heading-title elementor-size-default\">CREAR UN PREMIO PARA UNA CAUSA ESPEC\u00cdFICA<\/h2>\t\t\t\t<\/div>\n\t\t\t\t<\/div>\n\t\t\t\t<div class=\"elementor-element elementor-element-774826be elementor-widget elementor-widget-text-editor\" data-id=\"774826be\" data-element_type=\"widget\" data-e-type=\"widget\" data-widget_type=\"text-editor.default\">\n\t\t\t\t<div class=\"elementor-widget-container\">\n\t\t\t\t\t\t\t\t\tUn Premio Magos puede personalizarse para sostener a una tem\u00e1tica concreta y promover una causa importante. Se asociar\u00e1 a una personalidad o a un mecenas comprometido, con una causa destinada a reparar una injusticia o de mostrar solidaridad y ayuda mutua. \t\t\t\t\t\t\t\t<\/div>\n\t\t\t\t<\/div>\n\t\t\t\t<div class=\"elementor-element elementor-element-11af4bf7 elementor-invisible elementor-widget elementor-widget-heading\" data-id=\"11af4bf7\" data-element_type=\"widget\" data-e-type=\"widget\" data-settings=\"{&quot;_animation_mobile&quot;:&quot;zoomIn&quot;,&quot;_animation&quot;:&quot;zoomIn&quot;}\" data-widget_type=\"heading.default\">\n\t\t\t\t<div class=\"elementor-widget-container\">\n\t\t\t\t\t<h2 class=\"elementor-heading-title elementor-size-default\"><a href=\"https:\/\/fondationmagos.com\/es\/fonctionnement-du-fonds-de-dotation\">\nFUNCIONAMIENTO\nDEL <BR>FONDO DE DOTACI\u00d3N\n\n\n\n<\/a><\/h2>\t\t\t\t<\/div>\n\t\t\t\t<\/div>\n\t\t\t\t\t<\/div>\n\t\t<\/div>\n\t\t\t\t\t<\/div>\n\t\t<\/section>\n\t\t\t\t<\/div>\n\t\t","protected":false},"excerpt":{"rendered":"<p>ACTUAR A TRAV\u00c9S DE LOS PREMIOS Basado en el principio de los Fondos de Dotaci\u00f3n (Endowment Funds), un \u00fanico donativo (a partir de 30 \u20ac) permite un apoyo de por&#8230;<\/p>\n","protected":false},"author":1,"featured_media":0,"parent":0,"menu_order":0,"comment_status":"closed","ping_status":"closed","template":"elementor_header_footer","meta":{"footnotes":""},"class_list":["post-8911","page","type-page","status-publish"],"_links":{"self":[{"href":"https:\/\/fondationmagos.com\/es\/wp-json\/wp\/v2\/pages\/8911","targetHints":{"allow":["GET"]}}],"collection":[{"href":"https:\/\/fondationmagos.com\/es\/wp-json\/wp\/v2\/pages"}],"about":[{"href":"https:\/\/fondationmagos.com\/es\/wp-json\/wp\/v2\/types\/page"}],"author":[{"embeddable":true,"href":"https:\/\/fondationmagos.com\/es\/wp-json\/wp\/v2\/users\/1"}],"replies":[{"embeddable":true,"href":"https:\/\/fondationmagos.com\/es\/wp-json\/wp\/v2\/comments?post=8911"}],"version-history":[{"count":112,"href":"https:\/\/fondationmagos.com\/es\/wp-json\/wp\/v2\/pages\/8911\/revisions"}],"predecessor-version":[{"id":19111,"href":"https:\/\/fondationmagos.com\/es\/wp-json\/wp\/v2\/pages\/8911\/revisions\/19111"}],"wp:attachment":[{"href":"https:\/\/fondationmagos.com\/es\/wp-json\/wp\/v2\/media?parent=8911"}],"curies":[{"name":"wp","href":"https:\/\/api.w.org\/{rel}","templated":true}]}}