{"id":9110,"date":"2022-04-20T08:19:12","date_gmt":"2022-04-20T08:19:12","guid":{"rendered":"http:\/\/fondationmagos.com\/es\/?page_id=9110"},"modified":"2022-07-11T11:04:30","modified_gmt":"2022-07-11T11:04:30","slug":"publication-couverture-time-magazine-the-sultan-of-morocco","status":"publish","type":"page","link":"https:\/\/fondationmagos.com\/es\/publication-couverture-time-magazine-the-sultan-of-morocco\/","title":{"rendered":"PUBLICATION, COUVERTURE TIME MAGAZINE \u00ab THE SULTAN OF MOROCCO \u00bb"},"content":{"rendered":"\t\t<div data-elementor-type=\"wp-page\" data-elementor-id=\"9110\" class=\"elementor elementor-9110\">\n\t\t\t\t\t\t<section class=\"elementor-section elementor-top-section elementor-element elementor-element-cc93ece elementor-section-boxed elementor-section-height-default elementor-section-height-default\" data-id=\"cc93ece\" data-element_type=\"section\" data-e-type=\"section\">\n\t\t\t\t\t\t<div class=\"elementor-container elementor-column-gap-default\">\n\t\t\t\t\t<div class=\"elementor-column elementor-col-100 elementor-top-column elementor-element elementor-element-f5fa96e\" data-id=\"f5fa96e\" data-element_type=\"column\" data-e-type=\"column\">\n\t\t\t<div class=\"elementor-widget-wrap elementor-element-populated\">\n\t\t\t\t\t\t<div class=\"elementor-element elementor-element-cc40d0f elementor-widget__width-initial elementor-absolute elementor-invisible elementor-widget elementor-widget-html\" data-id=\"cc40d0f\" data-element_type=\"widget\" data-e-type=\"widget\" data-settings=\"{&quot;_position&quot;:&quot;absolute&quot;,&quot;_animation_mobile&quot;:&quot;slideInRight&quot;,&quot;_animation&quot;:&quot;slideInRight&quot;}\" data-widget_type=\"html.default\">\n\t\t\t\t<div class=\"elementor-widget-container\">\n\t\t\t\t\t<a href=\"javascript:window.close();\">Volver<<\/a>\t\t\t\t<\/div>\n\t\t\t\t<\/div>\n\t\t\t\t\t<\/div>\n\t\t<\/div>\n\t\t\t\t\t<\/div>\n\t\t<\/section>\n\t\t\t\t<section class=\"elementor-section elementor-top-section elementor-element elementor-element-5c2dd7e5 elementor-section-boxed elementor-section-height-default elementor-section-height-default\" data-id=\"5c2dd7e5\" data-element_type=\"section\" data-e-type=\"section\" data-settings=\"{&quot;background_background&quot;:&quot;classic&quot;,&quot;animation&quot;:&quot;none&quot;,&quot;shape_divider_top&quot;:&quot;opacity-tilt&quot;,&quot;animation_mobile&quot;:&quot;zoomIn&quot;}\">\n\t\t\t\t\t\t\t<div class=\"elementor-background-overlay\"><\/div>\n\t\t\t\t\t\t<div class=\"elementor-shape elementor-shape-top\" aria-hidden=\"true\" data-negative=\"false\">\n\t\t\t<svg xmlns=\"http:\/\/www.w3.org\/2000\/svg\" viewBox=\"0 0 2600 131.1\" preserveAspectRatio=\"none\">\n\t<path class=\"elementor-shape-fill\" d=\"M0 0L2600 0 2600 69.1 0 0z\"\/>\n\t<path class=\"elementor-shape-fill\" style=\"opacity:0.5\" d=\"M0 0L2600 0 2600 69.1 0 69.1z\"\/>\n\t<path class=\"elementor-shape-fill\" style=\"opacity:0.25\" d=\"M2600 0L0 0 0 130.1 2600 69.1z\"\/>\n<\/svg>\t\t<\/div>\n\t\t\t\t\t<div class=\"elementor-container elementor-column-gap-custom\">\n\t\t\t\t\t<div class=\"elementor-column elementor-col-50 elementor-top-column elementor-element elementor-element-49c2b8aa\" data-id=\"49c2b8aa\" data-element_type=\"column\" data-e-type=\"column\">\n\t\t\t<div class=\"elementor-widget-wrap elementor-element-populated\">\n\t\t\t\t\t\t<div class=\"elementor-element elementor-element-45ab8490 elementor-invisible elementor-widget elementor-widget-image\" data-id=\"45ab8490\" data-element_type=\"widget\" data-e-type=\"widget\" data-settings=\"{&quot;_animation&quot;:&quot;fadeInRight&quot;}\" data-widget_type=\"image.default\">\n\t\t\t\t<div class=\"elementor-widget-container\">\n\t\t\t\t\t\t\t\t\t\t\t\t\t\t\t\t<a href=\"\" a=\"\">\n\t\t\t\t\t\t\t<img fetchpriority=\"high\" decoding=\"async\" width=\"420\" height=\"553\" src=\"https:\/\/fondationmagos.com\/es\/wp-content\/uploads\/2022\/04\/1782-1.jpg\" class=\"attachment-full size-full wp-image-9119\" alt=\"\" srcset=\"https:\/\/fondationmagos.com\/es\/wp-content\/uploads\/2022\/04\/1782-1.jpg 420w, https:\/\/fondationmagos.com\/es\/wp-content\/uploads\/2022\/04\/1782-1-228x300.jpg 228w\" sizes=\"(max-width: 420px) 100vw, 420px\" \/>\t\t\t\t\t\t\t\t<\/a>\n\t\t\t\t\t\t\t\t\t\t\t\t\t\t\t<\/div>\n\t\t\t\t<\/div>\n\t\t\t\t\t<\/div>\n\t\t<\/div>\n\t\t\t\t<div class=\"elementor-column elementor-col-50 elementor-top-column elementor-element elementor-element-58093072 elementor-invisible\" data-id=\"58093072\" data-element_type=\"column\" data-e-type=\"column\" data-settings=\"{&quot;animation&quot;:&quot;zoomIn&quot;}\">\n\t\t\t<div class=\"elementor-widget-wrap elementor-element-populated\">\n\t\t\t\t\t\t<div class=\"elementor-element elementor-element-5a812bdf elementor-widget elementor-widget-heading\" data-id=\"5a812bdf\" data-element_type=\"widget\" data-e-type=\"widget\" data-widget_type=\"heading.default\">\n\t\t\t\t<div class=\"elementor-widget-container\">\n\t\t\t\t\t<h2 class=\"elementor-heading-title elementor-size-default\">PUBLICACI\u00d3N PORTADA <br>DE LA REVISTA TIME <br>\"EL SULT\u00c1N DE MARRUECOS\u201d<\/h2>\t\t\t\t<\/div>\n\t\t\t\t<\/div>\n\t\t\t\t<div class=\"elementor-element elementor-element-4f4bf1b9 elementor-widget elementor-widget-heading\" data-id=\"4f4bf1b9\" data-element_type=\"widget\" data-e-type=\"widget\" data-widget_type=\"heading.default\">\n\t\t\t\t<div class=\"elementor-widget-container\">\n\t\t\t\t\t<h2 class=\"elementor-heading-title elementor-size-default\">12 de abril de 1957 <br>(Estados Unidos, s. XX)  <br>Colecci\u00f3n Fundaci\u00f3n Magos. \n<\/h2>\t\t\t\t<\/div>\n\t\t\t\t<\/div>\n\t\t\t\t<div class=\"elementor-element elementor-element-152a7f5c elementor-widget elementor-widget-text-editor\" data-id=\"152a7f5c\" data-element_type=\"widget\" data-e-type=\"widget\" data-widget_type=\"text-editor.default\">\n\t\t\t\t<div class=\"elementor-widget-container\">\n\t\t\t\t\t\t\t\t\tEl l\u00edder alauita Mohamed V (1909-1961) protegi\u00f3 a los jud\u00edos durante la Segunda Guerra Mundial y se opuso a las \u00f3rdenes de Hitler. Mohamed V fue un precursor de la convivencia entre musulmanes y jud\u00edos marroqu\u00edes. Consideraba a ambas comunidades como sujetos en igualdad de condiciones. Su oposici\u00f3n a las leyes de Vichy se inscribe en esta l\u00f3gica.\t\t\t\t\t\t\t\t<\/div>\n\t\t\t\t<\/div>\n\t\t\t\t\t<\/div>\n\t\t<\/div>\n\t\t\t\t\t<\/div>\n\t\t<\/section>\n\t\t\t\t<\/div>\n\t\t","protected":false},"excerpt":{"rendered":"<p>Volver<\/p>\n","protected":false},"author":1,"featured_media":0,"parent":0,"menu_order":0,"comment_status":"closed","ping_status":"closed","template":"elementor_header_footer","meta":{"footnotes":""},"class_list":["post-9110","page","type-page","status-publish"],"_links":{"self":[{"href":"https:\/\/fondationmagos.com\/es\/wp-json\/wp\/v2\/pages\/9110","targetHints":{"allow":["GET"]}}],"collection":[{"href":"https:\/\/fondationmagos.com\/es\/wp-json\/wp\/v2\/pages"}],"about":[{"href":"https:\/\/fondationmagos.com\/es\/wp-json\/wp\/v2\/types\/page"}],"author":[{"embeddable":true,"href":"https:\/\/fondationmagos.com\/es\/wp-json\/wp\/v2\/users\/1"}],"replies":[{"embeddable":true,"href":"https:\/\/fondationmagos.com\/es\/wp-json\/wp\/v2\/comments?post=9110"}],"version-history":[{"count":34,"href":"https:\/\/fondationmagos.com\/es\/wp-json\/wp\/v2\/pages\/9110\/revisions"}],"predecessor-version":[{"id":18308,"href":"https:\/\/fondationmagos.com\/es\/wp-json\/wp\/v2\/pages\/9110\/revisions\/18308"}],"wp:attachment":[{"href":"https:\/\/fondationmagos.com\/es\/wp-json\/wp\/v2\/media?parent=9110"}],"curies":[{"name":"wp","href":"https:\/\/api.w.org\/{rel}","templated":true}]}}