{"id":9148,"date":"2022-04-20T09:05:08","date_gmt":"2022-04-20T09:05:08","guid":{"rendered":"http:\/\/fondationmagos.com\/es\/?page_id=9148"},"modified":"2022-07-07T19:49:30","modified_gmt":"2022-07-07T19:49:30","slug":"oum-kalsoum-letoile-de-lorient","status":"publish","type":"page","link":"https:\/\/fondationmagos.com\/es\/oum-kalsoum-letoile-de-lorient\/","title":{"rendered":"Oum Kalsoum L&#8217;\u00c9toile De L&#8217;Orient"},"content":{"rendered":"\t\t<div data-elementor-type=\"wp-page\" data-elementor-id=\"9148\" class=\"elementor elementor-9148\">\n\t\t\t\t\t\t<section class=\"elementor-section elementor-top-section elementor-element elementor-element-cc93ece elementor-section-boxed elementor-section-height-default elementor-section-height-default\" data-id=\"cc93ece\" data-element_type=\"section\" data-e-type=\"section\">\n\t\t\t\t\t\t<div class=\"elementor-container elementor-column-gap-default\">\n\t\t\t\t\t<div class=\"elementor-column elementor-col-100 elementor-top-column elementor-element elementor-element-f5fa96e\" data-id=\"f5fa96e\" data-element_type=\"column\" data-e-type=\"column\">\n\t\t\t<div class=\"elementor-widget-wrap elementor-element-populated\">\n\t\t\t\t\t\t<div class=\"elementor-element elementor-element-cc40d0f elementor-widget__width-initial elementor-absolute elementor-invisible elementor-widget elementor-widget-html\" data-id=\"cc40d0f\" data-element_type=\"widget\" data-e-type=\"widget\" data-settings=\"{&quot;_position&quot;:&quot;absolute&quot;,&quot;_animation_mobile&quot;:&quot;slideInRight&quot;,&quot;_animation&quot;:&quot;slideInRight&quot;}\" data-widget_type=\"html.default\">\n\t\t\t\t<div class=\"elementor-widget-container\">\n\t\t\t\t\t<a href=\"javascript:window.close();\">Volver<<\/a>\t\t\t\t<\/div>\n\t\t\t\t<\/div>\n\t\t\t\t\t<\/div>\n\t\t<\/div>\n\t\t\t\t\t<\/div>\n\t\t<\/section>\n\t\t\t\t<section class=\"elementor-section elementor-top-section elementor-element elementor-element-5c2dd7e5 elementor-section-boxed elementor-section-height-default elementor-section-height-default\" data-id=\"5c2dd7e5\" data-element_type=\"section\" data-e-type=\"section\" data-settings=\"{&quot;background_background&quot;:&quot;classic&quot;,&quot;animation&quot;:&quot;none&quot;,&quot;shape_divider_top&quot;:&quot;opacity-tilt&quot;,&quot;animation_mobile&quot;:&quot;zoomIn&quot;}\">\n\t\t\t\t\t\t\t<div class=\"elementor-background-overlay\"><\/div>\n\t\t\t\t\t\t<div class=\"elementor-shape elementor-shape-top\" aria-hidden=\"true\" data-negative=\"false\">\n\t\t\t<svg xmlns=\"http:\/\/www.w3.org\/2000\/svg\" viewBox=\"0 0 2600 131.1\" preserveAspectRatio=\"none\">\n\t<path class=\"elementor-shape-fill\" d=\"M0 0L2600 0 2600 69.1 0 0z\"\/>\n\t<path class=\"elementor-shape-fill\" style=\"opacity:0.5\" d=\"M0 0L2600 0 2600 69.1 0 69.1z\"\/>\n\t<path class=\"elementor-shape-fill\" style=\"opacity:0.25\" d=\"M2600 0L0 0 0 130.1 2600 69.1z\"\/>\n<\/svg>\t\t<\/div>\n\t\t\t\t\t<div class=\"elementor-container elementor-column-gap-custom\">\n\t\t\t\t\t<div class=\"elementor-column elementor-col-50 elementor-top-column elementor-element elementor-element-49c2b8aa\" data-id=\"49c2b8aa\" data-element_type=\"column\" data-e-type=\"column\">\n\t\t\t<div class=\"elementor-widget-wrap elementor-element-populated\">\n\t\t\t\t\t\t<div class=\"elementor-element elementor-element-45ab8490 elementor-invisible elementor-widget elementor-widget-image\" data-id=\"45ab8490\" data-element_type=\"widget\" data-e-type=\"widget\" data-settings=\"{&quot;_animation&quot;:&quot;fadeInRight&quot;}\" data-widget_type=\"image.default\">\n\t\t\t\t<div class=\"elementor-widget-container\">\n\t\t\t\t\t\t\t\t\t\t\t\t\t\t\t\t<a href=\"\" a=\"\">\n\t\t\t\t\t\t\t<img fetchpriority=\"high\" decoding=\"async\" width=\"468\" height=\"700\" src=\"https:\/\/fondationmagos.com\/es\/wp-content\/uploads\/2022\/04\/iftars_oum_kalsoum_01-1.jpg\" class=\"attachment-full size-full wp-image-9150\" alt=\"\" srcset=\"https:\/\/fondationmagos.com\/es\/wp-content\/uploads\/2022\/04\/iftars_oum_kalsoum_01-1.jpg 468w, https:\/\/fondationmagos.com\/es\/wp-content\/uploads\/2022\/04\/iftars_oum_kalsoum_01-1-201x300.jpg 201w\" sizes=\"(max-width: 468px) 100vw, 468px\" \/>\t\t\t\t\t\t\t\t<\/a>\n\t\t\t\t\t\t\t\t\t\t\t\t\t\t\t<\/div>\n\t\t\t\t<\/div>\n\t\t\t\t\t<\/div>\n\t\t<\/div>\n\t\t\t\t<div class=\"elementor-column elementor-col-50 elementor-top-column elementor-element elementor-element-58093072 elementor-invisible\" data-id=\"58093072\" data-element_type=\"column\" data-e-type=\"column\" data-settings=\"{&quot;animation&quot;:&quot;zoomIn&quot;}\">\n\t\t\t<div class=\"elementor-widget-wrap elementor-element-populated\">\n\t\t\t\t\t\t<div class=\"elementor-element elementor-element-5a812bdf elementor-widget elementor-widget-heading\" data-id=\"5a812bdf\" data-element_type=\"widget\" data-e-type=\"widget\" data-widget_type=\"heading.default\">\n\t\t\t\t<div class=\"elementor-widget-container\">\n\t\t\t\t\t<h2 class=\"elementor-heading-title elementor-size-default\">Oum Kalsoum<br>La estrella de Oriente<\/h2>\t\t\t\t<\/div>\n\t\t\t\t<\/div>\n\t\t\t\t<div class=\"elementor-element elementor-element-152a7f5c elementor-widget elementor-widget-text-editor\" data-id=\"152a7f5c\" data-element_type=\"widget\" data-e-type=\"widget\" data-widget_type=\"text-editor.default\">\n\t\t\t\t<div class=\"elementor-widget-container\">\n\t\t\t\t\t\t\t\t\tNacida en el siglo pasado, Oum Kalsoum, fallecida hace cuarenta a\u00f1os, sigue siendo hoy la \u00fanica estrella m\u00edtica oriental, la voz que se escucha y se repite en todo el mundo \u00e1rabe, el ejemplo del feminismo, la hero\u00edna del patriotismo, la iniciadora del \u00e9xtasis art\u00edstico. Su vida es digna de los m\u00e1s bellos cuentos orientales. Nacida pobre, campesina, hija de un cl\u00e9rigo, pose\u00eda un don que cultiv\u00f3 gracias a su feroz deseo de aprender. Con la ayuda de la suerte, conoci\u00f3 a los m\u00e1s grandes poetas y m\u00fasicos&#8230;\n\nTraducci\u00f3n realizada con la versi\u00f3n gratuita del traductor www.DeepL.com\/Translator\t\t\t\t\t\t\t\t<\/div>\n\t\t\t\t<\/div>\n\t\t\t\t\t<\/div>\n\t\t<\/div>\n\t\t\t\t\t<\/div>\n\t\t<\/section>\n\t\t\t\t<\/div>\n\t\t","protected":false},"excerpt":{"rendered":"<p>Volver<\/p>\n","protected":false},"author":1,"featured_media":0,"parent":0,"menu_order":0,"comment_status":"closed","ping_status":"closed","template":"elementor_header_footer","meta":{"footnotes":""},"class_list":["post-9148","page","type-page","status-publish"],"_links":{"self":[{"href":"https:\/\/fondationmagos.com\/es\/wp-json\/wp\/v2\/pages\/9148","targetHints":{"allow":["GET"]}}],"collection":[{"href":"https:\/\/fondationmagos.com\/es\/wp-json\/wp\/v2\/pages"}],"about":[{"href":"https:\/\/fondationmagos.com\/es\/wp-json\/wp\/v2\/types\/page"}],"author":[{"embeddable":true,"href":"https:\/\/fondationmagos.com\/es\/wp-json\/wp\/v2\/users\/1"}],"replies":[{"embeddable":true,"href":"https:\/\/fondationmagos.com\/es\/wp-json\/wp\/v2\/comments?post=9148"}],"version-history":[{"count":13,"href":"https:\/\/fondationmagos.com\/es\/wp-json\/wp\/v2\/pages\/9148\/revisions"}],"predecessor-version":[{"id":16620,"href":"https:\/\/fondationmagos.com\/es\/wp-json\/wp\/v2\/pages\/9148\/revisions\/16620"}],"wp:attachment":[{"href":"https:\/\/fondationmagos.com\/es\/wp-json\/wp\/v2\/media?parent=9148"}],"curies":[{"name":"wp","href":"https:\/\/api.w.org\/{rel}","templated":true}]}}