{"id":9375,"date":"2022-04-21T10:15:03","date_gmt":"2022-04-21T10:15:03","guid":{"rendered":"http:\/\/fondationmagos.com\/es\/?page_id=9375"},"modified":"2022-07-07T20:31:06","modified_gmt":"2022-07-07T20:31:06","slug":"le-logo","status":"publish","type":"page","link":"https:\/\/fondationmagos.com\/es\/le-logo\/","title":{"rendered":"LE LOGO"},"content":{"rendered":"\t\t<div data-elementor-type=\"wp-page\" data-elementor-id=\"9375\" class=\"elementor elementor-9375\">\n\t\t\t\t\t\t<section class=\"elementor-section elementor-top-section elementor-element elementor-element-8b14cf5 elementor-section-boxed elementor-section-height-default elementor-section-height-default\" data-id=\"8b14cf5\" data-element_type=\"section\" data-e-type=\"section\">\n\t\t\t\t\t\t<div class=\"elementor-container elementor-column-gap-default\">\n\t\t\t\t\t<div class=\"elementor-column elementor-col-100 elementor-top-column elementor-element elementor-element-bae1a09\" data-id=\"bae1a09\" data-element_type=\"column\" data-e-type=\"column\">\n\t\t\t<div class=\"elementor-widget-wrap elementor-element-populated\">\n\t\t\t\t\t\t<div class=\"elementor-element elementor-element-9a92bd0 elementor-widget__width-initial elementor-absolute elementor-invisible elementor-widget elementor-widget-html\" data-id=\"9a92bd0\" data-element_type=\"widget\" data-e-type=\"widget\" data-settings=\"{&quot;_position&quot;:&quot;absolute&quot;,&quot;_animation_mobile&quot;:&quot;slideInRight&quot;,&quot;_animation&quot;:&quot;slideInRight&quot;}\" data-widget_type=\"html.default\">\n\t\t\t\t<div class=\"elementor-widget-container\">\n\t\t\t\t\t<a href=\"javascript:window.close();\">Volver<<\/a>\t\t\t\t<\/div>\n\t\t\t\t<\/div>\n\t\t\t\t\t<\/div>\n\t\t<\/div>\n\t\t\t\t\t<\/div>\n\t\t<\/section>\n\t\t\t\t<section class=\"elementor-section elementor-top-section elementor-element elementor-element-2a76a74d elementor-section-boxed elementor-section-height-default elementor-section-height-default elementor-invisible\" data-id=\"2a76a74d\" data-element_type=\"section\" data-e-type=\"section\" data-settings=\"{&quot;background_background&quot;:&quot;classic&quot;,&quot;animation&quot;:&quot;zoomIn&quot;}\">\n\t\t\t\t\t\t\t<div class=\"elementor-background-overlay\"><\/div>\n\t\t\t\t\t\t\t<div class=\"elementor-container elementor-column-gap-custom\">\n\t\t\t\t\t<div class=\"elementor-column elementor-col-50 elementor-top-column elementor-element elementor-element-5bfc7563\" data-id=\"5bfc7563\" data-element_type=\"column\" data-e-type=\"column\">\n\t\t\t<div class=\"elementor-widget-wrap elementor-element-populated\">\n\t\t\t\t\t\t<div class=\"elementor-element elementor-element-57b7eaa4 elementor-invisible elementor-widget elementor-widget-image\" data-id=\"57b7eaa4\" data-element_type=\"widget\" data-e-type=\"widget\" data-settings=\"{&quot;_animation&quot;:&quot;zoomIn&quot;}\" data-widget_type=\"image.default\">\n\t\t\t\t<div class=\"elementor-widget-container\">\n\t\t\t\t\t\t\t\t\t\t\t\t\t\t\t<img fetchpriority=\"high\" decoding=\"async\" width=\"972\" height=\"785\" src=\"https:\/\/fondationmagos.com\/es\/wp-content\/uploads\/2022\/04\/PR.png\" class=\"elementor-animation-grow attachment-full size-full wp-image-9371\" alt=\"\" srcset=\"https:\/\/fondationmagos.com\/es\/wp-content\/uploads\/2022\/04\/PR.png 972w, https:\/\/fondationmagos.com\/es\/wp-content\/uploads\/2022\/04\/PR-300x242.png 300w, https:\/\/fondationmagos.com\/es\/wp-content\/uploads\/2022\/04\/PR-768x620.png 768w\" sizes=\"(max-width: 972px) 100vw, 972px\" \/>\t\t\t\t\t\t\t\t\t\t\t\t\t\t\t<\/div>\n\t\t\t\t<\/div>\n\t\t\t\t\t<\/div>\n\t\t<\/div>\n\t\t\t\t<div class=\"elementor-column elementor-col-50 elementor-top-column elementor-element elementor-element-45405349 elementor-invisible\" data-id=\"45405349\" data-element_type=\"column\" data-e-type=\"column\" data-settings=\"{&quot;animation&quot;:&quot;zoomIn&quot;}\">\n\t\t\t<div class=\"elementor-widget-wrap elementor-element-populated\">\n\t\t\t\t\t\t<div class=\"elementor-element elementor-element-34bddc90 elementor-invisible elementor-widget elementor-widget-heading\" data-id=\"34bddc90\" data-element_type=\"widget\" data-e-type=\"widget\" data-settings=\"{&quot;_animation&quot;:&quot;zoomIn&quot;}\" data-widget_type=\"heading.default\">\n\t\t\t\t<div class=\"elementor-widget-container\">\n\t\t\t\t\t<h2 class=\"elementor-heading-title elementor-size-default\">EL LOGOTIPO<\/h2>\t\t\t\t<\/div>\n\t\t\t\t<\/div>\n\t\t\t\t<div class=\"elementor-element elementor-element-5b1672bd elementor-widget elementor-widget-text-editor\" data-id=\"5b1672bd\" data-element_type=\"widget\" data-e-type=\"widget\" data-widget_type=\"text-editor.default\">\n\t\t\t\t<div class=\"elementor-widget-container\">\n\t\t\t\t\t\t\t\t\tEl logotipo combina dos elementos: una estrella y una figura humana, inspirada en la primera representaci\u00f3n conocida de un mago. Se encuentra en Andaluc\u00eda, en el Barranco de la Tinaja, en Oti\u00f1ar, cerca de Ja\u00e9n. El arque\u00f3logo Georgeos D\u00edaz-Montexano lo descubri\u00f3 en un yacimiento prehist\u00f3rico al aire libre. Este rastro es la prueba de la existencia de los Reyes Magos en esta regi\u00f3n desde hace miles de a\u00f1os.\t\t\t\t\t\t\t\t<\/div>\n\t\t\t\t<\/div>\n\t\t\t\t<div class=\"elementor-element elementor-element-06cd437 elementor-widget elementor-widget-text-editor\" data-id=\"06cd437\" data-element_type=\"widget\" data-e-type=\"widget\" data-widget_type=\"text-editor.default\">\n\t\t\t\t<div class=\"elementor-widget-container\">\n\t\t\t\t\t\t\t\t\t<div class=\"\">Una creaci\u00f3n original\u00a0<\/div>\t\t\t\t\t\t\t\t<\/div>\n\t\t\t\t<\/div>\n\t\t\t\t<div class=\"elementor-element elementor-element-91127e7 elementor-widget elementor-widget-image\" data-id=\"91127e7\" data-element_type=\"widget\" data-e-type=\"widget\" data-widget_type=\"image.default\">\n\t\t\t\t<div class=\"elementor-widget-container\">\n\t\t\t\t\t\t\t\t\t\t\t\t\t\t\t\t<a href=\"https:\/\/agullo-identity.com\/\" target=\"_blank\">\n\t\t\t\t\t\t\t<img decoding=\"async\" width=\"805\" height=\"128\" src=\"https:\/\/fondationmagos.com\/es\/wp-content\/uploads\/2022\/06\/AGULLO_IDENTITY_RVB.png\" class=\"attachment-large size-large wp-image-15399\" alt=\"\" srcset=\"https:\/\/fondationmagos.com\/es\/wp-content\/uploads\/2022\/06\/AGULLO_IDENTITY_RVB.png 805w, https:\/\/fondationmagos.com\/es\/wp-content\/uploads\/2022\/06\/AGULLO_IDENTITY_RVB-300x48.png 300w, https:\/\/fondationmagos.com\/es\/wp-content\/uploads\/2022\/06\/AGULLO_IDENTITY_RVB-768x122.png 768w, https:\/\/fondationmagos.com\/es\/wp-content\/uploads\/2022\/06\/AGULLO_IDENTITY_RVB-800x128.png 800w\" sizes=\"(max-width: 805px) 100vw, 805px\" \/>\t\t\t\t\t\t\t\t<\/a>\n\t\t\t\t\t\t\t\t\t\t\t\t\t\t\t<\/div>\n\t\t\t\t<\/div>\n\t\t\t\t\t<\/div>\n\t\t<\/div>\n\t\t\t\t\t<\/div>\n\t\t<\/section>\n\t\t\t\t<section class=\"elementor-section elementor-top-section elementor-element elementor-element-00dcbc1 elementor-section-boxed elementor-section-height-default elementor-section-height-default elementor-invisible\" data-id=\"00dcbc1\" data-element_type=\"section\" data-e-type=\"section\" data-settings=\"{&quot;background_background&quot;:&quot;classic&quot;,&quot;animation&quot;:&quot;fadeInUp&quot;}\">\n\t\t\t\t\t\t\t<div class=\"elementor-background-overlay\"><\/div>\n\t\t\t\t\t\t\t<div class=\"elementor-container elementor-column-gap-custom\">\n\t\t\t\t\t<div class=\"elementor-column elementor-col-100 elementor-top-column elementor-element elementor-element-4cd11a9\" data-id=\"4cd11a9\" data-element_type=\"column\" data-e-type=\"column\">\n\t\t\t<div class=\"elementor-widget-wrap elementor-element-populated\">\n\t\t\t\t\t\t<section class=\"elementor-section elementor-inner-section elementor-element elementor-element-7d340d0 elementor-section-boxed elementor-section-height-default elementor-section-height-default\" data-id=\"7d340d0\" data-element_type=\"section\" data-e-type=\"section\">\n\t\t\t\t\t\t<div class=\"elementor-container elementor-column-gap-default\">\n\t\t\t\t\t<div class=\"elementor-column elementor-col-50 elementor-inner-column elementor-element elementor-element-d9a04bc\" data-id=\"d9a04bc\" data-element_type=\"column\" data-e-type=\"column\">\n\t\t\t<div class=\"elementor-widget-wrap elementor-element-populated\">\n\t\t\t\t\t\t<div class=\"elementor-element elementor-element-becfe3f elementor-widget elementor-widget-text-editor\" data-id=\"becfe3f\" data-element_type=\"widget\" data-e-type=\"widget\" data-widget_type=\"text-editor.default\">\n\t\t\t\t<div class=\"elementor-widget-container\">\n\t\t\t\t\t\t\t\t\tLos escritos de los historiadores de Al Andalus confirman esta presencia de los Magos desde la prehistoria. &#8220;Los magos, adoradores del fuego, dominaron el sur de Espa\u00f1a mucho antes que los fenicios&#8221;, seg\u00fan Ahmad al Razi, historiador cordob\u00e9s del siglo X. Para el historiador Ibn Idari (siglo XI), marroqu\u00ed de origen andaluz, &#8220;se afirma que los pueblos que se asentaron en el sur de Iberia despu\u00e9s del diluvio fueron los andaluces. Tambi\u00e9n se dice que eran magos (mag\u00fbs)&#8221;.<br>\n\nEn la piedra hay grabadas tres letras en escritura p\u00fanica o cartaginesa a la izquierda de una figura. Representan la palabra mg\u0161 o mgsh (magosh) que significa &#8216;mago&#8217;. \n\t\t\t\t\t\t\t\t<\/div>\n\t\t\t\t<\/div>\n\t\t\t\t\t<\/div>\n\t\t<\/div>\n\t\t\t\t<div class=\"elementor-column elementor-col-50 elementor-inner-column elementor-element elementor-element-28f1c91\" data-id=\"28f1c91\" data-element_type=\"column\" data-e-type=\"column\">\n\t\t\t<div class=\"elementor-widget-wrap elementor-element-populated\">\n\t\t\t\t\t\t<div class=\"elementor-element elementor-element-1827543 elementor-widget elementor-widget-text-editor\" data-id=\"1827543\" data-element_type=\"widget\" data-e-type=\"widget\" data-widget_type=\"text-editor.default\">\n\t\t\t\t<div class=\"elementor-widget-container\">\n\t\t\t\t\t\t\t\t\tEsta inscripci\u00f3n nos recuerda hasta qu\u00e9 punto el acercamiento entre Oriente y Occidente est\u00e1 arraigado en la historia de los pueblos de Europa. Forma parte de la construcci\u00f3n de las culturas y mentalidades europeas, sobre todo gracias a la influencia de fenicios y cartagineses desde el siglo X a.C. <br>\n\nLa figura de un mago grabada en esta pared prehist\u00f3rica puede interpretarse de varias maneras. Algunos disciernen un b\u00faho, s\u00edmbolo de la sabidur\u00eda griega. Otros ven la forma humana de un sabio mirando al cielo. <br>\n\nEl logotipo de la Fundaci\u00f3n Magos se inspira en estas interpretaciones. Tambi\u00e9n puede representar el ojo de la cerradura de una puerta que se abre a nuevos horizontes.\n\t\t\t\t\t\t\t\t<\/div>\n\t\t\t\t<\/div>\n\t\t\t\t\t<\/div>\n\t\t<\/div>\n\t\t\t\t\t<\/div>\n\t\t<\/section>\n\t\t\t\t\t<\/div>\n\t\t<\/div>\n\t\t\t\t\t<\/div>\n\t\t<\/section>\n\t\t\t\t<section class=\"elementor-section elementor-top-section elementor-element elementor-element-d09be4a elementor-section-boxed elementor-section-height-default elementor-section-height-default elementor-invisible\" data-id=\"d09be4a\" data-element_type=\"section\" data-e-type=\"section\" data-settings=\"{&quot;background_background&quot;:&quot;classic&quot;,&quot;animation&quot;:&quot;fadeInUp&quot;}\">\n\t\t\t\t\t\t\t<div class=\"elementor-background-overlay\"><\/div>\n\t\t\t\t\t\t\t<div class=\"elementor-container elementor-column-gap-custom\">\n\t\t\t\t\t<div class=\"elementor-column elementor-col-50 elementor-top-column elementor-element elementor-element-cef6f0c\" data-id=\"cef6f0c\" data-element_type=\"column\" data-e-type=\"column\">\n\t\t\t<div class=\"elementor-widget-wrap elementor-element-populated\">\n\t\t\t\t\t\t<div class=\"elementor-element elementor-element-ce2fdba elementor-invisible elementor-widget elementor-widget-image\" data-id=\"ce2fdba\" data-element_type=\"widget\" data-e-type=\"widget\" data-settings=\"{&quot;_animation&quot;:&quot;zoomIn&quot;}\" data-widget_type=\"image.default\">\n\t\t\t\t<div class=\"elementor-widget-container\">\n\t\t\t\t\t\t\t\t\t\t\t\t\t\t\t<img decoding=\"async\" width=\"404\" height=\"412\" src=\"https:\/\/fondationmagos.com\/es\/wp-content\/uploads\/2022\/04\/etoile-gigapixel-art-scale-4_00x.jpg\" class=\"elementor-animation-grow attachment-full size-full wp-image-9384\" alt=\"\" srcset=\"https:\/\/fondationmagos.com\/es\/wp-content\/uploads\/2022\/04\/etoile-gigapixel-art-scale-4_00x.jpg 404w, https:\/\/fondationmagos.com\/es\/wp-content\/uploads\/2022\/04\/etoile-gigapixel-art-scale-4_00x-294x300.jpg 294w\" sizes=\"(max-width: 404px) 100vw, 404px\" \/>\t\t\t\t\t\t\t\t\t\t\t\t\t\t\t<\/div>\n\t\t\t\t<\/div>\n\t\t\t\t\t<\/div>\n\t\t<\/div>\n\t\t\t\t<div class=\"elementor-column elementor-col-50 elementor-top-column elementor-element elementor-element-8f511b1 elementor-invisible\" data-id=\"8f511b1\" data-element_type=\"column\" data-e-type=\"column\" data-settings=\"{&quot;animation&quot;:&quot;zoomIn&quot;}\">\n\t\t\t<div class=\"elementor-widget-wrap elementor-element-populated\">\n\t\t\t\t\t\t<div class=\"elementor-element elementor-element-f5d6bb6 elementor-invisible elementor-widget elementor-widget-heading\" data-id=\"f5d6bb6\" data-element_type=\"widget\" data-e-type=\"widget\" data-settings=\"{&quot;_animation&quot;:&quot;zoomIn&quot;}\" data-widget_type=\"heading.default\">\n\t\t\t\t<div class=\"elementor-widget-container\">\n\t\t\t\t\t<h2 class=\"elementor-heading-title elementor-size-default\">SOBRE LA ESTRELLA<br> DE OCHO PUNTAS<\/h2>\t\t\t\t<\/div>\n\t\t\t\t<\/div>\n\t\t\t\t<div class=\"elementor-element elementor-element-e16a633 elementor-widget elementor-widget-text-editor\" data-id=\"e16a633\" data-element_type=\"widget\" data-e-type=\"widget\" data-widget_type=\"text-editor.default\">\n\t\t\t\t<div class=\"elementor-widget-container\">\n\t\t\t\t\t\t\t\t\tPuede interpretarse como la estrella de los Reyes Magos. Evoca la primera descripci\u00f3n escrita de esta inusual estrella. El sirio Ignacio de Antioqu\u00eda lo escribi\u00f3 en el siglo I d.C.: &#8220;Se vio brillar en el cielo una estrella que hizo palidecer a todas las dem\u00e1s: su brillo era inexpresable, su novedad causaba asombro; todas las dem\u00e1s estrellas, junto con el sol y la luna, la segu\u00edan&#8221;.\t\t\t\t\t\t\t\t<\/div>\n\t\t\t\t<\/div>\n\t\t\t\t\t<\/div>\n\t\t<\/div>\n\t\t\t\t\t<\/div>\n\t\t<\/section>\n\t\t\t\t<section class=\"elementor-section elementor-top-section elementor-element elementor-element-6805cd5 elementor-section-boxed elementor-section-height-default elementor-section-height-default elementor-invisible\" data-id=\"6805cd5\" data-element_type=\"section\" data-e-type=\"section\" data-settings=\"{&quot;background_background&quot;:&quot;classic&quot;,&quot;animation&quot;:&quot;fadeInUp&quot;}\">\n\t\t\t\t\t\t\t<div class=\"elementor-background-overlay\"><\/div>\n\t\t\t\t\t\t\t<div class=\"elementor-container elementor-column-gap-custom\">\n\t\t\t\t\t<div class=\"elementor-column elementor-col-100 elementor-top-column elementor-element elementor-element-8582589\" data-id=\"8582589\" data-element_type=\"column\" data-e-type=\"column\">\n\t\t\t<div class=\"elementor-widget-wrap elementor-element-populated\">\n\t\t\t\t\t\t<section class=\"elementor-section elementor-inner-section elementor-element elementor-element-dcefbc6 elementor-section-boxed elementor-section-height-default elementor-section-height-default\" data-id=\"dcefbc6\" data-element_type=\"section\" data-e-type=\"section\">\n\t\t\t\t\t\t<div class=\"elementor-container elementor-column-gap-default\">\n\t\t\t\t\t<div class=\"elementor-column elementor-col-50 elementor-inner-column elementor-element elementor-element-db65d10\" data-id=\"db65d10\" data-element_type=\"column\" data-e-type=\"column\">\n\t\t\t<div class=\"elementor-widget-wrap elementor-element-populated\">\n\t\t\t\t\t\t<div class=\"elementor-element elementor-element-e67df7c elementor-widget elementor-widget-text-editor\" data-id=\"e67df7c\" data-element_type=\"widget\" data-e-type=\"widget\" data-widget_type=\"text-editor.default\">\n\t\t\t\t<div class=\"elementor-widget-container\">\n\t\t\t\t\t\t\t\t\t<p>\u00a0<\/p><p>En el cristianismo, la estrella de ocho puntas se convierte en un doble s\u00edmbolo: el de la natividad y el de la redenci\u00f3n. Se encuentra en la arquitectura de muchas iglesias octogonales. La estrella de ocho puntas se conoce como la Estrella de Andaluc\u00eda. Se encuentra a menudo en las decoraciones arquitect\u00f3nicas de Al Andalus y nos recuerda que Oriente y Occidente pueden convivir pac\u00edficamente. Este signo se encuentra en <a href=\"https:\/\/fr.wikipedia.org\/wiki\/Hindouisme\">el hinduismo<\/a>, que se dice que practicaba el mago Gaspard de la India. En estos pa\u00edses, representa las ocho formas de la diosa <a href=\"https:\/\/fr.wikipedia.org\/wiki\/Lakshmi\">Lakshmi<\/a>. <\/p>\t\t\t\t\t\t\t\t<\/div>\n\t\t\t\t<\/div>\n\t\t\t\t\t<\/div>\n\t\t<\/div>\n\t\t\t\t<div class=\"elementor-column elementor-col-50 elementor-inner-column elementor-element elementor-element-27701a3\" data-id=\"27701a3\" data-element_type=\"column\" data-e-type=\"column\">\n\t\t\t<div class=\"elementor-widget-wrap elementor-element-populated\">\n\t\t\t\t\t\t<div class=\"elementor-element elementor-element-52dd2b2 elementor-widget elementor-widget-text-editor\" data-id=\"52dd2b2\" data-element_type=\"widget\" data-e-type=\"widget\" data-widget_type=\"text-editor.default\">\n\t\t\t\t<div class=\"elementor-widget-container\">\n\t\t\t\t\t\t\t\t\tLa estrella de ocho puntas se dibuja en algunas banderas de pa\u00edses fuertemente asociados a los magos, como Irak, donde vivi\u00f3 el profeta Daniel (apodado el mago Baltasar de Babilonia), un jud\u00edo deportado a Babilonia, o en Azerbaiy\u00e1n, de donde se supone que proced\u00eda el mago Melchor. Tambi\u00e9n es un s\u00edmbolo del alfabeto \u00e1rabe y marca el final de un cap\u00edtulo del Cor\u00e1n. En el continente africano, de donde se dice que procede el mago Baltasar, la estrella de ocho puntas se encuentra en el antiguo Egipto. \t\t\t\t\t\t\t\t<\/div>\n\t\t\t\t<\/div>\n\t\t\t\t\t<\/div>\n\t\t<\/div>\n\t\t\t\t\t<\/div>\n\t\t<\/section>\n\t\t\t\t\t<\/div>\n\t\t<\/div>\n\t\t\t\t\t<\/div>\n\t\t<\/section>\n\t\t\t\t<\/div>\n\t\t","protected":false},"excerpt":{"rendered":"<p>Volver<\/p>\n","protected":false},"author":1,"featured_media":0,"parent":0,"menu_order":0,"comment_status":"closed","ping_status":"closed","template":"elementor_header_footer","meta":{"footnotes":""},"class_list":["post-9375","page","type-page","status-publish"],"_links":{"self":[{"href":"https:\/\/fondationmagos.com\/es\/wp-json\/wp\/v2\/pages\/9375","targetHints":{"allow":["GET"]}}],"collection":[{"href":"https:\/\/fondationmagos.com\/es\/wp-json\/wp\/v2\/pages"}],"about":[{"href":"https:\/\/fondationmagos.com\/es\/wp-json\/wp\/v2\/types\/page"}],"author":[{"embeddable":true,"href":"https:\/\/fondationmagos.com\/es\/wp-json\/wp\/v2\/users\/1"}],"replies":[{"embeddable":true,"href":"https:\/\/fondationmagos.com\/es\/wp-json\/wp\/v2\/comments?post=9375"}],"version-history":[{"count":63,"href":"https:\/\/fondationmagos.com\/es\/wp-json\/wp\/v2\/pages\/9375\/revisions"}],"predecessor-version":[{"id":16679,"href":"https:\/\/fondationmagos.com\/es\/wp-json\/wp\/v2\/pages\/9375\/revisions\/16679"}],"wp:attachment":[{"href":"https:\/\/fondationmagos.com\/es\/wp-json\/wp\/v2\/media?parent=9375"}],"curies":[{"name":"wp","href":"https:\/\/api.w.org\/{rel}","templated":true}]}}