{"id":9739,"date":"2022-04-20T12:41:48","date_gmt":"2022-04-20T12:41:48","guid":{"rendered":"http:\/\/fondationmagos.com\/es\/impression-dapres-loeuvre-de-benozzo-gozzoli-procession-des-mages-florence-palais-medici-riccardi-2\/"},"modified":"2022-07-07T23:33:23","modified_gmt":"2022-07-07T23:33:23","slug":"bronze-representant-le-roi-bazen-daxoum-alias-le-mage-balthazar","status":"publish","type":"page","link":"https:\/\/fondationmagos.com\/es\/bronze-representant-le-roi-bazen-daxoum-alias-le-mage-balthazar\/","title":{"rendered":"BRONZE REPR\u00c9SENTANT LE ROI BAZEN D\u2019AXOUM ALIAS LE MAGE BALTHAZAR"},"content":{"rendered":"\t\t<div data-elementor-type=\"wp-page\" data-elementor-id=\"9739\" class=\"elementor elementor-9739\">\n\t\t\t\t\t\t<section class=\"elementor-section elementor-top-section elementor-element elementor-element-cc93ece elementor-section-boxed elementor-section-height-default elementor-section-height-default\" data-id=\"cc93ece\" data-element_type=\"section\" data-e-type=\"section\">\n\t\t\t\t\t\t<div class=\"elementor-container elementor-column-gap-default\">\n\t\t\t\t\t<div class=\"elementor-column elementor-col-100 elementor-top-column elementor-element elementor-element-f5fa96e\" data-id=\"f5fa96e\" data-element_type=\"column\" data-e-type=\"column\">\n\t\t\t<div class=\"elementor-widget-wrap elementor-element-populated\">\n\t\t\t\t\t\t<div class=\"elementor-element elementor-element-cc40d0f elementor-widget__width-initial elementor-absolute elementor-invisible elementor-widget elementor-widget-html\" data-id=\"cc40d0f\" data-element_type=\"widget\" data-e-type=\"widget\" data-settings=\"{&quot;_position&quot;:&quot;absolute&quot;,&quot;_animation_mobile&quot;:&quot;slideInRight&quot;,&quot;_animation&quot;:&quot;slideInRight&quot;}\" data-widget_type=\"html.default\">\n\t\t\t\t<div class=\"elementor-widget-container\">\n\t\t\t\t\t<a href=\"javascript:window.close();\">Volver<<\/a>\t\t\t\t<\/div>\n\t\t\t\t<\/div>\n\t\t\t\t\t<\/div>\n\t\t<\/div>\n\t\t\t\t\t<\/div>\n\t\t<\/section>\n\t\t\t\t<section class=\"elementor-section elementor-top-section elementor-element elementor-element-5c2dd7e5 elementor-section-boxed elementor-section-height-default elementor-section-height-default\" data-id=\"5c2dd7e5\" data-element_type=\"section\" data-e-type=\"section\" data-settings=\"{&quot;background_background&quot;:&quot;classic&quot;,&quot;animation&quot;:&quot;none&quot;,&quot;shape_divider_top&quot;:&quot;opacity-tilt&quot;,&quot;animation_mobile&quot;:&quot;zoomIn&quot;}\">\n\t\t\t\t\t\t\t<div class=\"elementor-background-overlay\"><\/div>\n\t\t\t\t\t\t<div class=\"elementor-shape elementor-shape-top\" aria-hidden=\"true\" data-negative=\"false\">\n\t\t\t<svg xmlns=\"http:\/\/www.w3.org\/2000\/svg\" viewBox=\"0 0 2600 131.1\" preserveAspectRatio=\"none\">\n\t<path class=\"elementor-shape-fill\" d=\"M0 0L2600 0 2600 69.1 0 0z\"\/>\n\t<path class=\"elementor-shape-fill\" style=\"opacity:0.5\" d=\"M0 0L2600 0 2600 69.1 0 69.1z\"\/>\n\t<path class=\"elementor-shape-fill\" style=\"opacity:0.25\" d=\"M2600 0L0 0 0 130.1 2600 69.1z\"\/>\n<\/svg>\t\t<\/div>\n\t\t\t\t\t<div class=\"elementor-container elementor-column-gap-custom\">\n\t\t\t\t\t<div class=\"elementor-column elementor-col-50 elementor-top-column elementor-element elementor-element-49c2b8aa\" data-id=\"49c2b8aa\" data-element_type=\"column\" data-e-type=\"column\">\n\t\t\t<div class=\"elementor-widget-wrap elementor-element-populated\">\n\t\t\t\t\t\t<div class=\"elementor-element elementor-element-45ab8490 elementor-invisible elementor-widget elementor-widget-image\" data-id=\"45ab8490\" data-element_type=\"widget\" data-e-type=\"widget\" data-settings=\"{&quot;_animation&quot;:&quot;fadeInRight&quot;}\" data-widget_type=\"image.default\">\n\t\t\t\t<div class=\"elementor-widget-container\">\n\t\t\t\t\t\t\t\t\t\t\t\t\t\t\t\t<a href=\"\" a=\"\">\n\t\t\t\t\t\t\t<img fetchpriority=\"high\" decoding=\"async\" width=\"768\" height=\"1022\" src=\"https:\/\/fondationmagos.com\/es\/wp-content\/uploads\/2022\/04\/17492-1-rotated.jpg\" class=\"attachment-full size-full wp-image-9738\" alt=\"\" srcset=\"https:\/\/fondationmagos.com\/es\/wp-content\/uploads\/2022\/04\/17492-1-rotated.jpg 768w, https:\/\/fondationmagos.com\/es\/wp-content\/uploads\/2022\/04\/17492-1-225x300.jpg 225w\" sizes=\"(max-width: 768px) 100vw, 768px\" \/>\t\t\t\t\t\t\t\t<\/a>\n\t\t\t\t\t\t\t\t\t\t\t\t\t\t\t<\/div>\n\t\t\t\t<\/div>\n\t\t\t\t\t<\/div>\n\t\t<\/div>\n\t\t\t\t<div class=\"elementor-column elementor-col-50 elementor-top-column elementor-element elementor-element-58093072 elementor-invisible\" data-id=\"58093072\" data-element_type=\"column\" data-e-type=\"column\" data-settings=\"{&quot;animation&quot;:&quot;zoomIn&quot;}\">\n\t\t\t<div class=\"elementor-widget-wrap elementor-element-populated\">\n\t\t\t\t\t\t<div class=\"elementor-element elementor-element-5a812bdf elementor-widget elementor-widget-heading\" data-id=\"5a812bdf\" data-element_type=\"widget\" data-e-type=\"widget\" data-widget_type=\"heading.default\">\n\t\t\t\t<div class=\"elementor-widget-container\">\n\t\t\t\t\t<h2 class=\"elementor-heading-title elementor-size-default\">BRONCE QUE REPRESENTA <br>AL REY BAZEN DE AXUM ALIAS<br> EL MAGO BALTASAR<\/h2>\t\t\t\t<\/div>\n\t\t\t\t<\/div>\n\t\t\t\t<div class=\"elementor-element elementor-element-4f4bf1b9 elementor-widget elementor-widget-heading\" data-id=\"4f4bf1b9\" data-element_type=\"widget\" data-e-type=\"widget\" data-widget_type=\"heading.default\">\n\t\t\t\t<div class=\"elementor-widget-container\">\n\t\t\t\t\t<h2 class=\"elementor-heading-title elementor-size-default\">(Etiop\u00eda, s. XX)<br>Colecci\u00f3n Fundaci\u00f3n Magos<\/h2>\t\t\t\t<\/div>\n\t\t\t\t<\/div>\n\t\t\t\t\t<\/div>\n\t\t<\/div>\n\t\t\t\t\t<\/div>\n\t\t<\/section>\n\t\t\t\t<\/div>\n\t\t","protected":false},"excerpt":{"rendered":"<p>Volver<\/p>\n","protected":false},"author":1,"featured_media":0,"parent":0,"menu_order":0,"comment_status":"closed","ping_status":"closed","template":"elementor_header_footer","meta":{"footnotes":""},"class_list":["post-9739","page","type-page","status-publish"],"_links":{"self":[{"href":"https:\/\/fondationmagos.com\/es\/wp-json\/wp\/v2\/pages\/9739","targetHints":{"allow":["GET"]}}],"collection":[{"href":"https:\/\/fondationmagos.com\/es\/wp-json\/wp\/v2\/pages"}],"about":[{"href":"https:\/\/fondationmagos.com\/es\/wp-json\/wp\/v2\/types\/page"}],"author":[{"embeddable":true,"href":"https:\/\/fondationmagos.com\/es\/wp-json\/wp\/v2\/users\/1"}],"replies":[{"embeddable":true,"href":"https:\/\/fondationmagos.com\/es\/wp-json\/wp\/v2\/comments?post=9739"}],"version-history":[{"count":22,"href":"https:\/\/fondationmagos.com\/es\/wp-json\/wp\/v2\/pages\/9739\/revisions"}],"predecessor-version":[{"id":16984,"href":"https:\/\/fondationmagos.com\/es\/wp-json\/wp\/v2\/pages\/9739\/revisions\/16984"}],"wp:attachment":[{"href":"https:\/\/fondationmagos.com\/es\/wp-json\/wp\/v2\/media?parent=9739"}],"curies":[{"name":"wp","href":"https:\/\/api.w.org\/{rel}","templated":true}]}}