{"id":9828,"date":"2022-04-28T09:03:02","date_gmt":"2022-04-28T09:03:02","guid":{"rendered":"http:\/\/fondationmagos.com\/es\/?page_id=9828"},"modified":"2022-07-07T21:29:11","modified_gmt":"2022-07-07T21:29:11","slug":"royaumes-des-mages","status":"publish","type":"page","link":"https:\/\/fondationmagos.com\/es\/royaumes-des-mages\/","title":{"rendered":"ROYAUMES DES MAGES"},"content":{"rendered":"\t\t<div data-elementor-type=\"wp-page\" data-elementor-id=\"9828\" class=\"elementor elementor-9828\">\n\t\t\t\t\t\t<section class=\"elementor-section elementor-top-section elementor-element elementor-element-3f4262d elementor-section-height-min-height elementor-section-content-middle elementor-section-boxed elementor-section-height-default elementor-section-items-middle\" data-id=\"3f4262d\" data-element_type=\"section\" data-e-type=\"section\" data-settings=\"{&quot;background_background&quot;:&quot;classic&quot;,&quot;animation&quot;:&quot;none&quot;}\">\n\t\t\t\t\t\t\t<div class=\"elementor-background-overlay\"><\/div>\n\t\t\t\t\t\t\t<div class=\"elementor-container elementor-column-gap-no\">\n\t\t\t\t\t<div class=\"elementor-column elementor-col-100 elementor-top-column elementor-element elementor-element-67bb81e1\" data-id=\"67bb81e1\" data-element_type=\"column\" data-e-type=\"column\">\n\t\t\t<div class=\"elementor-widget-wrap elementor-element-populated\">\n\t\t\t\t\t\t<div class=\"elementor-element elementor-element-22c699a4 elementor-widget-mobile__width-inherit elementor-invisible elementor-widget elementor-widget-heading\" data-id=\"22c699a4\" data-element_type=\"widget\" data-e-type=\"widget\" data-settings=\"{&quot;_animation&quot;:&quot;zoomIn&quot;}\" data-widget_type=\"heading.default\">\n\t\t\t\t<div class=\"elementor-widget-container\">\n\t\t\t\t\t<h4 class=\"elementor-heading-title elementor-size-default\">REINOS<br> DE LOS MAGOS<\/h4>\t\t\t\t<\/div>\n\t\t\t\t<\/div>\n\t\t\t\t\t<\/div>\n\t\t<\/div>\n\t\t\t\t\t<\/div>\n\t\t<\/section>\n\t\t\t\t<section class=\"elementor-section elementor-top-section elementor-element elementor-element-76832fb0 elementor-reverse-mobile elementor-reverse-tablet elementor-section-boxed elementor-section-height-default elementor-section-height-default\" data-id=\"76832fb0\" data-element_type=\"section\" data-e-type=\"section\" data-settings=\"{&quot;background_background&quot;:&quot;classic&quot;,&quot;animation&quot;:&quot;none&quot;}\">\n\t\t\t\t\t\t\t<div class=\"elementor-background-overlay\"><\/div>\n\t\t\t\t\t\t\t<div class=\"elementor-container elementor-column-gap-custom\">\n\t\t\t\t\t<div class=\"elementor-column elementor-col-50 elementor-top-column elementor-element elementor-element-26af7f2 elementor-invisible\" data-id=\"26af7f2\" data-element_type=\"column\" data-e-type=\"column\" data-settings=\"{&quot;animation&quot;:&quot;zoomIn&quot;}\">\n\t\t\t<div class=\"elementor-widget-wrap elementor-element-populated\">\n\t\t\t\t\t\t<div class=\"elementor-element elementor-element-7a15d8e8 elementor-widget elementor-widget-heading\" data-id=\"7a15d8e8\" data-element_type=\"widget\" data-e-type=\"widget\" data-widget_type=\"heading.default\">\n\t\t\t\t<div class=\"elementor-widget-container\">\n\t\t\t\t\t<h2 class=\"elementor-heading-title elementor-size-default\">BALTASAR Y EL REINO<br> DE AXUM (ETIOP\u00cdA)<\/h2>\t\t\t\t<\/div>\n\t\t\t\t<\/div>\n\t\t\t\t<div class=\"elementor-element elementor-element-37f119c3 elementor-widget elementor-widget-text-editor\" data-id=\"37f119c3\" data-element_type=\"widget\" data-e-type=\"widget\" data-widget_type=\"text-editor.default\">\n\t\t\t\t<div class=\"elementor-widget-container\">\n\t\t\t\t\t\t\t\t\tEn la tradici\u00f3n popular de Etiop\u00eda, e incluso en su filatelia, el rey Bazen, conocido como el Mago Baltasar, gobernaba el poderoso reino de Axum. Axum lleg\u00f3 a ser considerado una de las cuatro grandes potencias de la antig\u00fcedad, junto con Persia, Roma y China. La tumba del rey Bazen en Axum, presentada como el lugar de enterramiento del rey mago Baltasar, est\u00e1 fechada a principios del siglo I d.C.  \t\t\t\t\t\t\t\t<\/div>\n\t\t\t\t<\/div>\n\t\t\t\t<div class=\"elementor-element elementor-element-3aca2a8 elementor-invisible elementor-widget elementor-widget-heading\" data-id=\"3aca2a8\" data-element_type=\"widget\" data-e-type=\"widget\" data-settings=\"{&quot;_animation_mobile&quot;:&quot;zoomIn&quot;,&quot;_animation&quot;:&quot;zoomIn&quot;}\" data-widget_type=\"heading.default\">\n\t\t\t\t<div class=\"elementor-widget-container\">\n\t\t\t\t\t<h2 class=\"elementor-heading-title elementor-size-default\"><a href=\"http:\/\/fondationmagos.com\/es\/balthazar-le-royaume-daxoum\/\">DESCUBRA<br>LA COLECCI\u00d3N BALTASAR\n\n\n<\/a><\/h2>\t\t\t\t<\/div>\n\t\t\t\t<\/div>\n\t\t\t\t\t<\/div>\n\t\t<\/div>\n\t\t\t\t<div class=\"elementor-column elementor-col-50 elementor-top-column elementor-element elementor-element-4411520b\" data-id=\"4411520b\" data-element_type=\"column\" data-e-type=\"column\">\n\t\t\t<div class=\"elementor-widget-wrap elementor-element-populated\">\n\t\t\t\t\t\t<div class=\"elementor-element elementor-element-7223144f elementor-invisible elementor-widget elementor-widget-image\" data-id=\"7223144f\" data-element_type=\"widget\" data-e-type=\"widget\" data-settings=\"{&quot;_animation&quot;:&quot;zoomIn&quot;}\" data-widget_type=\"image.default\">\n\t\t\t\t<div class=\"elementor-widget-container\">\n\t\t\t\t\t\t\t\t\t\t\t\t\t\t\t\t<a href=\"http:\/\/fondationmagos.com\/es\/blason-de-la-dynastie-salomonide\" target=\"_blank\">\n\t\t\t\t\t\t\t<img fetchpriority=\"high\" decoding=\"async\" width=\"1200\" height=\"1339\" src=\"https:\/\/fondationmagos.com\/es\/wp-content\/uploads\/2022\/04\/Imperial_coat_of_arms_of_Ethiopia_Haile_Selassie-1.jpg\" class=\"elementor-animation-grow attachment-full size-full wp-image-9841\" alt=\"\" srcset=\"https:\/\/fondationmagos.com\/es\/wp-content\/uploads\/2022\/04\/Imperial_coat_of_arms_of_Ethiopia_Haile_Selassie-1.jpg 1200w, https:\/\/fondationmagos.com\/es\/wp-content\/uploads\/2022\/04\/Imperial_coat_of_arms_of_Ethiopia_Haile_Selassie-1-269x300.jpg 269w, https:\/\/fondationmagos.com\/es\/wp-content\/uploads\/2022\/04\/Imperial_coat_of_arms_of_Ethiopia_Haile_Selassie-1-918x1024.jpg 918w, https:\/\/fondationmagos.com\/es\/wp-content\/uploads\/2022\/04\/Imperial_coat_of_arms_of_Ethiopia_Haile_Selassie-1-768x857.jpg 768w\" sizes=\"(max-width: 1200px) 100vw, 1200px\" \/>\t\t\t\t\t\t\t\t<\/a>\n\t\t\t\t\t\t\t\t\t\t\t\t\t\t\t<\/div>\n\t\t\t\t<\/div>\n\t\t\t\t<div class=\"elementor-element elementor-element-1f0dfb16 elementor-invisible elementor-widget elementor-widget-text-editor\" data-id=\"1f0dfb16\" data-element_type=\"widget\" data-e-type=\"widget\" data-settings=\"{&quot;_animation&quot;:&quot;slideInDown&quot;}\" data-widget_type=\"text-editor.default\">\n\t\t\t\t<div class=\"elementor-widget-container\">\n\t\t\t\t\t\t\t\t\t<p><a href=\"http:\/\/fondationmagos.com\/es\/blason-de-la-dynastie-salomonide\" target=\"_blank\" rel=\"noopener\">+Info<\/a><\/p>\t\t\t\t\t\t\t\t<\/div>\n\t\t\t\t<\/div>\n\t\t\t\t\t<\/div>\n\t\t<\/div>\n\t\t\t\t\t<\/div>\n\t\t<\/section>\n\t\t\t\t<section class=\"elementor-section elementor-top-section elementor-element elementor-element-5b7607ea elementor-section-boxed elementor-section-height-default elementor-section-height-default\" data-id=\"5b7607ea\" data-element_type=\"section\" data-e-type=\"section\" data-settings=\"{&quot;background_background&quot;:&quot;classic&quot;,&quot;animation&quot;:&quot;none&quot;}\">\n\t\t\t\t\t\t\t<div class=\"elementor-background-overlay\"><\/div>\n\t\t\t\t\t\t\t<div class=\"elementor-container elementor-column-gap-custom\">\n\t\t\t\t\t<div class=\"elementor-column elementor-col-50 elementor-top-column elementor-element elementor-element-12ef172c\" data-id=\"12ef172c\" data-element_type=\"column\" data-e-type=\"column\">\n\t\t\t<div class=\"elementor-widget-wrap elementor-element-populated\">\n\t\t\t\t\t\t<div class=\"elementor-element elementor-element-5bea26d7 elementor-invisible elementor-widget elementor-widget-image\" data-id=\"5bea26d7\" data-element_type=\"widget\" data-e-type=\"widget\" data-settings=\"{&quot;_animation&quot;:&quot;zoomIn&quot;}\" data-widget_type=\"image.default\">\n\t\t\t\t<div class=\"elementor-widget-container\">\n\t\t\t\t\t\t\t\t\t\t\t\t\t\t\t\t<a href=\"http:\/\/fondationmagos.com\/es\/lembleme-de-la-dynastie-pandyan-etait-un-duo-de-poissons-que-lon-retrouve-sur-les-monnaies-datant-de-lantiquite\" target=\"_blank\">\n\t\t\t\t\t\t\t<img decoding=\"async\" width=\"1200\" height=\"672\" src=\"https:\/\/fondationmagos.com\/es\/wp-content\/uploads\/2022\/04\/04-gigapixel-art-scale-4_00x.png\" class=\"elementor-animation-grow attachment-full size-full wp-image-9849\" alt=\"\" srcset=\"https:\/\/fondationmagos.com\/es\/wp-content\/uploads\/2022\/04\/04-gigapixel-art-scale-4_00x.png 1200w, https:\/\/fondationmagos.com\/es\/wp-content\/uploads\/2022\/04\/04-gigapixel-art-scale-4_00x-300x168.png 300w, https:\/\/fondationmagos.com\/es\/wp-content\/uploads\/2022\/04\/04-gigapixel-art-scale-4_00x-1024x573.png 1024w, https:\/\/fondationmagos.com\/es\/wp-content\/uploads\/2022\/04\/04-gigapixel-art-scale-4_00x-768x430.png 768w\" sizes=\"(max-width: 1200px) 100vw, 1200px\" \/>\t\t\t\t\t\t\t\t<\/a>\n\t\t\t\t\t\t\t\t\t\t\t\t\t\t\t<\/div>\n\t\t\t\t<\/div>\n\t\t\t\t<div class=\"elementor-element elementor-element-10e8f219 elementor-invisible elementor-widget elementor-widget-text-editor\" data-id=\"10e8f219\" data-element_type=\"widget\" data-e-type=\"widget\" data-settings=\"{&quot;_animation&quot;:&quot;slideInDown&quot;}\" data-widget_type=\"text-editor.default\">\n\t\t\t\t<div class=\"elementor-widget-container\">\n\t\t\t\t\t\t\t\t\t<p><a href=\"http:\/\/fondationmagos.com\/es\/lembleme-de-la-dynastie-pandyan-etait-un-duo-de-poissons-que-lon-retrouve-sur-les-monnaies-datant-de-lantiquite\" target=\"_blank\" rel=\"noopener\">+Info<\/a><\/p>\t\t\t\t\t\t\t\t<\/div>\n\t\t\t\t<\/div>\n\t\t\t\t\t<\/div>\n\t\t<\/div>\n\t\t\t\t<div class=\"elementor-column elementor-col-50 elementor-top-column elementor-element elementor-element-317ea7a2 elementor-invisible\" data-id=\"317ea7a2\" data-element_type=\"column\" data-e-type=\"column\" data-settings=\"{&quot;animation&quot;:&quot;zoomIn&quot;}\">\n\t\t\t<div class=\"elementor-widget-wrap elementor-element-populated\">\n\t\t\t\t\t\t<div class=\"elementor-element elementor-element-6f789e9b elementor-invisible elementor-widget elementor-widget-heading\" data-id=\"6f789e9b\" data-element_type=\"widget\" data-e-type=\"widget\" data-settings=\"{&quot;_animation&quot;:&quot;zoomIn&quot;}\" data-widget_type=\"heading.default\">\n\t\t\t\t<div class=\"elementor-widget-container\">\n\t\t\t\t\t<h2 class=\"elementor-heading-title elementor-size-default\">GSAPAR Y EL REINO PANDYANO<br> (INDIA\/SRI LANKA)<\/h2>\t\t\t\t<\/div>\n\t\t\t\t<\/div>\n\t\t\t\t<div class=\"elementor-element elementor-element-51cfebb1 elementor-widget elementor-widget-text-editor\" data-id=\"51cfebb1\" data-element_type=\"widget\" data-e-type=\"widget\" data-widget_type=\"text-editor.default\">\n\t\t\t\t<div class=\"elementor-widget-container\">\n\t\t\t\t\t\t\t\t\tEn la \u00e9poca de la Natividad, el sur de la India y el norte de Sri Lanka formaban parte de un reino tamil llamado Pandyan, del que se supone que proced\u00eda el Mago de la India. Gaspar, que viene del hebreo &#8220;Gizbar&#8221;, que significa &#8220;el que trae tesoros&#8221; o &#8220;el tesorero&#8221;, aparece en el curso de la historia con otros apodos como Awrahan (el Gran Sabio), o Perumal (el Gran Jefe).\t\t\t\t\t\t\t\t<\/div>\n\t\t\t\t<\/div>\n\t\t\t\t<div class=\"elementor-element elementor-element-6a3a332 elementor-invisible elementor-widget elementor-widget-heading\" data-id=\"6a3a332\" data-element_type=\"widget\" data-e-type=\"widget\" data-settings=\"{&quot;_animation_mobile&quot;:&quot;zoomIn&quot;,&quot;_animation&quot;:&quot;zoomIn&quot;}\" data-widget_type=\"heading.default\">\n\t\t\t\t<div class=\"elementor-widget-container\">\n\t\t\t\t\t<h2 class=\"elementor-heading-title elementor-size-default\"><a href=\"http:\/\/fondationmagos.com\/es\/gaspard-le-royaume-pandyan-inde-sri-lanka\/\">DESCUBRA <br>LA COLECCI\u00d3N GASPAR \n\n\n<\/a><\/h2>\t\t\t\t<\/div>\n\t\t\t\t<\/div>\n\t\t\t\t\t<\/div>\n\t\t<\/div>\n\t\t\t\t\t<\/div>\n\t\t<\/section>\n\t\t\t\t<section class=\"elementor-section elementor-top-section elementor-element elementor-element-58d5973a elementor-reverse-mobile elementor-reverse-tablet elementor-section-boxed elementor-section-height-default elementor-section-height-default\" data-id=\"58d5973a\" data-element_type=\"section\" data-e-type=\"section\" data-settings=\"{&quot;background_background&quot;:&quot;classic&quot;,&quot;animation&quot;:&quot;none&quot;}\">\n\t\t\t\t\t\t\t<div class=\"elementor-background-overlay\"><\/div>\n\t\t\t\t\t\t\t<div class=\"elementor-container elementor-column-gap-custom\">\n\t\t\t\t\t<div class=\"elementor-column elementor-col-50 elementor-top-column elementor-element elementor-element-486463e8 elementor-invisible\" data-id=\"486463e8\" data-element_type=\"column\" data-e-type=\"column\" data-settings=\"{&quot;animation&quot;:&quot;zoomIn&quot;}\">\n\t\t\t<div class=\"elementor-widget-wrap elementor-element-populated\">\n\t\t\t\t\t\t<div class=\"elementor-element elementor-element-52274fca elementor-widget elementor-widget-heading\" data-id=\"52274fca\" data-element_type=\"widget\" data-e-type=\"widget\" data-widget_type=\"heading.default\">\n\t\t\t\t<div class=\"elementor-widget-container\">\n\t\t\t\t\t<h2 class=\"elementor-heading-title elementor-size-default\">MELCHOR Y EL REINO <br>ATROPATENO (IR\u00c1N\/AZERBAIY\u00c1N)<\/h2>\t\t\t\t<\/div>\n\t\t\t\t<\/div>\n\t\t\t\t<div class=\"elementor-element elementor-element-3ddceb98 elementor-widget elementor-widget-text-editor\" data-id=\"3ddceb98\" data-element_type=\"widget\" data-e-type=\"widget\" data-widget_type=\"text-editor.default\">\n\t\t\t\t<div class=\"elementor-widget-container\">\n\t\t\t\t\t\t\t\t\t<p>Melchor viene del arameo &#8220;Melek&#8221;, as\u00ed como del hebreo &#8220;Melech&#8221;, que significa &#8220;Rey de la Luz&#8221;. Estas fueron las dos lenguas de referencia durante el viaje de los Magos a Judea. En el siglo I d.C., el Imperio Parto era una importante potencia pol\u00edtica y cultural iran\u00ed de <a href=\"https:\/\/fr.wikipedia.org\/wiki\/Peuples_iraniens\">la <\/a><a href=\"https:\/\/fr.wikipedia.org\/wiki\/Monde_iranien\">antigua Persia<\/a>. Atropateno, situada hoy en d\u00eda en el Azerbaiy\u00e1n iran\u00ed, as\u00ed como en la Rep\u00fablica de Azerbaiy\u00e1n, era una de las regiones de este Imperio de donde se dice que proced\u00eda el Mago Melchor.<\/p>\t\t\t\t\t\t\t\t<\/div>\n\t\t\t\t<\/div>\n\t\t\t\t<div class=\"elementor-element elementor-element-f715084 elementor-invisible elementor-widget elementor-widget-heading\" data-id=\"f715084\" data-element_type=\"widget\" data-e-type=\"widget\" data-settings=\"{&quot;_animation_mobile&quot;:&quot;zoomIn&quot;,&quot;_animation&quot;:&quot;zoomIn&quot;}\" data-widget_type=\"heading.default\">\n\t\t\t\t<div class=\"elementor-widget-container\">\n\t\t\t\t\t<h2 class=\"elementor-heading-title elementor-size-default\">DESCUBRA<br> LA COLECCI\u00d3N MELCHOR<\/h2>\t\t\t\t<\/div>\n\t\t\t\t<\/div>\n\t\t\t\t\t<\/div>\n\t\t<\/div>\n\t\t\t\t<div class=\"elementor-column elementor-col-50 elementor-top-column elementor-element elementor-element-69112ce7\" data-id=\"69112ce7\" data-element_type=\"column\" data-e-type=\"column\">\n\t\t\t<div class=\"elementor-widget-wrap elementor-element-populated\">\n\t\t\t\t\t\t<div class=\"elementor-element elementor-element-485533f elementor-invisible elementor-widget elementor-widget-image\" data-id=\"485533f\" data-element_type=\"widget\" data-e-type=\"widget\" data-settings=\"{&quot;_animation&quot;:&quot;zoomIn&quot;}\" data-widget_type=\"image.default\">\n\t\t\t\t<div class=\"elementor-widget-container\">\n\t\t\t\t\t\t\t\t\t\t\t\t\t\t\t\t<a href=\"http:\/\/fondationmagos.com\/es\/ceramique-le-faravahar\" target=\"_blank\">\n\t\t\t\t\t\t\t<img decoding=\"async\" width=\"1437\" height=\"1080\" src=\"https:\/\/fondationmagos.com\/es\/wp-content\/uploads\/2022\/06\/18964.jpg\" class=\"elementor-animation-grow attachment-full size-full wp-image-15593\" alt=\"\" srcset=\"https:\/\/fondationmagos.com\/es\/wp-content\/uploads\/2022\/06\/18964.jpg 1437w, https:\/\/fondationmagos.com\/es\/wp-content\/uploads\/2022\/06\/18964-300x225.jpg 300w, https:\/\/fondationmagos.com\/es\/wp-content\/uploads\/2022\/06\/18964-1024x770.jpg 1024w, https:\/\/fondationmagos.com\/es\/wp-content\/uploads\/2022\/06\/18964-768x577.jpg 768w\" sizes=\"(max-width: 1437px) 100vw, 1437px\" \/>\t\t\t\t\t\t\t\t<\/a>\n\t\t\t\t\t\t\t\t\t\t\t\t\t\t\t<\/div>\n\t\t\t\t<\/div>\n\t\t\t\t<div class=\"elementor-element elementor-element-6c484116 elementor-invisible elementor-widget elementor-widget-text-editor\" data-id=\"6c484116\" data-element_type=\"widget\" data-e-type=\"widget\" data-settings=\"{&quot;_animation&quot;:&quot;slideInDown&quot;}\" data-widget_type=\"text-editor.default\">\n\t\t\t\t<div class=\"elementor-widget-container\">\n\t\t\t\t\t\t\t\t\t<p><a href=\"http:\/\/fondationmagos.com\/es\/ceramique-le-faravahar\" target=\"_blank\" rel=\"noopener\">+Info<\/a><\/p>\t\t\t\t\t\t\t\t<\/div>\n\t\t\t\t<\/div>\n\t\t\t\t\t<\/div>\n\t\t<\/div>\n\t\t\t\t\t<\/div>\n\t\t<\/section>\n\t\t\t\t<section class=\"elementor-section elementor-top-section elementor-element elementor-element-dfcbfb4 elementor-section-full_width elementor-section-height-default elementor-section-height-default\" data-id=\"dfcbfb4\" data-element_type=\"section\" data-e-type=\"section\" data-settings=\"{&quot;animation&quot;:&quot;none&quot;,&quot;background_background&quot;:&quot;classic&quot;}\">\n\t\t\t\t\t\t<div class=\"elementor-container elementor-column-gap-default\">\n\t\t\t\t\t<div class=\"elementor-column elementor-col-100 elementor-top-column elementor-element elementor-element-1db336ec\" data-id=\"1db336ec\" data-element_type=\"column\" data-e-type=\"column\" data-settings=\"{&quot;background_background&quot;:&quot;classic&quot;}\">\n\t\t\t<div class=\"elementor-widget-wrap elementor-element-populated\">\n\t\t\t\t\t\t<div class=\"elementor-element elementor-element-7f80f87 elementor-widget elementor-widget-heading\" data-id=\"7f80f87\" data-element_type=\"widget\" data-e-type=\"widget\" data-widget_type=\"heading.default\">\n\t\t\t\t<div class=\"elementor-widget-container\">\n\t\t\t\t\t<h2 class=\"elementor-heading-title elementor-size-default\">ESPOSAS O CONCUBINAS<\/h2>\t\t\t\t<\/div>\n\t\t\t\t<\/div>\n\t\t\t\t<div class=\"elementor-element elementor-element-58a92a5d elementor-invisible elementor-widget elementor-widget-shortcode\" data-id=\"58a92a5d\" data-element_type=\"widget\" data-e-type=\"widget\" data-settings=\"{&quot;_animation&quot;:&quot;slideInUp&quot;}\" data-widget_type=\"shortcode.default\">\n\t\t\t\t<div class=\"elementor-widget-container\">\n\t\t\t\t\t\t\t<div class=\"elementor-shortcode\"><style type=\"text\/css\">\n#foogallery-gallery-9711.fg-masonry { --fg-gutter: 20px; }<\/style>\n\t\t\t<div class=\"foogallery foogallery-container foogallery-masonry foogallery-lightbox-none fg-center fg-masonry fg-ready fg-light fg-round-small fg-col4\" id=\"foogallery-gallery-9711\" data-foogallery=\"{&quot;item&quot;:{&quot;showCaptionTitle&quot;:false,&quot;showCaptionDescription&quot;:false},&quot;lazy&quot;:false,&quot;src&quot;:&quot;src&quot;,&quot;srcset&quot;:&quot;srcset&quot;,&quot;template&quot;:{&quot;horizontalOrder&quot;:true}}\" style=\"--fg-title-line-clamp: 0; --fg-description-line-clamp: 0;\" >\n\t\t<div class=\"fg-column-width\"><\/div>\n\t<div class=\"fg-gutter-width\"><\/div>\n\t\t<div class=\"fg-item fg-type-iframe fg-loaded\"><figure class=\"fg-item-inner\"><a href=\"http:\/\/fondationmagos.com\/es\/gravure-le-depart-du-mage-datee-de-1896-par-h-vollet\" target=\"_blank\" data-attachment-id=\"15431\" data-e-disable-page-transition=\"true\" data-type=\"iframe\" class=\"fg-thumb\"><span class=\"fg-image-wrap\"><img decoding=\"async\" src=\"https:\/\/fondationmagos.com\/es\/wp-content\/uploads\/2022\/04\/Untitled-1-5.jpg\" width=\"796\" height=\"1023.7354925776\" class=\"skip-lazy fg-image\" loading=\"eager\"><\/span><span class=\"fg-image-overlay\"><\/span><\/a><\/figure><div class=\"fg-loader\"><\/div><\/div><div class=\"fg-item fg-type-iframe fg-loaded\"><figure class=\"fg-item-inner\"><a href=\"http:\/\/fondationmagos.com\/es\/lithographie-le-mage-balthazar-et-fatime-datee-de-1891\/\" target=\"_blank\" data-attachment-id=\"9735\" data-e-disable-page-transition=\"true\" data-type=\"iframe\" class=\"fg-thumb\"><span class=\"fg-image-wrap\"><img decoding=\"async\" src=\"https:\/\/fondationmagos.com\/es\/wp-content\/uploads\/2022\/04\/Untitled-1-nKCIctiGc-transformed-1054x1536.jpeg\" width=\"796\" height=\"1160\" class=\"skip-lazy fg-image\" loading=\"eager\"><\/span><span class=\"fg-image-overlay\"><\/span><\/a><\/figure><div class=\"fg-loader\"><\/div><\/div><\/div><\/div>\n\t\t\t\t\t\t<\/div>\n\t\t\t\t<\/div>\n\t\t\t\t<div class=\"elementor-element elementor-element-54f9368 elementor-invisible elementor-widget elementor-widget-shortcode\" data-id=\"54f9368\" data-element_type=\"widget\" data-e-type=\"widget\" data-settings=\"{&quot;_animation&quot;:&quot;slideInUp&quot;}\" data-widget_type=\"shortcode.default\">\n\t\t\t\t<div class=\"elementor-widget-container\">\n\t\t\t\t\t\t\t<div class=\"elementor-shortcode\"><style type=\"text\/css\">\n#foogallery-gallery-15423.fg-masonry .fg-item { width: 796px; }\n#foogallery-gallery-15423.fg-masonry { --fg-gutter: 10px; }<\/style>\n\t\t\t<div class=\"foogallery foogallery-container foogallery-masonry foogallery-lightbox-none fg-center fg-masonry fg-ready fg-light fg-round-small fg-fixed\" id=\"foogallery-gallery-15423\" data-foogallery=\"{&quot;item&quot;:{&quot;showCaptionTitle&quot;:false,&quot;showCaptionDescription&quot;:false},&quot;lazy&quot;:false,&quot;src&quot;:&quot;src&quot;,&quot;srcset&quot;:&quot;srcset&quot;,&quot;template&quot;:{&quot;columnWidth&quot;:796,&quot;gutter&quot;:10,&quot;horizontalOrder&quot;:true}}\" style=\"--fg-title-line-clamp: 0; --fg-description-line-clamp: 0;\" >\n\t\t<div class=\"fg-item fg-type-iframe fg-loaded\"><figure class=\"fg-item-inner\"><a href=\"http:\/\/fondationmagos.com\/es\/conte-illustre-balthazar-surmonte-son-desir-pour-la-reine-de-saba-par-le-prix-nobel-de-litterature-anatole-france\" target=\"_blank\" data-attachment-id=\"15424\" data-e-disable-page-transition=\"true\" data-type=\"iframe\" class=\"fg-thumb\"><span class=\"fg-image-wrap\"><img decoding=\"async\" src=\"https:\/\/fondationmagos.com\/es\/wp-content\/uploads\/2022\/06\/17680-1.jpg\" width=\"796\" height=\"603\" class=\"skip-lazy fg-image\" loading=\"eager\"><\/span><span class=\"fg-image-overlay\"><\/span><\/a><\/figure><div class=\"fg-loader\"><\/div><\/div><\/div><\/div>\n\t\t\t\t\t\t<\/div>\n\t\t\t\t<\/div>\n\t\t\t\t\t<\/div>\n\t\t<\/div>\n\t\t\t\t\t<\/div>\n\t\t<\/section>\n\t\t\t\t<\/div>\n\t\t","protected":false},"excerpt":{"rendered":"<p>REINOS DE LOS MAGOS BALTASAR Y EL REINO DE AXUM (ETIOP\u00cdA) En la tradici\u00f3n popular de Etiop\u00eda, e incluso en su filatelia, el rey Bazen, conocido como el Mago Baltasar,&#8230;<\/p>\n","protected":false},"author":1,"featured_media":0,"parent":0,"menu_order":0,"comment_status":"closed","ping_status":"closed","template":"elementor_header_footer","meta":{"footnotes":""},"class_list":["post-9828","page","type-page","status-publish"],"_links":{"self":[{"href":"https:\/\/fondationmagos.com\/es\/wp-json\/wp\/v2\/pages\/9828","targetHints":{"allow":["GET"]}}],"collection":[{"href":"https:\/\/fondationmagos.com\/es\/wp-json\/wp\/v2\/pages"}],"about":[{"href":"https:\/\/fondationmagos.com\/es\/wp-json\/wp\/v2\/types\/page"}],"author":[{"embeddable":true,"href":"https:\/\/fondationmagos.com\/es\/wp-json\/wp\/v2\/users\/1"}],"replies":[{"embeddable":true,"href":"https:\/\/fondationmagos.com\/es\/wp-json\/wp\/v2\/comments?post=9828"}],"version-history":[{"count":70,"href":"https:\/\/fondationmagos.com\/es\/wp-json\/wp\/v2\/pages\/9828\/revisions"}],"predecessor-version":[{"id":16717,"href":"https:\/\/fondationmagos.com\/es\/wp-json\/wp\/v2\/pages\/9828\/revisions\/16717"}],"wp:attachment":[{"href":"https:\/\/fondationmagos.com\/es\/wp-json\/wp\/v2\/media?parent=9828"}],"curies":[{"name":"wp","href":"https:\/\/api.w.org\/{rel}","templated":true}]}}