{"id":9907,"date":"2022-04-28T11:16:22","date_gmt":"2022-04-28T11:16:22","guid":{"rendered":"http:\/\/fondationmagos.com\/es\/?page_id=9907"},"modified":"2022-07-30T16:58:03","modified_gmt":"2022-07-30T16:58:03","slug":"conte-illustre-balthazar-surmonte-son-desir-pour-la-reine-de-saba-par-le-prix-nobel-de-litterature-anatole-france","status":"publish","type":"page","link":"https:\/\/fondationmagos.com\/es\/conte-illustre-balthazar-surmonte-son-desir-pour-la-reine-de-saba-par-le-prix-nobel-de-litterature-anatole-france\/","title":{"rendered":"Conte illustr\u00e9 \u00ab Balthazar surmonte son d\u00e9sir pour la Reine de Saba \u00bb, par le prix Nobel de litt\u00e9rature Anatole France."},"content":{"rendered":"\t\t<div data-elementor-type=\"wp-page\" data-elementor-id=\"9907\" class=\"elementor elementor-9907\">\n\t\t\t\t\t\t<section class=\"elementor-section elementor-top-section elementor-element elementor-element-6d2773da elementor-section-boxed elementor-section-height-default elementor-section-height-default\" data-id=\"6d2773da\" data-element_type=\"section\" data-e-type=\"section\">\n\t\t\t\t\t\t<div class=\"elementor-container elementor-column-gap-default\">\n\t\t\t\t\t<div class=\"elementor-column elementor-col-100 elementor-top-column elementor-element elementor-element-7e4d1786\" data-id=\"7e4d1786\" data-element_type=\"column\" data-e-type=\"column\">\n\t\t\t<div class=\"elementor-widget-wrap elementor-element-populated\">\n\t\t\t\t\t\t<div class=\"elementor-element elementor-element-70f5910 elementor-widget__width-initial elementor-absolute elementor-invisible elementor-widget elementor-widget-html\" data-id=\"70f5910\" data-element_type=\"widget\" data-e-type=\"widget\" data-settings=\"{&quot;_position&quot;:&quot;absolute&quot;,&quot;_animation_mobile&quot;:&quot;slideInRight&quot;,&quot;_animation&quot;:&quot;slideInRight&quot;}\" data-widget_type=\"html.default\">\n\t\t\t\t<div class=\"elementor-widget-container\">\n\t\t\t\t\t<a href=\"javascript:window.close();\">Volver<<\/a>\t\t\t\t<\/div>\n\t\t\t\t<\/div>\n\t\t\t\t\t<\/div>\n\t\t<\/div>\n\t\t\t\t\t<\/div>\n\t\t<\/section>\n\t\t\t\t<section class=\"elementor-section elementor-top-section elementor-element elementor-element-2731c89 elementor-section-boxed elementor-section-height-default elementor-section-height-default\" data-id=\"2731c89\" data-element_type=\"section\" data-e-type=\"section\" data-settings=\"{&quot;background_background&quot;:&quot;classic&quot;,&quot;animation&quot;:&quot;none&quot;,&quot;shape_divider_top&quot;:&quot;opacity-tilt&quot;,&quot;animation_mobile&quot;:&quot;zoomIn&quot;}\">\n\t\t\t\t\t\t\t<div class=\"elementor-background-overlay\"><\/div>\n\t\t\t\t\t\t<div class=\"elementor-shape elementor-shape-top\" aria-hidden=\"true\" data-negative=\"false\">\n\t\t\t<svg xmlns=\"http:\/\/www.w3.org\/2000\/svg\" viewBox=\"0 0 2600 131.1\" preserveAspectRatio=\"none\">\n\t<path class=\"elementor-shape-fill\" d=\"M0 0L2600 0 2600 69.1 0 0z\"\/>\n\t<path class=\"elementor-shape-fill\" style=\"opacity:0.5\" d=\"M0 0L2600 0 2600 69.1 0 69.1z\"\/>\n\t<path class=\"elementor-shape-fill\" style=\"opacity:0.25\" d=\"M2600 0L0 0 0 130.1 2600 69.1z\"\/>\n<\/svg>\t\t<\/div>\n\t\t\t\t\t<div class=\"elementor-container elementor-column-gap-custom\">\n\t\t\t\t\t<div class=\"elementor-column elementor-col-50 elementor-top-column elementor-element elementor-element-43c19ea8\" data-id=\"43c19ea8\" data-element_type=\"column\" data-e-type=\"column\">\n\t\t\t<div class=\"elementor-widget-wrap elementor-element-populated\">\n\t\t\t\t\t\t<div class=\"elementor-element elementor-element-599cfa3f elementor-invisible elementor-widget elementor-widget-image\" data-id=\"599cfa3f\" data-element_type=\"widget\" data-e-type=\"widget\" data-settings=\"{&quot;_animation&quot;:&quot;fadeInRight&quot;}\" data-widget_type=\"image.default\">\n\t\t\t\t<div class=\"elementor-widget-container\">\n\t\t\t\t\t\t\t\t\t\t\t\t\t\t\t<img fetchpriority=\"high\" decoding=\"async\" width=\"1013\" height=\"768\" src=\"https:\/\/fondationmagos.com\/es\/wp-content\/uploads\/2022\/04\/17680-1.jpg\" class=\"attachment-full size-full wp-image-9909\" alt=\"\" srcset=\"https:\/\/fondationmagos.com\/es\/wp-content\/uploads\/2022\/04\/17680-1.jpg 1013w, https:\/\/fondationmagos.com\/es\/wp-content\/uploads\/2022\/04\/17680-1-300x227.jpg 300w, https:\/\/fondationmagos.com\/es\/wp-content\/uploads\/2022\/04\/17680-1-768x582.jpg 768w\" sizes=\"(max-width: 1013px) 100vw, 1013px\" \/>\t\t\t\t\t\t\t\t\t\t\t\t\t\t\t<\/div>\n\t\t\t\t<\/div>\n\t\t\t\t\t<\/div>\n\t\t<\/div>\n\t\t\t\t<div class=\"elementor-column elementor-col-50 elementor-top-column elementor-element elementor-element-719e457 elementor-invisible\" data-id=\"719e457\" data-element_type=\"column\" data-e-type=\"column\" data-settings=\"{&quot;animation&quot;:&quot;zoomIn&quot;}\">\n\t\t\t<div class=\"elementor-widget-wrap elementor-element-populated\">\n\t\t\t\t\t\t<div class=\"elementor-element elementor-element-6556b870 elementor-widget elementor-widget-heading\" data-id=\"6556b870\" data-element_type=\"widget\" data-e-type=\"widget\" data-widget_type=\"heading.default\">\n\t\t\t\t<div class=\"elementor-widget-container\">\n\t\t\t\t\t<h2 class=\"elementor-heading-title elementor-size-default\">Cuento ilustrado<br> \"Baltasar supera su deseo <br>por la Reina de Saba<br>del premio Nobel Anatole France. <\/h2>\t\t\t\t<\/div>\n\t\t\t\t<\/div>\n\t\t\t\t<div class=\"elementor-element elementor-element-5cd947b elementor-widget elementor-widget-heading\" data-id=\"5cd947b\" data-element_type=\"widget\" data-e-type=\"widget\" data-widget_type=\"heading.default\">\n\t\t\t\t<div class=\"elementor-widget-container\">\n\t\t\t\t\t<h2 class=\"elementor-heading-title elementor-size-default\">5 ilustraciones en color fechadas en 1925 por Serge de Solomko, publicadas por Ferroud <br>(Francia, s. XX)<br>\nColecci\u00f3n Fundaci\u00f3n Magos\n<\/h2>\t\t\t\t<\/div>\n\t\t\t\t<\/div>\n\t\t\t\t<div class=\"elementor-element elementor-element-9274468 elementor-widget elementor-widget-text-editor\" data-id=\"9274468\" data-element_type=\"widget\" data-e-type=\"widget\" data-widget_type=\"text-editor.default\">\n\t\t\t\t<div class=\"elementor-widget-container\">\n\t\t\t\t\t\t\t\t\t&#8220;En esa \u00e9poca, Baltasar, a quien los griegos llamaron Sarac\u00edn, reinaba en Etiop\u00eda. Era negro, con rostro hermoso. Ten\u00eda una mente sencilla y un coraz\u00f3n generoso. En el tercer a\u00f1o de su reinado, que era el vig\u00e9simo segundo de su edad, fue a visitar a Balkis, Reina de Saba. \nAnatole France imagina una improbable y anacr\u00f3nica historia de amor entre Baltasar (siglo I a.C.) y la Reina de Saba (siglo X a.C.)\n\t\t\t\t\t\t\t\t<\/div>\n\t\t\t\t<\/div>\n\t\t\t\t\t<\/div>\n\t\t<\/div>\n\t\t\t\t\t<\/div>\n\t\t<\/section>\n\t\t\t\t<\/div>\n\t\t","protected":false},"excerpt":{"rendered":"<p>Volver<\/p>\n","protected":false},"author":1,"featured_media":0,"parent":0,"menu_order":0,"comment_status":"closed","ping_status":"closed","template":"elementor_header_footer","meta":{"footnotes":""},"class_list":["post-9907","page","type-page","status-publish"],"_links":{"self":[{"href":"https:\/\/fondationmagos.com\/es\/wp-json\/wp\/v2\/pages\/9907","targetHints":{"allow":["GET"]}}],"collection":[{"href":"https:\/\/fondationmagos.com\/es\/wp-json\/wp\/v2\/pages"}],"about":[{"href":"https:\/\/fondationmagos.com\/es\/wp-json\/wp\/v2\/types\/page"}],"author":[{"embeddable":true,"href":"https:\/\/fondationmagos.com\/es\/wp-json\/wp\/v2\/users\/1"}],"replies":[{"embeddable":true,"href":"https:\/\/fondationmagos.com\/es\/wp-json\/wp\/v2\/comments?post=9907"}],"version-history":[{"count":27,"href":"https:\/\/fondationmagos.com\/es\/wp-json\/wp\/v2\/pages\/9907\/revisions"}],"predecessor-version":[{"id":18418,"href":"https:\/\/fondationmagos.com\/es\/wp-json\/wp\/v2\/pages\/9907\/revisions\/18418"}],"wp:attachment":[{"href":"https:\/\/fondationmagos.com\/es\/wp-json\/wp\/v2\/media?parent=9907"}],"curies":[{"name":"wp","href":"https:\/\/api.w.org\/{rel}","templated":true}]}}